{"id":54731,"date":"2021-07-12T11:23:58","date_gmt":"2021-07-12T09:23:58","guid":{"rendered":"https:\/\/www.zurgnadenmutter.com\/shop\/mariazeller-energie-kraft-kapseln\/"},"modified":"2023-04-08T18:54:36","modified_gmt":"2023-04-08T16:54:36","slug":"mariazeller-energie-kraft-kapseln","status":"publish","type":"product","link":"https:\/\/www.zurgnadenmutter.com\/pl\/produkt\/mariazeller-energie-kraft-kapseln\/","title":{"rendered":"Mariazeller Energie &amp; Kraft Kapseln"},"content":{"rendered":"<p>Unterst\u00fctzen die Erhaltung von geistiger und k\u00f6rperlicher Leistungsf\u00e4higkeit. Unterst\u00fctzung bei M\u00fcdigkeit, Stress und Ersch\u00f6pfung. Zur St\u00e4rkung der Abwehrkr\u00e4fte. <\/p>\n","protected":false},"excerpt":{"rendered":"<p>Unterst\u00fctzen die Erhaltung von geistiger und k\u00f6rperlicher Leistungsf\u00e4higkeit<\/p>\n","protected":false},"featured_media":87622,"comment_status":"closed","ping_status":"closed","template":"","meta":{"_acf_changed":false},"product_brand":[],"product_cat":[572],"product_tag":[],"class_list":{"0":"post-54731","1":"product","2":"type-product","3":"status-publish","4":"has-post-thumbnail","6":"product_cat-kapseln-heilerde","8":"first","9":"instock","10":"taxable","11":"shipping-taxable","12":"purchasable","13":"product-type-simple"},"acf":[],"yoast_head":"<!-- This site is optimized with the Yoast SEO plugin v27.2 - https:\/\/yoast.com\/product\/yoast-seo-wordpress\/ -->\n<title>Mariazeller Energie &amp; Kraft Kapseln - Apotheke &amp; Drogerie zur Gnadenmutter - Mariazell<\/title>\n<meta name=\"robots\" content=\"index, follow, max-snippet:-1, max-image-preview:large, max-video-preview:-1\" \/>\n<link rel=\"canonical\" href=\"https:\/\/www.zurgnadenmutter.com\/pl\/produkt\/mariazeller-energie-kraft-kapseln\/\" \/>\n<meta property=\"og:locale\" content=\"pl_PL\" \/>\n<meta property=\"og:type\" content=\"article\" \/>\n<meta property=\"og:title\" content=\"Mariazeller Energie &amp; Kraft Kapseln - Apotheke &amp; Drogerie zur Gnadenmutter - Mariazell\" \/>\n<meta property=\"og:description\" content=\"Unterst\u00fctzen die Erhaltung von geistiger und k\u00f6rperlicher Leistungsf\u00e4higkeit\" \/>\n<meta property=\"og:url\" content=\"https:\/\/www.zurgnadenmutter.com\/pl\/produkt\/mariazeller-energie-kraft-kapseln\/\" \/>\n<meta property=\"og:site_name\" content=\"Apotheke &amp; Drogerie zur Gnadenmutter - Mariazell\" \/>\n<meta property=\"article:modified_time\" content=\"2023-04-08T16:54:36+00:00\" \/>\n<meta property=\"og:image\" content=\"https:\/\/www.zurgnadenmutter.com\/wp-content\/uploads\/2021\/07\/Energie-und-Kraft-Kaps_2025-scaled.jpg\" \/>\n\t<meta property=\"og:image:width\" content=\"1920\" \/>\n\t<meta property=\"og:image:height\" content=\"2560\" \/>\n\t<meta property=\"og:image:type\" content=\"image\/jpeg\" \/>\n<meta name=\"twitter:card\" content=\"summary_large_image\" \/>\n<script type=\"application\/ld+json\" class=\"yoast-schema-graph\">{\"@context\":\"https:\/\/schema.org\",\"@graph\":[{\"@type\":\"WebPage\",\"@id\":\"https:\/\/www.zurgnadenmutter.com\/pl\/produkt\/mariazeller-energie-kraft-kapseln\/\",\"url\":\"https:\/\/www.zurgnadenmutter.com\/pl\/produkt\/mariazeller-energie-kraft-kapseln\/\",\"name\":\"Mariazeller Energie &amp; Kraft Kapseln - Apotheke &amp; Drogerie zur Gnadenmutter - Mariazell\",\"isPartOf\":{\"@id\":\"https:\/\/www.zurgnadenmutter.com\/#website\"},\"primaryImageOfPage\":{\"@id\":\"https:\/\/www.zurgnadenmutter.com\/pl\/produkt\/mariazeller-energie-kraft-kapseln\/#primaryimage\"},\"image\":{\"@id\":\"https:\/\/www.zurgnadenmutter.com\/pl\/produkt\/mariazeller-energie-kraft-kapseln\/#primaryimage\"},\"thumbnailUrl\":\"https:\/\/www.zurgnadenmutter.com\/wp-content\/uploads\/2021\/07\/Energie-Kraft-scaled.jpg\",\"datePublished\":\"2021-07-12T09:23:58+00:00\",\"dateModified\":\"2023-04-08T16:54:36+00:00\",\"breadcrumb\":{\"@id\":\"https:\/\/www.zurgnadenmutter.com\/pl\/produkt\/mariazeller-energie-kraft-kapseln\/#breadcrumb\"},\"inLanguage\":\"pl-PL\",\"potentialAction\":[{\"@type\":\"ReadAction\",\"target\":[\"https:\/\/www.zurgnadenmutter.com\/pl\/produkt\/mariazeller-energie-kraft-kapseln\/\"]}]},{\"@type\":\"ImageObject\",\"inLanguage\":\"pl-PL\",\"@id\":\"https:\/\/www.zurgnadenmutter.com\/pl\/produkt\/mariazeller-energie-kraft-kapseln\/#primaryimage\",\"url\":\"https:\/\/www.zurgnadenmutter.com\/wp-content\/uploads\/2021\/07\/Energie-Kraft-scaled.jpg\",\"contentUrl\":\"https:\/\/www.zurgnadenmutter.com\/wp-content\/uploads\/2021\/07\/Energie-Kraft-scaled.jpg\",\"width\":1920,\"height\":2560},{\"@type\":\"BreadcrumbList\",\"@id\":\"https:\/\/www.zurgnadenmutter.com\/pl\/produkt\/mariazeller-energie-kraft-kapseln\/#breadcrumb\",\"itemListElement\":[{\"@type\":\"ListItem\",\"position\":1,\"name\":\"Startseite\",\"item\":\"https:\/\/www.zurgnadenmutter.com\/pl\/\"},{\"@type\":\"ListItem\",\"position\":2,\"name\":\"Shop\",\"item\":\"https:\/\/www.zurgnadenmutter.com\/shop\/\"},{\"@type\":\"ListItem\",\"position\":3,\"name\":\"Mariazeller Energie &amp; Kraft Kapseln\"}]},{\"@type\":\"WebSite\",\"@id\":\"https:\/\/www.zurgnadenmutter.com\/#website\",\"url\":\"https:\/\/www.zurgnadenmutter.com\/\",\"name\":\"Apotheke &amp; Drogerie zur Gnadenmutter - Mariazell\",\"description\":\"Apotheke Mariazell\",\"potentialAction\":[{\"@type\":\"SearchAction\",\"target\":{\"@type\":\"EntryPoint\",\"urlTemplate\":\"https:\/\/www.zurgnadenmutter.com\/?s={search_term_string}\"},\"query-input\":{\"@type\":\"PropertyValueSpecification\",\"valueRequired\":true,\"valueName\":\"search_term_string\"}}],\"inLanguage\":\"pl-PL\"}]}<\/script>\n<!-- \/ Yoast SEO plugin. -->","yoast_head_json":{"title":"Mariazeller Energie &amp; Kraft Kapseln - Apotheke &amp; Drogerie zur Gnadenmutter - Mariazell","robots":{"index":"index","follow":"follow","max-snippet":"max-snippet:-1","max-image-preview":"max-image-preview:large","max-video-preview":"max-video-preview:-1"},"canonical":"https:\/\/www.zurgnadenmutter.com\/pl\/produkt\/mariazeller-energie-kraft-kapseln\/","og_locale":"pl_PL","og_type":"article","og_title":"Mariazeller Energie &amp; Kraft Kapseln - Apotheke &amp; Drogerie zur Gnadenmutter - Mariazell","og_description":"Unterst\u00fctzen die Erhaltung von geistiger und k\u00f6rperlicher Leistungsf\u00e4higkeit","og_url":"https:\/\/www.zurgnadenmutter.com\/pl\/produkt\/mariazeller-energie-kraft-kapseln\/","og_site_name":"Apotheke &amp; Drogerie zur Gnadenmutter - Mariazell","article_modified_time":"2023-04-08T16:54:36+00:00","og_image":[{"width":1920,"height":2560,"url":"https:\/\/www.zurgnadenmutter.com\/wp-content\/uploads\/2021\/07\/Energie-und-Kraft-Kaps_2025-scaled.jpg","type":"image\/jpeg"}],"twitter_card":"summary_large_image","schema":{"@context":"https:\/\/schema.org","@graph":[{"@type":"WebPage","@id":"https:\/\/www.zurgnadenmutter.com\/pl\/produkt\/mariazeller-energie-kraft-kapseln\/","url":"https:\/\/www.zurgnadenmutter.com\/pl\/produkt\/mariazeller-energie-kraft-kapseln\/","name":"Mariazeller Energie &amp; Kraft Kapseln - Apotheke &amp; Drogerie zur Gnadenmutter - Mariazell","isPartOf":{"@id":"https:\/\/www.zurgnadenmutter.com\/#website"},"primaryImageOfPage":{"@id":"https:\/\/www.zurgnadenmutter.com\/pl\/produkt\/mariazeller-energie-kraft-kapseln\/#primaryimage"},"image":{"@id":"https:\/\/www.zurgnadenmutter.com\/pl\/produkt\/mariazeller-energie-kraft-kapseln\/#primaryimage"},"thumbnailUrl":"https:\/\/www.zurgnadenmutter.com\/wp-content\/uploads\/2021\/07\/Energie-Kraft-scaled.jpg","datePublished":"2021-07-12T09:23:58+00:00","dateModified":"2023-04-08T16:54:36+00:00","breadcrumb":{"@id":"https:\/\/www.zurgnadenmutter.com\/pl\/produkt\/mariazeller-energie-kraft-kapseln\/#breadcrumb"},"inLanguage":"pl-PL","potentialAction":[{"@type":"ReadAction","target":["https:\/\/www.zurgnadenmutter.com\/pl\/produkt\/mariazeller-energie-kraft-kapseln\/"]}]},{"@type":"ImageObject","inLanguage":"pl-PL","@id":"https:\/\/www.zurgnadenmutter.com\/pl\/produkt\/mariazeller-energie-kraft-kapseln\/#primaryimage","url":"https:\/\/www.zurgnadenmutter.com\/wp-content\/uploads\/2021\/07\/Energie-Kraft-scaled.jpg","contentUrl":"https:\/\/www.zurgnadenmutter.com\/wp-content\/uploads\/2021\/07\/Energie-Kraft-scaled.jpg","width":1920,"height":2560},{"@type":"BreadcrumbList","@id":"https:\/\/www.zurgnadenmutter.com\/pl\/produkt\/mariazeller-energie-kraft-kapseln\/#breadcrumb","itemListElement":[{"@type":"ListItem","position":1,"name":"Startseite","item":"https:\/\/www.zurgnadenmutter.com\/pl\/"},{"@type":"ListItem","position":2,"name":"Shop","item":"https:\/\/www.zurgnadenmutter.com\/shop\/"},{"@type":"ListItem","position":3,"name":"Mariazeller Energie &amp; Kraft Kapseln"}]},{"@type":"WebSite","@id":"https:\/\/www.zurgnadenmutter.com\/#website","url":"https:\/\/www.zurgnadenmutter.com\/","name":"Apotheke &amp; Drogerie zur Gnadenmutter - Mariazell","description":"Apotheke Mariazell","potentialAction":[{"@type":"SearchAction","target":{"@type":"EntryPoint","urlTemplate":"https:\/\/www.zurgnadenmutter.com\/?s={search_term_string}"},"query-input":{"@type":"PropertyValueSpecification","valueRequired":true,"valueName":"search_term_string"}}],"inLanguage":"pl-PL"}]}},"_links":{"self":[{"href":"https:\/\/www.zurgnadenmutter.com\/pl\/wp-json\/wp\/v2\/product\/54731","targetHints":{"allow":["GET"]}}],"collection":[{"href":"https:\/\/www.zurgnadenmutter.com\/pl\/wp-json\/wp\/v2\/product"}],"about":[{"href":"https:\/\/www.zurgnadenmutter.com\/pl\/wp-json\/wp\/v2\/types\/product"}],"replies":[{"embeddable":true,"href":"https:\/\/www.zurgnadenmutter.com\/pl\/wp-json\/wp\/v2\/comments?post=54731"}],"wp:featuredmedia":[{"embeddable":true,"href":"https:\/\/www.zurgnadenmutter.com\/pl\/wp-json\/wp\/v2\/media\/87622"}],"wp:attachment":[{"href":"https:\/\/www.zurgnadenmutter.com\/pl\/wp-json\/wp\/v2\/media?parent=54731"}],"wp:term":[{"taxonomy":"product_brand","embeddable":true,"href":"https:\/\/www.zurgnadenmutter.com\/pl\/wp-json\/wp\/v2\/product_brand?post=54731"},{"taxonomy":"product_cat","embeddable":true,"href":"https:\/\/www.zurgnadenmutter.com\/pl\/wp-json\/wp\/v2\/product_cat?post=54731"},{"taxonomy":"product_tag","embeddable":true,"href":"https:\/\/www.zurgnadenmutter.com\/pl\/wp-json\/wp\/v2\/product_tag?post=54731"}],"curies":[{"name":"wp","href":"https:\/\/api.w.org\/{rel}","templated":true}]}}