{"id":56665,"date":"2023-06-05T11:12:21","date_gmt":"2023-06-05T09:12:21","guid":{"rendered":"https:\/\/www.zurgnadenmutter.com\/?page_id=56665"},"modified":"2023-06-05T11:12:21","modified_gmt":"2023-06-05T09:12:21","slug":"hildegarda-z-bingen","status":"publish","type":"page","link":"https:\/\/www.zurgnadenmutter.com\/pl\/hildegarda-z-bingen\/","title":{"rendered":"Hildegarda z Bingen"},"content":{"rendered":"[spb_row element_name=&#8221;Row&#8221; wrap_type=&#8221;content-width&#8221; row_bg_type=&#8221;color&#8221; color_row_height=&#8221;content-height&#8221; bg_type=&#8221;cover&#8221; parallax_image_height=&#8221;content-height&#8221; parallax_image_movement=&#8221;fixed&#8221; parallax_image_speed=&#8221;0.5&#8243; bg_video_loop=&#8221;yes&#8221; parallax_video_height=&#8221;window-height&#8221; row_top_style=&#8221;none&#8221; row_bottom_style=&#8221;none&#8221; parallax_video_overlay=&#8221;none&#8221; row_overlay_opacity=&#8221;0&#8243; remove_element_spacing=&#8221;no&#8221; row_col_pos=&#8221;default&#8221; row_expanding=&#8221;no&#8221; row_animation=&#8221;none&#8221; row_animation_delay=&#8221;0&#8243; width=&#8221;1\/1&#8243; el_position=&#8221;first last&#8221;] [spb_blank_spacer height=&#8221;10px&#8221; width=&#8221;1\/6&#8243; el_position=&#8221;first&#8221;] [spb_text_block animation=&#8221;none&#8221; animation_delay=&#8221;0&#8243; simplified_controls=&#8221;yes&#8221; custom_css_percentage=&#8221;no&#8221; padding_vertical=&#8221;0&#8243; padding_horizontal=&#8221;0&#8243; margin_vertical=&#8221;0&#8243; border_size=&#8221;0&#8243; border_styling_global=&#8221;default&#8221; width=&#8221;2\/3&#8243;]\n<p class=\"western\" align=\"CENTER\"><span style=\"font-family: Times New Roman, serif;\"><span style=\"font-size: x-large;\"><span lang=\"pl-PL\"><b>Wed\u0142ug Hildegardy dieta i styl \u017cycia utrzymuj\u0105 p\u0142yny ustrojowe w r\u00f3wnowadze i organizm w zdrowiu.<\/b><\/span><\/span><\/span><\/p>\n<p>Hildegarda z Bingen by\u0142a przeorysz\u0105 w niemieckim klasztorze benedyktyn\u00f3w w Rupertsbergu w XII wieku. By\u0142a jedn\u0105 z najwa\u017cniejszych postaci europejskiej medycyny klasztornej. Ju\u017c w dzieci\u0144stwie mia\u0142a dar widzenia. Ten wizjonerski dar da\u0142 jej g\u0142\u0119bok\u0105 znajomo\u015b\u0107 rzeczy w sensie uczestnictwa w m\u0105dro\u015bci Bo\u017cej. Opr\u00f3cz licznych pism teologicznych, w 2 ksi\u0105\u017ckach opisa\u0142a r\u00f3wnie\u017c uzdrawiaj\u0105ce moce natury oraz przyczyny i leczenie chor\u00f3b.<\/p>\n<p>Hildegarda z Bingen wcze\u015bnie dostrzeg\u0142a elementarne znaczenie zdrowej diety dla zachowania zdrowia ludzi. Zawsze postrzega\u0142a ca\u0142ego cz\u0142owieka jako jedno\u015b\u0107 cia\u0142a, umys\u0142u i duszy. Pozytywne my\u015bli zapewniaj\u0105 zdrowie, buduj\u0105, sprzyjaj\u0105 uzdrowieniu. Negatywne my\u015bli s\u0105 destrukcyjne i prowadz\u0105 do chor\u00f3b psychicznych. Hildegarda apelowa\u0142a do ka\u017cdego, aby wzi\u0105\u0142 osobist\u0105 odpowiedzialno\u015b\u0107 za siebie i swoje cia\u0142o. Wed\u0142ug Hildegardy dieta i styl \u017cycia utrzymuj\u0105 p\u0142yny ustrojowe w r\u00f3wnowadze i organizm w zdrowiu. Cz\u0142owiek, jako stworzenie bo\u017ce, znajduje si\u0119 w centrum kosmicznego porz\u0105dku. Ka\u017cdy cz\u0142owiek ma w sobie pierwotn\u0105 si\u0142\u0119 \u017cyciow\u0105. Ta energia \u017cyciowa wynika z r\u00f3wnowagi si\u0142 pomi\u0119dzy dusz\u0105, cia\u0142em i umys\u0142em.<\/p>\n<p>Dzi\u015b nadal wytwarzamy r\u0119cznie w naszej aptece du\u017c\u0105 ilo\u015b\u0107 lek\u00f3w Hildegardy z Bingen wed\u0142ug jej receptur. Jako baz\u0119 win leczniczych u\u017cywamy oryginalnych win leczniczych &#8211; win Malaga i win Samos. Szczeg\u00f3ln\u0105 cech\u0105 tych leczniczych win jest to, \u017ce s\u0105 to lekkostrawne wina rodzynkowe, a naturalna s\u0142odycz rodzynek dzia\u0142a jak si\u0142a medyczna, dzi\u0119ki kt\u00f3rej aktywne sk\u0142adniki ro\u015bliny mog\u0105 by\u0107 szybciej i lepiej wch\u0142aniane do organizmu.<\/p>\n[\/spb_text_block] [spb_blank_spacer height=&#8221;10px&#8221; width=&#8221;1\/6&#8243; el_position=&#8221;last&#8221;] [spb_text_block animation=&#8221;none&#8221; animation_delay=&#8221;0&#8243; simplified_controls=&#8221;yes&#8221; custom_css_percentage=&#8221;no&#8221; padding_vertical=&#8221;0&#8243; padding_horizontal=&#8221;20&#8243; margin_vertical=&#8221;0&#8243; border_size=&#8221;0&#8243; border_styling_global=&#8221;default&#8221; width=&#8221;1\/1&#8243; el_position=&#8221;first last&#8221;]\n<p><img loading=\"lazy\" decoding=\"async\" class=\"apoplant aligncenter wp-image-38\" src=\"https:\/\/www.zurgnadenmutter.com\/wp-content\/uploads\/2016\/02\/apotheke_zur_gadenmutter_mariazell_favicon.png\" alt=\"apotheke_zur_gadenmutter_mariazell_favicon\" width=\"127\" height=\"102\" \/><\/p>\n[\/spb_text_block] [\/spb_row]\n","protected":false},"excerpt":{"rendered":"<p>[spb_row element_name=&#8221;Row&#8221; wrap_type=&#8221;content-width&#8221; row_bg_type=&#8221;color&#8221; color_row_height=&#8221;content-height&#8221; bg_type=&#8221;cover&#8221; parallax_image_height=&#8221;content-height&#8221; parallax_image_movement=&#8221;fixed&#8221; parallax_image_speed=&#8221;0.5&#8243; bg_video_loop=&#8221;yes&#8221; parallax_video_height=&#8221;window-height&#8221; row_top_style=&#8221;none&#8221; row_bottom_style=&#8221;none&#8221; parallax_video_overlay=&#8221;none&#8221; row_overlay_opacity=&#8221;0&#8243; remove_element_spacing=&#8221;no&#8221; row_col_pos=&#8221;default&#8221; row_expanding=&#8221;no&#8221; row_animation=&#8221;none&#8221; row_animation_delay=&#8221;0&#8243; width=&#8221;1\/1&#8243; el_position=&#8221;first last&#8221;] [spb_blank_spacer height=&#8221;10px&#8221; width=&#8221;1\/6&#8243; el_position=&#8221;first&#8221;] [spb_text_block animation=&#8221;none&#8221; animation_delay=&#8221;0&#8243;&#8230;<\/p>\n","protected":false},"author":1,"featured_media":0,"parent":0,"menu_order":0,"comment_status":"closed","ping_status":"closed","template":"","meta":{"_acf_changed":false,"footnotes":""},"class_list":["post-56665","page","type-page","status-publish"],"acf":[],"yoast_head":"<!-- This site is optimized with the Yoast SEO plugin v27.2 - https:\/\/yoast.com\/product\/yoast-seo-wordpress\/ -->\n<title>Hildegarda z Bingen - Apotheke &amp; Drogerie zur Gnadenmutter - Mariazell<\/title>\n<meta name=\"robots\" content=\"index, follow, max-snippet:-1, max-image-preview:large, max-video-preview:-1\" \/>\n<link rel=\"canonical\" href=\"https:\/\/www.zurgnadenmutter.com\/angebote\/hildegard-von-bingen\/\" \/>\n<meta property=\"og:locale\" content=\"pl_PL\" \/>\n<meta property=\"og:type\" content=\"article\" \/>\n<meta property=\"og:title\" content=\"Hildegarda z Bingen - Apotheke &amp; Drogerie zur Gnadenmutter - Mariazell\" \/>\n<meta property=\"og:description\" content=\"[spb_row element_name=&#8221;Row&#8221; wrap_type=&#8221;content-width&#8221; row_bg_type=&#8221;color&#8221; color_row_height=&#8221;content-height&#8221; bg_type=&#8221;cover&#8221; parallax_image_height=&#8221;content-height&#8221; parallax_image_movement=&#8221;fixed&#8221; parallax_image_speed=&#8221;0.5&#8243; bg_video_loop=&#8221;yes&#8221; parallax_video_height=&#8221;window-height&#8221; row_top_style=&#8221;none&#8221; row_bottom_style=&#8221;none&#8221; parallax_video_overlay=&#8221;none&#8221; row_overlay_opacity=&#8221;0&#8243; remove_element_spacing=&#8221;no&#8221; row_col_pos=&#8221;default&#8221; row_expanding=&#8221;no&#8221; row_animation=&#8221;none&#8221; row_animation_delay=&#8221;0&#8243; width=&#8221;1\/1&#8243; el_position=&#8221;first last&#8221;] [spb_blank_spacer height=&#8221;10px&#8221; width=&#8221;1\/6&#8243; el_position=&#8221;first&#8221;] [spb_text_block animation=&#8221;none&#8221; animation_delay=&#8221;0&#8243;...\" \/>\n<meta property=\"og:url\" content=\"https:\/\/www.zurgnadenmutter.com\/angebote\/hildegard-von-bingen\/\" \/>\n<meta property=\"og:site_name\" content=\"Apotheke &amp; Drogerie zur Gnadenmutter - Mariazell\" \/>\n<meta property=\"og:image\" content=\"https:\/\/www.zurgnadenmutter.com\/wp-content\/uploads\/2016\/02\/apotheke_zur_gadenmutter_mariazell_favicon.png\" \/>\n<meta name=\"twitter:card\" content=\"summary_large_image\" \/>\n<meta name=\"twitter:label1\" content=\"Szacowany czas czytania\" \/>\n\t<meta name=\"twitter:data1\" content=\"2 minuty\" \/>\n<script type=\"application\/ld+json\" class=\"yoast-schema-graph\">{\"@context\":\"https:\/\/schema.org\",\"@graph\":[{\"@type\":\"WebPage\",\"@id\":\"https:\/\/www.zurgnadenmutter.com\/angebote\/hildegard-von-bingen\/\",\"url\":\"https:\/\/www.zurgnadenmutter.com\/angebote\/hildegard-von-bingen\/\",\"name\":\"Hildegarda z Bingen - Apotheke &amp; Drogerie zur Gnadenmutter - Mariazell\",\"isPartOf\":{\"@id\":\"https:\/\/www.zurgnadenmutter.com\/#website\"},\"primaryImageOfPage\":{\"@id\":\"https:\/\/www.zurgnadenmutter.com\/angebote\/hildegard-von-bingen\/#primaryimage\"},\"image\":{\"@id\":\"https:\/\/www.zurgnadenmutter.com\/angebote\/hildegard-von-bingen\/#primaryimage\"},\"thumbnailUrl\":\"https:\/\/www.zurgnadenmutter.com\/wp-content\/uploads\/2016\/02\/apotheke_zur_gadenmutter_mariazell_favicon.png\",\"datePublished\":\"2023-06-05T09:12:21+00:00\",\"breadcrumb\":{\"@id\":\"https:\/\/www.zurgnadenmutter.com\/angebote\/hildegard-von-bingen\/#breadcrumb\"},\"inLanguage\":\"pl-PL\",\"potentialAction\":[{\"@type\":\"ReadAction\",\"target\":[\"https:\/\/www.zurgnadenmutter.com\/angebote\/hildegard-von-bingen\/\"]}]},{\"@type\":\"ImageObject\",\"inLanguage\":\"pl-PL\",\"@id\":\"https:\/\/www.zurgnadenmutter.com\/angebote\/hildegard-von-bingen\/#primaryimage\",\"url\":\"https:\/\/www.zurgnadenmutter.com\/wp-content\/uploads\/2016\/02\/apotheke_zur_gadenmutter_mariazell_favicon.png\",\"contentUrl\":\"https:\/\/www.zurgnadenmutter.com\/wp-content\/uploads\/2016\/02\/apotheke_zur_gadenmutter_mariazell_favicon.png\"},{\"@type\":\"BreadcrumbList\",\"@id\":\"https:\/\/www.zurgnadenmutter.com\/angebote\/hildegard-von-bingen\/#breadcrumb\",\"itemListElement\":[{\"@type\":\"ListItem\",\"position\":1,\"name\":\"Startseite\",\"item\":\"https:\/\/www.zurgnadenmutter.com\/pl\/\"},{\"@type\":\"ListItem\",\"position\":2,\"name\":\"Hildegarda z Bingen\"}]},{\"@type\":\"WebSite\",\"@id\":\"https:\/\/www.zurgnadenmutter.com\/#website\",\"url\":\"https:\/\/www.zurgnadenmutter.com\/\",\"name\":\"Apotheke &amp; Drogerie zur Gnadenmutter - Mariazell\",\"description\":\"Apotheke Mariazell\",\"potentialAction\":[{\"@type\":\"SearchAction\",\"target\":{\"@type\":\"EntryPoint\",\"urlTemplate\":\"https:\/\/www.zurgnadenmutter.com\/?s={search_term_string}\"},\"query-input\":{\"@type\":\"PropertyValueSpecification\",\"valueRequired\":true,\"valueName\":\"search_term_string\"}}],\"inLanguage\":\"pl-PL\"}]}<\/script>\n<!-- \/ Yoast SEO plugin. -->","yoast_head_json":{"title":"Hildegarda z Bingen - Apotheke &amp; Drogerie zur Gnadenmutter - Mariazell","robots":{"index":"index","follow":"follow","max-snippet":"max-snippet:-1","max-image-preview":"max-image-preview:large","max-video-preview":"max-video-preview:-1"},"canonical":"https:\/\/www.zurgnadenmutter.com\/angebote\/hildegard-von-bingen\/","og_locale":"pl_PL","og_type":"article","og_title":"Hildegarda z Bingen - Apotheke &amp; Drogerie zur Gnadenmutter - Mariazell","og_description":"[spb_row element_name=&#8221;Row&#8221; wrap_type=&#8221;content-width&#8221; row_bg_type=&#8221;color&#8221; color_row_height=&#8221;content-height&#8221; bg_type=&#8221;cover&#8221; parallax_image_height=&#8221;content-height&#8221; parallax_image_movement=&#8221;fixed&#8221; parallax_image_speed=&#8221;0.5&#8243; bg_video_loop=&#8221;yes&#8221; parallax_video_height=&#8221;window-height&#8221; row_top_style=&#8221;none&#8221; row_bottom_style=&#8221;none&#8221; parallax_video_overlay=&#8221;none&#8221; row_overlay_opacity=&#8221;0&#8243; remove_element_spacing=&#8221;no&#8221; row_col_pos=&#8221;default&#8221; row_expanding=&#8221;no&#8221; row_animation=&#8221;none&#8221; row_animation_delay=&#8221;0&#8243; width=&#8221;1\/1&#8243; el_position=&#8221;first last&#8221;] [spb_blank_spacer height=&#8221;10px&#8221; width=&#8221;1\/6&#8243; el_position=&#8221;first&#8221;] [spb_text_block animation=&#8221;none&#8221; animation_delay=&#8221;0&#8243;...","og_url":"https:\/\/www.zurgnadenmutter.com\/angebote\/hildegard-von-bingen\/","og_site_name":"Apotheke &amp; Drogerie zur Gnadenmutter - Mariazell","og_image":[{"url":"https:\/\/www.zurgnadenmutter.com\/wp-content\/uploads\/2016\/02\/apotheke_zur_gadenmutter_mariazell_favicon.png","type":"","width":"","height":""}],"twitter_card":"summary_large_image","twitter_misc":{"Szacowany czas czytania":"2 minuty"},"schema":{"@context":"https:\/\/schema.org","@graph":[{"@type":"WebPage","@id":"https:\/\/www.zurgnadenmutter.com\/angebote\/hildegard-von-bingen\/","url":"https:\/\/www.zurgnadenmutter.com\/angebote\/hildegard-von-bingen\/","name":"Hildegarda z Bingen - Apotheke &amp; Drogerie zur Gnadenmutter - Mariazell","isPartOf":{"@id":"https:\/\/www.zurgnadenmutter.com\/#website"},"primaryImageOfPage":{"@id":"https:\/\/www.zurgnadenmutter.com\/angebote\/hildegard-von-bingen\/#primaryimage"},"image":{"@id":"https:\/\/www.zurgnadenmutter.com\/angebote\/hildegard-von-bingen\/#primaryimage"},"thumbnailUrl":"https:\/\/www.zurgnadenmutter.com\/wp-content\/uploads\/2016\/02\/apotheke_zur_gadenmutter_mariazell_favicon.png","datePublished":"2023-06-05T09:12:21+00:00","breadcrumb":{"@id":"https:\/\/www.zurgnadenmutter.com\/angebote\/hildegard-von-bingen\/#breadcrumb"},"inLanguage":"pl-PL","potentialAction":[{"@type":"ReadAction","target":["https:\/\/www.zurgnadenmutter.com\/angebote\/hildegard-von-bingen\/"]}]},{"@type":"ImageObject","inLanguage":"pl-PL","@id":"https:\/\/www.zurgnadenmutter.com\/angebote\/hildegard-von-bingen\/#primaryimage","url":"https:\/\/www.zurgnadenmutter.com\/wp-content\/uploads\/2016\/02\/apotheke_zur_gadenmutter_mariazell_favicon.png","contentUrl":"https:\/\/www.zurgnadenmutter.com\/wp-content\/uploads\/2016\/02\/apotheke_zur_gadenmutter_mariazell_favicon.png"},{"@type":"BreadcrumbList","@id":"https:\/\/www.zurgnadenmutter.com\/angebote\/hildegard-von-bingen\/#breadcrumb","itemListElement":[{"@type":"ListItem","position":1,"name":"Startseite","item":"https:\/\/www.zurgnadenmutter.com\/pl\/"},{"@type":"ListItem","position":2,"name":"Hildegarda z Bingen"}]},{"@type":"WebSite","@id":"https:\/\/www.zurgnadenmutter.com\/#website","url":"https:\/\/www.zurgnadenmutter.com\/","name":"Apotheke &amp; Drogerie zur Gnadenmutter - Mariazell","description":"Apotheke Mariazell","potentialAction":[{"@type":"SearchAction","target":{"@type":"EntryPoint","urlTemplate":"https:\/\/www.zurgnadenmutter.com\/?s={search_term_string}"},"query-input":{"@type":"PropertyValueSpecification","valueRequired":true,"valueName":"search_term_string"}}],"inLanguage":"pl-PL"}]}},"_links":{"self":[{"href":"https:\/\/www.zurgnadenmutter.com\/pl\/wp-json\/wp\/v2\/pages\/56665","targetHints":{"allow":["GET"]}}],"collection":[{"href":"https:\/\/www.zurgnadenmutter.com\/pl\/wp-json\/wp\/v2\/pages"}],"about":[{"href":"https:\/\/www.zurgnadenmutter.com\/pl\/wp-json\/wp\/v2\/types\/page"}],"author":[{"embeddable":true,"href":"https:\/\/www.zurgnadenmutter.com\/pl\/wp-json\/wp\/v2\/users\/1"}],"replies":[{"embeddable":true,"href":"https:\/\/www.zurgnadenmutter.com\/pl\/wp-json\/wp\/v2\/comments?post=56665"}],"version-history":[{"count":2,"href":"https:\/\/www.zurgnadenmutter.com\/pl\/wp-json\/wp\/v2\/pages\/56665\/revisions"}],"predecessor-version":[{"id":56667,"href":"https:\/\/www.zurgnadenmutter.com\/pl\/wp-json\/wp\/v2\/pages\/56665\/revisions\/56667"}],"wp:attachment":[{"href":"https:\/\/www.zurgnadenmutter.com\/pl\/wp-json\/wp\/v2\/media?parent=56665"}],"curies":[{"name":"wp","href":"https:\/\/api.w.org\/{rel}","templated":true}]}}