{"id":56663,"date":"2023-06-05T11:10:55","date_gmt":"2023-06-05T09:10:55","guid":{"rendered":"https:\/\/www.zurgnadenmutter.com\/?page_id=56663"},"modified":"2023-06-05T11:10:55","modified_gmt":"2023-06-05T09:10:55","slug":"tradycyjna-medycyna-europejska","status":"publish","type":"page","link":"https:\/\/www.zurgnadenmutter.com\/pl\/tradycyjna-medycyna-europejska\/","title":{"rendered":"Tradycyjna medycyna europejska"},"content":{"rendered":"[spb_blank_spacer height=&#8221;1px&#8221; width=&#8221;1\/6&#8243; el_position=&#8221;first&#8221;] [spb_text_block animation=&#8221;none&#8221; animation_delay=&#8221;0&#8243; padding_vertical=&#8221;0&#8243; padding_horizontal=&#8221;0&#8243; width=&#8221;2\/3&#8243;]\n<h2 style=\"text-align: center;\">TME jako holistyczny system leczniczy jest idealnym uzupe\u0142nieniem dzisiejszej nowoczesnej medycyny.<\/h2>\n<p>Tradycyjna Medycyna Europejska (TME) to holistyczny system medyczny, kt\u00f3ry obejmuje wszystkie systemy lecznicze, metody leczenia, leki, metody produkcji i formy zastosowania w diagnostyce i terapii, jakie kiedykolwiek by\u0142y stosowane w Europie. TME jest praktykowana na kontynencie europejskim od tysi\u0119cy lat, poniewa\u017c choroby i urazy istnia\u0142y od zawsze. Leki na nie by\u0142y poszukiwane i znajdowane w przyrodzie, zw\u0142aszcza w ro\u015blinach leczniczych. Jednak medycyna by\u0142a bardziej medycyn\u0105 profilaktyczn\u0105, kt\u00f3ra mia\u0142a zapobiega\u0107 chorobom. Bo leczenie w \u00f3wczesnych warunkach \u017cycia nie zawsze by\u0142o \u0142atwe.<\/p>\n<p>W historii TME od zawsze istnia\u0142y obok siebie dwa systemy lecznicze \u2013 medycyna ludowa i medycyna naukowa.<br \/>\nW medycynie ludowej ogrom wiedzy znajdowa\u0142 si\u0119 w r\u0119kach kobiet, kt\u00f3re przekazywa\u0142y j\u0105 zawsze ustnie. Zna\u0142y miejsca, w kt\u00f3rych mo\u017cna by\u0142o znale\u017a\u0107 ro\u015bliny lecznicze i zna\u0142y spos\u00f3b ich dzia\u0142ania, przygotowanie, dawkowanie i stosowanie.<br \/>\nWiedza medycyny naukowej jest dobrze udokumentowana i zachowana. Przedstawicielami tutaj byli g\u0142\u00f3wnie m\u0119\u017cczy\u017ani, kt\u00f3rzy mieli dost\u0119p do szk\u00f3\u0142, uniwersytet\u00f3w lub klasztor\u00f3w. Uzyskiwali oni \u0142atwiejszy dost\u0119p do wiedzy. Niekt\u00f3rzy znani przedstawiciele to Hermes Trismegistus, Platon, Arystoteles, Dioskurydes, Galen, Avicenna i znani przedstawiciele medycyny klasztornej, tacy jak Hildegarda z Bingen, Kneipp, Weidinger itp. Wyj\u0105tkiem w\u015br\u00f3d uczonych by\u0142a Hildegarda z Bingen, kt\u00f3ra w tym czasie posiada\u0142a wiedz\u0119 z zakresu medycyny ludowej powi\u0105zan\u0105 z wiedz\u0105 medycyny naukowej i j\u0105 dokumentowa\u0142a.<\/p>\n<p>Dzisiejsze zastosowanie<br \/>\nDu\u017ca cz\u0119\u015b\u0107 wiedzy zosta\u0142a utracona w ci\u0105gu ostatnich stuleci \u2013 ale dzi\u015b powraca ona do \u015bwiadomo\u015bci ludzi. Prawdziw\u0105 skarbnic\u0105 wiedzy s\u0105 przede wszystkim biblioteki klasztorne. Pomog\u0142y one przetrwa\u0107 tej wiedzy. Zainteresowanie rodzimym systemem medycznym oraz jego metodami leczniczymi i \u015brodkami leczniczymi stale ro\u015bnie.<br \/>\nDzieje si\u0119 tak dlatego, \u017ce TME jako holistyczny system leczniczy jest idealnym uzupe\u0142nieniem dzisiejszej nowoczesnej medycyny.<\/p>\n<p>Na przyk\u0142ad w przypadku chor\u00f3b przewlek\u0142ych, pod nadzorem lekarza dawkowanie d\u0142ugoterminowych lek\u00f3w mo\u017ce zosta\u0107 zmniejszone poprzez wspomagaj\u0105ce stosowanie \u015brodk\u00f3w TME, a wa\u017cne narz\u0105dy wydalnicze \u2013 w\u0105troba, nerki, limfa, p\u0142uca czy sk\u00f3ra \u2013 mog\u0105 by\u0107 wspomagane w ich dzia\u0142aniu. Wzmacnia to og\u00f3ln\u0105 kondycj\u0119 cz\u0142owieka. W okresie rekonwalescencji po przebytych chorobach lub operacjach si\u0142y samouzdrawiania i uk\u0142ad odporno\u015bciowy s\u0105 wzmacniane metodami TME a powr\u00f3t do zdrowia jest szybszy. Kondycj\u0119 dzieci r\u00f3wnie\u017c mo\u017cna wspom\u00f3c \u015brodkami zio\u0142owymi. Organizm zostanie wzmocniony i b\u0119dzie mniej podatny na choroby.<\/p>\n<p>Ta wiedza przetrwa\u0142a przez wieki w aptece i drogerii Zur Gnadenmutter i do dzi\u015b jest wykorzystywana w doradztwie i produkcji lek\u00f3w.<\/p>\n<p>&nbsp;<\/p>\n[\/spb_text_block] [spb_blank_spacer height=&#8221;1px&#8221; width=&#8221;1\/6&#8243; el_position=&#8221;last&#8221;] [spb_section spb_section_id=&#8221;956&#8243; width=&#8221;1\/1&#8243; el_position=&#8221;first last&#8221;]\n","protected":false},"excerpt":{"rendered":"<p>[spb_blank_spacer height=&#8221;1px&#8221; width=&#8221;1\/6&#8243; el_position=&#8221;first&#8221;] [spb_text_block animation=&#8221;none&#8221; animation_delay=&#8221;0&#8243; padding_vertical=&#8221;0&#8243; padding_horizontal=&#8221;0&#8243; width=&#8221;2\/3&#8243;] TME jako holistyczny system leczniczy jest idealnym uzupe\u0142nieniem dzisiejszej nowoczesnej medycyny. Tradycyjna Medycyna Europejska (TME) to holistyczny system medyczny, kt\u00f3ry&#8230;<\/p>\n","protected":false},"author":1,"featured_media":0,"parent":0,"menu_order":0,"comment_status":"closed","ping_status":"closed","template":"","meta":{"_acf_changed":false,"footnotes":""},"class_list":["post-56663","page","type-page","status-publish"],"acf":[],"yoast_head":"<!-- This site is optimized with the Yoast SEO plugin v27.2 - https:\/\/yoast.com\/product\/yoast-seo-wordpress\/ -->\n<title>Tradycyjna medycyna europejska - Apotheke &amp; Drogerie zur Gnadenmutter - Mariazell<\/title>\n<meta name=\"robots\" content=\"index, follow, max-snippet:-1, max-image-preview:large, max-video-preview:-1\" \/>\n<link rel=\"canonical\" href=\"https:\/\/www.zurgnadenmutter.com\/angebote\/traditionelle-europaeische-medizin\/\" \/>\n<meta property=\"og:locale\" content=\"pl_PL\" \/>\n<meta property=\"og:type\" content=\"article\" \/>\n<meta property=\"og:title\" content=\"Tradycyjna medycyna europejska - Apotheke &amp; Drogerie zur Gnadenmutter - Mariazell\" \/>\n<meta property=\"og:description\" content=\"[spb_blank_spacer height=&#8221;1px&#8221; width=&#8221;1\/6&#8243; el_position=&#8221;first&#8221;] [spb_text_block animation=&#8221;none&#8221; animation_delay=&#8221;0&#8243; padding_vertical=&#8221;0&#8243; padding_horizontal=&#8221;0&#8243; width=&#8221;2\/3&#8243;] TME jako holistyczny system leczniczy jest idealnym uzupe\u0142nieniem dzisiejszej nowoczesnej medycyny. Tradycyjna Medycyna Europejska (TME) to holistyczny system medyczny, kt\u00f3ry...\" \/>\n<meta property=\"og:url\" content=\"https:\/\/www.zurgnadenmutter.com\/angebote\/traditionelle-europaeische-medizin\/\" \/>\n<meta property=\"og:site_name\" content=\"Apotheke &amp; Drogerie zur Gnadenmutter - Mariazell\" \/>\n<meta name=\"twitter:card\" content=\"summary_large_image\" \/>\n<meta name=\"twitter:label1\" content=\"Szacowany czas czytania\" \/>\n\t<meta name=\"twitter:data1\" content=\"3 minuty\" \/>\n<script type=\"application\/ld+json\" class=\"yoast-schema-graph\">{\"@context\":\"https:\/\/schema.org\",\"@graph\":[{\"@type\":\"WebPage\",\"@id\":\"https:\/\/www.zurgnadenmutter.com\/angebote\/traditionelle-europaeische-medizin\/\",\"url\":\"https:\/\/www.zurgnadenmutter.com\/angebote\/traditionelle-europaeische-medizin\/\",\"name\":\"Tradycyjna medycyna europejska - Apotheke &amp; Drogerie zur Gnadenmutter - Mariazell\",\"isPartOf\":{\"@id\":\"https:\/\/www.zurgnadenmutter.com\/#website\"},\"datePublished\":\"2023-06-05T09:10:55+00:00\",\"breadcrumb\":{\"@id\":\"https:\/\/www.zurgnadenmutter.com\/angebote\/traditionelle-europaeische-medizin\/#breadcrumb\"},\"inLanguage\":\"pl-PL\",\"potentialAction\":[{\"@type\":\"ReadAction\",\"target\":[\"https:\/\/www.zurgnadenmutter.com\/angebote\/traditionelle-europaeische-medizin\/\"]}]},{\"@type\":\"BreadcrumbList\",\"@id\":\"https:\/\/www.zurgnadenmutter.com\/angebote\/traditionelle-europaeische-medizin\/#breadcrumb\",\"itemListElement\":[{\"@type\":\"ListItem\",\"position\":1,\"name\":\"Startseite\",\"item\":\"https:\/\/www.zurgnadenmutter.com\/pl\/\"},{\"@type\":\"ListItem\",\"position\":2,\"name\":\"Tradycyjna medycyna europejska\"}]},{\"@type\":\"WebSite\",\"@id\":\"https:\/\/www.zurgnadenmutter.com\/#website\",\"url\":\"https:\/\/www.zurgnadenmutter.com\/\",\"name\":\"Apotheke &amp; Drogerie zur Gnadenmutter - Mariazell\",\"description\":\"Apotheke Mariazell\",\"potentialAction\":[{\"@type\":\"SearchAction\",\"target\":{\"@type\":\"EntryPoint\",\"urlTemplate\":\"https:\/\/www.zurgnadenmutter.com\/?s={search_term_string}\"},\"query-input\":{\"@type\":\"PropertyValueSpecification\",\"valueRequired\":true,\"valueName\":\"search_term_string\"}}],\"inLanguage\":\"pl-PL\"}]}<\/script>\n<!-- \/ Yoast SEO plugin. -->","yoast_head_json":{"title":"Tradycyjna medycyna europejska - Apotheke &amp; Drogerie zur Gnadenmutter - Mariazell","robots":{"index":"index","follow":"follow","max-snippet":"max-snippet:-1","max-image-preview":"max-image-preview:large","max-video-preview":"max-video-preview:-1"},"canonical":"https:\/\/www.zurgnadenmutter.com\/angebote\/traditionelle-europaeische-medizin\/","og_locale":"pl_PL","og_type":"article","og_title":"Tradycyjna medycyna europejska - Apotheke &amp; Drogerie zur Gnadenmutter - Mariazell","og_description":"[spb_blank_spacer height=&#8221;1px&#8221; width=&#8221;1\/6&#8243; el_position=&#8221;first&#8221;] [spb_text_block animation=&#8221;none&#8221; animation_delay=&#8221;0&#8243; padding_vertical=&#8221;0&#8243; padding_horizontal=&#8221;0&#8243; width=&#8221;2\/3&#8243;] TME jako holistyczny system leczniczy jest idealnym uzupe\u0142nieniem dzisiejszej nowoczesnej medycyny. Tradycyjna Medycyna Europejska (TME) to holistyczny system medyczny, kt\u00f3ry...","og_url":"https:\/\/www.zurgnadenmutter.com\/angebote\/traditionelle-europaeische-medizin\/","og_site_name":"Apotheke &amp; Drogerie zur Gnadenmutter - Mariazell","twitter_card":"summary_large_image","twitter_misc":{"Szacowany czas czytania":"3 minuty"},"schema":{"@context":"https:\/\/schema.org","@graph":[{"@type":"WebPage","@id":"https:\/\/www.zurgnadenmutter.com\/angebote\/traditionelle-europaeische-medizin\/","url":"https:\/\/www.zurgnadenmutter.com\/angebote\/traditionelle-europaeische-medizin\/","name":"Tradycyjna medycyna europejska - Apotheke &amp; Drogerie zur Gnadenmutter - Mariazell","isPartOf":{"@id":"https:\/\/www.zurgnadenmutter.com\/#website"},"datePublished":"2023-06-05T09:10:55+00:00","breadcrumb":{"@id":"https:\/\/www.zurgnadenmutter.com\/angebote\/traditionelle-europaeische-medizin\/#breadcrumb"},"inLanguage":"pl-PL","potentialAction":[{"@type":"ReadAction","target":["https:\/\/www.zurgnadenmutter.com\/angebote\/traditionelle-europaeische-medizin\/"]}]},{"@type":"BreadcrumbList","@id":"https:\/\/www.zurgnadenmutter.com\/angebote\/traditionelle-europaeische-medizin\/#breadcrumb","itemListElement":[{"@type":"ListItem","position":1,"name":"Startseite","item":"https:\/\/www.zurgnadenmutter.com\/pl\/"},{"@type":"ListItem","position":2,"name":"Tradycyjna medycyna europejska"}]},{"@type":"WebSite","@id":"https:\/\/www.zurgnadenmutter.com\/#website","url":"https:\/\/www.zurgnadenmutter.com\/","name":"Apotheke &amp; Drogerie zur Gnadenmutter - Mariazell","description":"Apotheke Mariazell","potentialAction":[{"@type":"SearchAction","target":{"@type":"EntryPoint","urlTemplate":"https:\/\/www.zurgnadenmutter.com\/?s={search_term_string}"},"query-input":{"@type":"PropertyValueSpecification","valueRequired":true,"valueName":"search_term_string"}}],"inLanguage":"pl-PL"}]}},"_links":{"self":[{"href":"https:\/\/www.zurgnadenmutter.com\/pl\/wp-json\/wp\/v2\/pages\/56663","targetHints":{"allow":["GET"]}}],"collection":[{"href":"https:\/\/www.zurgnadenmutter.com\/pl\/wp-json\/wp\/v2\/pages"}],"about":[{"href":"https:\/\/www.zurgnadenmutter.com\/pl\/wp-json\/wp\/v2\/types\/page"}],"author":[{"embeddable":true,"href":"https:\/\/www.zurgnadenmutter.com\/pl\/wp-json\/wp\/v2\/users\/1"}],"replies":[{"embeddable":true,"href":"https:\/\/www.zurgnadenmutter.com\/pl\/wp-json\/wp\/v2\/comments?post=56663"}],"version-history":[{"count":1,"href":"https:\/\/www.zurgnadenmutter.com\/pl\/wp-json\/wp\/v2\/pages\/56663\/revisions"}],"predecessor-version":[{"id":56664,"href":"https:\/\/www.zurgnadenmutter.com\/pl\/wp-json\/wp\/v2\/pages\/56663\/revisions\/56664"}],"wp:attachment":[{"href":"https:\/\/www.zurgnadenmutter.com\/pl\/wp-json\/wp\/v2\/media?parent=56663"}],"curies":[{"name":"wp","href":"https:\/\/api.w.org\/{rel}","templated":true}]}}