{"id":56660,"date":"2023-06-05T11:10:06","date_gmt":"2023-06-05T09:10:06","guid":{"rendered":"https:\/\/www.zurgnadenmutter.com\/?page_id=56660"},"modified":"2023-06-05T11:10:06","modified_gmt":"2023-06-05T09:10:06","slug":"zwiedzanie-apteki","status":"publish","type":"page","link":"https:\/\/www.zurgnadenmutter.com\/pl\/zwiedzanie-apteki\/","title":{"rendered":"Zwiedzanie apteki"},"content":{"rendered":"[spb_row element_name=&#8221;Row&#8221; wrap_type=&#8221;content-width&#8221; row_bg_type=&#8221;color&#8221; color_row_height=&#8221;content-height&#8221; bg_type=&#8221;cover&#8221; parallax_image_height=&#8221;content-height&#8221; parallax_image_movement=&#8221;fixed&#8221; parallax_image_speed=&#8221;0.5&#8243; bg_video_loop=&#8221;yes&#8221; parallax_video_height=&#8221;window-height&#8221; row_top_style=&#8221;none&#8221; row_bottom_style=&#8221;none&#8221; parallax_video_overlay=&#8221;none&#8221; row_overlay_opacity=&#8221;0&#8243; row_padding_vertical=&#8221;0&#8243; row_padding_horizontal=&#8221;0&#8243; row_margin_vertical=&#8221;0&#8243; remove_element_spacing=&#8221;no&#8221; vertical_center=&#8221;false&#8221; inner_column_height=&#8221;col-natural&#8221; row_expanding=&#8221;no&#8221; row_animation=&#8221;none&#8221; row_animation_delay=&#8221;0&#8243; width=&#8221;1\/1&#8243; el_position=&#8221;first last&#8221;] [spb_column col_sm=&#8221;2&#8243; padding_horizontal=&#8221;15&#8243; width=&#8221;1\/6&#8243; el_position=&#8221;first&#8221;] [\/spb_column] [spb_boxed_content type=&#8221;coloured&#8221; box_link_target=&#8221;_self&#8221; padding_vertical=&#8221;0&#8243; padding_horizontal=&#8221;0&#8243; width=&#8221;2\/3&#8243;]\n<p>W ramach zwiedzania naszej apteki z przewodnikiem dowiesz si\u0119 ciekawostek na temat dzia\u0142ania i stosowania zi\u00f3\u0142 leczniczych, przygotowywania tradycyjnych lek\u00f3w oraz wszystkiego, co ma zwi\u0105zek ze zdrowiem z zakresu zio\u0142olecznictwa i tradycyjnej medycyny europejskiej. Po zwiedzaniu istnieje mo\u017cliwo\u015b\u0107 degustacji naszych popularnych likier\u00f3w zio\u0142owych.<\/p>\n<p>Na \u017cyczenie oferujemy zwiedzanie naszej apteki z przewodnikiem m\u00f3wi\u0105cym w j\u0119zyku w\u0119gierskim!<\/p>\n[\/spb_boxed_content] [spb_column col_sm=&#8221;2&#8243; padding_horizontal=&#8221;15&#8243; width=&#8221;1\/6&#8243; el_position=&#8221;last&#8221;] [\/spb_column] [spb_blank_spacer height=&#8221;70px&#8221; width=&#8221;1\/1&#8243; el_position=&#8221;first last&#8221;] [\/spb_row] [spb_image image=&#8221;87&#8243; image_size=&#8221;large&#8221; frame=&#8221;noframe&#8221; caption_pos=&#8221;hover&#8221; remove_rounded=&#8221;yes&#8221; fullwidth=&#8221;no&#8221; overflow_mode=&#8221;none&#8221; link_target=&#8221;_self&#8221; lightbox=&#8221;yes&#8221; intro_animation=&#8221;none&#8221; animation_delay=&#8221;200&#8243; width=&#8221;1\/3&#8243; el_position=&#8221;first&#8221;] [spb_text_block animation=&#8221;none&#8221; animation_delay=&#8221;0&#8243; simplified_controls=&#8221;yes&#8221; custom_css_percentage=&#8221;no&#8221; padding_vertical=&#8221;0&#8243; padding_horizontal=&#8221;0&#8243; margin_vertical=&#8221;0&#8243; border_size=&#8221;0&#8243; border_styling_global=&#8221;default&#8221; width=&#8221;2\/3&#8243; el_position=&#8221;last&#8221;]\n<h2>Zwiedzanie apteki<\/h2>\n<p>Dowiedz si\u0119 wszystkiego, co warto wiedzie\u0107 o naszej aptece<\/p>\n<p><strong>Czas zwiedzania:<\/strong> ok. 1 godzina<br \/>\n<strong>Termin:<\/strong> Terminy po uzgodnieniu; zwiedzanie z przewodnikiem od 10 os\u00f3b<br \/>\n<strong>Op\u0142aty za wst\u0119p:<\/strong> 4 euro za osob\u0119 \u2013 w tym degustacja<\/p>\n[\/spb_text_block] [spb_blank_spacer height=&#8221;70px&#8221; width=&#8221;1\/1&#8243; el_position=&#8221;first last&#8221;] [spb_image image=&#8221;881&#8243; image_size=&#8221;large&#8221; frame=&#8221;noframe&#8221; caption_pos=&#8221;hover&#8221; remove_rounded=&#8221;yes&#8221; fullwidth=&#8221;no&#8221; overflow_mode=&#8221;none&#8221; link_target=&#8221;_self&#8221; lightbox=&#8221;yes&#8221; intro_animation=&#8221;none&#8221; animation_delay=&#8221;200&#8243; width=&#8221;1\/3&#8243; el_position=&#8221;first&#8221;] [spb_text_block animation=&#8221;none&#8221; animation_delay=&#8221;0&#8243; simplified_controls=&#8221;yes&#8221; custom_css_percentage=&#8221;no&#8221; padding_vertical=&#8221;0&#8243; padding_horizontal=&#8221;0&#8243; margin_vertical=&#8221;0&#8243; border_size=&#8221;0&#8243; border_styling_global=&#8221;default&#8221; width=&#8221;2\/3&#8243; el_position=&#8221;last&#8221;]\n<h2>Zwiedzanie z elementami praktycznymi dla dzieci<\/h2>\n<p>As part of the children&#8217;s tour, children from the age of five can take a look behind the scenes of a pharmacy, learn interesting facts about the work of a pharmacy, visit the<\/p>\n<p>W ramach zwiedzania dzieci od 5 roku \u017cycia mog\u0105 zajrze\u0107 za kulisy apteki, dowiedzie\u0107 si\u0119 ciekawych rzeczy o pracy w aptece, odwiedzi\u0107 laboratorium, a nawet samemu zmiesza\u0107 herbat\u0119 i ma\u015b\u0107.<\/p>\n<p><strong>Program praktyczny:<\/strong> Mieszanie ma\u015bci, mieszanie herbaty<br \/>\n<strong>Koszty materia\u0142\u00f3w na dziecko:<\/strong> 6,00 \u20ac<br \/>\n<strong>Termin:<\/strong> Terminy po uzgodnieniu; zwiedzanie z przewodnikiem od 10 os\u00f3b<\/p>\n[\/spb_text_block]\n","protected":false},"excerpt":{"rendered":"<p>[spb_row element_name=&#8221;Row&#8221; wrap_type=&#8221;content-width&#8221; row_bg_type=&#8221;color&#8221; color_row_height=&#8221;content-height&#8221; bg_type=&#8221;cover&#8221; parallax_image_height=&#8221;content-height&#8221; parallax_image_movement=&#8221;fixed&#8221; parallax_image_speed=&#8221;0.5&#8243; bg_video_loop=&#8221;yes&#8221; parallax_video_height=&#8221;window-height&#8221; row_top_style=&#8221;none&#8221; row_bottom_style=&#8221;none&#8221; parallax_video_overlay=&#8221;none&#8221; row_overlay_opacity=&#8221;0&#8243; row_padding_vertical=&#8221;0&#8243; row_padding_horizontal=&#8221;0&#8243; row_margin_vertical=&#8221;0&#8243; remove_element_spacing=&#8221;no&#8221; vertical_center=&#8221;false&#8221; inner_column_height=&#8221;col-natural&#8221; row_expanding=&#8221;no&#8221; row_animation=&#8221;none&#8221; row_animation_delay=&#8221;0&#8243; width=&#8221;1\/1&#8243; el_position=&#8221;first last&#8221;] [spb_column col_sm=&#8221;2&#8243; padding_horizontal=&#8221;15&#8243;&#8230;<\/p>\n","protected":false},"author":1,"featured_media":0,"parent":0,"menu_order":0,"comment_status":"closed","ping_status":"closed","template":"","meta":{"_acf_changed":false,"footnotes":""},"class_list":["post-56660","page","type-page","status-publish"],"acf":[],"yoast_head":"<!-- This site is optimized with the Yoast SEO plugin v27.2 - https:\/\/yoast.com\/product\/yoast-seo-wordpress\/ -->\n<title>Zwiedzanie apteki - Apotheke &amp; Drogerie zur Gnadenmutter - Mariazell<\/title>\n<meta name=\"robots\" content=\"index, follow, max-snippet:-1, max-image-preview:large, max-video-preview:-1\" \/>\n<link rel=\"canonical\" href=\"https:\/\/www.zurgnadenmutter.com\/veranstaltungen\/apotheken-fuehrungen\/\" \/>\n<meta property=\"og:locale\" content=\"pl_PL\" \/>\n<meta property=\"og:type\" content=\"article\" \/>\n<meta property=\"og:title\" content=\"Zwiedzanie apteki - Apotheke &amp; Drogerie zur Gnadenmutter - Mariazell\" \/>\n<meta property=\"og:description\" content=\"[spb_row element_name=&#8221;Row&#8221; wrap_type=&#8221;content-width&#8221; row_bg_type=&#8221;color&#8221; color_row_height=&#8221;content-height&#8221; bg_type=&#8221;cover&#8221; parallax_image_height=&#8221;content-height&#8221; parallax_image_movement=&#8221;fixed&#8221; parallax_image_speed=&#8221;0.5&#8243; bg_video_loop=&#8221;yes&#8221; parallax_video_height=&#8221;window-height&#8221; row_top_style=&#8221;none&#8221; row_bottom_style=&#8221;none&#8221; parallax_video_overlay=&#8221;none&#8221; row_overlay_opacity=&#8221;0&#8243; row_padding_vertical=&#8221;0&#8243; row_padding_horizontal=&#8221;0&#8243; row_margin_vertical=&#8221;0&#8243; remove_element_spacing=&#8221;no&#8221; vertical_center=&#8221;false&#8221; inner_column_height=&#8221;col-natural&#8221; row_expanding=&#8221;no&#8221; row_animation=&#8221;none&#8221; row_animation_delay=&#8221;0&#8243; width=&#8221;1\/1&#8243; el_position=&#8221;first last&#8221;] [spb_column col_sm=&#8221;2&#8243; padding_horizontal=&#8221;15&#8243;...\" \/>\n<meta property=\"og:url\" content=\"https:\/\/www.zurgnadenmutter.com\/veranstaltungen\/apotheken-fuehrungen\/\" \/>\n<meta property=\"og:site_name\" content=\"Apotheke &amp; Drogerie zur Gnadenmutter - Mariazell\" \/>\n<meta name=\"twitter:card\" content=\"summary_large_image\" \/>\n<meta name=\"twitter:label1\" content=\"Szacowany czas czytania\" \/>\n\t<meta name=\"twitter:data1\" content=\"2 minuty\" \/>\n<script type=\"application\/ld+json\" class=\"yoast-schema-graph\">{\"@context\":\"https:\/\/schema.org\",\"@graph\":[{\"@type\":\"WebPage\",\"@id\":\"https:\/\/www.zurgnadenmutter.com\/veranstaltungen\/apotheken-fuehrungen\/\",\"url\":\"https:\/\/www.zurgnadenmutter.com\/veranstaltungen\/apotheken-fuehrungen\/\",\"name\":\"Zwiedzanie apteki - Apotheke &amp; Drogerie zur Gnadenmutter - Mariazell\",\"isPartOf\":{\"@id\":\"https:\/\/www.zurgnadenmutter.com\/#website\"},\"datePublished\":\"2023-06-05T09:10:06+00:00\",\"breadcrumb\":{\"@id\":\"https:\/\/www.zurgnadenmutter.com\/veranstaltungen\/apotheken-fuehrungen\/#breadcrumb\"},\"inLanguage\":\"pl-PL\",\"potentialAction\":[{\"@type\":\"ReadAction\",\"target\":[\"https:\/\/www.zurgnadenmutter.com\/veranstaltungen\/apotheken-fuehrungen\/\"]}]},{\"@type\":\"BreadcrumbList\",\"@id\":\"https:\/\/www.zurgnadenmutter.com\/veranstaltungen\/apotheken-fuehrungen\/#breadcrumb\",\"itemListElement\":[{\"@type\":\"ListItem\",\"position\":1,\"name\":\"Startseite\",\"item\":\"https:\/\/www.zurgnadenmutter.com\/pl\/\"},{\"@type\":\"ListItem\",\"position\":2,\"name\":\"Zwiedzanie apteki\"}]},{\"@type\":\"WebSite\",\"@id\":\"https:\/\/www.zurgnadenmutter.com\/#website\",\"url\":\"https:\/\/www.zurgnadenmutter.com\/\",\"name\":\"Apotheke &amp; Drogerie zur Gnadenmutter - Mariazell\",\"description\":\"Apotheke Mariazell\",\"potentialAction\":[{\"@type\":\"SearchAction\",\"target\":{\"@type\":\"EntryPoint\",\"urlTemplate\":\"https:\/\/www.zurgnadenmutter.com\/?s={search_term_string}\"},\"query-input\":{\"@type\":\"PropertyValueSpecification\",\"valueRequired\":true,\"valueName\":\"search_term_string\"}}],\"inLanguage\":\"pl-PL\"}]}<\/script>\n<!-- \/ Yoast SEO plugin. -->","yoast_head_json":{"title":"Zwiedzanie apteki - Apotheke &amp; Drogerie zur Gnadenmutter - Mariazell","robots":{"index":"index","follow":"follow","max-snippet":"max-snippet:-1","max-image-preview":"max-image-preview:large","max-video-preview":"max-video-preview:-1"},"canonical":"https:\/\/www.zurgnadenmutter.com\/veranstaltungen\/apotheken-fuehrungen\/","og_locale":"pl_PL","og_type":"article","og_title":"Zwiedzanie apteki - Apotheke &amp; Drogerie zur Gnadenmutter - Mariazell","og_description":"[spb_row element_name=&#8221;Row&#8221; wrap_type=&#8221;content-width&#8221; row_bg_type=&#8221;color&#8221; color_row_height=&#8221;content-height&#8221; bg_type=&#8221;cover&#8221; parallax_image_height=&#8221;content-height&#8221; parallax_image_movement=&#8221;fixed&#8221; parallax_image_speed=&#8221;0.5&#8243; bg_video_loop=&#8221;yes&#8221; parallax_video_height=&#8221;window-height&#8221; row_top_style=&#8221;none&#8221; row_bottom_style=&#8221;none&#8221; parallax_video_overlay=&#8221;none&#8221; row_overlay_opacity=&#8221;0&#8243; row_padding_vertical=&#8221;0&#8243; row_padding_horizontal=&#8221;0&#8243; row_margin_vertical=&#8221;0&#8243; remove_element_spacing=&#8221;no&#8221; vertical_center=&#8221;false&#8221; inner_column_height=&#8221;col-natural&#8221; row_expanding=&#8221;no&#8221; row_animation=&#8221;none&#8221; row_animation_delay=&#8221;0&#8243; width=&#8221;1\/1&#8243; el_position=&#8221;first last&#8221;] [spb_column col_sm=&#8221;2&#8243; padding_horizontal=&#8221;15&#8243;...","og_url":"https:\/\/www.zurgnadenmutter.com\/veranstaltungen\/apotheken-fuehrungen\/","og_site_name":"Apotheke &amp; Drogerie zur Gnadenmutter - Mariazell","twitter_card":"summary_large_image","twitter_misc":{"Szacowany czas czytania":"2 minuty"},"schema":{"@context":"https:\/\/schema.org","@graph":[{"@type":"WebPage","@id":"https:\/\/www.zurgnadenmutter.com\/veranstaltungen\/apotheken-fuehrungen\/","url":"https:\/\/www.zurgnadenmutter.com\/veranstaltungen\/apotheken-fuehrungen\/","name":"Zwiedzanie apteki - Apotheke &amp; Drogerie zur Gnadenmutter - Mariazell","isPartOf":{"@id":"https:\/\/www.zurgnadenmutter.com\/#website"},"datePublished":"2023-06-05T09:10:06+00:00","breadcrumb":{"@id":"https:\/\/www.zurgnadenmutter.com\/veranstaltungen\/apotheken-fuehrungen\/#breadcrumb"},"inLanguage":"pl-PL","potentialAction":[{"@type":"ReadAction","target":["https:\/\/www.zurgnadenmutter.com\/veranstaltungen\/apotheken-fuehrungen\/"]}]},{"@type":"BreadcrumbList","@id":"https:\/\/www.zurgnadenmutter.com\/veranstaltungen\/apotheken-fuehrungen\/#breadcrumb","itemListElement":[{"@type":"ListItem","position":1,"name":"Startseite","item":"https:\/\/www.zurgnadenmutter.com\/pl\/"},{"@type":"ListItem","position":2,"name":"Zwiedzanie apteki"}]},{"@type":"WebSite","@id":"https:\/\/www.zurgnadenmutter.com\/#website","url":"https:\/\/www.zurgnadenmutter.com\/","name":"Apotheke &amp; Drogerie zur Gnadenmutter - Mariazell","description":"Apotheke Mariazell","potentialAction":[{"@type":"SearchAction","target":{"@type":"EntryPoint","urlTemplate":"https:\/\/www.zurgnadenmutter.com\/?s={search_term_string}"},"query-input":{"@type":"PropertyValueSpecification","valueRequired":true,"valueName":"search_term_string"}}],"inLanguage":"pl-PL"}]}},"_links":{"self":[{"href":"https:\/\/www.zurgnadenmutter.com\/pl\/wp-json\/wp\/v2\/pages\/56660","targetHints":{"allow":["GET"]}}],"collection":[{"href":"https:\/\/www.zurgnadenmutter.com\/pl\/wp-json\/wp\/v2\/pages"}],"about":[{"href":"https:\/\/www.zurgnadenmutter.com\/pl\/wp-json\/wp\/v2\/types\/page"}],"author":[{"embeddable":true,"href":"https:\/\/www.zurgnadenmutter.com\/pl\/wp-json\/wp\/v2\/users\/1"}],"replies":[{"embeddable":true,"href":"https:\/\/www.zurgnadenmutter.com\/pl\/wp-json\/wp\/v2\/comments?post=56660"}],"version-history":[{"count":2,"href":"https:\/\/www.zurgnadenmutter.com\/pl\/wp-json\/wp\/v2\/pages\/56660\/revisions"}],"predecessor-version":[{"id":56662,"href":"https:\/\/www.zurgnadenmutter.com\/pl\/wp-json\/wp\/v2\/pages\/56660\/revisions\/56662"}],"wp:attachment":[{"href":"https:\/\/www.zurgnadenmutter.com\/pl\/wp-json\/wp\/v2\/media?parent=56660"}],"curies":[{"name":"wp","href":"https:\/\/api.w.org\/{rel}","templated":true}]}}