{"id":56654,"date":"2023-06-05T11:07:37","date_gmt":"2023-06-05T09:07:37","guid":{"rendered":"https:\/\/www.zurgnadenmutter.com\/?page_id=56654"},"modified":"2023-06-05T11:07:37","modified_gmt":"2023-06-05T09:07:37","slug":"historia","status":"publish","type":"page","link":"https:\/\/www.zurgnadenmutter.com\/pl\/nasza-filozofia\/historia\/","title":{"rendered":"Historia"},"content":{"rendered":"[spb_column col_sm=&#8221;2&#8243; padding_horizontal=&#8221;0&#8243; width=&#8221;1\/6&#8243; el_position=&#8221;first&#8221;] [\/spb_column] [spb_text_block animation=&#8221;none&#8221; animation_delay=&#8221;0&#8243; simplified_controls=&#8221;yes&#8221; custom_css_percentage=&#8221;no&#8221; padding_vertical=&#8221;0&#8243; padding_horizontal=&#8221;0&#8243; margin_vertical=&#8221;0&#8243; custom_css=&#8221;margin-top: 0px;margin-bottom: 0px;&#8221; border_size=&#8221;0&#8243; border_styling_global=&#8221;default&#8221; width=&#8221;2\/3&#8243;]\n<h2 style=\"text-align: center;\">300 lat historii i wiedzy o leczniczym dzia\u0142aniu lokalnych zi\u00f3\u0142 alpejskich<\/h2>\n<p style=\"text-align: center;\">Apteka i drogeria \u201ezur Gnadenmutter\u201d powsta\u0142a w 1718 roku.<\/p>\n<p><img loading=\"lazy\" decoding=\"async\" class=\"alignleft size-large wp-image-821\" src=\"https:\/\/www.zurgnadenmutter.com\/wp-content\/uploads\/2016\/03\/Apotheke-zur-Gnadenmutter_alt-1024x683.jpg\" alt=\"Apotheke-zur-Gnadenmutter_alt\" width=\"1024\" height=\"683\" srcset=\"https:\/\/www.zurgnadenmutter.com\/wp-content\/uploads\/2016\/03\/Apotheke-zur-Gnadenmutter_alt-1024x683.jpg 1024w, https:\/\/www.zurgnadenmutter.com\/wp-content\/uploads\/2016\/03\/Apotheke-zur-Gnadenmutter_alt-200x133.jpg 200w, https:\/\/www.zurgnadenmutter.com\/wp-content\/uploads\/2016\/03\/Apotheke-zur-Gnadenmutter_alt-700x467.jpg 700w, https:\/\/www.zurgnadenmutter.com\/wp-content\/uploads\/2016\/03\/Apotheke-zur-Gnadenmutter_alt-300x200.jpg 300w, https:\/\/www.zurgnadenmutter.com\/wp-content\/uploads\/2016\/03\/Apotheke-zur-Gnadenmutter_alt-768x512.jpg 768w, https:\/\/www.zurgnadenmutter.com\/wp-content\/uploads\/2016\/03\/Apotheke-zur-Gnadenmutter_alt-1280x853.jpg 1280w, https:\/\/www.zurgnadenmutter.com\/wp-content\/uploads\/2016\/03\/Apotheke-zur-Gnadenmutter_alt-1000x667.jpg 1000w, https:\/\/www.zurgnadenmutter.com\/wp-content\/uploads\/2016\/03\/Apotheke-zur-Gnadenmutter_alt.jpg 1500w\" sizes=\"auto, (max-width: 1024px) 100vw, 1024px\" \/><\/p>\n<p>Od 1820 do 1871 kierowa\u0142 ni\u0105 Michael H\u00f6lzl. W tamtym czasie by\u0142 prawdopodobnie najbardziej uznanym botanikiem i ekspertem od ro\u015blin leczniczych w Europie, a znane uniwersytety a\u017c po Moskw\u0119 zamawia\u0142y u niego ro\u015bliny alpejskie i czerpa\u0142y ze jego szczeg\u00f3lnej wiedzy na temat w\u0142a\u015bciwo\u015bci leczniczych miejscowych zi\u00f3\u0142 alpejskich.<\/p>\n<p><img loading=\"lazy\" decoding=\"async\" class=\"wp-image-1108 aligncenter\" src=\"https:\/\/www.zurgnadenmutter.com\/wp-content\/uploads\/2016\/03\/apotheke_zur_gadenmutter_michael_Hoelzl.jpg\" alt=\"apotheke_zur_gadenmutter_michael_Hoelzl\" width=\"248\" height=\"300\" srcset=\"https:\/\/www.zurgnadenmutter.com\/wp-content\/uploads\/2016\/03\/apotheke_zur_gadenmutter_michael_Hoelzl.jpg 500w, https:\/\/www.zurgnadenmutter.com\/wp-content\/uploads\/2016\/03\/apotheke_zur_gadenmutter_michael_Hoelzl-165x200.jpg 165w, https:\/\/www.zurgnadenmutter.com\/wp-content\/uploads\/2016\/03\/apotheke_zur_gadenmutter_michael_Hoelzl-248x300.jpg 248w\" sizes=\"auto, (max-width: 248px) 100vw, 248px\" \/><\/p>\n<p>Austriacki arcyksi\u0105\u017c\u0119 Johann i znany poeta Franz Grillparzer zawsze szukali jego rady i wybierali si\u0119 z nim na legendarne w\u0119dr\u00f3wki po zio\u0142a.<\/p>\n<p>Jego rozleg\u0142a wiedza i tajne receptury zachowa\u0142y si\u0119 w aptece. Tak\u017ce dzi\u015b s\u0105 nadal wytwarzane r\u0119cznie wed\u0142ug tej samej receptury.\u00a0Stosuje si\u0119 przy tym ponad 400 ro\u015blin leczniczych i zi\u00f3\u0142 &#8211; najlepszych i najbardziej uznanych, jakie ma do zaoferowania europejska przyroda i tradycja.<\/p>\n<p>Jedna z najstarszych receptur pochodzi nawet z 1780 roku. Od tego czasu \u201eKrople \u017co\u0142\u0105dkowe z Mariazell\u201d s\u0105 wytwarzane r\u0119cznie wed\u0142ug oryginalnej receptury. \u015awiatow\u0105 s\u0142aw\u0119 osi\u0105gn\u0119\u0142y na pocz\u0105tku ubieg\u0142ego wieku, kiedy to otrzyma\u0142y najwy\u017csze nagrody za jako\u015b\u0107 i dzia\u0142anie na mi\u0119dzynarodowych wystawach w Wiedniu, Brukseli, Antwerpii, Londynie i Pary\u017cu.<\/p>\n<p><img loading=\"lazy\" decoding=\"async\" class=\"alignleft size-large wp-image-824\" src=\"https:\/\/www.zurgnadenmutter.com\/wp-content\/uploads\/2016\/03\/Apotheke-zur-Gnadenmutter_Mariazell-1024x683.jpg\" alt=\"Apotheke-zur-Gnadenmutter_Mariazell\" width=\"1024\" height=\"683\" srcset=\"https:\/\/www.zurgnadenmutter.com\/wp-content\/uploads\/2016\/03\/Apotheke-zur-Gnadenmutter_Mariazell-1024x683.jpg 1024w, https:\/\/www.zurgnadenmutter.com\/wp-content\/uploads\/2016\/03\/Apotheke-zur-Gnadenmutter_Mariazell-200x133.jpg 200w, https:\/\/www.zurgnadenmutter.com\/wp-content\/uploads\/2016\/03\/Apotheke-zur-Gnadenmutter_Mariazell-700x467.jpg 700w, https:\/\/www.zurgnadenmutter.com\/wp-content\/uploads\/2016\/03\/Apotheke-zur-Gnadenmutter_Mariazell-300x200.jpg 300w, https:\/\/www.zurgnadenmutter.com\/wp-content\/uploads\/2016\/03\/Apotheke-zur-Gnadenmutter_Mariazell-768x512.jpg 768w, https:\/\/www.zurgnadenmutter.com\/wp-content\/uploads\/2016\/03\/Apotheke-zur-Gnadenmutter_Mariazell-1280x853.jpg 1280w, https:\/\/www.zurgnadenmutter.com\/wp-content\/uploads\/2016\/03\/Apotheke-zur-Gnadenmutter_Mariazell-1000x667.jpg 1000w, https:\/\/www.zurgnadenmutter.com\/wp-content\/uploads\/2016\/03\/Apotheke-zur-Gnadenmutter_Mariazell.jpg 1500w\" sizes=\"auto, (max-width: 1024px) 100vw, 1024px\" \/><\/p>\n[\/spb_text_block] [spb_column col_sm=&#8221;2&#8243; padding_horizontal=&#8221;0&#8243; width=&#8221;1\/6&#8243; el_position=&#8221;last&#8221;] [\/spb_column]\n","protected":false},"excerpt":{"rendered":"<p>[spb_column col_sm=&#8221;2&#8243; padding_horizontal=&#8221;0&#8243; width=&#8221;1\/6&#8243; el_position=&#8221;first&#8221;] [\/spb_column] [spb_text_block animation=&#8221;none&#8221; animation_delay=&#8221;0&#8243; simplified_controls=&#8221;yes&#8221; custom_css_percentage=&#8221;no&#8221; padding_vertical=&#8221;0&#8243; padding_horizontal=&#8221;0&#8243; margin_vertical=&#8221;0&#8243; custom_css=&#8221;margin-top: 0px;margin-bottom: 0px;&#8221; border_size=&#8221;0&#8243; border_styling_global=&#8221;default&#8221; width=&#8221;2\/3&#8243;] 300 lat historii i wiedzy o leczniczym dzia\u0142aniu lokalnych zi\u00f3\u0142&#8230;<\/p>\n","protected":false},"author":1,"featured_media":0,"parent":56653,"menu_order":0,"comment_status":"closed","ping_status":"closed","template":"","meta":{"_acf_changed":false,"footnotes":""},"class_list":["post-56654","page","type-page","status-publish"],"acf":[],"yoast_head":"<!-- This site is optimized with the Yoast SEO plugin v27.2 - https:\/\/yoast.com\/product\/yoast-seo-wordpress\/ -->\n<title>Historia - Apotheke &amp; Drogerie zur Gnadenmutter - Mariazell<\/title>\n<meta name=\"robots\" content=\"index, follow, max-snippet:-1, max-image-preview:large, max-video-preview:-1\" \/>\n<link rel=\"canonical\" href=\"https:\/\/www.zurgnadenmutter.com\/apotheke\/geschichte\/\" \/>\n<meta property=\"og:locale\" content=\"pl_PL\" \/>\n<meta property=\"og:type\" content=\"article\" \/>\n<meta property=\"og:title\" content=\"Historia - Apotheke &amp; Drogerie zur Gnadenmutter - Mariazell\" \/>\n<meta property=\"og:description\" content=\"[spb_column col_sm=&#8221;2&#8243; padding_horizontal=&#8221;0&#8243; width=&#8221;1\/6&#8243; el_position=&#8221;first&#8221;] [\/spb_column] [spb_text_block animation=&#8221;none&#8221; animation_delay=&#8221;0&#8243; simplified_controls=&#8221;yes&#8221; custom_css_percentage=&#8221;no&#8221; padding_vertical=&#8221;0&#8243; padding_horizontal=&#8221;0&#8243; margin_vertical=&#8221;0&#8243; custom_css=&#8221;margin-top: 0px;margin-bottom: 0px;&#8221; border_size=&#8221;0&#8243; border_styling_global=&#8221;default&#8221; width=&#8221;2\/3&#8243;] 300 lat historii i wiedzy o leczniczym dzia\u0142aniu lokalnych zi\u00f3\u0142...\" \/>\n<meta property=\"og:url\" content=\"https:\/\/www.zurgnadenmutter.com\/apotheke\/geschichte\/\" \/>\n<meta property=\"og:site_name\" content=\"Apotheke &amp; Drogerie zur Gnadenmutter - Mariazell\" \/>\n<meta property=\"og:image\" content=\"https:\/\/www.zurgnadenmutter.com\/wp-content\/uploads\/2016\/03\/Apotheke-zur-Gnadenmutter_alt-1024x683.jpg\" \/>\n<meta name=\"twitter:card\" content=\"summary_large_image\" \/>\n<meta name=\"twitter:label1\" content=\"Szacowany czas czytania\" \/>\n\t<meta name=\"twitter:data1\" content=\"2 minuty\" \/>\n<script type=\"application\/ld+json\" class=\"yoast-schema-graph\">{\"@context\":\"https:\/\/schema.org\",\"@graph\":[{\"@type\":\"WebPage\",\"@id\":\"https:\/\/www.zurgnadenmutter.com\/apotheke\/geschichte\/\",\"url\":\"https:\/\/www.zurgnadenmutter.com\/apotheke\/geschichte\/\",\"name\":\"Historia - Apotheke &amp; Drogerie zur Gnadenmutter - Mariazell\",\"isPartOf\":{\"@id\":\"https:\/\/www.zurgnadenmutter.com\/#website\"},\"primaryImageOfPage\":{\"@id\":\"https:\/\/www.zurgnadenmutter.com\/apotheke\/geschichte\/#primaryimage\"},\"image\":{\"@id\":\"https:\/\/www.zurgnadenmutter.com\/apotheke\/geschichte\/#primaryimage\"},\"thumbnailUrl\":\"https:\/\/www.zurgnadenmutter.com\/wp-content\/uploads\/2016\/03\/Apotheke-zur-Gnadenmutter_alt-1024x683.jpg\",\"datePublished\":\"2023-06-05T09:07:37+00:00\",\"breadcrumb\":{\"@id\":\"https:\/\/www.zurgnadenmutter.com\/apotheke\/geschichte\/#breadcrumb\"},\"inLanguage\":\"pl-PL\",\"potentialAction\":[{\"@type\":\"ReadAction\",\"target\":[\"https:\/\/www.zurgnadenmutter.com\/apotheke\/geschichte\/\"]}]},{\"@type\":\"ImageObject\",\"inLanguage\":\"pl-PL\",\"@id\":\"https:\/\/www.zurgnadenmutter.com\/apotheke\/geschichte\/#primaryimage\",\"url\":\"https:\/\/www.zurgnadenmutter.com\/wp-content\/uploads\/2016\/03\/Apotheke-zur-Gnadenmutter_alt-1024x683.jpg\",\"contentUrl\":\"https:\/\/www.zurgnadenmutter.com\/wp-content\/uploads\/2016\/03\/Apotheke-zur-Gnadenmutter_alt-1024x683.jpg\"},{\"@type\":\"BreadcrumbList\",\"@id\":\"https:\/\/www.zurgnadenmutter.com\/apotheke\/geschichte\/#breadcrumb\",\"itemListElement\":[{\"@type\":\"ListItem\",\"position\":1,\"name\":\"Startseite\",\"item\":\"https:\/\/www.zurgnadenmutter.com\/pl\/\"},{\"@type\":\"ListItem\",\"position\":2,\"name\":\"Nasza filozofia\",\"item\":\"https:\/\/www.zurgnadenmutter.com\/apotheke\/\"},{\"@type\":\"ListItem\",\"position\":3,\"name\":\"Historia\"}]},{\"@type\":\"WebSite\",\"@id\":\"https:\/\/www.zurgnadenmutter.com\/#website\",\"url\":\"https:\/\/www.zurgnadenmutter.com\/\",\"name\":\"Apotheke &amp; Drogerie zur Gnadenmutter - Mariazell\",\"description\":\"Apotheke Mariazell\",\"potentialAction\":[{\"@type\":\"SearchAction\",\"target\":{\"@type\":\"EntryPoint\",\"urlTemplate\":\"https:\/\/www.zurgnadenmutter.com\/?s={search_term_string}\"},\"query-input\":{\"@type\":\"PropertyValueSpecification\",\"valueRequired\":true,\"valueName\":\"search_term_string\"}}],\"inLanguage\":\"pl-PL\"}]}<\/script>\n<!-- \/ Yoast SEO plugin. -->","yoast_head_json":{"title":"Historia - Apotheke &amp; Drogerie zur Gnadenmutter - Mariazell","robots":{"index":"index","follow":"follow","max-snippet":"max-snippet:-1","max-image-preview":"max-image-preview:large","max-video-preview":"max-video-preview:-1"},"canonical":"https:\/\/www.zurgnadenmutter.com\/apotheke\/geschichte\/","og_locale":"pl_PL","og_type":"article","og_title":"Historia - Apotheke &amp; Drogerie zur Gnadenmutter - Mariazell","og_description":"[spb_column col_sm=&#8221;2&#8243; padding_horizontal=&#8221;0&#8243; width=&#8221;1\/6&#8243; el_position=&#8221;first&#8221;] [\/spb_column] [spb_text_block animation=&#8221;none&#8221; animation_delay=&#8221;0&#8243; simplified_controls=&#8221;yes&#8221; custom_css_percentage=&#8221;no&#8221; padding_vertical=&#8221;0&#8243; padding_horizontal=&#8221;0&#8243; margin_vertical=&#8221;0&#8243; custom_css=&#8221;margin-top: 0px;margin-bottom: 0px;&#8221; border_size=&#8221;0&#8243; border_styling_global=&#8221;default&#8221; width=&#8221;2\/3&#8243;] 300 lat historii i wiedzy o leczniczym dzia\u0142aniu lokalnych zi\u00f3\u0142...","og_url":"https:\/\/www.zurgnadenmutter.com\/apotheke\/geschichte\/","og_site_name":"Apotheke &amp; Drogerie zur Gnadenmutter - Mariazell","og_image":[{"url":"https:\/\/www.zurgnadenmutter.com\/wp-content\/uploads\/2016\/03\/Apotheke-zur-Gnadenmutter_alt-1024x683.jpg","type":"","width":"","height":""}],"twitter_card":"summary_large_image","twitter_misc":{"Szacowany czas czytania":"2 minuty"},"schema":{"@context":"https:\/\/schema.org","@graph":[{"@type":"WebPage","@id":"https:\/\/www.zurgnadenmutter.com\/apotheke\/geschichte\/","url":"https:\/\/www.zurgnadenmutter.com\/apotheke\/geschichte\/","name":"Historia - Apotheke &amp; Drogerie zur Gnadenmutter - Mariazell","isPartOf":{"@id":"https:\/\/www.zurgnadenmutter.com\/#website"},"primaryImageOfPage":{"@id":"https:\/\/www.zurgnadenmutter.com\/apotheke\/geschichte\/#primaryimage"},"image":{"@id":"https:\/\/www.zurgnadenmutter.com\/apotheke\/geschichte\/#primaryimage"},"thumbnailUrl":"https:\/\/www.zurgnadenmutter.com\/wp-content\/uploads\/2016\/03\/Apotheke-zur-Gnadenmutter_alt-1024x683.jpg","datePublished":"2023-06-05T09:07:37+00:00","breadcrumb":{"@id":"https:\/\/www.zurgnadenmutter.com\/apotheke\/geschichte\/#breadcrumb"},"inLanguage":"pl-PL","potentialAction":[{"@type":"ReadAction","target":["https:\/\/www.zurgnadenmutter.com\/apotheke\/geschichte\/"]}]},{"@type":"ImageObject","inLanguage":"pl-PL","@id":"https:\/\/www.zurgnadenmutter.com\/apotheke\/geschichte\/#primaryimage","url":"https:\/\/www.zurgnadenmutter.com\/wp-content\/uploads\/2016\/03\/Apotheke-zur-Gnadenmutter_alt-1024x683.jpg","contentUrl":"https:\/\/www.zurgnadenmutter.com\/wp-content\/uploads\/2016\/03\/Apotheke-zur-Gnadenmutter_alt-1024x683.jpg"},{"@type":"BreadcrumbList","@id":"https:\/\/www.zurgnadenmutter.com\/apotheke\/geschichte\/#breadcrumb","itemListElement":[{"@type":"ListItem","position":1,"name":"Startseite","item":"https:\/\/www.zurgnadenmutter.com\/pl\/"},{"@type":"ListItem","position":2,"name":"Nasza filozofia","item":"https:\/\/www.zurgnadenmutter.com\/apotheke\/"},{"@type":"ListItem","position":3,"name":"Historia"}]},{"@type":"WebSite","@id":"https:\/\/www.zurgnadenmutter.com\/#website","url":"https:\/\/www.zurgnadenmutter.com\/","name":"Apotheke &amp; Drogerie zur Gnadenmutter - Mariazell","description":"Apotheke Mariazell","potentialAction":[{"@type":"SearchAction","target":{"@type":"EntryPoint","urlTemplate":"https:\/\/www.zurgnadenmutter.com\/?s={search_term_string}"},"query-input":{"@type":"PropertyValueSpecification","valueRequired":true,"valueName":"search_term_string"}}],"inLanguage":"pl-PL"}]}},"_links":{"self":[{"href":"https:\/\/www.zurgnadenmutter.com\/pl\/wp-json\/wp\/v2\/pages\/56654","targetHints":{"allow":["GET"]}}],"collection":[{"href":"https:\/\/www.zurgnadenmutter.com\/pl\/wp-json\/wp\/v2\/pages"}],"about":[{"href":"https:\/\/www.zurgnadenmutter.com\/pl\/wp-json\/wp\/v2\/types\/page"}],"author":[{"embeddable":true,"href":"https:\/\/www.zurgnadenmutter.com\/pl\/wp-json\/wp\/v2\/users\/1"}],"replies":[{"embeddable":true,"href":"https:\/\/www.zurgnadenmutter.com\/pl\/wp-json\/wp\/v2\/comments?post=56654"}],"version-history":[{"count":2,"href":"https:\/\/www.zurgnadenmutter.com\/pl\/wp-json\/wp\/v2\/pages\/56654\/revisions"}],"predecessor-version":[{"id":56659,"href":"https:\/\/www.zurgnadenmutter.com\/pl\/wp-json\/wp\/v2\/pages\/56654\/revisions\/56659"}],"up":[{"embeddable":true,"href":"https:\/\/www.zurgnadenmutter.com\/pl\/wp-json\/wp\/v2\/pages\/56653"}],"wp:attachment":[{"href":"https:\/\/www.zurgnadenmutter.com\/pl\/wp-json\/wp\/v2\/media?parent=56654"}],"curies":[{"name":"wp","href":"https:\/\/api.w.org\/{rel}","templated":true}]}}