{"id":54746,"date":"2022-02-18T10:13:26","date_gmt":"2022-02-18T09:13:26","guid":{"rendered":"https:\/\/www.zurgnadenmutter.com\/shop\/beruhigendes-feuchtigkeitsspray\/"},"modified":"2023-04-08T18:54:39","modified_gmt":"2023-04-08T16:54:39","slug":"beruhigendes-feuchtigkeitsspray","status":"publish","type":"product","link":"https:\/\/www.zurgnadenmutter.com\/it\/produkt\/beruhigendes-feuchtigkeitsspray\/","title":{"rendered":"Beruhigendes Feuchtigkeitsspray"},"content":{"rendered":"<p>Versorgt die Haut sofort und lang anhaltend mit Feuchtigkeit und sch\u00fctzt sie vor \u00e4u\u00dferen Einfl\u00fcssen und Umweltverschmutzung. Beruhigt die Haut und mindert R\u00f6tungen. Kann auch \u00fcber dem Make-up aufgetragen werden.<\/p>\n","protected":false},"excerpt":{"rendered":"<p>F\u00fcr sehr empfindliche und ger\u00f6tete Haut<\/p>\n","protected":false},"featured_media":85432,"comment_status":"closed","ping_status":"closed","template":"","meta":{"_acf_changed":false},"product_brand":[],"product_cat":[573],"product_tag":[],"class_list":{"0":"post-54746","1":"product","2":"type-product","3":"status-publish","4":"has-post-thumbnail","6":"product_cat-kosmetik-it","8":"first","9":"instock","10":"taxable","11":"shipping-taxable","12":"purchasable","13":"product-type-simple"},"acf":[],"yoast_head":"<!-- This site is optimized with the Yoast SEO plugin v27.2 - https:\/\/yoast.com\/product\/yoast-seo-wordpress\/ -->\n<title>Beruhigendes Feuchtigkeitsspray - Apotheke &amp; Drogerie zur Gnadenmutter - Mariazell<\/title>\n<meta name=\"robots\" content=\"index, follow, max-snippet:-1, max-image-preview:large, max-video-preview:-1\" \/>\n<link rel=\"canonical\" href=\"https:\/\/www.zurgnadenmutter.com\/it\/produkt\/beruhigendes-feuchtigkeitsspray\/\" \/>\n<meta property=\"og:locale\" content=\"it_IT\" \/>\n<meta property=\"og:type\" content=\"article\" \/>\n<meta property=\"og:title\" content=\"Beruhigendes Feuchtigkeitsspray - Apotheke &amp; Drogerie zur Gnadenmutter - Mariazell\" \/>\n<meta property=\"og:description\" content=\"F\u00fcr sehr empfindliche und ger\u00f6tete Haut\" \/>\n<meta property=\"og:url\" content=\"https:\/\/www.zurgnadenmutter.com\/it\/produkt\/beruhigendes-feuchtigkeitsspray\/\" \/>\n<meta property=\"og:site_name\" content=\"Apotheke &amp; Drogerie zur Gnadenmutter - Mariazell\" \/>\n<meta property=\"article:modified_time\" content=\"2023-04-08T16:54:39+00:00\" \/>\n<meta property=\"og:image\" content=\"https:\/\/www.zurgnadenmutter.com\/wp-content\/uploads\/2022\/02\/Hydra-Comfort-Feuchtigkeitsspray-scaled.jpg\" \/>\n\t<meta property=\"og:image:width\" content=\"1920\" \/>\n\t<meta property=\"og:image:height\" content=\"2560\" \/>\n\t<meta property=\"og:image:type\" content=\"image\/jpeg\" \/>\n<meta name=\"twitter:card\" content=\"summary_large_image\" \/>\n<script type=\"application\/ld+json\" class=\"yoast-schema-graph\">{\"@context\":\"https:\/\/schema.org\",\"@graph\":[{\"@type\":\"WebPage\",\"@id\":\"https:\/\/www.zurgnadenmutter.com\/it\/produkt\/beruhigendes-feuchtigkeitsspray\/\",\"url\":\"https:\/\/www.zurgnadenmutter.com\/it\/produkt\/beruhigendes-feuchtigkeitsspray\/\",\"name\":\"Beruhigendes Feuchtigkeitsspray - Apotheke &amp; Drogerie zur Gnadenmutter - Mariazell\",\"isPartOf\":{\"@id\":\"https:\/\/www.zurgnadenmutter.com\/#website\"},\"primaryImageOfPage\":{\"@id\":\"https:\/\/www.zurgnadenmutter.com\/it\/produkt\/beruhigendes-feuchtigkeitsspray\/#primaryimage\"},\"image\":{\"@id\":\"https:\/\/www.zurgnadenmutter.com\/it\/produkt\/beruhigendes-feuchtigkeitsspray\/#primaryimage\"},\"thumbnailUrl\":\"https:\/\/www.zurgnadenmutter.com\/wp-content\/uploads\/2022\/02\/Staerkendes-Feuchtigsspray-scaled.jpg\",\"datePublished\":\"2022-02-18T09:13:26+00:00\",\"dateModified\":\"2023-04-08T16:54:39+00:00\",\"breadcrumb\":{\"@id\":\"https:\/\/www.zurgnadenmutter.com\/it\/produkt\/beruhigendes-feuchtigkeitsspray\/#breadcrumb\"},\"inLanguage\":\"it-IT\",\"potentialAction\":[{\"@type\":\"ReadAction\",\"target\":[\"https:\/\/www.zurgnadenmutter.com\/it\/produkt\/beruhigendes-feuchtigkeitsspray\/\"]}]},{\"@type\":\"ImageObject\",\"inLanguage\":\"it-IT\",\"@id\":\"https:\/\/www.zurgnadenmutter.com\/it\/produkt\/beruhigendes-feuchtigkeitsspray\/#primaryimage\",\"url\":\"https:\/\/www.zurgnadenmutter.com\/wp-content\/uploads\/2022\/02\/Staerkendes-Feuchtigsspray-scaled.jpg\",\"contentUrl\":\"https:\/\/www.zurgnadenmutter.com\/wp-content\/uploads\/2022\/02\/Staerkendes-Feuchtigsspray-scaled.jpg\",\"width\":1920,\"height\":2560},{\"@type\":\"BreadcrumbList\",\"@id\":\"https:\/\/www.zurgnadenmutter.com\/it\/produkt\/beruhigendes-feuchtigkeitsspray\/#breadcrumb\",\"itemListElement\":[{\"@type\":\"ListItem\",\"position\":1,\"name\":\"Startseite\",\"item\":\"https:\/\/www.zurgnadenmutter.com\/it\/\"},{\"@type\":\"ListItem\",\"position\":2,\"name\":\"Negozio\",\"item\":\"https:\/\/www.zurgnadenmutter.com\/shop\/\"},{\"@type\":\"ListItem\",\"position\":3,\"name\":\"Beruhigendes Feuchtigkeitsspray\"}]},{\"@type\":\"WebSite\",\"@id\":\"https:\/\/www.zurgnadenmutter.com\/#website\",\"url\":\"https:\/\/www.zurgnadenmutter.com\/\",\"name\":\"Apotheke &amp; Drogerie zur Gnadenmutter - Mariazell\",\"description\":\"Apotheke Mariazell\",\"potentialAction\":[{\"@type\":\"SearchAction\",\"target\":{\"@type\":\"EntryPoint\",\"urlTemplate\":\"https:\/\/www.zurgnadenmutter.com\/?s={search_term_string}\"},\"query-input\":{\"@type\":\"PropertyValueSpecification\",\"valueRequired\":true,\"valueName\":\"search_term_string\"}}],\"inLanguage\":\"it-IT\"}]}<\/script>\n<!-- \/ Yoast SEO plugin. -->","yoast_head_json":{"title":"Beruhigendes Feuchtigkeitsspray - Apotheke &amp; Drogerie zur Gnadenmutter - Mariazell","robots":{"index":"index","follow":"follow","max-snippet":"max-snippet:-1","max-image-preview":"max-image-preview:large","max-video-preview":"max-video-preview:-1"},"canonical":"https:\/\/www.zurgnadenmutter.com\/it\/produkt\/beruhigendes-feuchtigkeitsspray\/","og_locale":"it_IT","og_type":"article","og_title":"Beruhigendes Feuchtigkeitsspray - Apotheke &amp; Drogerie zur Gnadenmutter - Mariazell","og_description":"F\u00fcr sehr empfindliche und ger\u00f6tete Haut","og_url":"https:\/\/www.zurgnadenmutter.com\/it\/produkt\/beruhigendes-feuchtigkeitsspray\/","og_site_name":"Apotheke &amp; Drogerie zur Gnadenmutter - Mariazell","article_modified_time":"2023-04-08T16:54:39+00:00","og_image":[{"width":1920,"height":2560,"url":"https:\/\/www.zurgnadenmutter.com\/wp-content\/uploads\/2022\/02\/Hydra-Comfort-Feuchtigkeitsspray-scaled.jpg","type":"image\/jpeg"}],"twitter_card":"summary_large_image","schema":{"@context":"https:\/\/schema.org","@graph":[{"@type":"WebPage","@id":"https:\/\/www.zurgnadenmutter.com\/it\/produkt\/beruhigendes-feuchtigkeitsspray\/","url":"https:\/\/www.zurgnadenmutter.com\/it\/produkt\/beruhigendes-feuchtigkeitsspray\/","name":"Beruhigendes Feuchtigkeitsspray - Apotheke &amp; Drogerie zur Gnadenmutter - Mariazell","isPartOf":{"@id":"https:\/\/www.zurgnadenmutter.com\/#website"},"primaryImageOfPage":{"@id":"https:\/\/www.zurgnadenmutter.com\/it\/produkt\/beruhigendes-feuchtigkeitsspray\/#primaryimage"},"image":{"@id":"https:\/\/www.zurgnadenmutter.com\/it\/produkt\/beruhigendes-feuchtigkeitsspray\/#primaryimage"},"thumbnailUrl":"https:\/\/www.zurgnadenmutter.com\/wp-content\/uploads\/2022\/02\/Staerkendes-Feuchtigsspray-scaled.jpg","datePublished":"2022-02-18T09:13:26+00:00","dateModified":"2023-04-08T16:54:39+00:00","breadcrumb":{"@id":"https:\/\/www.zurgnadenmutter.com\/it\/produkt\/beruhigendes-feuchtigkeitsspray\/#breadcrumb"},"inLanguage":"it-IT","potentialAction":[{"@type":"ReadAction","target":["https:\/\/www.zurgnadenmutter.com\/it\/produkt\/beruhigendes-feuchtigkeitsspray\/"]}]},{"@type":"ImageObject","inLanguage":"it-IT","@id":"https:\/\/www.zurgnadenmutter.com\/it\/produkt\/beruhigendes-feuchtigkeitsspray\/#primaryimage","url":"https:\/\/www.zurgnadenmutter.com\/wp-content\/uploads\/2022\/02\/Staerkendes-Feuchtigsspray-scaled.jpg","contentUrl":"https:\/\/www.zurgnadenmutter.com\/wp-content\/uploads\/2022\/02\/Staerkendes-Feuchtigsspray-scaled.jpg","width":1920,"height":2560},{"@type":"BreadcrumbList","@id":"https:\/\/www.zurgnadenmutter.com\/it\/produkt\/beruhigendes-feuchtigkeitsspray\/#breadcrumb","itemListElement":[{"@type":"ListItem","position":1,"name":"Startseite","item":"https:\/\/www.zurgnadenmutter.com\/it\/"},{"@type":"ListItem","position":2,"name":"Negozio","item":"https:\/\/www.zurgnadenmutter.com\/shop\/"},{"@type":"ListItem","position":3,"name":"Beruhigendes Feuchtigkeitsspray"}]},{"@type":"WebSite","@id":"https:\/\/www.zurgnadenmutter.com\/#website","url":"https:\/\/www.zurgnadenmutter.com\/","name":"Apotheke &amp; Drogerie zur Gnadenmutter - Mariazell","description":"Apotheke Mariazell","potentialAction":[{"@type":"SearchAction","target":{"@type":"EntryPoint","urlTemplate":"https:\/\/www.zurgnadenmutter.com\/?s={search_term_string}"},"query-input":{"@type":"PropertyValueSpecification","valueRequired":true,"valueName":"search_term_string"}}],"inLanguage":"it-IT"}]}},"_links":{"self":[{"href":"https:\/\/www.zurgnadenmutter.com\/it\/wp-json\/wp\/v2\/product\/54746","targetHints":{"allow":["GET"]}}],"collection":[{"href":"https:\/\/www.zurgnadenmutter.com\/it\/wp-json\/wp\/v2\/product"}],"about":[{"href":"https:\/\/www.zurgnadenmutter.com\/it\/wp-json\/wp\/v2\/types\/product"}],"replies":[{"embeddable":true,"href":"https:\/\/www.zurgnadenmutter.com\/it\/wp-json\/wp\/v2\/comments?post=54746"}],"wp:featuredmedia":[{"embeddable":true,"href":"https:\/\/www.zurgnadenmutter.com\/it\/wp-json\/wp\/v2\/media\/85432"}],"wp:attachment":[{"href":"https:\/\/www.zurgnadenmutter.com\/it\/wp-json\/wp\/v2\/media?parent=54746"}],"wp:term":[{"taxonomy":"product_brand","embeddable":true,"href":"https:\/\/www.zurgnadenmutter.com\/it\/wp-json\/wp\/v2\/product_brand?post=54746"},{"taxonomy":"product_cat","embeddable":true,"href":"https:\/\/www.zurgnadenmutter.com\/it\/wp-json\/wp\/v2\/product_cat?post=54746"},{"taxonomy":"product_tag","embeddable":true,"href":"https:\/\/www.zurgnadenmutter.com\/it\/wp-json\/wp\/v2\/product_tag?post=54746"}],"curies":[{"name":"wp","href":"https:\/\/api.w.org\/{rel}","templated":true}]}}