{"id":54740,"date":"2021-10-28T10:26:38","date_gmt":"2021-10-28T08:26:38","guid":{"rendered":"https:\/\/www.zurgnadenmutter.com\/shop\/mariazeller-rosmarinsalbe\/"},"modified":"2023-04-08T18:54:38","modified_gmt":"2023-04-08T16:54:38","slug":"mariazeller-rosmarinsalbe","status":"publish","type":"product","link":"https:\/\/www.zurgnadenmutter.com\/it\/produkt\/mariazeller-rosmarinsalbe\/","title":{"rendered":"Mariazeller Rosmarinsalbe"},"content":{"rendered":"<p>Zur wohltuenden Fu\u00dfmassage bei kalten F\u00fc\u00dfen. Die Salbe f\u00f6rdert die Durchblutung der F\u00fc\u00dfe, hilft den Kreislauf zu stabilisieren, gibt Energie und Kraft durch F\u00f6rderung der W\u00e4rmeproduktion im K\u00f6rper<\/p>\n","protected":false},"excerpt":{"rendered":"<p>Zur wohltuenden Fu\u00dfmassage bei kalten F\u00fc\u00dfen.<\/p>\n","protected":false},"featured_media":77833,"comment_status":"closed","ping_status":"closed","template":"","meta":{"_acf_changed":false},"product_brand":[],"product_cat":[581],"product_tag":[],"class_list":{"0":"post-54740","1":"product","2":"type-product","3":"status-publish","4":"has-post-thumbnail","6":"product_cat-cremen-salben-einreibungen-it","8":"first","9":"instock","10":"taxable","11":"shipping-taxable","12":"purchasable","13":"product-type-simple"},"acf":[],"yoast_head":"<!-- This site is optimized with the Yoast SEO plugin v27.2 - https:\/\/yoast.com\/product\/yoast-seo-wordpress\/ -->\n<title>Mariazeller Rosmarinsalbe - Apotheke &amp; Drogerie zur Gnadenmutter - Mariazell<\/title>\n<meta name=\"robots\" content=\"index, follow, max-snippet:-1, max-image-preview:large, max-video-preview:-1\" \/>\n<link rel=\"canonical\" href=\"https:\/\/www.zurgnadenmutter.com\/it\/produkt\/mariazeller-rosmarinsalbe\/\" \/>\n<meta property=\"og:locale\" content=\"it_IT\" \/>\n<meta property=\"og:type\" content=\"article\" \/>\n<meta property=\"og:title\" content=\"Mariazeller Rosmarinsalbe - Apotheke &amp; Drogerie zur Gnadenmutter - Mariazell\" \/>\n<meta property=\"og:description\" content=\"Zur wohltuenden Fu\u00dfmassage bei kalten F\u00fc\u00dfen.\" \/>\n<meta property=\"og:url\" content=\"https:\/\/www.zurgnadenmutter.com\/it\/produkt\/mariazeller-rosmarinsalbe\/\" \/>\n<meta property=\"og:site_name\" content=\"Apotheke &amp; Drogerie zur Gnadenmutter - Mariazell\" \/>\n<meta property=\"article:modified_time\" content=\"2023-04-08T16:54:38+00:00\" \/>\n<meta property=\"og:image\" content=\"https:\/\/www.zurgnadenmutter.com\/wp-content\/uploads\/2021\/10\/MARIAZELLER-ROSMARINSALBE-100-ML.jpg\" \/>\n\t<meta property=\"og:image:width\" content=\"1536\" \/>\n\t<meta property=\"og:image:height\" content=\"2048\" \/>\n\t<meta property=\"og:image:type\" content=\"image\/jpeg\" \/>\n<meta name=\"twitter:card\" content=\"summary_large_image\" \/>\n<script type=\"application\/ld+json\" class=\"yoast-schema-graph\">{\"@context\":\"https:\/\/schema.org\",\"@graph\":[{\"@type\":\"WebPage\",\"@id\":\"https:\/\/www.zurgnadenmutter.com\/it\/produkt\/mariazeller-rosmarinsalbe\/\",\"url\":\"https:\/\/www.zurgnadenmutter.com\/it\/produkt\/mariazeller-rosmarinsalbe\/\",\"name\":\"Mariazeller Rosmarinsalbe - Apotheke &amp; Drogerie zur Gnadenmutter - Mariazell\",\"isPartOf\":{\"@id\":\"https:\/\/www.zurgnadenmutter.com\/#website\"},\"primaryImageOfPage\":{\"@id\":\"https:\/\/www.zurgnadenmutter.com\/it\/produkt\/mariazeller-rosmarinsalbe\/#primaryimage\"},\"image\":{\"@id\":\"https:\/\/www.zurgnadenmutter.com\/it\/produkt\/mariazeller-rosmarinsalbe\/#primaryimage\"},\"thumbnailUrl\":\"https:\/\/www.zurgnadenmutter.com\/wp-content\/uploads\/2021\/10\/Rosamrinsalbe_2025-scaled.jpg\",\"datePublished\":\"2021-10-28T08:26:38+00:00\",\"dateModified\":\"2023-04-08T16:54:38+00:00\",\"breadcrumb\":{\"@id\":\"https:\/\/www.zurgnadenmutter.com\/it\/produkt\/mariazeller-rosmarinsalbe\/#breadcrumb\"},\"inLanguage\":\"it-IT\",\"potentialAction\":[{\"@type\":\"ReadAction\",\"target\":[\"https:\/\/www.zurgnadenmutter.com\/it\/produkt\/mariazeller-rosmarinsalbe\/\"]}]},{\"@type\":\"ImageObject\",\"inLanguage\":\"it-IT\",\"@id\":\"https:\/\/www.zurgnadenmutter.com\/it\/produkt\/mariazeller-rosmarinsalbe\/#primaryimage\",\"url\":\"https:\/\/www.zurgnadenmutter.com\/wp-content\/uploads\/2021\/10\/Rosamrinsalbe_2025-scaled.jpg\",\"contentUrl\":\"https:\/\/www.zurgnadenmutter.com\/wp-content\/uploads\/2021\/10\/Rosamrinsalbe_2025-scaled.jpg\",\"width\":1920,\"height\":2560},{\"@type\":\"BreadcrumbList\",\"@id\":\"https:\/\/www.zurgnadenmutter.com\/it\/produkt\/mariazeller-rosmarinsalbe\/#breadcrumb\",\"itemListElement\":[{\"@type\":\"ListItem\",\"position\":1,\"name\":\"Startseite\",\"item\":\"https:\/\/www.zurgnadenmutter.com\/it\/\"},{\"@type\":\"ListItem\",\"position\":2,\"name\":\"Negozio\",\"item\":\"https:\/\/www.zurgnadenmutter.com\/shop\/\"},{\"@type\":\"ListItem\",\"position\":3,\"name\":\"Mariazeller Rosmarinsalbe\"}]},{\"@type\":\"WebSite\",\"@id\":\"https:\/\/www.zurgnadenmutter.com\/#website\",\"url\":\"https:\/\/www.zurgnadenmutter.com\/\",\"name\":\"Apotheke &amp; Drogerie zur Gnadenmutter - Mariazell\",\"description\":\"Apotheke Mariazell\",\"potentialAction\":[{\"@type\":\"SearchAction\",\"target\":{\"@type\":\"EntryPoint\",\"urlTemplate\":\"https:\/\/www.zurgnadenmutter.com\/?s={search_term_string}\"},\"query-input\":{\"@type\":\"PropertyValueSpecification\",\"valueRequired\":true,\"valueName\":\"search_term_string\"}}],\"inLanguage\":\"it-IT\"}]}<\/script>\n<!-- \/ Yoast SEO plugin. -->","yoast_head_json":{"title":"Mariazeller Rosmarinsalbe - Apotheke &amp; Drogerie zur Gnadenmutter - Mariazell","robots":{"index":"index","follow":"follow","max-snippet":"max-snippet:-1","max-image-preview":"max-image-preview:large","max-video-preview":"max-video-preview:-1"},"canonical":"https:\/\/www.zurgnadenmutter.com\/it\/produkt\/mariazeller-rosmarinsalbe\/","og_locale":"it_IT","og_type":"article","og_title":"Mariazeller Rosmarinsalbe - Apotheke &amp; Drogerie zur Gnadenmutter - Mariazell","og_description":"Zur wohltuenden Fu\u00dfmassage bei kalten F\u00fc\u00dfen.","og_url":"https:\/\/www.zurgnadenmutter.com\/it\/produkt\/mariazeller-rosmarinsalbe\/","og_site_name":"Apotheke &amp; Drogerie zur Gnadenmutter - Mariazell","article_modified_time":"2023-04-08T16:54:38+00:00","og_image":[{"width":1536,"height":2048,"url":"https:\/\/www.zurgnadenmutter.com\/wp-content\/uploads\/2021\/10\/MARIAZELLER-ROSMARINSALBE-100-ML.jpg","type":"image\/jpeg"}],"twitter_card":"summary_large_image","schema":{"@context":"https:\/\/schema.org","@graph":[{"@type":"WebPage","@id":"https:\/\/www.zurgnadenmutter.com\/it\/produkt\/mariazeller-rosmarinsalbe\/","url":"https:\/\/www.zurgnadenmutter.com\/it\/produkt\/mariazeller-rosmarinsalbe\/","name":"Mariazeller Rosmarinsalbe - Apotheke &amp; Drogerie zur Gnadenmutter - Mariazell","isPartOf":{"@id":"https:\/\/www.zurgnadenmutter.com\/#website"},"primaryImageOfPage":{"@id":"https:\/\/www.zurgnadenmutter.com\/it\/produkt\/mariazeller-rosmarinsalbe\/#primaryimage"},"image":{"@id":"https:\/\/www.zurgnadenmutter.com\/it\/produkt\/mariazeller-rosmarinsalbe\/#primaryimage"},"thumbnailUrl":"https:\/\/www.zurgnadenmutter.com\/wp-content\/uploads\/2021\/10\/Rosamrinsalbe_2025-scaled.jpg","datePublished":"2021-10-28T08:26:38+00:00","dateModified":"2023-04-08T16:54:38+00:00","breadcrumb":{"@id":"https:\/\/www.zurgnadenmutter.com\/it\/produkt\/mariazeller-rosmarinsalbe\/#breadcrumb"},"inLanguage":"it-IT","potentialAction":[{"@type":"ReadAction","target":["https:\/\/www.zurgnadenmutter.com\/it\/produkt\/mariazeller-rosmarinsalbe\/"]}]},{"@type":"ImageObject","inLanguage":"it-IT","@id":"https:\/\/www.zurgnadenmutter.com\/it\/produkt\/mariazeller-rosmarinsalbe\/#primaryimage","url":"https:\/\/www.zurgnadenmutter.com\/wp-content\/uploads\/2021\/10\/Rosamrinsalbe_2025-scaled.jpg","contentUrl":"https:\/\/www.zurgnadenmutter.com\/wp-content\/uploads\/2021\/10\/Rosamrinsalbe_2025-scaled.jpg","width":1920,"height":2560},{"@type":"BreadcrumbList","@id":"https:\/\/www.zurgnadenmutter.com\/it\/produkt\/mariazeller-rosmarinsalbe\/#breadcrumb","itemListElement":[{"@type":"ListItem","position":1,"name":"Startseite","item":"https:\/\/www.zurgnadenmutter.com\/it\/"},{"@type":"ListItem","position":2,"name":"Negozio","item":"https:\/\/www.zurgnadenmutter.com\/shop\/"},{"@type":"ListItem","position":3,"name":"Mariazeller Rosmarinsalbe"}]},{"@type":"WebSite","@id":"https:\/\/www.zurgnadenmutter.com\/#website","url":"https:\/\/www.zurgnadenmutter.com\/","name":"Apotheke &amp; Drogerie zur Gnadenmutter - Mariazell","description":"Apotheke Mariazell","potentialAction":[{"@type":"SearchAction","target":{"@type":"EntryPoint","urlTemplate":"https:\/\/www.zurgnadenmutter.com\/?s={search_term_string}"},"query-input":{"@type":"PropertyValueSpecification","valueRequired":true,"valueName":"search_term_string"}}],"inLanguage":"it-IT"}]}},"_links":{"self":[{"href":"https:\/\/www.zurgnadenmutter.com\/it\/wp-json\/wp\/v2\/product\/54740","targetHints":{"allow":["GET"]}}],"collection":[{"href":"https:\/\/www.zurgnadenmutter.com\/it\/wp-json\/wp\/v2\/product"}],"about":[{"href":"https:\/\/www.zurgnadenmutter.com\/it\/wp-json\/wp\/v2\/types\/product"}],"replies":[{"embeddable":true,"href":"https:\/\/www.zurgnadenmutter.com\/it\/wp-json\/wp\/v2\/comments?post=54740"}],"wp:featuredmedia":[{"embeddable":true,"href":"https:\/\/www.zurgnadenmutter.com\/it\/wp-json\/wp\/v2\/media\/77833"}],"wp:attachment":[{"href":"https:\/\/www.zurgnadenmutter.com\/it\/wp-json\/wp\/v2\/media?parent=54740"}],"wp:term":[{"taxonomy":"product_brand","embeddable":true,"href":"https:\/\/www.zurgnadenmutter.com\/it\/wp-json\/wp\/v2\/product_brand?post=54740"},{"taxonomy":"product_cat","embeddable":true,"href":"https:\/\/www.zurgnadenmutter.com\/it\/wp-json\/wp\/v2\/product_cat?post=54740"},{"taxonomy":"product_tag","embeddable":true,"href":"https:\/\/www.zurgnadenmutter.com\/it\/wp-json\/wp\/v2\/product_tag?post=54740"}],"curies":[{"name":"wp","href":"https:\/\/api.w.org\/{rel}","templated":true}]}}