{"id":54736,"date":"2021-07-14T11:16:03","date_gmt":"2021-07-14T09:16:03","guid":{"rendered":"https:\/\/www.zurgnadenmutter.com\/shop\/mariazeller-vitamin-d3-k2-tropfen\/"},"modified":"2023-04-08T18:54:38","modified_gmt":"2023-04-08T16:54:38","slug":"mariazeller-vitamin-d3-k2-tropfen","status":"publish","type":"product","link":"https:\/\/www.zurgnadenmutter.com\/it\/produkt\/mariazeller-vitamin-d3-k2-tropfen\/","title":{"rendered":"Mariazeller Vitamin D3\/K2 Tropfen"},"content":{"rendered":"<p>Verhelfen zur Erhaltung der Muskelfunktion und starken Knochen. Tragen zur Aufnahme\/Verwertung von Calcium und Phosphor bei.  Unterst\u00fctzend f\u00fcr einen normalen Calciumspiegel im Blut und zur Erhaltung gesunder Z\u00e4hne.<\/p>\n","protected":false},"excerpt":{"rendered":"<p>Verhelfen zur Erhaltung der Muskelfunktion und starken Knochen<\/p>\n","protected":false},"featured_media":78503,"comment_status":"closed","ping_status":"closed","template":"","meta":{"_acf_changed":false},"product_brand":[],"product_cat":[577],"product_tag":[],"class_list":{"0":"post-54736","1":"product","2":"type-product","3":"status-publish","4":"has-post-thumbnail","6":"product_cat-elixiere-it","8":"first","9":"instock","10":"taxable","11":"shipping-taxable","12":"purchasable","13":"product-type-simple"},"acf":[],"yoast_head":"<!-- This site is optimized with the Yoast SEO plugin v27.2 - https:\/\/yoast.com\/product\/yoast-seo-wordpress\/ -->\n<title>Mariazeller Vitamin D3\/K2 Tropfen - Apotheke &amp; Drogerie zur Gnadenmutter - Mariazell<\/title>\n<meta name=\"robots\" content=\"index, follow, max-snippet:-1, max-image-preview:large, max-video-preview:-1\" \/>\n<link rel=\"canonical\" href=\"https:\/\/www.zurgnadenmutter.com\/it\/produkt\/mariazeller-vitamin-d3-k2-tropfen\/\" \/>\n<meta property=\"og:locale\" content=\"it_IT\" \/>\n<meta property=\"og:type\" content=\"article\" \/>\n<meta property=\"og:title\" content=\"Mariazeller Vitamin D3\/K2 Tropfen - Apotheke &amp; Drogerie zur Gnadenmutter - Mariazell\" \/>\n<meta property=\"og:description\" content=\"Verhelfen zur Erhaltung der Muskelfunktion und starken Knochen\" \/>\n<meta property=\"og:url\" content=\"https:\/\/www.zurgnadenmutter.com\/it\/produkt\/mariazeller-vitamin-d3-k2-tropfen\/\" \/>\n<meta property=\"og:site_name\" content=\"Apotheke &amp; Drogerie zur Gnadenmutter - Mariazell\" \/>\n<meta property=\"article:modified_time\" content=\"2023-04-08T16:54:38+00:00\" \/>\n<meta property=\"og:image\" content=\"https:\/\/www.zurgnadenmutter.com\/wp-content\/uploads\/2021\/07\/Vitamin-D3-K2_2025-scaled.png\" \/>\n\t<meta property=\"og:image:width\" content=\"1920\" \/>\n\t<meta property=\"og:image:height\" content=\"2560\" \/>\n\t<meta property=\"og:image:type\" content=\"image\/png\" \/>\n<meta name=\"twitter:card\" content=\"summary_large_image\" \/>\n<script type=\"application\/ld+json\" class=\"yoast-schema-graph\">{\"@context\":\"https:\/\/schema.org\",\"@graph\":[{\"@type\":\"WebPage\",\"@id\":\"https:\/\/www.zurgnadenmutter.com\/it\/produkt\/mariazeller-vitamin-d3-k2-tropfen\/\",\"url\":\"https:\/\/www.zurgnadenmutter.com\/it\/produkt\/mariazeller-vitamin-d3-k2-tropfen\/\",\"name\":\"Mariazeller Vitamin D3\/K2 Tropfen - Apotheke &amp; Drogerie zur Gnadenmutter - Mariazell\",\"isPartOf\":{\"@id\":\"https:\/\/www.zurgnadenmutter.com\/#website\"},\"primaryImageOfPage\":{\"@id\":\"https:\/\/www.zurgnadenmutter.com\/it\/produkt\/mariazeller-vitamin-d3-k2-tropfen\/#primaryimage\"},\"image\":{\"@id\":\"https:\/\/www.zurgnadenmutter.com\/it\/produkt\/mariazeller-vitamin-d3-k2-tropfen\/#primaryimage\"},\"thumbnailUrl\":\"https:\/\/www.zurgnadenmutter.com\/wp-content\/uploads\/2021\/07\/Vitamin-D3-K2_2025-scaled.png\",\"datePublished\":\"2021-07-14T09:16:03+00:00\",\"dateModified\":\"2023-04-08T16:54:38+00:00\",\"breadcrumb\":{\"@id\":\"https:\/\/www.zurgnadenmutter.com\/it\/produkt\/mariazeller-vitamin-d3-k2-tropfen\/#breadcrumb\"},\"inLanguage\":\"it-IT\",\"potentialAction\":[{\"@type\":\"ReadAction\",\"target\":[\"https:\/\/www.zurgnadenmutter.com\/it\/produkt\/mariazeller-vitamin-d3-k2-tropfen\/\"]}]},{\"@type\":\"ImageObject\",\"inLanguage\":\"it-IT\",\"@id\":\"https:\/\/www.zurgnadenmutter.com\/it\/produkt\/mariazeller-vitamin-d3-k2-tropfen\/#primaryimage\",\"url\":\"https:\/\/www.zurgnadenmutter.com\/wp-content\/uploads\/2021\/07\/Vitamin-D3-K2_2025-scaled.png\",\"contentUrl\":\"https:\/\/www.zurgnadenmutter.com\/wp-content\/uploads\/2021\/07\/Vitamin-D3-K2_2025-scaled.png\",\"width\":1920,\"height\":2560},{\"@type\":\"BreadcrumbList\",\"@id\":\"https:\/\/www.zurgnadenmutter.com\/it\/produkt\/mariazeller-vitamin-d3-k2-tropfen\/#breadcrumb\",\"itemListElement\":[{\"@type\":\"ListItem\",\"position\":1,\"name\":\"Startseite\",\"item\":\"https:\/\/www.zurgnadenmutter.com\/it\/\"},{\"@type\":\"ListItem\",\"position\":2,\"name\":\"Negozio\",\"item\":\"https:\/\/www.zurgnadenmutter.com\/shop\/\"},{\"@type\":\"ListItem\",\"position\":3,\"name\":\"Mariazeller Vitamin D3\/K2 Tropfen\"}]},{\"@type\":\"WebSite\",\"@id\":\"https:\/\/www.zurgnadenmutter.com\/#website\",\"url\":\"https:\/\/www.zurgnadenmutter.com\/\",\"name\":\"Apotheke &amp; Drogerie zur Gnadenmutter - Mariazell\",\"description\":\"Apotheke Mariazell\",\"potentialAction\":[{\"@type\":\"SearchAction\",\"target\":{\"@type\":\"EntryPoint\",\"urlTemplate\":\"https:\/\/www.zurgnadenmutter.com\/?s={search_term_string}\"},\"query-input\":{\"@type\":\"PropertyValueSpecification\",\"valueRequired\":true,\"valueName\":\"search_term_string\"}}],\"inLanguage\":\"it-IT\"}]}<\/script>\n<!-- \/ Yoast SEO plugin. -->","yoast_head_json":{"title":"Mariazeller Vitamin D3\/K2 Tropfen - Apotheke &amp; Drogerie zur Gnadenmutter - Mariazell","robots":{"index":"index","follow":"follow","max-snippet":"max-snippet:-1","max-image-preview":"max-image-preview:large","max-video-preview":"max-video-preview:-1"},"canonical":"https:\/\/www.zurgnadenmutter.com\/it\/produkt\/mariazeller-vitamin-d3-k2-tropfen\/","og_locale":"it_IT","og_type":"article","og_title":"Mariazeller Vitamin D3\/K2 Tropfen - Apotheke &amp; Drogerie zur Gnadenmutter - Mariazell","og_description":"Verhelfen zur Erhaltung der Muskelfunktion und starken Knochen","og_url":"https:\/\/www.zurgnadenmutter.com\/it\/produkt\/mariazeller-vitamin-d3-k2-tropfen\/","og_site_name":"Apotheke &amp; Drogerie zur Gnadenmutter - Mariazell","article_modified_time":"2023-04-08T16:54:38+00:00","og_image":[{"width":1920,"height":2560,"url":"https:\/\/www.zurgnadenmutter.com\/wp-content\/uploads\/2021\/07\/Vitamin-D3-K2_2025-scaled.png","type":"image\/png"}],"twitter_card":"summary_large_image","schema":{"@context":"https:\/\/schema.org","@graph":[{"@type":"WebPage","@id":"https:\/\/www.zurgnadenmutter.com\/it\/produkt\/mariazeller-vitamin-d3-k2-tropfen\/","url":"https:\/\/www.zurgnadenmutter.com\/it\/produkt\/mariazeller-vitamin-d3-k2-tropfen\/","name":"Mariazeller Vitamin D3\/K2 Tropfen - Apotheke &amp; Drogerie zur Gnadenmutter - Mariazell","isPartOf":{"@id":"https:\/\/www.zurgnadenmutter.com\/#website"},"primaryImageOfPage":{"@id":"https:\/\/www.zurgnadenmutter.com\/it\/produkt\/mariazeller-vitamin-d3-k2-tropfen\/#primaryimage"},"image":{"@id":"https:\/\/www.zurgnadenmutter.com\/it\/produkt\/mariazeller-vitamin-d3-k2-tropfen\/#primaryimage"},"thumbnailUrl":"https:\/\/www.zurgnadenmutter.com\/wp-content\/uploads\/2021\/07\/Vitamin-D3-K2_2025-scaled.png","datePublished":"2021-07-14T09:16:03+00:00","dateModified":"2023-04-08T16:54:38+00:00","breadcrumb":{"@id":"https:\/\/www.zurgnadenmutter.com\/it\/produkt\/mariazeller-vitamin-d3-k2-tropfen\/#breadcrumb"},"inLanguage":"it-IT","potentialAction":[{"@type":"ReadAction","target":["https:\/\/www.zurgnadenmutter.com\/it\/produkt\/mariazeller-vitamin-d3-k2-tropfen\/"]}]},{"@type":"ImageObject","inLanguage":"it-IT","@id":"https:\/\/www.zurgnadenmutter.com\/it\/produkt\/mariazeller-vitamin-d3-k2-tropfen\/#primaryimage","url":"https:\/\/www.zurgnadenmutter.com\/wp-content\/uploads\/2021\/07\/Vitamin-D3-K2_2025-scaled.png","contentUrl":"https:\/\/www.zurgnadenmutter.com\/wp-content\/uploads\/2021\/07\/Vitamin-D3-K2_2025-scaled.png","width":1920,"height":2560},{"@type":"BreadcrumbList","@id":"https:\/\/www.zurgnadenmutter.com\/it\/produkt\/mariazeller-vitamin-d3-k2-tropfen\/#breadcrumb","itemListElement":[{"@type":"ListItem","position":1,"name":"Startseite","item":"https:\/\/www.zurgnadenmutter.com\/it\/"},{"@type":"ListItem","position":2,"name":"Negozio","item":"https:\/\/www.zurgnadenmutter.com\/shop\/"},{"@type":"ListItem","position":3,"name":"Mariazeller Vitamin D3\/K2 Tropfen"}]},{"@type":"WebSite","@id":"https:\/\/www.zurgnadenmutter.com\/#website","url":"https:\/\/www.zurgnadenmutter.com\/","name":"Apotheke &amp; Drogerie zur Gnadenmutter - Mariazell","description":"Apotheke Mariazell","potentialAction":[{"@type":"SearchAction","target":{"@type":"EntryPoint","urlTemplate":"https:\/\/www.zurgnadenmutter.com\/?s={search_term_string}"},"query-input":{"@type":"PropertyValueSpecification","valueRequired":true,"valueName":"search_term_string"}}],"inLanguage":"it-IT"}]}},"_links":{"self":[{"href":"https:\/\/www.zurgnadenmutter.com\/it\/wp-json\/wp\/v2\/product\/54736","targetHints":{"allow":["GET"]}}],"collection":[{"href":"https:\/\/www.zurgnadenmutter.com\/it\/wp-json\/wp\/v2\/product"}],"about":[{"href":"https:\/\/www.zurgnadenmutter.com\/it\/wp-json\/wp\/v2\/types\/product"}],"replies":[{"embeddable":true,"href":"https:\/\/www.zurgnadenmutter.com\/it\/wp-json\/wp\/v2\/comments?post=54736"}],"wp:featuredmedia":[{"embeddable":true,"href":"https:\/\/www.zurgnadenmutter.com\/it\/wp-json\/wp\/v2\/media\/78503"}],"wp:attachment":[{"href":"https:\/\/www.zurgnadenmutter.com\/it\/wp-json\/wp\/v2\/media?parent=54736"}],"wp:term":[{"taxonomy":"product_brand","embeddable":true,"href":"https:\/\/www.zurgnadenmutter.com\/it\/wp-json\/wp\/v2\/product_brand?post=54736"},{"taxonomy":"product_cat","embeddable":true,"href":"https:\/\/www.zurgnadenmutter.com\/it\/wp-json\/wp\/v2\/product_cat?post=54736"},{"taxonomy":"product_tag","embeddable":true,"href":"https:\/\/www.zurgnadenmutter.com\/it\/wp-json\/wp\/v2\/product_tag?post=54736"}],"curies":[{"name":"wp","href":"https:\/\/api.w.org\/{rel}","templated":true}]}}