{"id":56614,"date":"2023-06-05T10:02:57","date_gmt":"2023-06-05T08:02:57","guid":{"rendered":"https:\/\/www.zurgnadenmutter.com\/?page_id=56614"},"modified":"2023-06-05T10:02:57","modified_gmt":"2023-06-05T08:02:57","slug":"medicina-tradizionale-europea","status":"publish","type":"page","link":"https:\/\/www.zurgnadenmutter.com\/it\/medicina-tradizionale-europea\/","title":{"rendered":"Medicina tradizionale europea"},"content":{"rendered":"[spb_blank_spacer height=&#8221;1px&#8221; width=&#8221;1\/6&#8243; el_position=&#8221;first&#8221;] [spb_text_block animation=&#8221;none&#8221; animation_delay=&#8221;0&#8243; padding_vertical=&#8221;0&#8243; padding_horizontal=&#8221;0&#8243; width=&#8221;2\/3&#8243;]\n<h2 style=\"text-align: center;\">La MTE come sistema di guarigione olistico \u00e8 un complemento ideale alla medicina moderna.<\/h2>\n<p>La Medicina Tradizionale Europea (MTE) \u00e8 un concetto olistico di medicina che comprende tutti i sistemi di cura, i metodi di guarigione, i rimedi, i metodi di produzione e le forme di applicazione nella diagnosi e nella terapia che sono da sempre utilizzati in Europa. La MTE viene praticata da migliaia di anni nel continente europeo perch\u00e9 le malattie e le lesioni sono sempre esistite. I rimedi sono stati cercati e trovati nella natura, soprattutto nelle piante medicinali. Un tempo la medicina era tuttavia pi\u00f9 che altro preventiva, cio\u00e8 volta a scongiurare le malattie, poich\u00e9 nelle condizioni di vita dell&#8217;epoca la cura non era sempre facile.<\/p>\n<p>Nella storia della MTE sono sempre esistiti due sistemi curativi affiancati: la medicina popolare e la medicina scientifica.<br \/>\nNella medicina popolare molte conoscenze erano nelle mani delle donne, che le trasmettevano sempre oralmente. Conoscevano i luoghi in cui si potevano trovare le piante medicinali e le modalit\u00e0 d&#8217;azione, la preparazione, il dosaggio e l&#8217;applicazione.<br \/>\nLa conoscenza della medicina da parte degli studiosi \u00e8 ben documentata e conservata. I rappresentanti erano per lo pi\u00f9 uomini che frequentavano scuole, universit\u00e0 o monasteri, e quindi avevano un accesso pi\u00f9 facile alla conoscenza. Alcuni noti rappresentanti sono Ermete Trismegisto, Platone, Aristotele, Dioscoride, Galeno, Avicenna e noti rappresentanti della medicina monastica come Ildegarda di Bingen, Kneipp, Weidinger ecc. Un&#8217;eccezione tra gli studiosi fu Ildegarda di Bingen, che all\u2019epoca combin\u00f2 le conoscenze della medicina popolare con quelle della medicina accademica e le document\u00f2.<\/p>\n<p>Applicazione odierna<br \/>\nMolte conoscenze sono andate perdute negli ultimi secoli, ma oggi stanno riaffiorando alla coscienza delle persone. Nelle biblioteche dei monasteri, in particolare, si trova un vero e proprio tesoro di conoscenze. Questi luoghi hanno contribuito a tramandare la conoscenza. L&#8217;interesse per la medicina locale e per i suoi metodi e rimedi curativi \u00e8 in costante aumento.<br \/>\nQuesto accade perch\u00e9 la MTE come sistema di cura olistico \u00e8 un complemento ideale alla medicina moderna.<\/p>\n<p>Ad esempio, nel caso di malattie croniche il dosaggio dei farmaci permanenti pu\u00f2 essere ridotto sotto controllo medico con l&#8217;applicazione di rimedi complementari della MTE e gli importanti organi di eliminazione (fegato, reni, linfa, polmoni o pelle) possono essere sostenuti nelle loro funzioni. Ci\u00f2 rafforza la costituzione generale dell&#8217;essere umano. Durante la convalescenza dopo malattie o interventi chirurgici, i metodi della MTE rafforzano i poteri di autoguarigione e il sistema immunitario accelerando la guarigione. Anche la costituzione dei bambini pu\u00f2 essere rinforzata con rimedi erboristici. L&#8217;organismo si rafforza e non \u00e8 cos\u00ec suscettibile alle malattie.<\/p>\n<p>All\u2019Apotheke und Drogerie Zur Gnadenmutter queste conoscenze sono sopravvissute nei secoli e vengono messe in pratica ancora oggi per consigliare le persone e produrre rimedi.<\/p>\n<p>&nbsp;<\/p>\n[\/spb_text_block] [spb_blank_spacer height=&#8221;1px&#8221; width=&#8221;1\/6&#8243; el_position=&#8221;last&#8221;] [spb_section spb_section_id=&#8221;956&#8243; width=&#8221;1\/1&#8243; el_position=&#8221;first last&#8221;]\n","protected":false},"excerpt":{"rendered":"<p>[spb_blank_spacer height=&#8221;1px&#8221; width=&#8221;1\/6&#8243; el_position=&#8221;first&#8221;] [spb_text_block animation=&#8221;none&#8221; animation_delay=&#8221;0&#8243; padding_vertical=&#8221;0&#8243; padding_horizontal=&#8221;0&#8243; width=&#8221;2\/3&#8243;] La MTE come sistema di guarigione olistico \u00e8 un complemento ideale alla medicina moderna. La Medicina Tradizionale Europea (MTE) \u00e8&#8230;<\/p>\n","protected":false},"author":1,"featured_media":0,"parent":0,"menu_order":0,"comment_status":"closed","ping_status":"closed","template":"","meta":{"_acf_changed":false,"footnotes":""},"class_list":["post-56614","page","type-page","status-publish"],"acf":[],"yoast_head":"<!-- This site is optimized with the Yoast SEO plugin v27.2 - https:\/\/yoast.com\/product\/yoast-seo-wordpress\/ -->\n<title>Medicina tradizionale europea - Apotheke &amp; Drogerie zur Gnadenmutter - Mariazell<\/title>\n<meta name=\"robots\" content=\"index, follow, max-snippet:-1, max-image-preview:large, max-video-preview:-1\" \/>\n<link rel=\"canonical\" href=\"https:\/\/www.zurgnadenmutter.com\/angebote\/traditionelle-europaeische-medizin\/\" \/>\n<meta property=\"og:locale\" content=\"it_IT\" \/>\n<meta property=\"og:type\" content=\"article\" \/>\n<meta property=\"og:title\" content=\"Medicina tradizionale europea - Apotheke &amp; Drogerie zur Gnadenmutter - Mariazell\" \/>\n<meta property=\"og:description\" content=\"[spb_blank_spacer height=&#8221;1px&#8221; width=&#8221;1\/6&#8243; el_position=&#8221;first&#8221;] [spb_text_block animation=&#8221;none&#8221; animation_delay=&#8221;0&#8243; padding_vertical=&#8221;0&#8243; padding_horizontal=&#8221;0&#8243; width=&#8221;2\/3&#8243;] La MTE come sistema di guarigione olistico \u00e8 un complemento ideale alla medicina moderna. La Medicina Tradizionale Europea (MTE) \u00e8...\" \/>\n<meta property=\"og:url\" content=\"https:\/\/www.zurgnadenmutter.com\/angebote\/traditionelle-europaeische-medizin\/\" \/>\n<meta property=\"og:site_name\" content=\"Apotheke &amp; Drogerie zur Gnadenmutter - Mariazell\" \/>\n<meta name=\"twitter:card\" content=\"summary_large_image\" \/>\n<meta name=\"twitter:label1\" content=\"Tempo di lettura stimato\" \/>\n\t<meta name=\"twitter:data1\" content=\"3 minuti\" \/>\n<script type=\"application\/ld+json\" class=\"yoast-schema-graph\">{\"@context\":\"https:\/\/schema.org\",\"@graph\":[{\"@type\":\"WebPage\",\"@id\":\"https:\/\/www.zurgnadenmutter.com\/angebote\/traditionelle-europaeische-medizin\/\",\"url\":\"https:\/\/www.zurgnadenmutter.com\/angebote\/traditionelle-europaeische-medizin\/\",\"name\":\"Medicina tradizionale europea - Apotheke &amp; Drogerie zur Gnadenmutter - Mariazell\",\"isPartOf\":{\"@id\":\"https:\/\/www.zurgnadenmutter.com\/#website\"},\"datePublished\":\"2023-06-05T08:02:57+00:00\",\"breadcrumb\":{\"@id\":\"https:\/\/www.zurgnadenmutter.com\/angebote\/traditionelle-europaeische-medizin\/#breadcrumb\"},\"inLanguage\":\"it-IT\",\"potentialAction\":[{\"@type\":\"ReadAction\",\"target\":[\"https:\/\/www.zurgnadenmutter.com\/angebote\/traditionelle-europaeische-medizin\/\"]}]},{\"@type\":\"BreadcrumbList\",\"@id\":\"https:\/\/www.zurgnadenmutter.com\/angebote\/traditionelle-europaeische-medizin\/#breadcrumb\",\"itemListElement\":[{\"@type\":\"ListItem\",\"position\":1,\"name\":\"Startseite\",\"item\":\"https:\/\/www.zurgnadenmutter.com\/it\/\"},{\"@type\":\"ListItem\",\"position\":2,\"name\":\"Medicina tradizionale europea\"}]},{\"@type\":\"WebSite\",\"@id\":\"https:\/\/www.zurgnadenmutter.com\/#website\",\"url\":\"https:\/\/www.zurgnadenmutter.com\/\",\"name\":\"Apotheke &amp; Drogerie zur Gnadenmutter - Mariazell\",\"description\":\"Apotheke Mariazell\",\"potentialAction\":[{\"@type\":\"SearchAction\",\"target\":{\"@type\":\"EntryPoint\",\"urlTemplate\":\"https:\/\/www.zurgnadenmutter.com\/?s={search_term_string}\"},\"query-input\":{\"@type\":\"PropertyValueSpecification\",\"valueRequired\":true,\"valueName\":\"search_term_string\"}}],\"inLanguage\":\"it-IT\"}]}<\/script>\n<!-- \/ Yoast SEO plugin. -->","yoast_head_json":{"title":"Medicina tradizionale europea - Apotheke &amp; Drogerie zur Gnadenmutter - Mariazell","robots":{"index":"index","follow":"follow","max-snippet":"max-snippet:-1","max-image-preview":"max-image-preview:large","max-video-preview":"max-video-preview:-1"},"canonical":"https:\/\/www.zurgnadenmutter.com\/angebote\/traditionelle-europaeische-medizin\/","og_locale":"it_IT","og_type":"article","og_title":"Medicina tradizionale europea - Apotheke &amp; Drogerie zur Gnadenmutter - Mariazell","og_description":"[spb_blank_spacer height=&#8221;1px&#8221; width=&#8221;1\/6&#8243; el_position=&#8221;first&#8221;] [spb_text_block animation=&#8221;none&#8221; animation_delay=&#8221;0&#8243; padding_vertical=&#8221;0&#8243; padding_horizontal=&#8221;0&#8243; width=&#8221;2\/3&#8243;] La MTE come sistema di guarigione olistico \u00e8 un complemento ideale alla medicina moderna. La Medicina Tradizionale Europea (MTE) \u00e8...","og_url":"https:\/\/www.zurgnadenmutter.com\/angebote\/traditionelle-europaeische-medizin\/","og_site_name":"Apotheke &amp; Drogerie zur Gnadenmutter - Mariazell","twitter_card":"summary_large_image","twitter_misc":{"Tempo di lettura stimato":"3 minuti"},"schema":{"@context":"https:\/\/schema.org","@graph":[{"@type":"WebPage","@id":"https:\/\/www.zurgnadenmutter.com\/angebote\/traditionelle-europaeische-medizin\/","url":"https:\/\/www.zurgnadenmutter.com\/angebote\/traditionelle-europaeische-medizin\/","name":"Medicina tradizionale europea - Apotheke &amp; Drogerie zur Gnadenmutter - Mariazell","isPartOf":{"@id":"https:\/\/www.zurgnadenmutter.com\/#website"},"datePublished":"2023-06-05T08:02:57+00:00","breadcrumb":{"@id":"https:\/\/www.zurgnadenmutter.com\/angebote\/traditionelle-europaeische-medizin\/#breadcrumb"},"inLanguage":"it-IT","potentialAction":[{"@type":"ReadAction","target":["https:\/\/www.zurgnadenmutter.com\/angebote\/traditionelle-europaeische-medizin\/"]}]},{"@type":"BreadcrumbList","@id":"https:\/\/www.zurgnadenmutter.com\/angebote\/traditionelle-europaeische-medizin\/#breadcrumb","itemListElement":[{"@type":"ListItem","position":1,"name":"Startseite","item":"https:\/\/www.zurgnadenmutter.com\/it\/"},{"@type":"ListItem","position":2,"name":"Medicina tradizionale europea"}]},{"@type":"WebSite","@id":"https:\/\/www.zurgnadenmutter.com\/#website","url":"https:\/\/www.zurgnadenmutter.com\/","name":"Apotheke &amp; Drogerie zur Gnadenmutter - Mariazell","description":"Apotheke Mariazell","potentialAction":[{"@type":"SearchAction","target":{"@type":"EntryPoint","urlTemplate":"https:\/\/www.zurgnadenmutter.com\/?s={search_term_string}"},"query-input":{"@type":"PropertyValueSpecification","valueRequired":true,"valueName":"search_term_string"}}],"inLanguage":"it-IT"}]}},"_links":{"self":[{"href":"https:\/\/www.zurgnadenmutter.com\/it\/wp-json\/wp\/v2\/pages\/56614","targetHints":{"allow":["GET"]}}],"collection":[{"href":"https:\/\/www.zurgnadenmutter.com\/it\/wp-json\/wp\/v2\/pages"}],"about":[{"href":"https:\/\/www.zurgnadenmutter.com\/it\/wp-json\/wp\/v2\/types\/page"}],"author":[{"embeddable":true,"href":"https:\/\/www.zurgnadenmutter.com\/it\/wp-json\/wp\/v2\/users\/1"}],"replies":[{"embeddable":true,"href":"https:\/\/www.zurgnadenmutter.com\/it\/wp-json\/wp\/v2\/comments?post=56614"}],"version-history":[{"count":2,"href":"https:\/\/www.zurgnadenmutter.com\/it\/wp-json\/wp\/v2\/pages\/56614\/revisions"}],"predecessor-version":[{"id":56617,"href":"https:\/\/www.zurgnadenmutter.com\/it\/wp-json\/wp\/v2\/pages\/56614\/revisions\/56617"}],"wp:attachment":[{"href":"https:\/\/www.zurgnadenmutter.com\/it\/wp-json\/wp\/v2\/media?parent=56614"}],"curies":[{"name":"wp","href":"https:\/\/api.w.org\/{rel}","templated":true}]}}