{"id":3637,"date":"2016-09-14T15:57:10","date_gmt":"2016-09-14T13:57:10","guid":{"rendered":"https:\/\/www.zurgnadenmutter.com\/shop\/mariazelli-koncentraciot-serkento-golyocska-gyermekeknek\/"},"modified":"2019-10-31T08:42:38","modified_gmt":"2019-10-31T07:42:38","slug":"mariazelli-koncentraciot-serkento-golyocska-gyermekeknek","status":"publish","type":"product","link":"https:\/\/www.zurgnadenmutter.com\/hu\/produkt\/mariazelli-koncentraciot-serkento-golyocska-gyermekeknek\/","title":{"rendered":"Mariazelli koncentr\u00e1ci\u00f3t serkent\u0151 goly\u00f3cska gyermekeknek"},"content":{"rendered":"<p>Els\u0151sorban iskol\u00e1skor\u00fa gyermekeknek aj\u00e1nlott, akik koncentr\u00e1ci\u00f3zavarban szenvednek illetve f\u00e9lnek az iskolai megm\u00e9rettet\u00e9sekt\u0151l.<\/p>\n","protected":false},"excerpt":{"rendered":"<p><span class=\"st\">Koncentr\u00e1ci\u00f3t, figyelmet serkent\u0151 goly\u00f3csk\u00e1k gyermekeknek. <\/span><\/p>\n<p><span class=\"st\">Hogy gyermeke k\u00f6nnyebben vegye az iskolai akad\u00e1lyokat!<br \/>\n<\/span><\/p>\n","protected":false},"featured_media":85609,"comment_status":"closed","ping_status":"closed","template":"","meta":{"_acf_changed":false},"product_brand":[],"product_cat":[],"product_tag":[],"class_list":{"0":"post-3637","1":"product","2":"type-product","3":"status-publish","4":"has-post-thumbnail","6":"first","7":"instock","8":"taxable","9":"shipping-taxable","10":"purchasable","11":"product-type-simple"},"acf":[],"yoast_head":"<!-- This site is optimized with the Yoast SEO plugin v27.2 - https:\/\/yoast.com\/product\/yoast-seo-wordpress\/ -->\n<title>Mariazelli koncentr\u00e1ci\u00f3t serkent\u0151 goly\u00f3cska gyermekeknek - Apotheke &amp; Drogerie zur Gnadenmutter - Mariazell<\/title>\n<meta name=\"robots\" content=\"index, follow, max-snippet:-1, max-image-preview:large, max-video-preview:-1\" \/>\n<link rel=\"canonical\" href=\"https:\/\/www.zurgnadenmutter.com\/hu\/produkt\/mariazelli-koncentraciot-serkento-golyocska-gyermekeknek\/\" \/>\n<meta property=\"og:locale\" content=\"hu_HU\" \/>\n<meta property=\"og:type\" content=\"article\" \/>\n<meta property=\"og:title\" content=\"Mariazelli koncentr\u00e1ci\u00f3t serkent\u0151 goly\u00f3cska gyermekeknek - Apotheke &amp; Drogerie zur Gnadenmutter - Mariazell\" \/>\n<meta property=\"og:description\" content=\"Koncentr\u00e1ci\u00f3t, figyelmet serkent\u0151 goly\u00f3csk\u00e1k gyermekeknek.   Hogy gyermeke k\u00f6nnyebben vegye az iskolai akad\u00e1lyokat!\" \/>\n<meta property=\"og:url\" content=\"https:\/\/www.zurgnadenmutter.com\/hu\/produkt\/mariazelli-koncentraciot-serkento-golyocska-gyermekeknek\/\" \/>\n<meta property=\"og:site_name\" content=\"Apotheke &amp; Drogerie zur Gnadenmutter - Mariazell\" \/>\n<meta property=\"article:modified_time\" content=\"2019-10-31T07:42:38+00:00\" \/>\n<meta property=\"og:image\" content=\"https:\/\/www.zurgnadenmutter.com\/wp-content\/uploads\/2016\/09\/Raphi-Schul-Kuegelchen-scaled.jpg\" \/>\n\t<meta property=\"og:image:width\" content=\"1920\" \/>\n\t<meta property=\"og:image:height\" content=\"2560\" \/>\n\t<meta property=\"og:image:type\" content=\"image\/jpeg\" \/>\n<meta name=\"twitter:card\" content=\"summary_large_image\" \/>\n<script type=\"application\/ld+json\" class=\"yoast-schema-graph\">{\"@context\":\"https:\/\/schema.org\",\"@graph\":[{\"@type\":\"WebPage\",\"@id\":\"https:\/\/www.zurgnadenmutter.com\/hu\/produkt\/mariazelli-koncentraciot-serkento-golyocska-gyermekeknek\/\",\"url\":\"https:\/\/www.zurgnadenmutter.com\/hu\/produkt\/mariazelli-koncentraciot-serkento-golyocska-gyermekeknek\/\",\"name\":\"Mariazelli koncentr\u00e1ci\u00f3t serkent\u0151 goly\u00f3cska gyermekeknek - Apotheke &amp; Drogerie zur Gnadenmutter - Mariazell\",\"isPartOf\":{\"@id\":\"https:\/\/www.zurgnadenmutter.com\/#website\"},\"primaryImageOfPage\":{\"@id\":\"https:\/\/www.zurgnadenmutter.com\/hu\/produkt\/mariazelli-koncentraciot-serkento-golyocska-gyermekeknek\/#primaryimage\"},\"image\":{\"@id\":\"https:\/\/www.zurgnadenmutter.com\/hu\/produkt\/mariazelli-koncentraciot-serkento-golyocska-gyermekeknek\/#primaryimage\"},\"thumbnailUrl\":\"https:\/\/www.zurgnadenmutter.com\/wp-content\/uploads\/2016\/09\/Raphi-Schul-Kuegelchen-scaled.jpg\",\"datePublished\":\"2016-09-14T13:57:10+00:00\",\"dateModified\":\"2019-10-31T07:42:38+00:00\",\"breadcrumb\":{\"@id\":\"https:\/\/www.zurgnadenmutter.com\/hu\/produkt\/mariazelli-koncentraciot-serkento-golyocska-gyermekeknek\/#breadcrumb\"},\"inLanguage\":\"hu\",\"potentialAction\":[{\"@type\":\"ReadAction\",\"target\":[\"https:\/\/www.zurgnadenmutter.com\/hu\/produkt\/mariazelli-koncentraciot-serkento-golyocska-gyermekeknek\/\"]}]},{\"@type\":\"ImageObject\",\"inLanguage\":\"hu\",\"@id\":\"https:\/\/www.zurgnadenmutter.com\/hu\/produkt\/mariazelli-koncentraciot-serkento-golyocska-gyermekeknek\/#primaryimage\",\"url\":\"https:\/\/www.zurgnadenmutter.com\/wp-content\/uploads\/2016\/09\/Raphi-Schul-Kuegelchen-scaled.jpg\",\"contentUrl\":\"https:\/\/www.zurgnadenmutter.com\/wp-content\/uploads\/2016\/09\/Raphi-Schul-Kuegelchen-scaled.jpg\",\"width\":1920,\"height\":2560},{\"@type\":\"BreadcrumbList\",\"@id\":\"https:\/\/www.zurgnadenmutter.com\/hu\/produkt\/mariazelli-koncentraciot-serkento-golyocska-gyermekeknek\/#breadcrumb\",\"itemListElement\":[{\"@type\":\"ListItem\",\"position\":1,\"name\":\"Startseite\",\"item\":\"https:\/\/www.zurgnadenmutter.com\/hu\/\"},{\"@type\":\"ListItem\",\"position\":2,\"name\":\"Webshop\",\"item\":\"https:\/\/www.zurgnadenmutter.com\/hu\/webshop\/\"},{\"@type\":\"ListItem\",\"position\":3,\"name\":\"Mariazelli koncentr\u00e1ci\u00f3t serkent\u0151 goly\u00f3cska gyermekeknek\"}]},{\"@type\":\"WebSite\",\"@id\":\"https:\/\/www.zurgnadenmutter.com\/#website\",\"url\":\"https:\/\/www.zurgnadenmutter.com\/\",\"name\":\"Apotheke &amp; Drogerie zur Gnadenmutter - Mariazell\",\"description\":\"Apotheke Mariazell\",\"potentialAction\":[{\"@type\":\"SearchAction\",\"target\":{\"@type\":\"EntryPoint\",\"urlTemplate\":\"https:\/\/www.zurgnadenmutter.com\/?s={search_term_string}\"},\"query-input\":{\"@type\":\"PropertyValueSpecification\",\"valueRequired\":true,\"valueName\":\"search_term_string\"}}],\"inLanguage\":\"hu\"}]}<\/script>\n<!-- \/ Yoast SEO plugin. -->","yoast_head_json":{"title":"Mariazelli koncentr\u00e1ci\u00f3t serkent\u0151 goly\u00f3cska gyermekeknek - Apotheke &amp; Drogerie zur Gnadenmutter - Mariazell","robots":{"index":"index","follow":"follow","max-snippet":"max-snippet:-1","max-image-preview":"max-image-preview:large","max-video-preview":"max-video-preview:-1"},"canonical":"https:\/\/www.zurgnadenmutter.com\/hu\/produkt\/mariazelli-koncentraciot-serkento-golyocska-gyermekeknek\/","og_locale":"hu_HU","og_type":"article","og_title":"Mariazelli koncentr\u00e1ci\u00f3t serkent\u0151 goly\u00f3cska gyermekeknek - Apotheke &amp; Drogerie zur Gnadenmutter - Mariazell","og_description":"Koncentr\u00e1ci\u00f3t, figyelmet serkent\u0151 goly\u00f3csk\u00e1k gyermekeknek.   Hogy gyermeke k\u00f6nnyebben vegye az iskolai akad\u00e1lyokat!","og_url":"https:\/\/www.zurgnadenmutter.com\/hu\/produkt\/mariazelli-koncentraciot-serkento-golyocska-gyermekeknek\/","og_site_name":"Apotheke &amp; Drogerie zur Gnadenmutter - Mariazell","article_modified_time":"2019-10-31T07:42:38+00:00","og_image":[{"width":1920,"height":2560,"url":"https:\/\/www.zurgnadenmutter.com\/wp-content\/uploads\/2016\/09\/Raphi-Schul-Kuegelchen-scaled.jpg","type":"image\/jpeg"}],"twitter_card":"summary_large_image","schema":{"@context":"https:\/\/schema.org","@graph":[{"@type":"WebPage","@id":"https:\/\/www.zurgnadenmutter.com\/hu\/produkt\/mariazelli-koncentraciot-serkento-golyocska-gyermekeknek\/","url":"https:\/\/www.zurgnadenmutter.com\/hu\/produkt\/mariazelli-koncentraciot-serkento-golyocska-gyermekeknek\/","name":"Mariazelli koncentr\u00e1ci\u00f3t serkent\u0151 goly\u00f3cska gyermekeknek - Apotheke &amp; Drogerie zur Gnadenmutter - Mariazell","isPartOf":{"@id":"https:\/\/www.zurgnadenmutter.com\/#website"},"primaryImageOfPage":{"@id":"https:\/\/www.zurgnadenmutter.com\/hu\/produkt\/mariazelli-koncentraciot-serkento-golyocska-gyermekeknek\/#primaryimage"},"image":{"@id":"https:\/\/www.zurgnadenmutter.com\/hu\/produkt\/mariazelli-koncentraciot-serkento-golyocska-gyermekeknek\/#primaryimage"},"thumbnailUrl":"https:\/\/www.zurgnadenmutter.com\/wp-content\/uploads\/2016\/09\/Raphi-Schul-Kuegelchen-scaled.jpg","datePublished":"2016-09-14T13:57:10+00:00","dateModified":"2019-10-31T07:42:38+00:00","breadcrumb":{"@id":"https:\/\/www.zurgnadenmutter.com\/hu\/produkt\/mariazelli-koncentraciot-serkento-golyocska-gyermekeknek\/#breadcrumb"},"inLanguage":"hu","potentialAction":[{"@type":"ReadAction","target":["https:\/\/www.zurgnadenmutter.com\/hu\/produkt\/mariazelli-koncentraciot-serkento-golyocska-gyermekeknek\/"]}]},{"@type":"ImageObject","inLanguage":"hu","@id":"https:\/\/www.zurgnadenmutter.com\/hu\/produkt\/mariazelli-koncentraciot-serkento-golyocska-gyermekeknek\/#primaryimage","url":"https:\/\/www.zurgnadenmutter.com\/wp-content\/uploads\/2016\/09\/Raphi-Schul-Kuegelchen-scaled.jpg","contentUrl":"https:\/\/www.zurgnadenmutter.com\/wp-content\/uploads\/2016\/09\/Raphi-Schul-Kuegelchen-scaled.jpg","width":1920,"height":2560},{"@type":"BreadcrumbList","@id":"https:\/\/www.zurgnadenmutter.com\/hu\/produkt\/mariazelli-koncentraciot-serkento-golyocska-gyermekeknek\/#breadcrumb","itemListElement":[{"@type":"ListItem","position":1,"name":"Startseite","item":"https:\/\/www.zurgnadenmutter.com\/hu\/"},{"@type":"ListItem","position":2,"name":"Webshop","item":"https:\/\/www.zurgnadenmutter.com\/hu\/webshop\/"},{"@type":"ListItem","position":3,"name":"Mariazelli koncentr\u00e1ci\u00f3t serkent\u0151 goly\u00f3cska gyermekeknek"}]},{"@type":"WebSite","@id":"https:\/\/www.zurgnadenmutter.com\/#website","url":"https:\/\/www.zurgnadenmutter.com\/","name":"Apotheke &amp; Drogerie zur Gnadenmutter - Mariazell","description":"Apotheke Mariazell","potentialAction":[{"@type":"SearchAction","target":{"@type":"EntryPoint","urlTemplate":"https:\/\/www.zurgnadenmutter.com\/?s={search_term_string}"},"query-input":{"@type":"PropertyValueSpecification","valueRequired":true,"valueName":"search_term_string"}}],"inLanguage":"hu"}]}},"_links":{"self":[{"href":"https:\/\/www.zurgnadenmutter.com\/hu\/wp-json\/wp\/v2\/product\/3637","targetHints":{"allow":["GET"]}}],"collection":[{"href":"https:\/\/www.zurgnadenmutter.com\/hu\/wp-json\/wp\/v2\/product"}],"about":[{"href":"https:\/\/www.zurgnadenmutter.com\/hu\/wp-json\/wp\/v2\/types\/product"}],"replies":[{"embeddable":true,"href":"https:\/\/www.zurgnadenmutter.com\/hu\/wp-json\/wp\/v2\/comments?post=3637"}],"wp:featuredmedia":[{"embeddable":true,"href":"https:\/\/www.zurgnadenmutter.com\/hu\/wp-json\/wp\/v2\/media\/85609"}],"wp:attachment":[{"href":"https:\/\/www.zurgnadenmutter.com\/hu\/wp-json\/wp\/v2\/media?parent=3637"}],"wp:term":[{"taxonomy":"product_brand","embeddable":true,"href":"https:\/\/www.zurgnadenmutter.com\/hu\/wp-json\/wp\/v2\/product_brand?post=3637"},{"taxonomy":"product_cat","embeddable":true,"href":"https:\/\/www.zurgnadenmutter.com\/hu\/wp-json\/wp\/v2\/product_cat?post=3637"},{"taxonomy":"product_tag","embeddable":true,"href":"https:\/\/www.zurgnadenmutter.com\/hu\/wp-json\/wp\/v2\/product_tag?post=3637"}],"curies":[{"name":"wp","href":"https:\/\/api.w.org\/{rel}","templated":true}]}}