{"id":2315,"date":"2016-08-12T16:26:45","date_gmt":"2016-08-12T14:26:45","guid":{"rendered":"https:\/\/www.zurgnadenmutter.com\/shop\/mariazelli-wurzelklauber-likor-gyoekergyujto\/"},"modified":"2016-09-08T16:29:15","modified_gmt":"2016-09-08T14:29:15","slug":"mariazelli-wurzelklauber-likor-gyoekergyujto-2","status":"publish","type":"product","link":"https:\/\/www.zurgnadenmutter.com\/hu\/produkt\/mariazelli-wurzelklauber-likor-gyoekergyujto-2\/","title":{"rendered":"Mariazelli Wurzelklauber lik\u0151r (\u201eGy\u00f6k\u00e9rgy\u0171jt\u0151\u201c) 250ml"},"content":{"rendered":"<p>A term\u00e9k recept\u00far\u00e1ja 1835-b\u0151l sz\u00e1rmazik. Mariazell k\u00f6rny\u00e9k\u00e9n honos gy\u00f3gyn\u00f6v\u00e9nyekb\u0151l, gy\u00f6kerekb\u0151l \u00e9s bogy\u00f3kb\u00f3l k\u00e9sz\u00fcl. Egy speci\u00e1lis elj\u00e1r\u00e1s alapj\u00e1n k\u00e9sz\u00fcl, \u00edgy j\u00f6n l\u00e9tre az igaz\u00e1n k\u00fcl\u00f6nleges, csak a Wurzelklauberre jellemz\u0151 \u00edzvil\u00e1g.<\/p>\n","protected":false},"excerpt":{"rendered":"<p>Gy\u00f3gyn\u00f6v\u00e9nylik\u0151r hagyom\u00e1nyos recept\u00fara alapj\u00e1n.<\/p>\n<p>Alkoholtartalma: 30 % vol.<\/p>\n<p>&nbsp;<\/p>\n","protected":false},"featured_media":1971,"comment_status":"closed","ping_status":"closed","template":"","meta":{"_acf_changed":false},"product_brand":[],"product_cat":[199],"product_tag":[],"class_list":{"0":"post-2315","1":"product","2":"type-product","3":"status-publish","4":"has-post-thumbnail","6":"product_cat-likoroek","8":"first","9":"instock","10":"taxable","11":"shipping-taxable","12":"purchasable","13":"product-type-simple"},"acf":[],"yoast_head":"<!-- This site is optimized with the Yoast SEO plugin v27.2 - https:\/\/yoast.com\/product\/yoast-seo-wordpress\/ -->\n<title>Mariazelli Wurzelklauber lik\u0151r (\u201eGy\u00f6k\u00e9rgy\u0171jt\u0151\u201c) 250ml - Apotheke &amp; Drogerie zur Gnadenmutter - Mariazell<\/title>\n<meta name=\"robots\" content=\"index, follow, max-snippet:-1, max-image-preview:large, max-video-preview:-1\" \/>\n<link rel=\"canonical\" href=\"https:\/\/www.zurgnadenmutter.com\/hu\/produkt\/mariazelli-wurzelklauber-likor-gyoekergyujto-2\/\" \/>\n<meta property=\"og:locale\" content=\"hu_HU\" \/>\n<meta property=\"og:type\" content=\"article\" \/>\n<meta property=\"og:title\" content=\"Mariazelli Wurzelklauber lik\u0151r (\u201eGy\u00f6k\u00e9rgy\u0171jt\u0151\u201c) 250ml - Apotheke &amp; Drogerie zur Gnadenmutter - Mariazell\" \/>\n<meta property=\"og:description\" content=\"Gy\u00f3gyn\u00f6v\u00e9nylik\u0151r hagyom\u00e1nyos recept\u00fara alapj\u00e1n.  Alkoholtartalma: 30 % vol.  &nbsp;\" \/>\n<meta property=\"og:url\" content=\"https:\/\/www.zurgnadenmutter.com\/hu\/produkt\/mariazelli-wurzelklauber-likor-gyoekergyujto-2\/\" \/>\n<meta property=\"og:site_name\" content=\"Apotheke &amp; Drogerie zur Gnadenmutter - Mariazell\" \/>\n<meta property=\"article:modified_time\" content=\"2016-09-08T14:29:15+00:00\" \/>\n<meta property=\"og:image\" content=\"https:\/\/www.zurgnadenmutter.com\/wp-content\/uploads\/2016\/04\/mariazeller_wurzelklauber.jpg\" \/>\n\t<meta property=\"og:image:width\" content=\"1500\" \/>\n\t<meta property=\"og:image:height\" content=\"2250\" \/>\n\t<meta property=\"og:image:type\" content=\"image\/jpeg\" \/>\n<meta name=\"twitter:card\" content=\"summary_large_image\" \/>\n<script type=\"application\/ld+json\" class=\"yoast-schema-graph\">{\"@context\":\"https:\/\/schema.org\",\"@graph\":[{\"@type\":\"WebPage\",\"@id\":\"https:\/\/www.zurgnadenmutter.com\/hu\/produkt\/mariazelli-wurzelklauber-likor-gyoekergyujto-2\/\",\"url\":\"https:\/\/www.zurgnadenmutter.com\/hu\/produkt\/mariazelli-wurzelklauber-likor-gyoekergyujto-2\/\",\"name\":\"Mariazelli Wurzelklauber lik\u0151r (\u201eGy\u00f6k\u00e9rgy\u0171jt\u0151\u201c) 250ml - Apotheke &amp; Drogerie zur Gnadenmutter - Mariazell\",\"isPartOf\":{\"@id\":\"https:\/\/www.zurgnadenmutter.com\/#website\"},\"primaryImageOfPage\":{\"@id\":\"https:\/\/www.zurgnadenmutter.com\/hu\/produkt\/mariazelli-wurzelklauber-likor-gyoekergyujto-2\/#primaryimage\"},\"image\":{\"@id\":\"https:\/\/www.zurgnadenmutter.com\/hu\/produkt\/mariazelli-wurzelklauber-likor-gyoekergyujto-2\/#primaryimage\"},\"thumbnailUrl\":\"https:\/\/www.zurgnadenmutter.com\/wp-content\/uploads\/2016\/04\/mariazeller_wurzelklauber.jpg\",\"datePublished\":\"2016-08-12T14:26:45+00:00\",\"dateModified\":\"2016-09-08T14:29:15+00:00\",\"breadcrumb\":{\"@id\":\"https:\/\/www.zurgnadenmutter.com\/hu\/produkt\/mariazelli-wurzelklauber-likor-gyoekergyujto-2\/#breadcrumb\"},\"inLanguage\":\"hu\",\"potentialAction\":[{\"@type\":\"ReadAction\",\"target\":[\"https:\/\/www.zurgnadenmutter.com\/hu\/produkt\/mariazelli-wurzelklauber-likor-gyoekergyujto-2\/\"]}]},{\"@type\":\"ImageObject\",\"inLanguage\":\"hu\",\"@id\":\"https:\/\/www.zurgnadenmutter.com\/hu\/produkt\/mariazelli-wurzelklauber-likor-gyoekergyujto-2\/#primaryimage\",\"url\":\"https:\/\/www.zurgnadenmutter.com\/wp-content\/uploads\/2016\/04\/mariazeller_wurzelklauber.jpg\",\"contentUrl\":\"https:\/\/www.zurgnadenmutter.com\/wp-content\/uploads\/2016\/04\/mariazeller_wurzelklauber.jpg\",\"width\":1500,\"height\":2250},{\"@type\":\"BreadcrumbList\",\"@id\":\"https:\/\/www.zurgnadenmutter.com\/hu\/produkt\/mariazelli-wurzelklauber-likor-gyoekergyujto-2\/#breadcrumb\",\"itemListElement\":[{\"@type\":\"ListItem\",\"position\":1,\"name\":\"Startseite\",\"item\":\"https:\/\/www.zurgnadenmutter.com\/hu\/\"},{\"@type\":\"ListItem\",\"position\":2,\"name\":\"Webshop\",\"item\":\"https:\/\/www.zurgnadenmutter.com\/hu\/webshop\/\"},{\"@type\":\"ListItem\",\"position\":3,\"name\":\"Mariazelli Wurzelklauber lik\u0151r (\u201eGy\u00f6k\u00e9rgy\u0171jt\u0151\u201c) 250ml\"}]},{\"@type\":\"WebSite\",\"@id\":\"https:\/\/www.zurgnadenmutter.com\/#website\",\"url\":\"https:\/\/www.zurgnadenmutter.com\/\",\"name\":\"Apotheke &amp; Drogerie zur Gnadenmutter - Mariazell\",\"description\":\"Apotheke Mariazell\",\"potentialAction\":[{\"@type\":\"SearchAction\",\"target\":{\"@type\":\"EntryPoint\",\"urlTemplate\":\"https:\/\/www.zurgnadenmutter.com\/?s={search_term_string}\"},\"query-input\":{\"@type\":\"PropertyValueSpecification\",\"valueRequired\":true,\"valueName\":\"search_term_string\"}}],\"inLanguage\":\"hu\"}]}<\/script>\n<!-- \/ Yoast SEO plugin. -->","yoast_head_json":{"title":"Mariazelli Wurzelklauber lik\u0151r (\u201eGy\u00f6k\u00e9rgy\u0171jt\u0151\u201c) 250ml - Apotheke &amp; Drogerie zur Gnadenmutter - Mariazell","robots":{"index":"index","follow":"follow","max-snippet":"max-snippet:-1","max-image-preview":"max-image-preview:large","max-video-preview":"max-video-preview:-1"},"canonical":"https:\/\/www.zurgnadenmutter.com\/hu\/produkt\/mariazelli-wurzelklauber-likor-gyoekergyujto-2\/","og_locale":"hu_HU","og_type":"article","og_title":"Mariazelli Wurzelklauber lik\u0151r (\u201eGy\u00f6k\u00e9rgy\u0171jt\u0151\u201c) 250ml - Apotheke &amp; Drogerie zur Gnadenmutter - Mariazell","og_description":"Gy\u00f3gyn\u00f6v\u00e9nylik\u0151r hagyom\u00e1nyos recept\u00fara alapj\u00e1n.  Alkoholtartalma: 30 % vol.  &nbsp;","og_url":"https:\/\/www.zurgnadenmutter.com\/hu\/produkt\/mariazelli-wurzelklauber-likor-gyoekergyujto-2\/","og_site_name":"Apotheke &amp; Drogerie zur Gnadenmutter - Mariazell","article_modified_time":"2016-09-08T14:29:15+00:00","og_image":[{"width":1500,"height":2250,"url":"https:\/\/www.zurgnadenmutter.com\/wp-content\/uploads\/2016\/04\/mariazeller_wurzelklauber.jpg","type":"image\/jpeg"}],"twitter_card":"summary_large_image","schema":{"@context":"https:\/\/schema.org","@graph":[{"@type":"WebPage","@id":"https:\/\/www.zurgnadenmutter.com\/hu\/produkt\/mariazelli-wurzelklauber-likor-gyoekergyujto-2\/","url":"https:\/\/www.zurgnadenmutter.com\/hu\/produkt\/mariazelli-wurzelklauber-likor-gyoekergyujto-2\/","name":"Mariazelli Wurzelklauber lik\u0151r (\u201eGy\u00f6k\u00e9rgy\u0171jt\u0151\u201c) 250ml - Apotheke &amp; Drogerie zur Gnadenmutter - Mariazell","isPartOf":{"@id":"https:\/\/www.zurgnadenmutter.com\/#website"},"primaryImageOfPage":{"@id":"https:\/\/www.zurgnadenmutter.com\/hu\/produkt\/mariazelli-wurzelklauber-likor-gyoekergyujto-2\/#primaryimage"},"image":{"@id":"https:\/\/www.zurgnadenmutter.com\/hu\/produkt\/mariazelli-wurzelklauber-likor-gyoekergyujto-2\/#primaryimage"},"thumbnailUrl":"https:\/\/www.zurgnadenmutter.com\/wp-content\/uploads\/2016\/04\/mariazeller_wurzelklauber.jpg","datePublished":"2016-08-12T14:26:45+00:00","dateModified":"2016-09-08T14:29:15+00:00","breadcrumb":{"@id":"https:\/\/www.zurgnadenmutter.com\/hu\/produkt\/mariazelli-wurzelklauber-likor-gyoekergyujto-2\/#breadcrumb"},"inLanguage":"hu","potentialAction":[{"@type":"ReadAction","target":["https:\/\/www.zurgnadenmutter.com\/hu\/produkt\/mariazelli-wurzelklauber-likor-gyoekergyujto-2\/"]}]},{"@type":"ImageObject","inLanguage":"hu","@id":"https:\/\/www.zurgnadenmutter.com\/hu\/produkt\/mariazelli-wurzelklauber-likor-gyoekergyujto-2\/#primaryimage","url":"https:\/\/www.zurgnadenmutter.com\/wp-content\/uploads\/2016\/04\/mariazeller_wurzelklauber.jpg","contentUrl":"https:\/\/www.zurgnadenmutter.com\/wp-content\/uploads\/2016\/04\/mariazeller_wurzelklauber.jpg","width":1500,"height":2250},{"@type":"BreadcrumbList","@id":"https:\/\/www.zurgnadenmutter.com\/hu\/produkt\/mariazelli-wurzelklauber-likor-gyoekergyujto-2\/#breadcrumb","itemListElement":[{"@type":"ListItem","position":1,"name":"Startseite","item":"https:\/\/www.zurgnadenmutter.com\/hu\/"},{"@type":"ListItem","position":2,"name":"Webshop","item":"https:\/\/www.zurgnadenmutter.com\/hu\/webshop\/"},{"@type":"ListItem","position":3,"name":"Mariazelli Wurzelklauber lik\u0151r (\u201eGy\u00f6k\u00e9rgy\u0171jt\u0151\u201c) 250ml"}]},{"@type":"WebSite","@id":"https:\/\/www.zurgnadenmutter.com\/#website","url":"https:\/\/www.zurgnadenmutter.com\/","name":"Apotheke &amp; Drogerie zur Gnadenmutter - Mariazell","description":"Apotheke Mariazell","potentialAction":[{"@type":"SearchAction","target":{"@type":"EntryPoint","urlTemplate":"https:\/\/www.zurgnadenmutter.com\/?s={search_term_string}"},"query-input":{"@type":"PropertyValueSpecification","valueRequired":true,"valueName":"search_term_string"}}],"inLanguage":"hu"}]}},"_links":{"self":[{"href":"https:\/\/www.zurgnadenmutter.com\/hu\/wp-json\/wp\/v2\/product\/2315","targetHints":{"allow":["GET"]}}],"collection":[{"href":"https:\/\/www.zurgnadenmutter.com\/hu\/wp-json\/wp\/v2\/product"}],"about":[{"href":"https:\/\/www.zurgnadenmutter.com\/hu\/wp-json\/wp\/v2\/types\/product"}],"replies":[{"embeddable":true,"href":"https:\/\/www.zurgnadenmutter.com\/hu\/wp-json\/wp\/v2\/comments?post=2315"}],"wp:featuredmedia":[{"embeddable":true,"href":"https:\/\/www.zurgnadenmutter.com\/hu\/wp-json\/wp\/v2\/media\/1971"}],"wp:attachment":[{"href":"https:\/\/www.zurgnadenmutter.com\/hu\/wp-json\/wp\/v2\/media?parent=2315"}],"wp:term":[{"taxonomy":"product_brand","embeddable":true,"href":"https:\/\/www.zurgnadenmutter.com\/hu\/wp-json\/wp\/v2\/product_brand?post=2315"},{"taxonomy":"product_cat","embeddable":true,"href":"https:\/\/www.zurgnadenmutter.com\/hu\/wp-json\/wp\/v2\/product_cat?post=2315"},{"taxonomy":"product_tag","embeddable":true,"href":"https:\/\/www.zurgnadenmutter.com\/hu\/wp-json\/wp\/v2\/product_tag?post=2315"}],"curies":[{"name":"wp","href":"https:\/\/api.w.org\/{rel}","templated":true}]}}