{"id":2281,"date":"2016-03-11T11:54:47","date_gmt":"2016-03-11T10:54:47","guid":{"rendered":"https:\/\/www.zurgnadenmutter.com\/shop\/mariazelli-legzeskoennyito-mellbalzsam-gyermekeknek\/"},"modified":"2016-03-11T11:54:47","modified_gmt":"2016-03-11T10:54:47","slug":"mariazelli-legzeskoennyito-mellbalzsam-gyermekeknek","status":"publish","type":"product","link":"https:\/\/www.zurgnadenmutter.com\/hu\/produkt\/mariazelli-legzeskoennyito-mellbalzsam-gyermekeknek\/","title":{"rendered":"Mariazelli l\u00e9gz\u00e9sk\u00f6nny\u00edt\u0151 mellbalzsam gyermekeknek"},"content":{"rendered":"<p>Gondosan v\u00e1logatott ill\u00f3olajokb\u00f3l k\u00e9sz\u00fcl, melyek csecsem\u0151k \u00e9s kisgyermekek sz\u00e1m\u00e1ra is megengedettek. Ezek az olajok nagyon gyeng\u00e9dek, nem irrit\u00e1lj\u00e1k a h\u00f6rg\u0151ket, ny\u00e1lkah\u00e1rty\u00e1t \u00e9s a torkot sem.<\/p>\n","protected":false},"excerpt":{"rendered":"<p>Gondosan v\u00e1logatott ill\u00f3olajokb\u00f3l k\u00e9sz\u00fcl, melyek csecsem\u0151k \u00e9s kisgyermekek sz\u00e1m\u00e1ra is megengedettek.<\/p>\n","protected":false},"featured_media":85690,"comment_status":"closed","ping_status":"closed","template":"","meta":{"_acf_changed":false},"product_brand":[],"product_cat":[],"product_tag":[],"class_list":{"0":"post-2281","1":"product","2":"type-product","3":"status-publish","4":"has-post-thumbnail","6":"first","7":"instock","8":"taxable","9":"shipping-taxable","10":"purchasable","11":"product-type-simple"},"acf":[],"yoast_head":"<!-- This site is optimized with the Yoast SEO plugin v27.2 - https:\/\/yoast.com\/product\/yoast-seo-wordpress\/ -->\n<title>Mariazelli l\u00e9gz\u00e9sk\u00f6nny\u00edt\u0151 mellbalzsam gyermekeknek - Apotheke &amp; Drogerie zur Gnadenmutter - Mariazell<\/title>\n<meta name=\"robots\" content=\"index, follow, max-snippet:-1, max-image-preview:large, max-video-preview:-1\" \/>\n<link rel=\"canonical\" href=\"https:\/\/www.zurgnadenmutter.com\/hu\/produkt\/mariazelli-legzeskoennyito-mellbalzsam-gyermekeknek\/\" \/>\n<meta property=\"og:locale\" content=\"hu_HU\" \/>\n<meta property=\"og:type\" content=\"article\" \/>\n<meta property=\"og:title\" content=\"Mariazelli l\u00e9gz\u00e9sk\u00f6nny\u00edt\u0151 mellbalzsam gyermekeknek - Apotheke &amp; Drogerie zur Gnadenmutter - Mariazell\" \/>\n<meta property=\"og:description\" content=\"Gondosan v\u00e1logatott ill\u00f3olajokb\u00f3l k\u00e9sz\u00fcl, melyek csecsem\u0151k \u00e9s kisgyermekek sz\u00e1m\u00e1ra is megengedettek.\" \/>\n<meta property=\"og:url\" content=\"https:\/\/www.zurgnadenmutter.com\/hu\/produkt\/mariazelli-legzeskoennyito-mellbalzsam-gyermekeknek\/\" \/>\n<meta property=\"og:site_name\" content=\"Apotheke &amp; Drogerie zur Gnadenmutter - Mariazell\" \/>\n<meta property=\"og:image\" content=\"https:\/\/www.zurgnadenmutter.com\/wp-content\/uploads\/2016\/03\/RAPHI-BRUSTBALSAM-NEU-scaled.jpg\" \/>\n\t<meta property=\"og:image:width\" content=\"1920\" \/>\n\t<meta property=\"og:image:height\" content=\"2560\" \/>\n\t<meta property=\"og:image:type\" content=\"image\/jpeg\" \/>\n<meta name=\"twitter:card\" content=\"summary_large_image\" \/>\n<script type=\"application\/ld+json\" class=\"yoast-schema-graph\">{\"@context\":\"https:\/\/schema.org\",\"@graph\":[{\"@type\":\"WebPage\",\"@id\":\"https:\/\/www.zurgnadenmutter.com\/hu\/produkt\/mariazelli-legzeskoennyito-mellbalzsam-gyermekeknek\/\",\"url\":\"https:\/\/www.zurgnadenmutter.com\/hu\/produkt\/mariazelli-legzeskoennyito-mellbalzsam-gyermekeknek\/\",\"name\":\"Mariazelli l\u00e9gz\u00e9sk\u00f6nny\u00edt\u0151 mellbalzsam gyermekeknek - Apotheke &amp; Drogerie zur Gnadenmutter - Mariazell\",\"isPartOf\":{\"@id\":\"https:\/\/www.zurgnadenmutter.com\/#website\"},\"primaryImageOfPage\":{\"@id\":\"https:\/\/www.zurgnadenmutter.com\/hu\/produkt\/mariazelli-legzeskoennyito-mellbalzsam-gyermekeknek\/#primaryimage\"},\"image\":{\"@id\":\"https:\/\/www.zurgnadenmutter.com\/hu\/produkt\/mariazelli-legzeskoennyito-mellbalzsam-gyermekeknek\/#primaryimage\"},\"thumbnailUrl\":\"https:\/\/www.zurgnadenmutter.com\/wp-content\/uploads\/2016\/03\/Raphi-Brustbalsam-1-scaled.jpg\",\"datePublished\":\"2016-03-11T10:54:47+00:00\",\"breadcrumb\":{\"@id\":\"https:\/\/www.zurgnadenmutter.com\/hu\/produkt\/mariazelli-legzeskoennyito-mellbalzsam-gyermekeknek\/#breadcrumb\"},\"inLanguage\":\"hu\",\"potentialAction\":[{\"@type\":\"ReadAction\",\"target\":[\"https:\/\/www.zurgnadenmutter.com\/hu\/produkt\/mariazelli-legzeskoennyito-mellbalzsam-gyermekeknek\/\"]}]},{\"@type\":\"ImageObject\",\"inLanguage\":\"hu\",\"@id\":\"https:\/\/www.zurgnadenmutter.com\/hu\/produkt\/mariazelli-legzeskoennyito-mellbalzsam-gyermekeknek\/#primaryimage\",\"url\":\"https:\/\/www.zurgnadenmutter.com\/wp-content\/uploads\/2016\/03\/Raphi-Brustbalsam-1-scaled.jpg\",\"contentUrl\":\"https:\/\/www.zurgnadenmutter.com\/wp-content\/uploads\/2016\/03\/Raphi-Brustbalsam-1-scaled.jpg\",\"width\":1920,\"height\":2560},{\"@type\":\"BreadcrumbList\",\"@id\":\"https:\/\/www.zurgnadenmutter.com\/hu\/produkt\/mariazelli-legzeskoennyito-mellbalzsam-gyermekeknek\/#breadcrumb\",\"itemListElement\":[{\"@type\":\"ListItem\",\"position\":1,\"name\":\"Startseite\",\"item\":\"https:\/\/www.zurgnadenmutter.com\/hu\/\"},{\"@type\":\"ListItem\",\"position\":2,\"name\":\"Webshop\",\"item\":\"https:\/\/www.zurgnadenmutter.com\/hu\/webshop\/\"},{\"@type\":\"ListItem\",\"position\":3,\"name\":\"Mariazelli l\u00e9gz\u00e9sk\u00f6nny\u00edt\u0151 mellbalzsam gyermekeknek\"}]},{\"@type\":\"WebSite\",\"@id\":\"https:\/\/www.zurgnadenmutter.com\/#website\",\"url\":\"https:\/\/www.zurgnadenmutter.com\/\",\"name\":\"Apotheke &amp; Drogerie zur Gnadenmutter - Mariazell\",\"description\":\"Apotheke Mariazell\",\"potentialAction\":[{\"@type\":\"SearchAction\",\"target\":{\"@type\":\"EntryPoint\",\"urlTemplate\":\"https:\/\/www.zurgnadenmutter.com\/?s={search_term_string}\"},\"query-input\":{\"@type\":\"PropertyValueSpecification\",\"valueRequired\":true,\"valueName\":\"search_term_string\"}}],\"inLanguage\":\"hu\"}]}<\/script>\n<!-- \/ Yoast SEO plugin. -->","yoast_head_json":{"title":"Mariazelli l\u00e9gz\u00e9sk\u00f6nny\u00edt\u0151 mellbalzsam gyermekeknek - Apotheke &amp; Drogerie zur Gnadenmutter - Mariazell","robots":{"index":"index","follow":"follow","max-snippet":"max-snippet:-1","max-image-preview":"max-image-preview:large","max-video-preview":"max-video-preview:-1"},"canonical":"https:\/\/www.zurgnadenmutter.com\/hu\/produkt\/mariazelli-legzeskoennyito-mellbalzsam-gyermekeknek\/","og_locale":"hu_HU","og_type":"article","og_title":"Mariazelli l\u00e9gz\u00e9sk\u00f6nny\u00edt\u0151 mellbalzsam gyermekeknek - Apotheke &amp; Drogerie zur Gnadenmutter - Mariazell","og_description":"Gondosan v\u00e1logatott ill\u00f3olajokb\u00f3l k\u00e9sz\u00fcl, melyek csecsem\u0151k \u00e9s kisgyermekek sz\u00e1m\u00e1ra is megengedettek.","og_url":"https:\/\/www.zurgnadenmutter.com\/hu\/produkt\/mariazelli-legzeskoennyito-mellbalzsam-gyermekeknek\/","og_site_name":"Apotheke &amp; Drogerie zur Gnadenmutter - Mariazell","og_image":[{"width":1920,"height":2560,"url":"https:\/\/www.zurgnadenmutter.com\/wp-content\/uploads\/2016\/03\/RAPHI-BRUSTBALSAM-NEU-scaled.jpg","type":"image\/jpeg"}],"twitter_card":"summary_large_image","schema":{"@context":"https:\/\/schema.org","@graph":[{"@type":"WebPage","@id":"https:\/\/www.zurgnadenmutter.com\/hu\/produkt\/mariazelli-legzeskoennyito-mellbalzsam-gyermekeknek\/","url":"https:\/\/www.zurgnadenmutter.com\/hu\/produkt\/mariazelli-legzeskoennyito-mellbalzsam-gyermekeknek\/","name":"Mariazelli l\u00e9gz\u00e9sk\u00f6nny\u00edt\u0151 mellbalzsam gyermekeknek - Apotheke &amp; Drogerie zur Gnadenmutter - Mariazell","isPartOf":{"@id":"https:\/\/www.zurgnadenmutter.com\/#website"},"primaryImageOfPage":{"@id":"https:\/\/www.zurgnadenmutter.com\/hu\/produkt\/mariazelli-legzeskoennyito-mellbalzsam-gyermekeknek\/#primaryimage"},"image":{"@id":"https:\/\/www.zurgnadenmutter.com\/hu\/produkt\/mariazelli-legzeskoennyito-mellbalzsam-gyermekeknek\/#primaryimage"},"thumbnailUrl":"https:\/\/www.zurgnadenmutter.com\/wp-content\/uploads\/2016\/03\/Raphi-Brustbalsam-1-scaled.jpg","datePublished":"2016-03-11T10:54:47+00:00","breadcrumb":{"@id":"https:\/\/www.zurgnadenmutter.com\/hu\/produkt\/mariazelli-legzeskoennyito-mellbalzsam-gyermekeknek\/#breadcrumb"},"inLanguage":"hu","potentialAction":[{"@type":"ReadAction","target":["https:\/\/www.zurgnadenmutter.com\/hu\/produkt\/mariazelli-legzeskoennyito-mellbalzsam-gyermekeknek\/"]}]},{"@type":"ImageObject","inLanguage":"hu","@id":"https:\/\/www.zurgnadenmutter.com\/hu\/produkt\/mariazelli-legzeskoennyito-mellbalzsam-gyermekeknek\/#primaryimage","url":"https:\/\/www.zurgnadenmutter.com\/wp-content\/uploads\/2016\/03\/Raphi-Brustbalsam-1-scaled.jpg","contentUrl":"https:\/\/www.zurgnadenmutter.com\/wp-content\/uploads\/2016\/03\/Raphi-Brustbalsam-1-scaled.jpg","width":1920,"height":2560},{"@type":"BreadcrumbList","@id":"https:\/\/www.zurgnadenmutter.com\/hu\/produkt\/mariazelli-legzeskoennyito-mellbalzsam-gyermekeknek\/#breadcrumb","itemListElement":[{"@type":"ListItem","position":1,"name":"Startseite","item":"https:\/\/www.zurgnadenmutter.com\/hu\/"},{"@type":"ListItem","position":2,"name":"Webshop","item":"https:\/\/www.zurgnadenmutter.com\/hu\/webshop\/"},{"@type":"ListItem","position":3,"name":"Mariazelli l\u00e9gz\u00e9sk\u00f6nny\u00edt\u0151 mellbalzsam gyermekeknek"}]},{"@type":"WebSite","@id":"https:\/\/www.zurgnadenmutter.com\/#website","url":"https:\/\/www.zurgnadenmutter.com\/","name":"Apotheke &amp; Drogerie zur Gnadenmutter - Mariazell","description":"Apotheke Mariazell","potentialAction":[{"@type":"SearchAction","target":{"@type":"EntryPoint","urlTemplate":"https:\/\/www.zurgnadenmutter.com\/?s={search_term_string}"},"query-input":{"@type":"PropertyValueSpecification","valueRequired":true,"valueName":"search_term_string"}}],"inLanguage":"hu"}]}},"_links":{"self":[{"href":"https:\/\/www.zurgnadenmutter.com\/hu\/wp-json\/wp\/v2\/product\/2281","targetHints":{"allow":["GET"]}}],"collection":[{"href":"https:\/\/www.zurgnadenmutter.com\/hu\/wp-json\/wp\/v2\/product"}],"about":[{"href":"https:\/\/www.zurgnadenmutter.com\/hu\/wp-json\/wp\/v2\/types\/product"}],"replies":[{"embeddable":true,"href":"https:\/\/www.zurgnadenmutter.com\/hu\/wp-json\/wp\/v2\/comments?post=2281"}],"wp:featuredmedia":[{"embeddable":true,"href":"https:\/\/www.zurgnadenmutter.com\/hu\/wp-json\/wp\/v2\/media\/85690"}],"wp:attachment":[{"href":"https:\/\/www.zurgnadenmutter.com\/hu\/wp-json\/wp\/v2\/media?parent=2281"}],"wp:term":[{"taxonomy":"product_brand","embeddable":true,"href":"https:\/\/www.zurgnadenmutter.com\/hu\/wp-json\/wp\/v2\/product_brand?post=2281"},{"taxonomy":"product_cat","embeddable":true,"href":"https:\/\/www.zurgnadenmutter.com\/hu\/wp-json\/wp\/v2\/product_cat?post=2281"},{"taxonomy":"product_tag","embeddable":true,"href":"https:\/\/www.zurgnadenmutter.com\/hu\/wp-json\/wp\/v2\/product_tag?post=2281"}],"curies":[{"name":"wp","href":"https:\/\/api.w.org\/{rel}","templated":true}]}}