{"id":2246,"date":"2016-04-03T03:38:44","date_gmt":"2016-04-03T01:38:44","guid":{"rendered":"https:\/\/www.zurgnadenmutter.com\/shop\/mariazelli-szazszorszepkenocs-gyermekeknek\/"},"modified":"2016-04-03T03:38:44","modified_gmt":"2016-04-03T01:38:44","slug":"mariazelli-szazszorszepkenocs-gyermekeknek","status":"publish","type":"product","link":"https:\/\/www.zurgnadenmutter.com\/hu\/produkt\/mariazelli-szazszorszepkenocs-gyermekeknek\/","title":{"rendered":"Mariazelli sz\u00e1zszorsz\u00e9pken\u0151cs gyermekeknek"},"content":{"rendered":"<p>Ami a feln\u0151tteknek az \u00e1rnika, az a gyerekek eset\u00e9ben a sz\u00e1zszorsz\u00e9p. Seg\u00edt z\u00fazod\u00e1sok, k\u00e9k foltok, eles\u00e9sb\u0151l sz\u00e1rmaz\u00f3 s\u00e9r\u00fcl\u00e9sek eset\u00e9n. N\u00f6veked\u00e9si f\u00e1jdalom eset\u00e9n is aj\u00e1nlott.<\/p>\n<p>Ne kenj\u00fck friss, ny\u00edlt sebre!<\/p>\n","protected":false},"excerpt":{"rendered":"<p>Kr\u00e9m gyermekeknek: seg\u00edt z\u00fazod\u00e1sok, k\u00e9k foltok, eles\u00e9sb\u0151l sz\u00e1rmaz\u00f3 s\u00e9r\u00fcl\u00e9sek eset\u00e9n. N\u00f6veked\u00e9si f\u00e1jdalom eset\u00e9n is aj\u00e1nlott.<\/p>\n","protected":false},"featured_media":2247,"comment_status":"closed","ping_status":"closed","template":"","meta":{"_acf_changed":false},"product_brand":[],"product_cat":[186],"product_tag":[],"class_list":{"0":"post-2246","1":"product","2":"type-product","3":"status-publish","4":"has-post-thumbnail","6":"product_cat-kremek-kenocsoek-bedoerzsoelok","8":"first","9":"instock","10":"taxable","11":"shipping-taxable","12":"purchasable","13":"product-type-simple"},"acf":[],"yoast_head":"<!-- This site is optimized with the Yoast SEO plugin v27.2 - https:\/\/yoast.com\/product\/yoast-seo-wordpress\/ -->\n<title>Mariazelli sz\u00e1zszorsz\u00e9pken\u0151cs gyermekeknek - Apotheke &amp; Drogerie zur Gnadenmutter - Mariazell<\/title>\n<meta name=\"robots\" content=\"index, follow, max-snippet:-1, max-image-preview:large, max-video-preview:-1\" \/>\n<link rel=\"canonical\" href=\"https:\/\/www.zurgnadenmutter.com\/hu\/produkt\/mariazelli-szazszorszepkenocs-gyermekeknek\/\" \/>\n<meta property=\"og:locale\" content=\"hu_HU\" \/>\n<meta property=\"og:type\" content=\"article\" \/>\n<meta property=\"og:title\" content=\"Mariazelli sz\u00e1zszorsz\u00e9pken\u0151cs gyermekeknek - Apotheke &amp; Drogerie zur Gnadenmutter - Mariazell\" \/>\n<meta property=\"og:description\" content=\"Kr\u00e9m gyermekeknek: seg\u00edt z\u00fazod\u00e1sok, k\u00e9k foltok, eles\u00e9sb\u0151l sz\u00e1rmaz\u00f3 s\u00e9r\u00fcl\u00e9sek eset\u00e9n. N\u00f6veked\u00e9si f\u00e1jdalom eset\u00e9n is aj\u00e1nlott.\" \/>\n<meta property=\"og:url\" content=\"https:\/\/www.zurgnadenmutter.com\/hu\/produkt\/mariazelli-szazszorszepkenocs-gyermekeknek\/\" \/>\n<meta property=\"og:site_name\" content=\"Apotheke &amp; Drogerie zur Gnadenmutter - Mariazell\" \/>\n<meta property=\"og:image\" content=\"https:\/\/www.zurgnadenmutter.com\/wp-content\/uploads\/2016\/04\/G\u00e4nsebl\u00fcmchensalbe-scaled.jpg\" \/>\n\t<meta property=\"og:image:width\" content=\"1707\" \/>\n\t<meta property=\"og:image:height\" content=\"2560\" \/>\n\t<meta property=\"og:image:type\" content=\"image\/jpeg\" \/>\n<meta name=\"twitter:card\" content=\"summary_large_image\" \/>\n<script type=\"application\/ld+json\" class=\"yoast-schema-graph\">{\"@context\":\"https:\/\/schema.org\",\"@graph\":[{\"@type\":\"WebPage\",\"@id\":\"https:\/\/www.zurgnadenmutter.com\/hu\/produkt\/mariazelli-szazszorszepkenocs-gyermekeknek\/\",\"url\":\"https:\/\/www.zurgnadenmutter.com\/hu\/produkt\/mariazelli-szazszorszepkenocs-gyermekeknek\/\",\"name\":\"Mariazelli sz\u00e1zszorsz\u00e9pken\u0151cs gyermekeknek - Apotheke &amp; Drogerie zur Gnadenmutter - Mariazell\",\"isPartOf\":{\"@id\":\"https:\/\/www.zurgnadenmutter.com\/#website\"},\"primaryImageOfPage\":{\"@id\":\"https:\/\/www.zurgnadenmutter.com\/hu\/produkt\/mariazelli-szazszorszepkenocs-gyermekeknek\/#primaryimage\"},\"image\":{\"@id\":\"https:\/\/www.zurgnadenmutter.com\/hu\/produkt\/mariazelli-szazszorszepkenocs-gyermekeknek\/#primaryimage\"},\"thumbnailUrl\":\"https:\/\/www.zurgnadenmutter.com\/wp-content\/uploads\/2016\/04\/G\u00e4nsebl\u00fcmchensalbe-scaled.jpg\",\"datePublished\":\"2016-04-03T01:38:44+00:00\",\"breadcrumb\":{\"@id\":\"https:\/\/www.zurgnadenmutter.com\/hu\/produkt\/mariazelli-szazszorszepkenocs-gyermekeknek\/#breadcrumb\"},\"inLanguage\":\"hu\",\"potentialAction\":[{\"@type\":\"ReadAction\",\"target\":[\"https:\/\/www.zurgnadenmutter.com\/hu\/produkt\/mariazelli-szazszorszepkenocs-gyermekeknek\/\"]}]},{\"@type\":\"ImageObject\",\"inLanguage\":\"hu\",\"@id\":\"https:\/\/www.zurgnadenmutter.com\/hu\/produkt\/mariazelli-szazszorszepkenocs-gyermekeknek\/#primaryimage\",\"url\":\"https:\/\/www.zurgnadenmutter.com\/wp-content\/uploads\/2016\/04\/G\u00e4nsebl\u00fcmchensalbe-scaled.jpg\",\"contentUrl\":\"https:\/\/www.zurgnadenmutter.com\/wp-content\/uploads\/2016\/04\/G\u00e4nsebl\u00fcmchensalbe-scaled.jpg\",\"width\":1707,\"height\":2560},{\"@type\":\"BreadcrumbList\",\"@id\":\"https:\/\/www.zurgnadenmutter.com\/hu\/produkt\/mariazelli-szazszorszepkenocs-gyermekeknek\/#breadcrumb\",\"itemListElement\":[{\"@type\":\"ListItem\",\"position\":1,\"name\":\"Startseite\",\"item\":\"https:\/\/www.zurgnadenmutter.com\/hu\/\"},{\"@type\":\"ListItem\",\"position\":2,\"name\":\"Webshop\",\"item\":\"https:\/\/www.zurgnadenmutter.com\/hu\/webshop\/\"},{\"@type\":\"ListItem\",\"position\":3,\"name\":\"Mariazelli sz\u00e1zszorsz\u00e9pken\u0151cs gyermekeknek\"}]},{\"@type\":\"WebSite\",\"@id\":\"https:\/\/www.zurgnadenmutter.com\/#website\",\"url\":\"https:\/\/www.zurgnadenmutter.com\/\",\"name\":\"Apotheke &amp; Drogerie zur Gnadenmutter - Mariazell\",\"description\":\"Apotheke Mariazell\",\"potentialAction\":[{\"@type\":\"SearchAction\",\"target\":{\"@type\":\"EntryPoint\",\"urlTemplate\":\"https:\/\/www.zurgnadenmutter.com\/?s={search_term_string}\"},\"query-input\":{\"@type\":\"PropertyValueSpecification\",\"valueRequired\":true,\"valueName\":\"search_term_string\"}}],\"inLanguage\":\"hu\"}]}<\/script>\n<!-- \/ Yoast SEO plugin. -->","yoast_head_json":{"title":"Mariazelli sz\u00e1zszorsz\u00e9pken\u0151cs gyermekeknek - Apotheke &amp; Drogerie zur Gnadenmutter - Mariazell","robots":{"index":"index","follow":"follow","max-snippet":"max-snippet:-1","max-image-preview":"max-image-preview:large","max-video-preview":"max-video-preview:-1"},"canonical":"https:\/\/www.zurgnadenmutter.com\/hu\/produkt\/mariazelli-szazszorszepkenocs-gyermekeknek\/","og_locale":"hu_HU","og_type":"article","og_title":"Mariazelli sz\u00e1zszorsz\u00e9pken\u0151cs gyermekeknek - Apotheke &amp; Drogerie zur Gnadenmutter - Mariazell","og_description":"Kr\u00e9m gyermekeknek: seg\u00edt z\u00fazod\u00e1sok, k\u00e9k foltok, eles\u00e9sb\u0151l sz\u00e1rmaz\u00f3 s\u00e9r\u00fcl\u00e9sek eset\u00e9n. N\u00f6veked\u00e9si f\u00e1jdalom eset\u00e9n is aj\u00e1nlott.","og_url":"https:\/\/www.zurgnadenmutter.com\/hu\/produkt\/mariazelli-szazszorszepkenocs-gyermekeknek\/","og_site_name":"Apotheke &amp; Drogerie zur Gnadenmutter - Mariazell","og_image":[{"width":1707,"height":2560,"url":"https:\/\/www.zurgnadenmutter.com\/wp-content\/uploads\/2016\/04\/G\u00e4nsebl\u00fcmchensalbe-scaled.jpg","type":"image\/jpeg"}],"twitter_card":"summary_large_image","schema":{"@context":"https:\/\/schema.org","@graph":[{"@type":"WebPage","@id":"https:\/\/www.zurgnadenmutter.com\/hu\/produkt\/mariazelli-szazszorszepkenocs-gyermekeknek\/","url":"https:\/\/www.zurgnadenmutter.com\/hu\/produkt\/mariazelli-szazszorszepkenocs-gyermekeknek\/","name":"Mariazelli sz\u00e1zszorsz\u00e9pken\u0151cs gyermekeknek - Apotheke &amp; Drogerie zur Gnadenmutter - Mariazell","isPartOf":{"@id":"https:\/\/www.zurgnadenmutter.com\/#website"},"primaryImageOfPage":{"@id":"https:\/\/www.zurgnadenmutter.com\/hu\/produkt\/mariazelli-szazszorszepkenocs-gyermekeknek\/#primaryimage"},"image":{"@id":"https:\/\/www.zurgnadenmutter.com\/hu\/produkt\/mariazelli-szazszorszepkenocs-gyermekeknek\/#primaryimage"},"thumbnailUrl":"https:\/\/www.zurgnadenmutter.com\/wp-content\/uploads\/2016\/04\/G\u00e4nsebl\u00fcmchensalbe-scaled.jpg","datePublished":"2016-04-03T01:38:44+00:00","breadcrumb":{"@id":"https:\/\/www.zurgnadenmutter.com\/hu\/produkt\/mariazelli-szazszorszepkenocs-gyermekeknek\/#breadcrumb"},"inLanguage":"hu","potentialAction":[{"@type":"ReadAction","target":["https:\/\/www.zurgnadenmutter.com\/hu\/produkt\/mariazelli-szazszorszepkenocs-gyermekeknek\/"]}]},{"@type":"ImageObject","inLanguage":"hu","@id":"https:\/\/www.zurgnadenmutter.com\/hu\/produkt\/mariazelli-szazszorszepkenocs-gyermekeknek\/#primaryimage","url":"https:\/\/www.zurgnadenmutter.com\/wp-content\/uploads\/2016\/04\/G\u00e4nsebl\u00fcmchensalbe-scaled.jpg","contentUrl":"https:\/\/www.zurgnadenmutter.com\/wp-content\/uploads\/2016\/04\/G\u00e4nsebl\u00fcmchensalbe-scaled.jpg","width":1707,"height":2560},{"@type":"BreadcrumbList","@id":"https:\/\/www.zurgnadenmutter.com\/hu\/produkt\/mariazelli-szazszorszepkenocs-gyermekeknek\/#breadcrumb","itemListElement":[{"@type":"ListItem","position":1,"name":"Startseite","item":"https:\/\/www.zurgnadenmutter.com\/hu\/"},{"@type":"ListItem","position":2,"name":"Webshop","item":"https:\/\/www.zurgnadenmutter.com\/hu\/webshop\/"},{"@type":"ListItem","position":3,"name":"Mariazelli sz\u00e1zszorsz\u00e9pken\u0151cs gyermekeknek"}]},{"@type":"WebSite","@id":"https:\/\/www.zurgnadenmutter.com\/#website","url":"https:\/\/www.zurgnadenmutter.com\/","name":"Apotheke &amp; Drogerie zur Gnadenmutter - Mariazell","description":"Apotheke Mariazell","potentialAction":[{"@type":"SearchAction","target":{"@type":"EntryPoint","urlTemplate":"https:\/\/www.zurgnadenmutter.com\/?s={search_term_string}"},"query-input":{"@type":"PropertyValueSpecification","valueRequired":true,"valueName":"search_term_string"}}],"inLanguage":"hu"}]}},"_links":{"self":[{"href":"https:\/\/www.zurgnadenmutter.com\/hu\/wp-json\/wp\/v2\/product\/2246","targetHints":{"allow":["GET"]}}],"collection":[{"href":"https:\/\/www.zurgnadenmutter.com\/hu\/wp-json\/wp\/v2\/product"}],"about":[{"href":"https:\/\/www.zurgnadenmutter.com\/hu\/wp-json\/wp\/v2\/types\/product"}],"replies":[{"embeddable":true,"href":"https:\/\/www.zurgnadenmutter.com\/hu\/wp-json\/wp\/v2\/comments?post=2246"}],"wp:featuredmedia":[{"embeddable":true,"href":"https:\/\/www.zurgnadenmutter.com\/hu\/wp-json\/wp\/v2\/media\/2247"}],"wp:attachment":[{"href":"https:\/\/www.zurgnadenmutter.com\/hu\/wp-json\/wp\/v2\/media?parent=2246"}],"wp:term":[{"taxonomy":"product_brand","embeddable":true,"href":"https:\/\/www.zurgnadenmutter.com\/hu\/wp-json\/wp\/v2\/product_brand?post=2246"},{"taxonomy":"product_cat","embeddable":true,"href":"https:\/\/www.zurgnadenmutter.com\/hu\/wp-json\/wp\/v2\/product_cat?post=2246"},{"taxonomy":"product_tag","embeddable":true,"href":"https:\/\/www.zurgnadenmutter.com\/hu\/wp-json\/wp\/v2\/product_tag?post=2246"}],"curies":[{"name":"wp","href":"https:\/\/api.w.org\/{rel}","templated":true}]}}