{"id":2198,"date":"2016-04-03T22:47:08","date_gmt":"2016-04-03T20:47:08","guid":{"rendered":"https:\/\/www.zurgnadenmutter.com\/shop\/hildegard-von-bingen-galangal-edeskoemeny-tabletta\/"},"modified":"2019-12-18T13:05:19","modified_gmt":"2019-12-18T12:05:19","slug":"hildegard-von-bingen-galangal-edeskoemeny-tabletta","status":"publish","type":"product","link":"https:\/\/www.zurgnadenmutter.com\/hu\/produkt\/hildegard-von-bingen-galangal-edeskoemeny-tabletta\/","title":{"rendered":"Hildegard von Bingen galang\u00e1l-\u00e9desk\u00f6m\u00e9ny tabletta"},"content":{"rendered":"<p>Nyugtat\u00f3 hat\u00e1s\u00fa. Nyugtatja a gyomrot \u00e9s beleket. Hozz\u00e1j\u00e1rul a kiel\u00e9g\u00edt\u0151 em\u00e9szt\u00e9shez, a sz\u00edv norm\u00e1l m\u0171k\u00f6d\u00e9s\u00e9hez. Eg\u00e9szs\u00e9gesen tartja a v\u00e9red\u00e9nyeket.<\/p>\n<p><strong>Alkalmaz\u00e1sa:<\/strong> naponta 3-szor 3 tablett\u00e1t mag\u00e1ban vagy egy lik\u0151r\u00f6spoh\u00e1rnyi petrezselyemm\u00e9zborral kell elfogyasztani.<\/p>\n","protected":false},"excerpt":{"rendered":"<p>Nyugtat\u00f3 hat\u00e1s\u00fa. Nyugtatja a gyomrot \u00e9s beleket valamint a sz\u00edvet.<\/p>\n","protected":false},"featured_media":78550,"comment_status":"closed","ping_status":"closed","template":"","meta":{"_acf_changed":false},"product_brand":[],"product_cat":[189],"product_tag":[],"class_list":{"0":"post-2198","1":"product","2":"type-product","3":"status-publish","4":"has-post-thumbnail","6":"product_cat-hildegard-von-bingen-hu","8":"first","9":"instock","10":"taxable","11":"shipping-taxable","12":"purchasable","13":"product-type-simple"},"acf":[],"yoast_head":"<!-- This site is optimized with the Yoast SEO plugin v27.2 - https:\/\/yoast.com\/product\/yoast-seo-wordpress\/ -->\n<title>Hildegard von Bingen galang\u00e1l-\u00e9desk\u00f6m\u00e9ny tabletta - Apotheke &amp; Drogerie zur Gnadenmutter - Mariazell<\/title>\n<meta name=\"robots\" content=\"index, follow, max-snippet:-1, max-image-preview:large, max-video-preview:-1\" \/>\n<link rel=\"canonical\" href=\"https:\/\/www.zurgnadenmutter.com\/hu\/produkt\/hildegard-von-bingen-galangal-edeskoemeny-tabletta\/\" \/>\n<meta property=\"og:locale\" content=\"hu_HU\" \/>\n<meta property=\"og:type\" content=\"article\" \/>\n<meta property=\"og:title\" content=\"Hildegard von Bingen galang\u00e1l-\u00e9desk\u00f6m\u00e9ny tabletta - Apotheke &amp; Drogerie zur Gnadenmutter - Mariazell\" \/>\n<meta property=\"og:description\" content=\"Nyugtat\u00f3 hat\u00e1s\u00fa. Nyugtatja a gyomrot \u00e9s beleket valamint a sz\u00edvet.\" \/>\n<meta property=\"og:url\" content=\"https:\/\/www.zurgnadenmutter.com\/hu\/produkt\/hildegard-von-bingen-galangal-edeskoemeny-tabletta\/\" \/>\n<meta property=\"og:site_name\" content=\"Apotheke &amp; Drogerie zur Gnadenmutter - Mariazell\" \/>\n<meta property=\"article:modified_time\" content=\"2019-12-18T12:05:19+00:00\" \/>\n<meta property=\"og:image\" content=\"https:\/\/www.zurgnadenmutter.com\/wp-content\/uploads\/2016\/04\/Galgant-Fenchel-tabletten_2025-scaled.jpg\" \/>\n\t<meta property=\"og:image:width\" content=\"1920\" \/>\n\t<meta property=\"og:image:height\" content=\"2560\" \/>\n\t<meta property=\"og:image:type\" content=\"image\/jpeg\" \/>\n<meta name=\"twitter:card\" content=\"summary_large_image\" \/>\n<script type=\"application\/ld+json\" class=\"yoast-schema-graph\">{\"@context\":\"https:\/\/schema.org\",\"@graph\":[{\"@type\":\"WebPage\",\"@id\":\"https:\/\/www.zurgnadenmutter.com\/hu\/produkt\/hildegard-von-bingen-galangal-edeskoemeny-tabletta\/\",\"url\":\"https:\/\/www.zurgnadenmutter.com\/hu\/produkt\/hildegard-von-bingen-galangal-edeskoemeny-tabletta\/\",\"name\":\"Hildegard von Bingen galang\u00e1l-\u00e9desk\u00f6m\u00e9ny tabletta - Apotheke &amp; Drogerie zur Gnadenmutter - Mariazell\",\"isPartOf\":{\"@id\":\"https:\/\/www.zurgnadenmutter.com\/#website\"},\"primaryImageOfPage\":{\"@id\":\"https:\/\/www.zurgnadenmutter.com\/hu\/produkt\/hildegard-von-bingen-galangal-edeskoemeny-tabletta\/#primaryimage\"},\"image\":{\"@id\":\"https:\/\/www.zurgnadenmutter.com\/hu\/produkt\/hildegard-von-bingen-galangal-edeskoemeny-tabletta\/#primaryimage\"},\"thumbnailUrl\":\"https:\/\/www.zurgnadenmutter.com\/wp-content\/uploads\/2016\/04\/Galgant-Fenchel-tabletten_2025-scaled.jpg\",\"datePublished\":\"2016-04-03T20:47:08+00:00\",\"dateModified\":\"2019-12-18T12:05:19+00:00\",\"breadcrumb\":{\"@id\":\"https:\/\/www.zurgnadenmutter.com\/hu\/produkt\/hildegard-von-bingen-galangal-edeskoemeny-tabletta\/#breadcrumb\"},\"inLanguage\":\"hu\",\"potentialAction\":[{\"@type\":\"ReadAction\",\"target\":[\"https:\/\/www.zurgnadenmutter.com\/hu\/produkt\/hildegard-von-bingen-galangal-edeskoemeny-tabletta\/\"]}]},{\"@type\":\"ImageObject\",\"inLanguage\":\"hu\",\"@id\":\"https:\/\/www.zurgnadenmutter.com\/hu\/produkt\/hildegard-von-bingen-galangal-edeskoemeny-tabletta\/#primaryimage\",\"url\":\"https:\/\/www.zurgnadenmutter.com\/wp-content\/uploads\/2016\/04\/Galgant-Fenchel-tabletten_2025-scaled.jpg\",\"contentUrl\":\"https:\/\/www.zurgnadenmutter.com\/wp-content\/uploads\/2016\/04\/Galgant-Fenchel-tabletten_2025-scaled.jpg\",\"width\":1920,\"height\":2560},{\"@type\":\"BreadcrumbList\",\"@id\":\"https:\/\/www.zurgnadenmutter.com\/hu\/produkt\/hildegard-von-bingen-galangal-edeskoemeny-tabletta\/#breadcrumb\",\"itemListElement\":[{\"@type\":\"ListItem\",\"position\":1,\"name\":\"Startseite\",\"item\":\"https:\/\/www.zurgnadenmutter.com\/hu\/\"},{\"@type\":\"ListItem\",\"position\":2,\"name\":\"Webshop\",\"item\":\"https:\/\/www.zurgnadenmutter.com\/hu\/webshop\/\"},{\"@type\":\"ListItem\",\"position\":3,\"name\":\"Hildegard von Bingen galang\u00e1l-\u00e9desk\u00f6m\u00e9ny tabletta\"}]},{\"@type\":\"WebSite\",\"@id\":\"https:\/\/www.zurgnadenmutter.com\/#website\",\"url\":\"https:\/\/www.zurgnadenmutter.com\/\",\"name\":\"Apotheke &amp; Drogerie zur Gnadenmutter - Mariazell\",\"description\":\"Apotheke Mariazell\",\"potentialAction\":[{\"@type\":\"SearchAction\",\"target\":{\"@type\":\"EntryPoint\",\"urlTemplate\":\"https:\/\/www.zurgnadenmutter.com\/?s={search_term_string}\"},\"query-input\":{\"@type\":\"PropertyValueSpecification\",\"valueRequired\":true,\"valueName\":\"search_term_string\"}}],\"inLanguage\":\"hu\"}]}<\/script>\n<!-- \/ Yoast SEO plugin. -->","yoast_head_json":{"title":"Hildegard von Bingen galang\u00e1l-\u00e9desk\u00f6m\u00e9ny tabletta - Apotheke &amp; Drogerie zur Gnadenmutter - Mariazell","robots":{"index":"index","follow":"follow","max-snippet":"max-snippet:-1","max-image-preview":"max-image-preview:large","max-video-preview":"max-video-preview:-1"},"canonical":"https:\/\/www.zurgnadenmutter.com\/hu\/produkt\/hildegard-von-bingen-galangal-edeskoemeny-tabletta\/","og_locale":"hu_HU","og_type":"article","og_title":"Hildegard von Bingen galang\u00e1l-\u00e9desk\u00f6m\u00e9ny tabletta - Apotheke &amp; Drogerie zur Gnadenmutter - Mariazell","og_description":"Nyugtat\u00f3 hat\u00e1s\u00fa. Nyugtatja a gyomrot \u00e9s beleket valamint a sz\u00edvet.","og_url":"https:\/\/www.zurgnadenmutter.com\/hu\/produkt\/hildegard-von-bingen-galangal-edeskoemeny-tabletta\/","og_site_name":"Apotheke &amp; Drogerie zur Gnadenmutter - Mariazell","article_modified_time":"2019-12-18T12:05:19+00:00","og_image":[{"width":1920,"height":2560,"url":"https:\/\/www.zurgnadenmutter.com\/wp-content\/uploads\/2016\/04\/Galgant-Fenchel-tabletten_2025-scaled.jpg","type":"image\/jpeg"}],"twitter_card":"summary_large_image","schema":{"@context":"https:\/\/schema.org","@graph":[{"@type":"WebPage","@id":"https:\/\/www.zurgnadenmutter.com\/hu\/produkt\/hildegard-von-bingen-galangal-edeskoemeny-tabletta\/","url":"https:\/\/www.zurgnadenmutter.com\/hu\/produkt\/hildegard-von-bingen-galangal-edeskoemeny-tabletta\/","name":"Hildegard von Bingen galang\u00e1l-\u00e9desk\u00f6m\u00e9ny tabletta - Apotheke &amp; Drogerie zur Gnadenmutter - Mariazell","isPartOf":{"@id":"https:\/\/www.zurgnadenmutter.com\/#website"},"primaryImageOfPage":{"@id":"https:\/\/www.zurgnadenmutter.com\/hu\/produkt\/hildegard-von-bingen-galangal-edeskoemeny-tabletta\/#primaryimage"},"image":{"@id":"https:\/\/www.zurgnadenmutter.com\/hu\/produkt\/hildegard-von-bingen-galangal-edeskoemeny-tabletta\/#primaryimage"},"thumbnailUrl":"https:\/\/www.zurgnadenmutter.com\/wp-content\/uploads\/2016\/04\/Galgant-Fenchel-tabletten_2025-scaled.jpg","datePublished":"2016-04-03T20:47:08+00:00","dateModified":"2019-12-18T12:05:19+00:00","breadcrumb":{"@id":"https:\/\/www.zurgnadenmutter.com\/hu\/produkt\/hildegard-von-bingen-galangal-edeskoemeny-tabletta\/#breadcrumb"},"inLanguage":"hu","potentialAction":[{"@type":"ReadAction","target":["https:\/\/www.zurgnadenmutter.com\/hu\/produkt\/hildegard-von-bingen-galangal-edeskoemeny-tabletta\/"]}]},{"@type":"ImageObject","inLanguage":"hu","@id":"https:\/\/www.zurgnadenmutter.com\/hu\/produkt\/hildegard-von-bingen-galangal-edeskoemeny-tabletta\/#primaryimage","url":"https:\/\/www.zurgnadenmutter.com\/wp-content\/uploads\/2016\/04\/Galgant-Fenchel-tabletten_2025-scaled.jpg","contentUrl":"https:\/\/www.zurgnadenmutter.com\/wp-content\/uploads\/2016\/04\/Galgant-Fenchel-tabletten_2025-scaled.jpg","width":1920,"height":2560},{"@type":"BreadcrumbList","@id":"https:\/\/www.zurgnadenmutter.com\/hu\/produkt\/hildegard-von-bingen-galangal-edeskoemeny-tabletta\/#breadcrumb","itemListElement":[{"@type":"ListItem","position":1,"name":"Startseite","item":"https:\/\/www.zurgnadenmutter.com\/hu\/"},{"@type":"ListItem","position":2,"name":"Webshop","item":"https:\/\/www.zurgnadenmutter.com\/hu\/webshop\/"},{"@type":"ListItem","position":3,"name":"Hildegard von Bingen galang\u00e1l-\u00e9desk\u00f6m\u00e9ny tabletta"}]},{"@type":"WebSite","@id":"https:\/\/www.zurgnadenmutter.com\/#website","url":"https:\/\/www.zurgnadenmutter.com\/","name":"Apotheke &amp; Drogerie zur Gnadenmutter - Mariazell","description":"Apotheke Mariazell","potentialAction":[{"@type":"SearchAction","target":{"@type":"EntryPoint","urlTemplate":"https:\/\/www.zurgnadenmutter.com\/?s={search_term_string}"},"query-input":{"@type":"PropertyValueSpecification","valueRequired":true,"valueName":"search_term_string"}}],"inLanguage":"hu"}]}},"_links":{"self":[{"href":"https:\/\/www.zurgnadenmutter.com\/hu\/wp-json\/wp\/v2\/product\/2198","targetHints":{"allow":["GET"]}}],"collection":[{"href":"https:\/\/www.zurgnadenmutter.com\/hu\/wp-json\/wp\/v2\/product"}],"about":[{"href":"https:\/\/www.zurgnadenmutter.com\/hu\/wp-json\/wp\/v2\/types\/product"}],"replies":[{"embeddable":true,"href":"https:\/\/www.zurgnadenmutter.com\/hu\/wp-json\/wp\/v2\/comments?post=2198"}],"wp:featuredmedia":[{"embeddable":true,"href":"https:\/\/www.zurgnadenmutter.com\/hu\/wp-json\/wp\/v2\/media\/78550"}],"wp:attachment":[{"href":"https:\/\/www.zurgnadenmutter.com\/hu\/wp-json\/wp\/v2\/media?parent=2198"}],"wp:term":[{"taxonomy":"product_brand","embeddable":true,"href":"https:\/\/www.zurgnadenmutter.com\/hu\/wp-json\/wp\/v2\/product_brand?post=2198"},{"taxonomy":"product_cat","embeddable":true,"href":"https:\/\/www.zurgnadenmutter.com\/hu\/wp-json\/wp\/v2\/product_cat?post=2198"},{"taxonomy":"product_tag","embeddable":true,"href":"https:\/\/www.zurgnadenmutter.com\/hu\/wp-json\/wp\/v2\/product_tag?post=2198"}],"curies":[{"name":"wp","href":"https:\/\/api.w.org\/{rel}","templated":true}]}}