{"id":2175,"date":"2016-04-03T23:06:03","date_gmt":"2016-04-03T21:06:03","guid":{"rendered":"https:\/\/www.zurgnadenmutter.com\/shop\/hildegard-von-bingen-fenyokenocs\/"},"modified":"2019-10-31T08:48:39","modified_gmt":"2019-10-31T07:48:39","slug":"hildegard-von-bingen-fenyokenocs","status":"publish","type":"product","link":"https:\/\/www.zurgnadenmutter.com\/hu\/produkt\/hildegard-von-bingen-fenyokenocs\/","title":{"rendered":"Hildegard von Bingen Feny\u0151ken\u0151cs"},"content":{"rendered":"<p>Hildegard von Bingen bemassz\u00edroz\u00e1sra aj\u00e1nlja. J\u00f3t\u00e9kony hat\u00e1s\u00e1t a gyomorra, belekre, l\u00e9pre, hasny\u00e1lmirigyre, m\u00e1jra \u00e9s ep\u00e9re fejti ki. A ken\u0151cs a mellkasba bed\u00f6rzs\u00f6lve megh\u0171l\u00e9ses panaszok eset\u00e9n is alkalmazhat\u00f3.<br \/>\n<strong>Felhaszn\u00e1l\u00e1si javaslat: <\/strong>el\u0151sz\u00f6r a sz\u00edv k\u00f6rny\u00e9k\u00e9t, majd pedig a szegycsont \u00e9s a k\u00f6ld\u00f6k k\u00f6z\u00f6tti r\u00e9szt massz\u00edrozzuk be vele. Fejf\u00e1j\u00e1s eset\u00e9n a homlokunkat, hal\u00e9nt\u00e9kunkat kenj\u00fck be vele. Arc\u00fcreg, orrmell\u00e9k\u00fcreg probl\u00e9m\u00e1k eset\u00e9n pedig az orrhegyre vigy\u00fck fel a ken\u0151cs\u00f6t.<\/p>\n<p>&nbsp;<\/p>\n","protected":false},"excerpt":{"rendered":"<p>J\u00f3t\u00e9kony hat\u00e1s\u00e1t t\u00f6bbek k\u00f6z\u00f6tt a gyomorra, belekre, l\u00e9pre, hasny\u00e1lmirigyre, m\u00e1jra \u00e9s ep\u00e9re fejti ki.<\/p>\n","protected":false},"featured_media":77727,"comment_status":"closed","ping_status":"closed","template":"","meta":{"_acf_changed":false},"product_brand":[],"product_cat":[189,186],"product_tag":[],"class_list":{"0":"post-2175","1":"product","2":"type-product","3":"status-publish","4":"has-post-thumbnail","6":"product_cat-hildegard-von-bingen-hu","7":"product_cat-kremek-kenocsoek-bedoerzsoelok","9":"first","10":"instock","11":"taxable","12":"shipping-taxable","13":"purchasable","14":"product-type-simple"},"acf":[],"yoast_head":"<!-- This site is optimized with the Yoast SEO plugin v27.2 - https:\/\/yoast.com\/product\/yoast-seo-wordpress\/ -->\n<title>Hildegard von Bingen Feny\u0151ken\u0151cs - Apotheke &amp; Drogerie zur Gnadenmutter - Mariazell<\/title>\n<meta name=\"robots\" content=\"index, follow, max-snippet:-1, max-image-preview:large, max-video-preview:-1\" \/>\n<link rel=\"canonical\" href=\"https:\/\/www.zurgnadenmutter.com\/hu\/produkt\/hildegard-von-bingen-fenyokenocs\/\" \/>\n<meta property=\"og:locale\" content=\"hu_HU\" \/>\n<meta property=\"og:type\" content=\"article\" \/>\n<meta property=\"og:title\" content=\"Hildegard von Bingen Feny\u0151ken\u0151cs - Apotheke &amp; Drogerie zur Gnadenmutter - Mariazell\" \/>\n<meta property=\"og:description\" content=\"J\u00f3t\u00e9kony hat\u00e1s\u00e1t t\u00f6bbek k\u00f6z\u00f6tt a gyomorra, belekre, l\u00e9pre, hasny\u00e1lmirigyre, m\u00e1jra \u00e9s ep\u00e9re fejti ki.\" \/>\n<meta property=\"og:url\" content=\"https:\/\/www.zurgnadenmutter.com\/hu\/produkt\/hildegard-von-bingen-fenyokenocs\/\" \/>\n<meta property=\"og:site_name\" content=\"Apotheke &amp; Drogerie zur Gnadenmutter - Mariazell\" \/>\n<meta property=\"article:modified_time\" content=\"2019-10-31T07:48:39+00:00\" \/>\n<meta property=\"og:image\" content=\"https:\/\/www.zurgnadenmutter.com\/wp-content\/uploads\/2016\/04\/Tannensalbe_2025-scaled.jpg\" \/>\n\t<meta property=\"og:image:width\" content=\"1920\" \/>\n\t<meta property=\"og:image:height\" content=\"2560\" \/>\n\t<meta property=\"og:image:type\" content=\"image\/jpeg\" \/>\n<meta name=\"twitter:card\" content=\"summary_large_image\" \/>\n<meta name=\"twitter:label1\" content=\"Becs\u00fclt olvas\u00e1si id\u0151\" \/>\n\t<meta name=\"twitter:data1\" content=\"1 perc\" \/>\n<script type=\"application\/ld+json\" class=\"yoast-schema-graph\">{\"@context\":\"https:\/\/schema.org\",\"@graph\":[{\"@type\":\"WebPage\",\"@id\":\"https:\/\/www.zurgnadenmutter.com\/hu\/produkt\/hildegard-von-bingen-fenyokenocs\/\",\"url\":\"https:\/\/www.zurgnadenmutter.com\/hu\/produkt\/hildegard-von-bingen-fenyokenocs\/\",\"name\":\"Hildegard von Bingen Feny\u0151ken\u0151cs - Apotheke &amp; Drogerie zur Gnadenmutter - Mariazell\",\"isPartOf\":{\"@id\":\"https:\/\/www.zurgnadenmutter.com\/#website\"},\"primaryImageOfPage\":{\"@id\":\"https:\/\/www.zurgnadenmutter.com\/hu\/produkt\/hildegard-von-bingen-fenyokenocs\/#primaryimage\"},\"image\":{\"@id\":\"https:\/\/www.zurgnadenmutter.com\/hu\/produkt\/hildegard-von-bingen-fenyokenocs\/#primaryimage\"},\"thumbnailUrl\":\"https:\/\/www.zurgnadenmutter.com\/wp-content\/uploads\/2016\/04\/Tannensalbe_2025-scaled.jpg\",\"datePublished\":\"2016-04-03T21:06:03+00:00\",\"dateModified\":\"2019-10-31T07:48:39+00:00\",\"breadcrumb\":{\"@id\":\"https:\/\/www.zurgnadenmutter.com\/hu\/produkt\/hildegard-von-bingen-fenyokenocs\/#breadcrumb\"},\"inLanguage\":\"hu\",\"potentialAction\":[{\"@type\":\"ReadAction\",\"target\":[\"https:\/\/www.zurgnadenmutter.com\/hu\/produkt\/hildegard-von-bingen-fenyokenocs\/\"]}]},{\"@type\":\"ImageObject\",\"inLanguage\":\"hu\",\"@id\":\"https:\/\/www.zurgnadenmutter.com\/hu\/produkt\/hildegard-von-bingen-fenyokenocs\/#primaryimage\",\"url\":\"https:\/\/www.zurgnadenmutter.com\/wp-content\/uploads\/2016\/04\/Tannensalbe_2025-scaled.jpg\",\"contentUrl\":\"https:\/\/www.zurgnadenmutter.com\/wp-content\/uploads\/2016\/04\/Tannensalbe_2025-scaled.jpg\",\"width\":1920,\"height\":2560},{\"@type\":\"BreadcrumbList\",\"@id\":\"https:\/\/www.zurgnadenmutter.com\/hu\/produkt\/hildegard-von-bingen-fenyokenocs\/#breadcrumb\",\"itemListElement\":[{\"@type\":\"ListItem\",\"position\":1,\"name\":\"Startseite\",\"item\":\"https:\/\/www.zurgnadenmutter.com\/hu\/\"},{\"@type\":\"ListItem\",\"position\":2,\"name\":\"Webshop\",\"item\":\"https:\/\/www.zurgnadenmutter.com\/hu\/webshop\/\"},{\"@type\":\"ListItem\",\"position\":3,\"name\":\"Hildegard von Bingen Feny\u0151ken\u0151cs\"}]},{\"@type\":\"WebSite\",\"@id\":\"https:\/\/www.zurgnadenmutter.com\/#website\",\"url\":\"https:\/\/www.zurgnadenmutter.com\/\",\"name\":\"Apotheke &amp; Drogerie zur Gnadenmutter - Mariazell\",\"description\":\"Apotheke Mariazell\",\"potentialAction\":[{\"@type\":\"SearchAction\",\"target\":{\"@type\":\"EntryPoint\",\"urlTemplate\":\"https:\/\/www.zurgnadenmutter.com\/?s={search_term_string}\"},\"query-input\":{\"@type\":\"PropertyValueSpecification\",\"valueRequired\":true,\"valueName\":\"search_term_string\"}}],\"inLanguage\":\"hu\"}]}<\/script>\n<!-- \/ Yoast SEO plugin. -->","yoast_head_json":{"title":"Hildegard von Bingen Feny\u0151ken\u0151cs - Apotheke &amp; Drogerie zur Gnadenmutter - Mariazell","robots":{"index":"index","follow":"follow","max-snippet":"max-snippet:-1","max-image-preview":"max-image-preview:large","max-video-preview":"max-video-preview:-1"},"canonical":"https:\/\/www.zurgnadenmutter.com\/hu\/produkt\/hildegard-von-bingen-fenyokenocs\/","og_locale":"hu_HU","og_type":"article","og_title":"Hildegard von Bingen Feny\u0151ken\u0151cs - Apotheke &amp; Drogerie zur Gnadenmutter - Mariazell","og_description":"J\u00f3t\u00e9kony hat\u00e1s\u00e1t t\u00f6bbek k\u00f6z\u00f6tt a gyomorra, belekre, l\u00e9pre, hasny\u00e1lmirigyre, m\u00e1jra \u00e9s ep\u00e9re fejti ki.","og_url":"https:\/\/www.zurgnadenmutter.com\/hu\/produkt\/hildegard-von-bingen-fenyokenocs\/","og_site_name":"Apotheke &amp; Drogerie zur Gnadenmutter - Mariazell","article_modified_time":"2019-10-31T07:48:39+00:00","og_image":[{"width":1920,"height":2560,"url":"https:\/\/www.zurgnadenmutter.com\/wp-content\/uploads\/2016\/04\/Tannensalbe_2025-scaled.jpg","type":"image\/jpeg"}],"twitter_card":"summary_large_image","twitter_misc":{"Becs\u00fclt olvas\u00e1si id\u0151":"1 perc"},"schema":{"@context":"https:\/\/schema.org","@graph":[{"@type":"WebPage","@id":"https:\/\/www.zurgnadenmutter.com\/hu\/produkt\/hildegard-von-bingen-fenyokenocs\/","url":"https:\/\/www.zurgnadenmutter.com\/hu\/produkt\/hildegard-von-bingen-fenyokenocs\/","name":"Hildegard von Bingen Feny\u0151ken\u0151cs - Apotheke &amp; Drogerie zur Gnadenmutter - Mariazell","isPartOf":{"@id":"https:\/\/www.zurgnadenmutter.com\/#website"},"primaryImageOfPage":{"@id":"https:\/\/www.zurgnadenmutter.com\/hu\/produkt\/hildegard-von-bingen-fenyokenocs\/#primaryimage"},"image":{"@id":"https:\/\/www.zurgnadenmutter.com\/hu\/produkt\/hildegard-von-bingen-fenyokenocs\/#primaryimage"},"thumbnailUrl":"https:\/\/www.zurgnadenmutter.com\/wp-content\/uploads\/2016\/04\/Tannensalbe_2025-scaled.jpg","datePublished":"2016-04-03T21:06:03+00:00","dateModified":"2019-10-31T07:48:39+00:00","breadcrumb":{"@id":"https:\/\/www.zurgnadenmutter.com\/hu\/produkt\/hildegard-von-bingen-fenyokenocs\/#breadcrumb"},"inLanguage":"hu","potentialAction":[{"@type":"ReadAction","target":["https:\/\/www.zurgnadenmutter.com\/hu\/produkt\/hildegard-von-bingen-fenyokenocs\/"]}]},{"@type":"ImageObject","inLanguage":"hu","@id":"https:\/\/www.zurgnadenmutter.com\/hu\/produkt\/hildegard-von-bingen-fenyokenocs\/#primaryimage","url":"https:\/\/www.zurgnadenmutter.com\/wp-content\/uploads\/2016\/04\/Tannensalbe_2025-scaled.jpg","contentUrl":"https:\/\/www.zurgnadenmutter.com\/wp-content\/uploads\/2016\/04\/Tannensalbe_2025-scaled.jpg","width":1920,"height":2560},{"@type":"BreadcrumbList","@id":"https:\/\/www.zurgnadenmutter.com\/hu\/produkt\/hildegard-von-bingen-fenyokenocs\/#breadcrumb","itemListElement":[{"@type":"ListItem","position":1,"name":"Startseite","item":"https:\/\/www.zurgnadenmutter.com\/hu\/"},{"@type":"ListItem","position":2,"name":"Webshop","item":"https:\/\/www.zurgnadenmutter.com\/hu\/webshop\/"},{"@type":"ListItem","position":3,"name":"Hildegard von Bingen Feny\u0151ken\u0151cs"}]},{"@type":"WebSite","@id":"https:\/\/www.zurgnadenmutter.com\/#website","url":"https:\/\/www.zurgnadenmutter.com\/","name":"Apotheke &amp; Drogerie zur Gnadenmutter - Mariazell","description":"Apotheke Mariazell","potentialAction":[{"@type":"SearchAction","target":{"@type":"EntryPoint","urlTemplate":"https:\/\/www.zurgnadenmutter.com\/?s={search_term_string}"},"query-input":{"@type":"PropertyValueSpecification","valueRequired":true,"valueName":"search_term_string"}}],"inLanguage":"hu"}]}},"_links":{"self":[{"href":"https:\/\/www.zurgnadenmutter.com\/hu\/wp-json\/wp\/v2\/product\/2175","targetHints":{"allow":["GET"]}}],"collection":[{"href":"https:\/\/www.zurgnadenmutter.com\/hu\/wp-json\/wp\/v2\/product"}],"about":[{"href":"https:\/\/www.zurgnadenmutter.com\/hu\/wp-json\/wp\/v2\/types\/product"}],"replies":[{"embeddable":true,"href":"https:\/\/www.zurgnadenmutter.com\/hu\/wp-json\/wp\/v2\/comments?post=2175"}],"wp:featuredmedia":[{"embeddable":true,"href":"https:\/\/www.zurgnadenmutter.com\/hu\/wp-json\/wp\/v2\/media\/77727"}],"wp:attachment":[{"href":"https:\/\/www.zurgnadenmutter.com\/hu\/wp-json\/wp\/v2\/media?parent=2175"}],"wp:term":[{"taxonomy":"product_brand","embeddable":true,"href":"https:\/\/www.zurgnadenmutter.com\/hu\/wp-json\/wp\/v2\/product_brand?post=2175"},{"taxonomy":"product_cat","embeddable":true,"href":"https:\/\/www.zurgnadenmutter.com\/hu\/wp-json\/wp\/v2\/product_cat?post=2175"},{"taxonomy":"product_tag","embeddable":true,"href":"https:\/\/www.zurgnadenmutter.com\/hu\/wp-json\/wp\/v2\/product_tag?post=2175"}],"curies":[{"name":"wp","href":"https:\/\/api.w.org\/{rel}","templated":true}]}}