{"id":2127,"date":"2016-04-04T22:31:31","date_gmt":"2016-04-04T20:31:31","guid":{"rendered":"https:\/\/www.zurgnadenmutter.com\/shop\/ateia-spf-30-sunprotect-repair-fenyvedo-krem\/"},"modified":"2016-04-04T22:31:31","modified_gmt":"2016-04-04T20:31:31","slug":"ateia-spf-30-sunprotect-repair-fenyvedo-krem","status":"publish","type":"product","link":"https:\/\/www.zurgnadenmutter.com\/hu\/produkt\/ateia-spf-30-sunprotect-repair-fenyvedo-krem\/","title":{"rendered":"ATEIA SPF 30 Sunprotect + Repair f\u00e9nyv\u00e9d\u0151 kr\u00e9m"},"content":{"rendered":"<p>F\u00e9nyv\u00e9d\u0151 kr\u00e9m arcra \u00e9s testre: v\u00e9d, \u00e1pol, illetve m\u00e1r napoz\u00e1s k\u00f6zben regener\u00e1l. Haszn\u00e1lat\u00e1val b\u0151r\u00fcnk sok\u00e1ig meg\u0151rzi barnas\u00e1g\u00e1t.<\/p>\n<p>Hipoallerg\u00e9n, v\u00edz\u00e1ll\u00f3 kr\u00e9m. Gyermekeknek \u00e9s feln\u0151tteknek egyar\u00e1nt aj\u00e1nlott.<\/p>\n","protected":false},"excerpt":{"rendered":"<p>Magas f\u00e9nyv\u00e9delem (SPF 30) &#8211; f\u00e9nyv\u00e9d\u0151 kr\u00e9m arcra \u00e9s testre (\u00e9rz\u00e9keny ill. norm\u00e1l b\u0151rre)<\/p>\n","protected":false},"featured_media":75851,"comment_status":"closed","ping_status":"closed","template":"","meta":{"_acf_changed":false},"product_brand":[],"product_cat":[192,191],"product_tag":[],"class_list":{"0":"post-2127","1":"product","2":"type-product","3":"status-publish","4":"has-post-thumbnail","6":"product_cat-ateia-hu","7":"product_cat-kozmetikumok","9":"first","10":"instock","11":"taxable","12":"shipping-taxable","13":"purchasable","14":"product-type-simple"},"acf":[],"yoast_head":"<!-- This site is optimized with the Yoast SEO plugin v27.2 - https:\/\/yoast.com\/product\/yoast-seo-wordpress\/ -->\n<title>ATEIA SPF 30 Sunprotect + Repair f\u00e9nyv\u00e9d\u0151 kr\u00e9m - Apotheke &amp; Drogerie zur Gnadenmutter - Mariazell<\/title>\n<meta name=\"robots\" content=\"index, follow, max-snippet:-1, max-image-preview:large, max-video-preview:-1\" \/>\n<link rel=\"canonical\" href=\"https:\/\/www.zurgnadenmutter.com\/hu\/produkt\/ateia-spf-30-sunprotect-repair-fenyvedo-krem\/\" \/>\n<meta property=\"og:locale\" content=\"hu_HU\" \/>\n<meta property=\"og:type\" content=\"article\" \/>\n<meta property=\"og:title\" content=\"ATEIA SPF 30 Sunprotect + Repair f\u00e9nyv\u00e9d\u0151 kr\u00e9m - Apotheke &amp; Drogerie zur Gnadenmutter - Mariazell\" \/>\n<meta property=\"og:description\" content=\"Magas f\u00e9nyv\u00e9delem (SPF 30) - f\u00e9nyv\u00e9d\u0151 kr\u00e9m arcra \u00e9s testre (\u00e9rz\u00e9keny ill. norm\u00e1l b\u0151rre)\" \/>\n<meta property=\"og:url\" content=\"https:\/\/www.zurgnadenmutter.com\/hu\/produkt\/ateia-spf-30-sunprotect-repair-fenyvedo-krem\/\" \/>\n<meta property=\"og:site_name\" content=\"Apotheke &amp; Drogerie zur Gnadenmutter - Mariazell\" \/>\n<meta property=\"og:image\" content=\"https:\/\/www.zurgnadenmutter.com\/wp-content\/uploads\/2016\/04\/Ateia-30-nebenan-768x1024.png\" \/>\n\t<meta property=\"og:image:width\" content=\"768\" \/>\n\t<meta property=\"og:image:height\" content=\"1024\" \/>\n\t<meta property=\"og:image:type\" content=\"image\/png\" \/>\n<meta name=\"twitter:card\" content=\"summary_large_image\" \/>\n<script type=\"application\/ld+json\" class=\"yoast-schema-graph\">{\"@context\":\"https:\/\/schema.org\",\"@graph\":[{\"@type\":\"WebPage\",\"@id\":\"https:\/\/www.zurgnadenmutter.com\/hu\/produkt\/ateia-spf-30-sunprotect-repair-fenyvedo-krem\/\",\"url\":\"https:\/\/www.zurgnadenmutter.com\/hu\/produkt\/ateia-spf-30-sunprotect-repair-fenyvedo-krem\/\",\"name\":\"ATEIA SPF 30 Sunprotect + Repair f\u00e9nyv\u00e9d\u0151 kr\u00e9m - Apotheke &amp; Drogerie zur Gnadenmutter - Mariazell\",\"isPartOf\":{\"@id\":\"https:\/\/www.zurgnadenmutter.com\/#website\"},\"primaryImageOfPage\":{\"@id\":\"https:\/\/www.zurgnadenmutter.com\/hu\/produkt\/ateia-spf-30-sunprotect-repair-fenyvedo-krem\/#primaryimage\"},\"image\":{\"@id\":\"https:\/\/www.zurgnadenmutter.com\/hu\/produkt\/ateia-spf-30-sunprotect-repair-fenyvedo-krem\/#primaryimage\"},\"thumbnailUrl\":\"https:\/\/www.zurgnadenmutter.com\/wp-content\/uploads\/2016\/04\/ateia-neu-nebenan-30-1.png\",\"datePublished\":\"2016-04-04T20:31:31+00:00\",\"breadcrumb\":{\"@id\":\"https:\/\/www.zurgnadenmutter.com\/hu\/produkt\/ateia-spf-30-sunprotect-repair-fenyvedo-krem\/#breadcrumb\"},\"inLanguage\":\"hu\",\"potentialAction\":[{\"@type\":\"ReadAction\",\"target\":[\"https:\/\/www.zurgnadenmutter.com\/hu\/produkt\/ateia-spf-30-sunprotect-repair-fenyvedo-krem\/\"]}]},{\"@type\":\"ImageObject\",\"inLanguage\":\"hu\",\"@id\":\"https:\/\/www.zurgnadenmutter.com\/hu\/produkt\/ateia-spf-30-sunprotect-repair-fenyvedo-krem\/#primaryimage\",\"url\":\"https:\/\/www.zurgnadenmutter.com\/wp-content\/uploads\/2016\/04\/ateia-neu-nebenan-30-1.png\",\"contentUrl\":\"https:\/\/www.zurgnadenmutter.com\/wp-content\/uploads\/2016\/04\/ateia-neu-nebenan-30-1.png\",\"width\":2448,\"height\":3264},{\"@type\":\"BreadcrumbList\",\"@id\":\"https:\/\/www.zurgnadenmutter.com\/hu\/produkt\/ateia-spf-30-sunprotect-repair-fenyvedo-krem\/#breadcrumb\",\"itemListElement\":[{\"@type\":\"ListItem\",\"position\":1,\"name\":\"Startseite\",\"item\":\"https:\/\/www.zurgnadenmutter.com\/hu\/\"},{\"@type\":\"ListItem\",\"position\":2,\"name\":\"Webshop\",\"item\":\"https:\/\/www.zurgnadenmutter.com\/hu\/webshop\/\"},{\"@type\":\"ListItem\",\"position\":3,\"name\":\"ATEIA SPF 30 Sunprotect + Repair f\u00e9nyv\u00e9d\u0151 kr\u00e9m\"}]},{\"@type\":\"WebSite\",\"@id\":\"https:\/\/www.zurgnadenmutter.com\/#website\",\"url\":\"https:\/\/www.zurgnadenmutter.com\/\",\"name\":\"Apotheke &amp; Drogerie zur Gnadenmutter - Mariazell\",\"description\":\"Apotheke Mariazell\",\"potentialAction\":[{\"@type\":\"SearchAction\",\"target\":{\"@type\":\"EntryPoint\",\"urlTemplate\":\"https:\/\/www.zurgnadenmutter.com\/?s={search_term_string}\"},\"query-input\":{\"@type\":\"PropertyValueSpecification\",\"valueRequired\":true,\"valueName\":\"search_term_string\"}}],\"inLanguage\":\"hu\"}]}<\/script>\n<!-- \/ Yoast SEO plugin. -->","yoast_head_json":{"title":"ATEIA SPF 30 Sunprotect + Repair f\u00e9nyv\u00e9d\u0151 kr\u00e9m - Apotheke &amp; Drogerie zur Gnadenmutter - Mariazell","robots":{"index":"index","follow":"follow","max-snippet":"max-snippet:-1","max-image-preview":"max-image-preview:large","max-video-preview":"max-video-preview:-1"},"canonical":"https:\/\/www.zurgnadenmutter.com\/hu\/produkt\/ateia-spf-30-sunprotect-repair-fenyvedo-krem\/","og_locale":"hu_HU","og_type":"article","og_title":"ATEIA SPF 30 Sunprotect + Repair f\u00e9nyv\u00e9d\u0151 kr\u00e9m - Apotheke &amp; Drogerie zur Gnadenmutter - Mariazell","og_description":"Magas f\u00e9nyv\u00e9delem (SPF 30) - f\u00e9nyv\u00e9d\u0151 kr\u00e9m arcra \u00e9s testre (\u00e9rz\u00e9keny ill. norm\u00e1l b\u0151rre)","og_url":"https:\/\/www.zurgnadenmutter.com\/hu\/produkt\/ateia-spf-30-sunprotect-repair-fenyvedo-krem\/","og_site_name":"Apotheke &amp; Drogerie zur Gnadenmutter - Mariazell","og_image":[{"width":768,"height":1024,"url":"https:\/\/www.zurgnadenmutter.com\/wp-content\/uploads\/2016\/04\/Ateia-30-nebenan-768x1024.png","type":"image\/png"}],"twitter_card":"summary_large_image","schema":{"@context":"https:\/\/schema.org","@graph":[{"@type":"WebPage","@id":"https:\/\/www.zurgnadenmutter.com\/hu\/produkt\/ateia-spf-30-sunprotect-repair-fenyvedo-krem\/","url":"https:\/\/www.zurgnadenmutter.com\/hu\/produkt\/ateia-spf-30-sunprotect-repair-fenyvedo-krem\/","name":"ATEIA SPF 30 Sunprotect + Repair f\u00e9nyv\u00e9d\u0151 kr\u00e9m - Apotheke &amp; Drogerie zur Gnadenmutter - Mariazell","isPartOf":{"@id":"https:\/\/www.zurgnadenmutter.com\/#website"},"primaryImageOfPage":{"@id":"https:\/\/www.zurgnadenmutter.com\/hu\/produkt\/ateia-spf-30-sunprotect-repair-fenyvedo-krem\/#primaryimage"},"image":{"@id":"https:\/\/www.zurgnadenmutter.com\/hu\/produkt\/ateia-spf-30-sunprotect-repair-fenyvedo-krem\/#primaryimage"},"thumbnailUrl":"https:\/\/www.zurgnadenmutter.com\/wp-content\/uploads\/2016\/04\/ateia-neu-nebenan-30-1.png","datePublished":"2016-04-04T20:31:31+00:00","breadcrumb":{"@id":"https:\/\/www.zurgnadenmutter.com\/hu\/produkt\/ateia-spf-30-sunprotect-repair-fenyvedo-krem\/#breadcrumb"},"inLanguage":"hu","potentialAction":[{"@type":"ReadAction","target":["https:\/\/www.zurgnadenmutter.com\/hu\/produkt\/ateia-spf-30-sunprotect-repair-fenyvedo-krem\/"]}]},{"@type":"ImageObject","inLanguage":"hu","@id":"https:\/\/www.zurgnadenmutter.com\/hu\/produkt\/ateia-spf-30-sunprotect-repair-fenyvedo-krem\/#primaryimage","url":"https:\/\/www.zurgnadenmutter.com\/wp-content\/uploads\/2016\/04\/ateia-neu-nebenan-30-1.png","contentUrl":"https:\/\/www.zurgnadenmutter.com\/wp-content\/uploads\/2016\/04\/ateia-neu-nebenan-30-1.png","width":2448,"height":3264},{"@type":"BreadcrumbList","@id":"https:\/\/www.zurgnadenmutter.com\/hu\/produkt\/ateia-spf-30-sunprotect-repair-fenyvedo-krem\/#breadcrumb","itemListElement":[{"@type":"ListItem","position":1,"name":"Startseite","item":"https:\/\/www.zurgnadenmutter.com\/hu\/"},{"@type":"ListItem","position":2,"name":"Webshop","item":"https:\/\/www.zurgnadenmutter.com\/hu\/webshop\/"},{"@type":"ListItem","position":3,"name":"ATEIA SPF 30 Sunprotect + Repair f\u00e9nyv\u00e9d\u0151 kr\u00e9m"}]},{"@type":"WebSite","@id":"https:\/\/www.zurgnadenmutter.com\/#website","url":"https:\/\/www.zurgnadenmutter.com\/","name":"Apotheke &amp; Drogerie zur Gnadenmutter - Mariazell","description":"Apotheke Mariazell","potentialAction":[{"@type":"SearchAction","target":{"@type":"EntryPoint","urlTemplate":"https:\/\/www.zurgnadenmutter.com\/?s={search_term_string}"},"query-input":{"@type":"PropertyValueSpecification","valueRequired":true,"valueName":"search_term_string"}}],"inLanguage":"hu"}]}},"_links":{"self":[{"href":"https:\/\/www.zurgnadenmutter.com\/hu\/wp-json\/wp\/v2\/product\/2127","targetHints":{"allow":["GET"]}}],"collection":[{"href":"https:\/\/www.zurgnadenmutter.com\/hu\/wp-json\/wp\/v2\/product"}],"about":[{"href":"https:\/\/www.zurgnadenmutter.com\/hu\/wp-json\/wp\/v2\/types\/product"}],"replies":[{"embeddable":true,"href":"https:\/\/www.zurgnadenmutter.com\/hu\/wp-json\/wp\/v2\/comments?post=2127"}],"wp:featuredmedia":[{"embeddable":true,"href":"https:\/\/www.zurgnadenmutter.com\/hu\/wp-json\/wp\/v2\/media\/75851"}],"wp:attachment":[{"href":"https:\/\/www.zurgnadenmutter.com\/hu\/wp-json\/wp\/v2\/media?parent=2127"}],"wp:term":[{"taxonomy":"product_brand","embeddable":true,"href":"https:\/\/www.zurgnadenmutter.com\/hu\/wp-json\/wp\/v2\/product_brand?post=2127"},{"taxonomy":"product_cat","embeddable":true,"href":"https:\/\/www.zurgnadenmutter.com\/hu\/wp-json\/wp\/v2\/product_cat?post=2127"},{"taxonomy":"product_tag","embeddable":true,"href":"https:\/\/www.zurgnadenmutter.com\/hu\/wp-json\/wp\/v2\/product_tag?post=2127"}],"curies":[{"name":"wp","href":"https:\/\/api.w.org\/{rel}","templated":true}]}}