{"id":2120,"date":"2016-04-04T22:49:41","date_gmt":"2016-04-04T20:49:41","guid":{"rendered":"https:\/\/www.zurgnadenmutter.com\/shop\/gyogyszertari-kozmetikumok-tusfuerdo\/"},"modified":"2016-04-04T22:49:41","modified_gmt":"2016-04-04T20:49:41","slug":"gyogyszertari-kozmetikumok-tusfuerdo","status":"publish","type":"product","link":"https:\/\/www.zurgnadenmutter.com\/hu\/produkt\/gyogyszertari-kozmetikumok-tusfuerdo\/","title":{"rendered":"Gy\u00f3gyszert\u00e1ri kozmetikumok &#8211; Tusf\u00fcrd\u0151"},"content":{"rendered":"<ul>\n<li>term\u00e9szetes alapanyagok<\/li>\n<li>term\u00e9szetes tart\u00f3s\u00edt\u00f3szerek<\/li>\n<li>\u00fajrahasznos\u00edthat\u00f3 csomagol\u00e1s<\/li>\n<\/ul>\n<p>Term\u00e9szetes alap\u00fa gyeng\u00e9d tiszt\u00edt\u00e1s a testnek. Olyan gyeng\u00e9d tusf\u00fcrd\u0151re v\u00e1gyik, ami \u00fagy \u00f6leli k\u00f6r\u00fcl test\u00e9t, mint a b\u00e1rsony? K\u00e9nyeztesse test\u00e9t nap mint nap a vad m\u00e1lyv\u00e1t \u00e9s aloe ver\u00e1t tartalmaz\u00f3 term\u00e9szetes tiszt\u00edt\u00f3b\u00e1zis\u00fa tusf\u00fcrd\u0151nkkel! Az innovat\u00edv \u00e1pol\u00f3 formula v\u00e9d\u0151r\u00e9teggel vonja be test\u00e9t, mely \u00edgy eg\u00e9sz napra v\u00e9dve van a kisz\u00e1rad\u00e1st\u00f3l. Gyeng\u00e9d test\u00e1pol\u00e1s a zuhanyz\u00e1s pillanat\u00e1t\u00f3l kezdve.<\/p>\n","protected":false},"excerpt":{"rendered":"<p>K\u00e9nyeztesse test\u00e9t nap mint nap a vad m\u00e1lyv\u00e1t \u00e9s aloe ver\u00e1t tartalmaz\u00f3 term\u00e9szetes tiszt\u00edt\u00f3b\u00e1zis\u00fa tusf\u00fcrd\u0151nkkel!<\/p>\n","protected":false},"featured_media":84672,"comment_status":"closed","ping_status":"closed","template":"","meta":{"_acf_changed":false},"product_brand":[],"product_cat":[209,191],"product_tag":[],"class_list":{"0":"post-2120","1":"product","2":"type-product","3":"status-publish","4":"has-post-thumbnail","6":"product_cat-gyogyszertari-kozmetikumok","7":"product_cat-kozmetikumok","9":"first","10":"instock","11":"taxable","12":"shipping-taxable","13":"purchasable","14":"product-type-simple"},"acf":[],"yoast_head":"<!-- This site is optimized with the Yoast SEO plugin v27.2 - https:\/\/yoast.com\/product\/yoast-seo-wordpress\/ -->\n<title>Gy\u00f3gyszert\u00e1ri kozmetikumok - Tusf\u00fcrd\u0151 - Apotheke &amp; Drogerie zur Gnadenmutter - Mariazell<\/title>\n<meta name=\"robots\" content=\"index, follow, max-snippet:-1, max-image-preview:large, max-video-preview:-1\" \/>\n<link rel=\"canonical\" href=\"https:\/\/www.zurgnadenmutter.com\/hu\/produkt\/gyogyszertari-kozmetikumok-tusfuerdo\/\" \/>\n<meta property=\"og:locale\" content=\"hu_HU\" \/>\n<meta property=\"og:type\" content=\"article\" \/>\n<meta property=\"og:title\" content=\"Gy\u00f3gyszert\u00e1ri kozmetikumok - Tusf\u00fcrd\u0151 - Apotheke &amp; Drogerie zur Gnadenmutter - Mariazell\" \/>\n<meta property=\"og:description\" content=\"K\u00e9nyeztesse test\u00e9t nap mint nap a vad m\u00e1lyv\u00e1t \u00e9s aloe ver\u00e1t tartalmaz\u00f3 term\u00e9szetes tiszt\u00edt\u00f3b\u00e1zis\u00fa tusf\u00fcrd\u0151nkkel!\" \/>\n<meta property=\"og:url\" content=\"https:\/\/www.zurgnadenmutter.com\/hu\/produkt\/gyogyszertari-kozmetikumok-tusfuerdo\/\" \/>\n<meta property=\"og:site_name\" content=\"Apotheke &amp; Drogerie zur Gnadenmutter - Mariazell\" \/>\n<meta property=\"og:image\" content=\"https:\/\/www.zurgnadenmutter.com\/wp-content\/uploads\/2016\/04\/Duschgel_2025-scaled.jpg\" \/>\n\t<meta property=\"og:image:width\" content=\"1920\" \/>\n\t<meta property=\"og:image:height\" content=\"2560\" \/>\n\t<meta property=\"og:image:type\" content=\"image\/jpeg\" \/>\n<meta name=\"twitter:card\" content=\"summary_large_image\" \/>\n<meta name=\"twitter:label1\" content=\"Becs\u00fclt olvas\u00e1si id\u0151\" \/>\n\t<meta name=\"twitter:data1\" content=\"1 perc\" \/>\n<script type=\"application\/ld+json\" class=\"yoast-schema-graph\">{\"@context\":\"https:\/\/schema.org\",\"@graph\":[{\"@type\":\"WebPage\",\"@id\":\"https:\/\/www.zurgnadenmutter.com\/hu\/produkt\/gyogyszertari-kozmetikumok-tusfuerdo\/\",\"url\":\"https:\/\/www.zurgnadenmutter.com\/hu\/produkt\/gyogyszertari-kozmetikumok-tusfuerdo\/\",\"name\":\"Gy\u00f3gyszert\u00e1ri kozmetikumok - Tusf\u00fcrd\u0151 - Apotheke &amp; Drogerie zur Gnadenmutter - Mariazell\",\"isPartOf\":{\"@id\":\"https:\/\/www.zurgnadenmutter.com\/#website\"},\"primaryImageOfPage\":{\"@id\":\"https:\/\/www.zurgnadenmutter.com\/hu\/produkt\/gyogyszertari-kozmetikumok-tusfuerdo\/#primaryimage\"},\"image\":{\"@id\":\"https:\/\/www.zurgnadenmutter.com\/hu\/produkt\/gyogyszertari-kozmetikumok-tusfuerdo\/#primaryimage\"},\"thumbnailUrl\":\"https:\/\/www.zurgnadenmutter.com\/wp-content\/uploads\/2016\/04\/Duschgel-scaled.jpg\",\"datePublished\":\"2016-04-04T20:49:41+00:00\",\"breadcrumb\":{\"@id\":\"https:\/\/www.zurgnadenmutter.com\/hu\/produkt\/gyogyszertari-kozmetikumok-tusfuerdo\/#breadcrumb\"},\"inLanguage\":\"hu\",\"potentialAction\":[{\"@type\":\"ReadAction\",\"target\":[\"https:\/\/www.zurgnadenmutter.com\/hu\/produkt\/gyogyszertari-kozmetikumok-tusfuerdo\/\"]}]},{\"@type\":\"ImageObject\",\"inLanguage\":\"hu\",\"@id\":\"https:\/\/www.zurgnadenmutter.com\/hu\/produkt\/gyogyszertari-kozmetikumok-tusfuerdo\/#primaryimage\",\"url\":\"https:\/\/www.zurgnadenmutter.com\/wp-content\/uploads\/2016\/04\/Duschgel-scaled.jpg\",\"contentUrl\":\"https:\/\/www.zurgnadenmutter.com\/wp-content\/uploads\/2016\/04\/Duschgel-scaled.jpg\",\"width\":1920,\"height\":2560},{\"@type\":\"BreadcrumbList\",\"@id\":\"https:\/\/www.zurgnadenmutter.com\/hu\/produkt\/gyogyszertari-kozmetikumok-tusfuerdo\/#breadcrumb\",\"itemListElement\":[{\"@type\":\"ListItem\",\"position\":1,\"name\":\"Startseite\",\"item\":\"https:\/\/www.zurgnadenmutter.com\/hu\/\"},{\"@type\":\"ListItem\",\"position\":2,\"name\":\"Webshop\",\"item\":\"https:\/\/www.zurgnadenmutter.com\/hu\/webshop\/\"},{\"@type\":\"ListItem\",\"position\":3,\"name\":\"Gy\u00f3gyszert\u00e1ri kozmetikumok &#8211; Tusf\u00fcrd\u0151\"}]},{\"@type\":\"WebSite\",\"@id\":\"https:\/\/www.zurgnadenmutter.com\/#website\",\"url\":\"https:\/\/www.zurgnadenmutter.com\/\",\"name\":\"Apotheke &amp; Drogerie zur Gnadenmutter - Mariazell\",\"description\":\"Apotheke Mariazell\",\"potentialAction\":[{\"@type\":\"SearchAction\",\"target\":{\"@type\":\"EntryPoint\",\"urlTemplate\":\"https:\/\/www.zurgnadenmutter.com\/?s={search_term_string}\"},\"query-input\":{\"@type\":\"PropertyValueSpecification\",\"valueRequired\":true,\"valueName\":\"search_term_string\"}}],\"inLanguage\":\"hu\"}]}<\/script>\n<!-- \/ Yoast SEO plugin. -->","yoast_head_json":{"title":"Gy\u00f3gyszert\u00e1ri kozmetikumok - Tusf\u00fcrd\u0151 - Apotheke &amp; Drogerie zur Gnadenmutter - Mariazell","robots":{"index":"index","follow":"follow","max-snippet":"max-snippet:-1","max-image-preview":"max-image-preview:large","max-video-preview":"max-video-preview:-1"},"canonical":"https:\/\/www.zurgnadenmutter.com\/hu\/produkt\/gyogyszertari-kozmetikumok-tusfuerdo\/","og_locale":"hu_HU","og_type":"article","og_title":"Gy\u00f3gyszert\u00e1ri kozmetikumok - Tusf\u00fcrd\u0151 - Apotheke &amp; Drogerie zur Gnadenmutter - Mariazell","og_description":"K\u00e9nyeztesse test\u00e9t nap mint nap a vad m\u00e1lyv\u00e1t \u00e9s aloe ver\u00e1t tartalmaz\u00f3 term\u00e9szetes tiszt\u00edt\u00f3b\u00e1zis\u00fa tusf\u00fcrd\u0151nkkel!","og_url":"https:\/\/www.zurgnadenmutter.com\/hu\/produkt\/gyogyszertari-kozmetikumok-tusfuerdo\/","og_site_name":"Apotheke &amp; Drogerie zur Gnadenmutter - Mariazell","og_image":[{"width":1920,"height":2560,"url":"https:\/\/www.zurgnadenmutter.com\/wp-content\/uploads\/2016\/04\/Duschgel_2025-scaled.jpg","type":"image\/jpeg"}],"twitter_card":"summary_large_image","twitter_misc":{"Becs\u00fclt olvas\u00e1si id\u0151":"1 perc"},"schema":{"@context":"https:\/\/schema.org","@graph":[{"@type":"WebPage","@id":"https:\/\/www.zurgnadenmutter.com\/hu\/produkt\/gyogyszertari-kozmetikumok-tusfuerdo\/","url":"https:\/\/www.zurgnadenmutter.com\/hu\/produkt\/gyogyszertari-kozmetikumok-tusfuerdo\/","name":"Gy\u00f3gyszert\u00e1ri kozmetikumok - Tusf\u00fcrd\u0151 - Apotheke &amp; Drogerie zur Gnadenmutter - Mariazell","isPartOf":{"@id":"https:\/\/www.zurgnadenmutter.com\/#website"},"primaryImageOfPage":{"@id":"https:\/\/www.zurgnadenmutter.com\/hu\/produkt\/gyogyszertari-kozmetikumok-tusfuerdo\/#primaryimage"},"image":{"@id":"https:\/\/www.zurgnadenmutter.com\/hu\/produkt\/gyogyszertari-kozmetikumok-tusfuerdo\/#primaryimage"},"thumbnailUrl":"https:\/\/www.zurgnadenmutter.com\/wp-content\/uploads\/2016\/04\/Duschgel-scaled.jpg","datePublished":"2016-04-04T20:49:41+00:00","breadcrumb":{"@id":"https:\/\/www.zurgnadenmutter.com\/hu\/produkt\/gyogyszertari-kozmetikumok-tusfuerdo\/#breadcrumb"},"inLanguage":"hu","potentialAction":[{"@type":"ReadAction","target":["https:\/\/www.zurgnadenmutter.com\/hu\/produkt\/gyogyszertari-kozmetikumok-tusfuerdo\/"]}]},{"@type":"ImageObject","inLanguage":"hu","@id":"https:\/\/www.zurgnadenmutter.com\/hu\/produkt\/gyogyszertari-kozmetikumok-tusfuerdo\/#primaryimage","url":"https:\/\/www.zurgnadenmutter.com\/wp-content\/uploads\/2016\/04\/Duschgel-scaled.jpg","contentUrl":"https:\/\/www.zurgnadenmutter.com\/wp-content\/uploads\/2016\/04\/Duschgel-scaled.jpg","width":1920,"height":2560},{"@type":"BreadcrumbList","@id":"https:\/\/www.zurgnadenmutter.com\/hu\/produkt\/gyogyszertari-kozmetikumok-tusfuerdo\/#breadcrumb","itemListElement":[{"@type":"ListItem","position":1,"name":"Startseite","item":"https:\/\/www.zurgnadenmutter.com\/hu\/"},{"@type":"ListItem","position":2,"name":"Webshop","item":"https:\/\/www.zurgnadenmutter.com\/hu\/webshop\/"},{"@type":"ListItem","position":3,"name":"Gy\u00f3gyszert\u00e1ri kozmetikumok &#8211; Tusf\u00fcrd\u0151"}]},{"@type":"WebSite","@id":"https:\/\/www.zurgnadenmutter.com\/#website","url":"https:\/\/www.zurgnadenmutter.com\/","name":"Apotheke &amp; Drogerie zur Gnadenmutter - Mariazell","description":"Apotheke Mariazell","potentialAction":[{"@type":"SearchAction","target":{"@type":"EntryPoint","urlTemplate":"https:\/\/www.zurgnadenmutter.com\/?s={search_term_string}"},"query-input":{"@type":"PropertyValueSpecification","valueRequired":true,"valueName":"search_term_string"}}],"inLanguage":"hu"}]}},"_links":{"self":[{"href":"https:\/\/www.zurgnadenmutter.com\/hu\/wp-json\/wp\/v2\/product\/2120","targetHints":{"allow":["GET"]}}],"collection":[{"href":"https:\/\/www.zurgnadenmutter.com\/hu\/wp-json\/wp\/v2\/product"}],"about":[{"href":"https:\/\/www.zurgnadenmutter.com\/hu\/wp-json\/wp\/v2\/types\/product"}],"replies":[{"embeddable":true,"href":"https:\/\/www.zurgnadenmutter.com\/hu\/wp-json\/wp\/v2\/comments?post=2120"}],"wp:featuredmedia":[{"embeddable":true,"href":"https:\/\/www.zurgnadenmutter.com\/hu\/wp-json\/wp\/v2\/media\/84672"}],"wp:attachment":[{"href":"https:\/\/www.zurgnadenmutter.com\/hu\/wp-json\/wp\/v2\/media?parent=2120"}],"wp:term":[{"taxonomy":"product_brand","embeddable":true,"href":"https:\/\/www.zurgnadenmutter.com\/hu\/wp-json\/wp\/v2\/product_brand?post=2120"},{"taxonomy":"product_cat","embeddable":true,"href":"https:\/\/www.zurgnadenmutter.com\/hu\/wp-json\/wp\/v2\/product_cat?post=2120"},{"taxonomy":"product_tag","embeddable":true,"href":"https:\/\/www.zurgnadenmutter.com\/hu\/wp-json\/wp\/v2\/product_tag?post=2120"}],"curies":[{"name":"wp","href":"https:\/\/api.w.org\/{rel}","templated":true}]}}