{"id":2114,"date":"2016-04-04T22:52:07","date_gmt":"2016-04-04T20:52:07","guid":{"rendered":"https:\/\/www.zurgnadenmutter.com\/shop\/gyogyszertari-kozmetikumok-arckrem\/"},"modified":"2016-04-04T22:52:07","modified_gmt":"2016-04-04T20:52:07","slug":"gyogyszertari-kozmetikumok-arckrem","status":"publish","type":"product","link":"https:\/\/www.zurgnadenmutter.com\/hu\/produkt\/gyogyszertari-kozmetikumok-arckrem\/","title":{"rendered":"Gy\u00f3gyszert\u00e1ri kozmetikumok &#8211; Arckr\u00e9m"},"content":{"rendered":"<ul>\n<li>term\u00e9szetes alapanyagok<\/li>\n<li>term\u00e9szetes tart\u00f3s\u00edt\u00f3szerek<\/li>\n<li>\u00fajrahasznos\u00edthat\u00f3 csomagol\u00e1s<\/li>\n<\/ul>\n<p>Harmoniz\u00e1l\u00f3 \u00e1pol\u00e1s az \u00e9rz\u00e9keny b\u0151r ig\u00e9nyeire kifejlesztve. Az arckr\u00e9m nyugtatja a b\u0151rt, az arcb\u0151r visszanyeri term\u00e9szetes egyens\u00faly\u00e1t. A kr\u00e9mben egyes\u00fcl a k\u00f6r\u00f6mvir\u00e1g gyullad\u00e1scs\u00f6kkent\u0151, sebgy\u00f3gy\u00edt\u00f3 hat\u00e1sa az \u00e9desgy\u00f6k\u00e9r antiallerg\u00e9n, antibakteri\u00e1lis hat\u00e1s\u00e1val. \u0116rt\u00e9kes sheavaj, kaka\u00f3vaj, sz\u0151l\u0151magolaj, ligetsz\u00e9peolaj valamint napraforg\u00f3olaj gyeng\u00e9den \u00e1polj\u00e1k a b\u0151rt, seg\u00edtik meg\u0151rizni a b\u0151r hidrat\u00e1lts\u00e1g\u00e1t. Haszn\u00e1lja minden nap, hogy b\u0151re eg\u00e9szs\u00e9gesen ragyoghasson!<\/p>\n","protected":false},"excerpt":{"rendered":"<p>Gyeng\u00e9den \u00e1pol\u00f3 arckr\u00e9m k\u00f6r\u00f6mvir\u00e1ggal \u00e9s \u00e1pol\u00f3 olajokkal (sz\u0151l\u0151mag \u2013 \u00e9s ligetsz\u00e9peolaj)<\/p>\n","protected":false},"featured_media":85767,"comment_status":"closed","ping_status":"closed","template":"","meta":{"_acf_changed":false},"product_brand":[],"product_cat":[209,191],"product_tag":[],"class_list":{"0":"post-2114","1":"product","2":"type-product","3":"status-publish","4":"has-post-thumbnail","6":"product_cat-gyogyszertari-kozmetikumok","7":"product_cat-kozmetikumok","9":"first","10":"instock","11":"taxable","12":"shipping-taxable","13":"purchasable","14":"product-type-simple"},"acf":[],"yoast_head":"<!-- This site is optimized with the Yoast SEO plugin v27.2 - https:\/\/yoast.com\/product\/yoast-seo-wordpress\/ -->\n<title>Gy\u00f3gyszert\u00e1ri kozmetikumok - Arckr\u00e9m - Apotheke &amp; Drogerie zur Gnadenmutter - Mariazell<\/title>\n<meta name=\"robots\" content=\"index, follow, max-snippet:-1, max-image-preview:large, max-video-preview:-1\" \/>\n<link rel=\"canonical\" href=\"https:\/\/www.zurgnadenmutter.com\/hu\/produkt\/gyogyszertari-kozmetikumok-arckrem\/\" \/>\n<meta property=\"og:locale\" content=\"hu_HU\" \/>\n<meta property=\"og:type\" content=\"article\" \/>\n<meta property=\"og:title\" content=\"Gy\u00f3gyszert\u00e1ri kozmetikumok - Arckr\u00e9m - Apotheke &amp; Drogerie zur Gnadenmutter - Mariazell\" \/>\n<meta property=\"og:description\" content=\"Gyeng\u00e9den \u00e1pol\u00f3 arckr\u00e9m k\u00f6r\u00f6mvir\u00e1ggal \u00e9s \u00e1pol\u00f3 olajokkal (sz\u0151l\u0151mag \u2013 \u00e9s ligetsz\u00e9peolaj)\" \/>\n<meta property=\"og:url\" content=\"https:\/\/www.zurgnadenmutter.com\/hu\/produkt\/gyogyszertari-kozmetikumok-arckrem\/\" \/>\n<meta property=\"og:site_name\" content=\"Apotheke &amp; Drogerie zur Gnadenmutter - Mariazell\" \/>\n<meta property=\"og:image\" content=\"https:\/\/www.zurgnadenmutter.com\/wp-content\/uploads\/2016\/04\/Gesichtscreme_2025-scaled.jpg\" \/>\n\t<meta property=\"og:image:width\" content=\"1920\" \/>\n\t<meta property=\"og:image:height\" content=\"2560\" \/>\n\t<meta property=\"og:image:type\" content=\"image\/jpeg\" \/>\n<meta name=\"twitter:card\" content=\"summary_large_image\" \/>\n<meta name=\"twitter:label1\" content=\"Becs\u00fclt olvas\u00e1si id\u0151\" \/>\n\t<meta name=\"twitter:data1\" content=\"1 perc\" \/>\n<script type=\"application\/ld+json\" class=\"yoast-schema-graph\">{\"@context\":\"https:\/\/schema.org\",\"@graph\":[{\"@type\":\"WebPage\",\"@id\":\"https:\/\/www.zurgnadenmutter.com\/hu\/produkt\/gyogyszertari-kozmetikumok-arckrem\/\",\"url\":\"https:\/\/www.zurgnadenmutter.com\/hu\/produkt\/gyogyszertari-kozmetikumok-arckrem\/\",\"name\":\"Gy\u00f3gyszert\u00e1ri kozmetikumok - Arckr\u00e9m - Apotheke &amp; Drogerie zur Gnadenmutter - Mariazell\",\"isPartOf\":{\"@id\":\"https:\/\/www.zurgnadenmutter.com\/#website\"},\"primaryImageOfPage\":{\"@id\":\"https:\/\/www.zurgnadenmutter.com\/hu\/produkt\/gyogyszertari-kozmetikumok-arckrem\/#primaryimage\"},\"image\":{\"@id\":\"https:\/\/www.zurgnadenmutter.com\/hu\/produkt\/gyogyszertari-kozmetikumok-arckrem\/#primaryimage\"},\"thumbnailUrl\":\"https:\/\/www.zurgnadenmutter.com\/wp-content\/uploads\/2016\/04\/Reba-Gesichtscreme-1-scaled.jpg\",\"datePublished\":\"2016-04-04T20:52:07+00:00\",\"breadcrumb\":{\"@id\":\"https:\/\/www.zurgnadenmutter.com\/hu\/produkt\/gyogyszertari-kozmetikumok-arckrem\/#breadcrumb\"},\"inLanguage\":\"hu\",\"potentialAction\":[{\"@type\":\"ReadAction\",\"target\":[\"https:\/\/www.zurgnadenmutter.com\/hu\/produkt\/gyogyszertari-kozmetikumok-arckrem\/\"]}]},{\"@type\":\"ImageObject\",\"inLanguage\":\"hu\",\"@id\":\"https:\/\/www.zurgnadenmutter.com\/hu\/produkt\/gyogyszertari-kozmetikumok-arckrem\/#primaryimage\",\"url\":\"https:\/\/www.zurgnadenmutter.com\/wp-content\/uploads\/2016\/04\/Reba-Gesichtscreme-1-scaled.jpg\",\"contentUrl\":\"https:\/\/www.zurgnadenmutter.com\/wp-content\/uploads\/2016\/04\/Reba-Gesichtscreme-1-scaled.jpg\",\"width\":1920,\"height\":2560},{\"@type\":\"BreadcrumbList\",\"@id\":\"https:\/\/www.zurgnadenmutter.com\/hu\/produkt\/gyogyszertari-kozmetikumok-arckrem\/#breadcrumb\",\"itemListElement\":[{\"@type\":\"ListItem\",\"position\":1,\"name\":\"Startseite\",\"item\":\"https:\/\/www.zurgnadenmutter.com\/hu\/\"},{\"@type\":\"ListItem\",\"position\":2,\"name\":\"Webshop\",\"item\":\"https:\/\/www.zurgnadenmutter.com\/hu\/webshop\/\"},{\"@type\":\"ListItem\",\"position\":3,\"name\":\"Gy\u00f3gyszert\u00e1ri kozmetikumok &#8211; Arckr\u00e9m\"}]},{\"@type\":\"WebSite\",\"@id\":\"https:\/\/www.zurgnadenmutter.com\/#website\",\"url\":\"https:\/\/www.zurgnadenmutter.com\/\",\"name\":\"Apotheke &amp; Drogerie zur Gnadenmutter - Mariazell\",\"description\":\"Apotheke Mariazell\",\"potentialAction\":[{\"@type\":\"SearchAction\",\"target\":{\"@type\":\"EntryPoint\",\"urlTemplate\":\"https:\/\/www.zurgnadenmutter.com\/?s={search_term_string}\"},\"query-input\":{\"@type\":\"PropertyValueSpecification\",\"valueRequired\":true,\"valueName\":\"search_term_string\"}}],\"inLanguage\":\"hu\"}]}<\/script>\n<!-- \/ Yoast SEO plugin. -->","yoast_head_json":{"title":"Gy\u00f3gyszert\u00e1ri kozmetikumok - Arckr\u00e9m - Apotheke &amp; Drogerie zur Gnadenmutter - Mariazell","robots":{"index":"index","follow":"follow","max-snippet":"max-snippet:-1","max-image-preview":"max-image-preview:large","max-video-preview":"max-video-preview:-1"},"canonical":"https:\/\/www.zurgnadenmutter.com\/hu\/produkt\/gyogyszertari-kozmetikumok-arckrem\/","og_locale":"hu_HU","og_type":"article","og_title":"Gy\u00f3gyszert\u00e1ri kozmetikumok - Arckr\u00e9m - Apotheke &amp; Drogerie zur Gnadenmutter - Mariazell","og_description":"Gyeng\u00e9den \u00e1pol\u00f3 arckr\u00e9m k\u00f6r\u00f6mvir\u00e1ggal \u00e9s \u00e1pol\u00f3 olajokkal (sz\u0151l\u0151mag \u2013 \u00e9s ligetsz\u00e9peolaj)","og_url":"https:\/\/www.zurgnadenmutter.com\/hu\/produkt\/gyogyszertari-kozmetikumok-arckrem\/","og_site_name":"Apotheke &amp; Drogerie zur Gnadenmutter - Mariazell","og_image":[{"width":1920,"height":2560,"url":"https:\/\/www.zurgnadenmutter.com\/wp-content\/uploads\/2016\/04\/Gesichtscreme_2025-scaled.jpg","type":"image\/jpeg"}],"twitter_card":"summary_large_image","twitter_misc":{"Becs\u00fclt olvas\u00e1si id\u0151":"1 perc"},"schema":{"@context":"https:\/\/schema.org","@graph":[{"@type":"WebPage","@id":"https:\/\/www.zurgnadenmutter.com\/hu\/produkt\/gyogyszertari-kozmetikumok-arckrem\/","url":"https:\/\/www.zurgnadenmutter.com\/hu\/produkt\/gyogyszertari-kozmetikumok-arckrem\/","name":"Gy\u00f3gyszert\u00e1ri kozmetikumok - Arckr\u00e9m - Apotheke &amp; Drogerie zur Gnadenmutter - Mariazell","isPartOf":{"@id":"https:\/\/www.zurgnadenmutter.com\/#website"},"primaryImageOfPage":{"@id":"https:\/\/www.zurgnadenmutter.com\/hu\/produkt\/gyogyszertari-kozmetikumok-arckrem\/#primaryimage"},"image":{"@id":"https:\/\/www.zurgnadenmutter.com\/hu\/produkt\/gyogyszertari-kozmetikumok-arckrem\/#primaryimage"},"thumbnailUrl":"https:\/\/www.zurgnadenmutter.com\/wp-content\/uploads\/2016\/04\/Reba-Gesichtscreme-1-scaled.jpg","datePublished":"2016-04-04T20:52:07+00:00","breadcrumb":{"@id":"https:\/\/www.zurgnadenmutter.com\/hu\/produkt\/gyogyszertari-kozmetikumok-arckrem\/#breadcrumb"},"inLanguage":"hu","potentialAction":[{"@type":"ReadAction","target":["https:\/\/www.zurgnadenmutter.com\/hu\/produkt\/gyogyszertari-kozmetikumok-arckrem\/"]}]},{"@type":"ImageObject","inLanguage":"hu","@id":"https:\/\/www.zurgnadenmutter.com\/hu\/produkt\/gyogyszertari-kozmetikumok-arckrem\/#primaryimage","url":"https:\/\/www.zurgnadenmutter.com\/wp-content\/uploads\/2016\/04\/Reba-Gesichtscreme-1-scaled.jpg","contentUrl":"https:\/\/www.zurgnadenmutter.com\/wp-content\/uploads\/2016\/04\/Reba-Gesichtscreme-1-scaled.jpg","width":1920,"height":2560},{"@type":"BreadcrumbList","@id":"https:\/\/www.zurgnadenmutter.com\/hu\/produkt\/gyogyszertari-kozmetikumok-arckrem\/#breadcrumb","itemListElement":[{"@type":"ListItem","position":1,"name":"Startseite","item":"https:\/\/www.zurgnadenmutter.com\/hu\/"},{"@type":"ListItem","position":2,"name":"Webshop","item":"https:\/\/www.zurgnadenmutter.com\/hu\/webshop\/"},{"@type":"ListItem","position":3,"name":"Gy\u00f3gyszert\u00e1ri kozmetikumok &#8211; Arckr\u00e9m"}]},{"@type":"WebSite","@id":"https:\/\/www.zurgnadenmutter.com\/#website","url":"https:\/\/www.zurgnadenmutter.com\/","name":"Apotheke &amp; Drogerie zur Gnadenmutter - Mariazell","description":"Apotheke Mariazell","potentialAction":[{"@type":"SearchAction","target":{"@type":"EntryPoint","urlTemplate":"https:\/\/www.zurgnadenmutter.com\/?s={search_term_string}"},"query-input":{"@type":"PropertyValueSpecification","valueRequired":true,"valueName":"search_term_string"}}],"inLanguage":"hu"}]}},"_links":{"self":[{"href":"https:\/\/www.zurgnadenmutter.com\/hu\/wp-json\/wp\/v2\/product\/2114","targetHints":{"allow":["GET"]}}],"collection":[{"href":"https:\/\/www.zurgnadenmutter.com\/hu\/wp-json\/wp\/v2\/product"}],"about":[{"href":"https:\/\/www.zurgnadenmutter.com\/hu\/wp-json\/wp\/v2\/types\/product"}],"replies":[{"embeddable":true,"href":"https:\/\/www.zurgnadenmutter.com\/hu\/wp-json\/wp\/v2\/comments?post=2114"}],"wp:featuredmedia":[{"embeddable":true,"href":"https:\/\/www.zurgnadenmutter.com\/hu\/wp-json\/wp\/v2\/media\/85767"}],"wp:attachment":[{"href":"https:\/\/www.zurgnadenmutter.com\/hu\/wp-json\/wp\/v2\/media?parent=2114"}],"wp:term":[{"taxonomy":"product_brand","embeddable":true,"href":"https:\/\/www.zurgnadenmutter.com\/hu\/wp-json\/wp\/v2\/product_brand?post=2114"},{"taxonomy":"product_cat","embeddable":true,"href":"https:\/\/www.zurgnadenmutter.com\/hu\/wp-json\/wp\/v2\/product_cat?post=2114"},{"taxonomy":"product_tag","embeddable":true,"href":"https:\/\/www.zurgnadenmutter.com\/hu\/wp-json\/wp\/v2\/product_tag?post=2114"}],"curies":[{"name":"wp","href":"https:\/\/api.w.org\/{rel}","templated":true}]}}