{"id":2085,"date":"2016-04-04T22:54:25","date_gmt":"2016-04-04T20:54:25","guid":{"rendered":"https:\/\/www.zurgnadenmutter.com\/shop\/gyogyszertari-kozmetikumok-hialuron-elixir\/"},"modified":"2016-08-16T08:32:46","modified_gmt":"2016-08-16T06:32:46","slug":"gyogyszertari-kozmetikumok-hialuron-elixir","status":"publish","type":"product","link":"https:\/\/www.zurgnadenmutter.com\/hu\/produkt\/gyogyszertari-kozmetikumok-hialuron-elixir\/","title":{"rendered":"Gy\u00f3gyszert\u00e1ri kozmetikumok &#8211; Hialuronos elix\u00edr"},"content":{"rendered":"<ul>\n<li>term\u00e9szetes alapanyagok<\/li>\n<li>term\u00e9szetes tart\u00f3s\u00edt\u00f3szerek<\/li>\n<li>\u00fajrahasznos\u00edthat\u00f3 csomagol\u00e1s<\/li>\n<\/ul>\n<p>Gazdagon hidrat\u00e1l\u00f3 magas hialuronsavtartalm\u00fa elix\u00edr. Kifejezetten a nagyon sz\u00e1raz, v\u00edzhi\u00e1nyos b\u0151r \u00e1pol\u00e1s\u00e1ra kifejlesztve, magas koncentr\u00e1ci\u00f3ban tartalmaz hialuronsavat. A hialuronsav term\u00e9szetes nagy molekul\u00e1j\u00fa sz\u00e9nhidr\u00e1t, amely az \u00f6sszes sz\u00f6vetben megtal\u00e1lhat\u00f3. Az emberi testben legink\u00e1bb v\u00edzmegk\u00f6t\u0151, az \u00edz\u00fcletekben, izmokban s\u00edkos\u00edt\u00f3 szerepe van. A kor el\u0151rehaladt\u00e1val a hialuronsav termel\u0151d\u00e9se cs\u00f6kken, ez\u00e9rt k\u00fcls\u0151 p\u00f3tl\u00e1sra lehet sz\u00fcks\u00e9g.<\/p>\n<p>Az elix\u00edrben lev\u0151 uborka friss\u00e9, \u00fcd\u00e9v\u00e9 var\u00e1zsolja \u00e9s nedvess\u00e9ggel l\u00e1tja el az arcb\u0151rt.<\/p>\n","protected":false},"excerpt":{"rendered":"<p>Gazdagon hidrat\u00e1l\u00f3 magas hialuronsavtartalm\u00fa hidrat\u00e1l\u00f3 elix\u00edr uborkakivonattal a v\u00edzhi\u00e1nyos b\u0151r \u00e1pol\u00e1s\u00e1ra.<\/p>\n","protected":false},"featured_media":82262,"comment_status":"closed","ping_status":"closed","template":"","meta":{"_acf_changed":false},"product_brand":[],"product_cat":[209,191],"product_tag":[],"class_list":{"0":"post-2085","1":"product","2":"type-product","3":"status-publish","4":"has-post-thumbnail","6":"product_cat-gyogyszertari-kozmetikumok","7":"product_cat-kozmetikumok","9":"first","10":"instock","11":"taxable","12":"shipping-taxable","13":"purchasable","14":"product-type-simple"},"acf":[],"yoast_head":"<!-- This site is optimized with the Yoast SEO plugin v27.2 - https:\/\/yoast.com\/product\/yoast-seo-wordpress\/ -->\n<title>Gy\u00f3gyszert\u00e1ri kozmetikumok - Hialuronos elix\u00edr - Apotheke &amp; Drogerie zur Gnadenmutter - Mariazell<\/title>\n<meta name=\"robots\" content=\"index, follow, max-snippet:-1, max-image-preview:large, max-video-preview:-1\" \/>\n<link rel=\"canonical\" href=\"https:\/\/www.zurgnadenmutter.com\/hu\/produkt\/gyogyszertari-kozmetikumok-hialuron-elixir\/\" \/>\n<meta property=\"og:locale\" content=\"hu_HU\" \/>\n<meta property=\"og:type\" content=\"article\" \/>\n<meta property=\"og:title\" content=\"Gy\u00f3gyszert\u00e1ri kozmetikumok - Hialuronos elix\u00edr - Apotheke &amp; Drogerie zur Gnadenmutter - Mariazell\" \/>\n<meta property=\"og:description\" content=\"Gazdagon hidrat\u00e1l\u00f3 magas hialuronsavtartalm\u00fa hidrat\u00e1l\u00f3 elix\u00edr uborkakivonattal a v\u00edzhi\u00e1nyos b\u0151r \u00e1pol\u00e1s\u00e1ra.\" \/>\n<meta property=\"og:url\" content=\"https:\/\/www.zurgnadenmutter.com\/hu\/produkt\/gyogyszertari-kozmetikumok-hialuron-elixir\/\" \/>\n<meta property=\"og:site_name\" content=\"Apotheke &amp; Drogerie zur Gnadenmutter - Mariazell\" \/>\n<meta property=\"article:modified_time\" content=\"2016-08-16T06:32:46+00:00\" \/>\n<meta property=\"og:image\" content=\"https:\/\/www.zurgnadenmutter.com\/wp-content\/uploads\/2016\/04\/Hyaluron-Elixier_2025-scaled.jpg\" \/>\n\t<meta property=\"og:image:width\" content=\"1920\" \/>\n\t<meta property=\"og:image:height\" content=\"2560\" \/>\n\t<meta property=\"og:image:type\" content=\"image\/jpeg\" \/>\n<meta name=\"twitter:card\" content=\"summary_large_image\" \/>\n<meta name=\"twitter:label1\" content=\"Becs\u00fclt olvas\u00e1si id\u0151\" \/>\n\t<meta name=\"twitter:data1\" content=\"1 perc\" \/>\n<script type=\"application\/ld+json\" class=\"yoast-schema-graph\">{\"@context\":\"https:\/\/schema.org\",\"@graph\":[{\"@type\":\"WebPage\",\"@id\":\"https:\/\/www.zurgnadenmutter.com\/hu\/produkt\/gyogyszertari-kozmetikumok-hialuron-elixir\/\",\"url\":\"https:\/\/www.zurgnadenmutter.com\/hu\/produkt\/gyogyszertari-kozmetikumok-hialuron-elixir\/\",\"name\":\"Gy\u00f3gyszert\u00e1ri kozmetikumok - Hialuronos elix\u00edr - Apotheke &amp; Drogerie zur Gnadenmutter - Mariazell\",\"isPartOf\":{\"@id\":\"https:\/\/www.zurgnadenmutter.com\/#website\"},\"primaryImageOfPage\":{\"@id\":\"https:\/\/www.zurgnadenmutter.com\/hu\/produkt\/gyogyszertari-kozmetikumok-hialuron-elixir\/#primaryimage\"},\"image\":{\"@id\":\"https:\/\/www.zurgnadenmutter.com\/hu\/produkt\/gyogyszertari-kozmetikumok-hialuron-elixir\/#primaryimage\"},\"thumbnailUrl\":\"https:\/\/www.zurgnadenmutter.com\/wp-content\/uploads\/2016\/04\/Hyaluron-Elixier-scaled.jpg\",\"datePublished\":\"2016-04-04T20:54:25+00:00\",\"dateModified\":\"2016-08-16T06:32:46+00:00\",\"breadcrumb\":{\"@id\":\"https:\/\/www.zurgnadenmutter.com\/hu\/produkt\/gyogyszertari-kozmetikumok-hialuron-elixir\/#breadcrumb\"},\"inLanguage\":\"hu\",\"potentialAction\":[{\"@type\":\"ReadAction\",\"target\":[\"https:\/\/www.zurgnadenmutter.com\/hu\/produkt\/gyogyszertari-kozmetikumok-hialuron-elixir\/\"]}]},{\"@type\":\"ImageObject\",\"inLanguage\":\"hu\",\"@id\":\"https:\/\/www.zurgnadenmutter.com\/hu\/produkt\/gyogyszertari-kozmetikumok-hialuron-elixir\/#primaryimage\",\"url\":\"https:\/\/www.zurgnadenmutter.com\/wp-content\/uploads\/2016\/04\/Hyaluron-Elixier-scaled.jpg\",\"contentUrl\":\"https:\/\/www.zurgnadenmutter.com\/wp-content\/uploads\/2016\/04\/Hyaluron-Elixier-scaled.jpg\",\"width\":1920,\"height\":2560},{\"@type\":\"BreadcrumbList\",\"@id\":\"https:\/\/www.zurgnadenmutter.com\/hu\/produkt\/gyogyszertari-kozmetikumok-hialuron-elixir\/#breadcrumb\",\"itemListElement\":[{\"@type\":\"ListItem\",\"position\":1,\"name\":\"Startseite\",\"item\":\"https:\/\/www.zurgnadenmutter.com\/hu\/\"},{\"@type\":\"ListItem\",\"position\":2,\"name\":\"Webshop\",\"item\":\"https:\/\/www.zurgnadenmutter.com\/hu\/webshop\/\"},{\"@type\":\"ListItem\",\"position\":3,\"name\":\"Gy\u00f3gyszert\u00e1ri kozmetikumok &#8211; Hialuronos elix\u00edr\"}]},{\"@type\":\"WebSite\",\"@id\":\"https:\/\/www.zurgnadenmutter.com\/#website\",\"url\":\"https:\/\/www.zurgnadenmutter.com\/\",\"name\":\"Apotheke &amp; Drogerie zur Gnadenmutter - Mariazell\",\"description\":\"Apotheke Mariazell\",\"potentialAction\":[{\"@type\":\"SearchAction\",\"target\":{\"@type\":\"EntryPoint\",\"urlTemplate\":\"https:\/\/www.zurgnadenmutter.com\/?s={search_term_string}\"},\"query-input\":{\"@type\":\"PropertyValueSpecification\",\"valueRequired\":true,\"valueName\":\"search_term_string\"}}],\"inLanguage\":\"hu\"}]}<\/script>\n<!-- \/ Yoast SEO plugin. -->","yoast_head_json":{"title":"Gy\u00f3gyszert\u00e1ri kozmetikumok - Hialuronos elix\u00edr - Apotheke &amp; Drogerie zur Gnadenmutter - Mariazell","robots":{"index":"index","follow":"follow","max-snippet":"max-snippet:-1","max-image-preview":"max-image-preview:large","max-video-preview":"max-video-preview:-1"},"canonical":"https:\/\/www.zurgnadenmutter.com\/hu\/produkt\/gyogyszertari-kozmetikumok-hialuron-elixir\/","og_locale":"hu_HU","og_type":"article","og_title":"Gy\u00f3gyszert\u00e1ri kozmetikumok - Hialuronos elix\u00edr - Apotheke &amp; Drogerie zur Gnadenmutter - Mariazell","og_description":"Gazdagon hidrat\u00e1l\u00f3 magas hialuronsavtartalm\u00fa hidrat\u00e1l\u00f3 elix\u00edr uborkakivonattal a v\u00edzhi\u00e1nyos b\u0151r \u00e1pol\u00e1s\u00e1ra.","og_url":"https:\/\/www.zurgnadenmutter.com\/hu\/produkt\/gyogyszertari-kozmetikumok-hialuron-elixir\/","og_site_name":"Apotheke &amp; Drogerie zur Gnadenmutter - Mariazell","article_modified_time":"2016-08-16T06:32:46+00:00","og_image":[{"width":1920,"height":2560,"url":"https:\/\/www.zurgnadenmutter.com\/wp-content\/uploads\/2016\/04\/Hyaluron-Elixier_2025-scaled.jpg","type":"image\/jpeg"}],"twitter_card":"summary_large_image","twitter_misc":{"Becs\u00fclt olvas\u00e1si id\u0151":"1 perc"},"schema":{"@context":"https:\/\/schema.org","@graph":[{"@type":"WebPage","@id":"https:\/\/www.zurgnadenmutter.com\/hu\/produkt\/gyogyszertari-kozmetikumok-hialuron-elixir\/","url":"https:\/\/www.zurgnadenmutter.com\/hu\/produkt\/gyogyszertari-kozmetikumok-hialuron-elixir\/","name":"Gy\u00f3gyszert\u00e1ri kozmetikumok - Hialuronos elix\u00edr - Apotheke &amp; Drogerie zur Gnadenmutter - Mariazell","isPartOf":{"@id":"https:\/\/www.zurgnadenmutter.com\/#website"},"primaryImageOfPage":{"@id":"https:\/\/www.zurgnadenmutter.com\/hu\/produkt\/gyogyszertari-kozmetikumok-hialuron-elixir\/#primaryimage"},"image":{"@id":"https:\/\/www.zurgnadenmutter.com\/hu\/produkt\/gyogyszertari-kozmetikumok-hialuron-elixir\/#primaryimage"},"thumbnailUrl":"https:\/\/www.zurgnadenmutter.com\/wp-content\/uploads\/2016\/04\/Hyaluron-Elixier-scaled.jpg","datePublished":"2016-04-04T20:54:25+00:00","dateModified":"2016-08-16T06:32:46+00:00","breadcrumb":{"@id":"https:\/\/www.zurgnadenmutter.com\/hu\/produkt\/gyogyszertari-kozmetikumok-hialuron-elixir\/#breadcrumb"},"inLanguage":"hu","potentialAction":[{"@type":"ReadAction","target":["https:\/\/www.zurgnadenmutter.com\/hu\/produkt\/gyogyszertari-kozmetikumok-hialuron-elixir\/"]}]},{"@type":"ImageObject","inLanguage":"hu","@id":"https:\/\/www.zurgnadenmutter.com\/hu\/produkt\/gyogyszertari-kozmetikumok-hialuron-elixir\/#primaryimage","url":"https:\/\/www.zurgnadenmutter.com\/wp-content\/uploads\/2016\/04\/Hyaluron-Elixier-scaled.jpg","contentUrl":"https:\/\/www.zurgnadenmutter.com\/wp-content\/uploads\/2016\/04\/Hyaluron-Elixier-scaled.jpg","width":1920,"height":2560},{"@type":"BreadcrumbList","@id":"https:\/\/www.zurgnadenmutter.com\/hu\/produkt\/gyogyszertari-kozmetikumok-hialuron-elixir\/#breadcrumb","itemListElement":[{"@type":"ListItem","position":1,"name":"Startseite","item":"https:\/\/www.zurgnadenmutter.com\/hu\/"},{"@type":"ListItem","position":2,"name":"Webshop","item":"https:\/\/www.zurgnadenmutter.com\/hu\/webshop\/"},{"@type":"ListItem","position":3,"name":"Gy\u00f3gyszert\u00e1ri kozmetikumok &#8211; Hialuronos elix\u00edr"}]},{"@type":"WebSite","@id":"https:\/\/www.zurgnadenmutter.com\/#website","url":"https:\/\/www.zurgnadenmutter.com\/","name":"Apotheke &amp; Drogerie zur Gnadenmutter - Mariazell","description":"Apotheke Mariazell","potentialAction":[{"@type":"SearchAction","target":{"@type":"EntryPoint","urlTemplate":"https:\/\/www.zurgnadenmutter.com\/?s={search_term_string}"},"query-input":{"@type":"PropertyValueSpecification","valueRequired":true,"valueName":"search_term_string"}}],"inLanguage":"hu"}]}},"_links":{"self":[{"href":"https:\/\/www.zurgnadenmutter.com\/hu\/wp-json\/wp\/v2\/product\/2085","targetHints":{"allow":["GET"]}}],"collection":[{"href":"https:\/\/www.zurgnadenmutter.com\/hu\/wp-json\/wp\/v2\/product"}],"about":[{"href":"https:\/\/www.zurgnadenmutter.com\/hu\/wp-json\/wp\/v2\/types\/product"}],"replies":[{"embeddable":true,"href":"https:\/\/www.zurgnadenmutter.com\/hu\/wp-json\/wp\/v2\/comments?post=2085"}],"wp:featuredmedia":[{"embeddable":true,"href":"https:\/\/www.zurgnadenmutter.com\/hu\/wp-json\/wp\/v2\/media\/82262"}],"wp:attachment":[{"href":"https:\/\/www.zurgnadenmutter.com\/hu\/wp-json\/wp\/v2\/media?parent=2085"}],"wp:term":[{"taxonomy":"product_brand","embeddable":true,"href":"https:\/\/www.zurgnadenmutter.com\/hu\/wp-json\/wp\/v2\/product_brand?post=2085"},{"taxonomy":"product_cat","embeddable":true,"href":"https:\/\/www.zurgnadenmutter.com\/hu\/wp-json\/wp\/v2\/product_cat?post=2085"},{"taxonomy":"product_tag","embeddable":true,"href":"https:\/\/www.zurgnadenmutter.com\/hu\/wp-json\/wp\/v2\/product_tag?post=2085"}],"curies":[{"name":"wp","href":"https:\/\/api.w.org\/{rel}","templated":true}]}}