{"id":2084,"date":"2016-04-04T22:57:00","date_gmt":"2016-04-04T20:57:00","guid":{"rendered":"https:\/\/www.zurgnadenmutter.com\/shop\/gyogyszertari-kozmetikumok-intenziv-arckrem\/"},"modified":"2016-04-04T22:57:00","modified_gmt":"2016-04-04T20:57:00","slug":"gyogyszertari-kozmetikumok-intenziv-arckrem","status":"publish","type":"product","link":"https:\/\/www.zurgnadenmutter.com\/hu\/produkt\/gyogyszertari-kozmetikumok-intenziv-arckrem\/","title":{"rendered":"Gy\u00f3gyszert\u00e1ri kozmetikumok \u2013 intenz\u00edv arckr\u00e9m"},"content":{"rendered":"<ul>\n<li>term\u00e9szetes alapanyagok<\/li>\n<li>term\u00e9szetes tart\u00f3s\u00edt\u00f3szerek<\/li>\n<li>\u00fajrahasznos\u00edthat\u00f3 csomagol\u00e1s<\/li>\n<\/ul>\n<p>A gazdagon t\u00e1pl\u00e1l\u00f3 intenz\u00edv arckr\u00e9m \u00e9rezhet\u0151en kisim\u00edtja, finom tapint\u00e1s\u00fav\u00e1 var\u00e1zsolja az arc b\u0151r\u00e9t. A fekete ribizli \u00e9s a feny\u0151k\u00e9regkivonata seg\u00edtenek meg\u00e1ll\u00edtani a kollag\u00e9nle\u00e9p\u00fcl\u00e9st, v\u00e9dik a sejteket, valamint hat\u00e9kony v\u00e9delmet ny\u00fajtanak a k\u00e1ros szabadgy\u00f6k\u00f6k ellen. A koml\u00f3 \u00e9s az \u00e9rt\u00e9kes olajok pedig gazdagon \u00e1polj\u00e1k, nedvess\u00e9ggel t\u00f6ltik fel a b\u0151rt. A kr\u00e9m \u00e9jszak\u00e1ra aj\u00e1nlott. Gyorsan besz\u00edv\u00f3dik.<\/p>\n","protected":false},"excerpt":{"rendered":"<p>Gazdag text\u00far\u00e1j\u00fa \u00f6reged\u00e9sg\u00e1tl\u00f3 arckr\u00e9m fekete ribizli- \u00a0\u00e9s feny\u0151k\u00e9reg kivonattal.<\/p>\n","protected":false},"featured_media":81353,"comment_status":"closed","ping_status":"closed","template":"","meta":{"_acf_changed":false},"product_brand":[],"product_cat":[209,191],"product_tag":[],"class_list":{"0":"post-2084","1":"product","2":"type-product","3":"status-publish","4":"has-post-thumbnail","6":"product_cat-gyogyszertari-kozmetikumok","7":"product_cat-kozmetikumok","9":"first","10":"instock","11":"taxable","12":"shipping-taxable","13":"purchasable","14":"product-type-simple"},"acf":[],"yoast_head":"<!-- This site is optimized with the Yoast SEO plugin v27.2 - https:\/\/yoast.com\/product\/yoast-seo-wordpress\/ -->\n<title>Gy\u00f3gyszert\u00e1ri kozmetikumok \u2013 intenz\u00edv arckr\u00e9m - Apotheke &amp; Drogerie zur Gnadenmutter - Mariazell<\/title>\n<meta name=\"robots\" content=\"index, follow, max-snippet:-1, max-image-preview:large, max-video-preview:-1\" \/>\n<link rel=\"canonical\" href=\"https:\/\/www.zurgnadenmutter.com\/hu\/produkt\/gyogyszertari-kozmetikumok-intenziv-arckrem\/\" \/>\n<meta property=\"og:locale\" content=\"hu_HU\" \/>\n<meta property=\"og:type\" content=\"article\" \/>\n<meta property=\"og:title\" content=\"Gy\u00f3gyszert\u00e1ri kozmetikumok \u2013 intenz\u00edv arckr\u00e9m - Apotheke &amp; Drogerie zur Gnadenmutter - Mariazell\" \/>\n<meta property=\"og:description\" content=\"Gazdag text\u00far\u00e1j\u00fa \u00f6reged\u00e9sg\u00e1tl\u00f3 arckr\u00e9m fekete ribizli- \u00a0\u00e9s feny\u0151k\u00e9reg kivonattal.\" \/>\n<meta property=\"og:url\" content=\"https:\/\/www.zurgnadenmutter.com\/hu\/produkt\/gyogyszertari-kozmetikumok-intenziv-arckrem\/\" \/>\n<meta property=\"og:site_name\" content=\"Apotheke &amp; Drogerie zur Gnadenmutter - Mariazell\" \/>\n<meta property=\"og:image\" content=\"https:\/\/www.zurgnadenmutter.com\/wp-content\/uploads\/2016\/04\/intensive-Gesichtscreme_2025-scaled.jpg\" \/>\n\t<meta property=\"og:image:width\" content=\"1920\" \/>\n\t<meta property=\"og:image:height\" content=\"2560\" \/>\n\t<meta property=\"og:image:type\" content=\"image\/jpeg\" \/>\n<meta name=\"twitter:card\" content=\"summary_large_image\" \/>\n<meta name=\"twitter:label1\" content=\"Becs\u00fclt olvas\u00e1si id\u0151\" \/>\n\t<meta name=\"twitter:data1\" content=\"1 perc\" \/>\n<script type=\"application\/ld+json\" class=\"yoast-schema-graph\">{\"@context\":\"https:\/\/schema.org\",\"@graph\":[{\"@type\":\"WebPage\",\"@id\":\"https:\/\/www.zurgnadenmutter.com\/hu\/produkt\/gyogyszertari-kozmetikumok-intenziv-arckrem\/\",\"url\":\"https:\/\/www.zurgnadenmutter.com\/hu\/produkt\/gyogyszertari-kozmetikumok-intenziv-arckrem\/\",\"name\":\"Gy\u00f3gyszert\u00e1ri kozmetikumok \u2013 intenz\u00edv arckr\u00e9m - Apotheke &amp; Drogerie zur Gnadenmutter - Mariazell\",\"isPartOf\":{\"@id\":\"https:\/\/www.zurgnadenmutter.com\/#website\"},\"primaryImageOfPage\":{\"@id\":\"https:\/\/www.zurgnadenmutter.com\/hu\/produkt\/gyogyszertari-kozmetikumok-intenziv-arckrem\/#primaryimage\"},\"image\":{\"@id\":\"https:\/\/www.zurgnadenmutter.com\/hu\/produkt\/gyogyszertari-kozmetikumok-intenziv-arckrem\/#primaryimage\"},\"thumbnailUrl\":\"https:\/\/www.zurgnadenmutter.com\/wp-content\/uploads\/2016\/04\/Reba-Intensive-Gesichtscreme-2.jpg\",\"datePublished\":\"2016-04-04T20:57:00+00:00\",\"breadcrumb\":{\"@id\":\"https:\/\/www.zurgnadenmutter.com\/hu\/produkt\/gyogyszertari-kozmetikumok-intenziv-arckrem\/#breadcrumb\"},\"inLanguage\":\"hu\",\"potentialAction\":[{\"@type\":\"ReadAction\",\"target\":[\"https:\/\/www.zurgnadenmutter.com\/hu\/produkt\/gyogyszertari-kozmetikumok-intenziv-arckrem\/\"]}]},{\"@type\":\"ImageObject\",\"inLanguage\":\"hu\",\"@id\":\"https:\/\/www.zurgnadenmutter.com\/hu\/produkt\/gyogyszertari-kozmetikumok-intenziv-arckrem\/#primaryimage\",\"url\":\"https:\/\/www.zurgnadenmutter.com\/wp-content\/uploads\/2016\/04\/Reba-Intensive-Gesichtscreme-2.jpg\",\"contentUrl\":\"https:\/\/www.zurgnadenmutter.com\/wp-content\/uploads\/2016\/04\/Reba-Intensive-Gesichtscreme-2.jpg\",\"width\":1536,\"height\":2048},{\"@type\":\"BreadcrumbList\",\"@id\":\"https:\/\/www.zurgnadenmutter.com\/hu\/produkt\/gyogyszertari-kozmetikumok-intenziv-arckrem\/#breadcrumb\",\"itemListElement\":[{\"@type\":\"ListItem\",\"position\":1,\"name\":\"Startseite\",\"item\":\"https:\/\/www.zurgnadenmutter.com\/hu\/\"},{\"@type\":\"ListItem\",\"position\":2,\"name\":\"Webshop\",\"item\":\"https:\/\/www.zurgnadenmutter.com\/hu\/webshop\/\"},{\"@type\":\"ListItem\",\"position\":3,\"name\":\"Gy\u00f3gyszert\u00e1ri kozmetikumok \u2013 intenz\u00edv arckr\u00e9m\"}]},{\"@type\":\"WebSite\",\"@id\":\"https:\/\/www.zurgnadenmutter.com\/#website\",\"url\":\"https:\/\/www.zurgnadenmutter.com\/\",\"name\":\"Apotheke &amp; Drogerie zur Gnadenmutter - Mariazell\",\"description\":\"Apotheke Mariazell\",\"potentialAction\":[{\"@type\":\"SearchAction\",\"target\":{\"@type\":\"EntryPoint\",\"urlTemplate\":\"https:\/\/www.zurgnadenmutter.com\/?s={search_term_string}\"},\"query-input\":{\"@type\":\"PropertyValueSpecification\",\"valueRequired\":true,\"valueName\":\"search_term_string\"}}],\"inLanguage\":\"hu\"}]}<\/script>\n<!-- \/ Yoast SEO plugin. -->","yoast_head_json":{"title":"Gy\u00f3gyszert\u00e1ri kozmetikumok \u2013 intenz\u00edv arckr\u00e9m - Apotheke &amp; Drogerie zur Gnadenmutter - Mariazell","robots":{"index":"index","follow":"follow","max-snippet":"max-snippet:-1","max-image-preview":"max-image-preview:large","max-video-preview":"max-video-preview:-1"},"canonical":"https:\/\/www.zurgnadenmutter.com\/hu\/produkt\/gyogyszertari-kozmetikumok-intenziv-arckrem\/","og_locale":"hu_HU","og_type":"article","og_title":"Gy\u00f3gyszert\u00e1ri kozmetikumok \u2013 intenz\u00edv arckr\u00e9m - Apotheke &amp; Drogerie zur Gnadenmutter - Mariazell","og_description":"Gazdag text\u00far\u00e1j\u00fa \u00f6reged\u00e9sg\u00e1tl\u00f3 arckr\u00e9m fekete ribizli- \u00a0\u00e9s feny\u0151k\u00e9reg kivonattal.","og_url":"https:\/\/www.zurgnadenmutter.com\/hu\/produkt\/gyogyszertari-kozmetikumok-intenziv-arckrem\/","og_site_name":"Apotheke &amp; Drogerie zur Gnadenmutter - Mariazell","og_image":[{"width":1920,"height":2560,"url":"https:\/\/www.zurgnadenmutter.com\/wp-content\/uploads\/2016\/04\/intensive-Gesichtscreme_2025-scaled.jpg","type":"image\/jpeg"}],"twitter_card":"summary_large_image","twitter_misc":{"Becs\u00fclt olvas\u00e1si id\u0151":"1 perc"},"schema":{"@context":"https:\/\/schema.org","@graph":[{"@type":"WebPage","@id":"https:\/\/www.zurgnadenmutter.com\/hu\/produkt\/gyogyszertari-kozmetikumok-intenziv-arckrem\/","url":"https:\/\/www.zurgnadenmutter.com\/hu\/produkt\/gyogyszertari-kozmetikumok-intenziv-arckrem\/","name":"Gy\u00f3gyszert\u00e1ri kozmetikumok \u2013 intenz\u00edv arckr\u00e9m - Apotheke &amp; Drogerie zur Gnadenmutter - Mariazell","isPartOf":{"@id":"https:\/\/www.zurgnadenmutter.com\/#website"},"primaryImageOfPage":{"@id":"https:\/\/www.zurgnadenmutter.com\/hu\/produkt\/gyogyszertari-kozmetikumok-intenziv-arckrem\/#primaryimage"},"image":{"@id":"https:\/\/www.zurgnadenmutter.com\/hu\/produkt\/gyogyszertari-kozmetikumok-intenziv-arckrem\/#primaryimage"},"thumbnailUrl":"https:\/\/www.zurgnadenmutter.com\/wp-content\/uploads\/2016\/04\/Reba-Intensive-Gesichtscreme-2.jpg","datePublished":"2016-04-04T20:57:00+00:00","breadcrumb":{"@id":"https:\/\/www.zurgnadenmutter.com\/hu\/produkt\/gyogyszertari-kozmetikumok-intenziv-arckrem\/#breadcrumb"},"inLanguage":"hu","potentialAction":[{"@type":"ReadAction","target":["https:\/\/www.zurgnadenmutter.com\/hu\/produkt\/gyogyszertari-kozmetikumok-intenziv-arckrem\/"]}]},{"@type":"ImageObject","inLanguage":"hu","@id":"https:\/\/www.zurgnadenmutter.com\/hu\/produkt\/gyogyszertari-kozmetikumok-intenziv-arckrem\/#primaryimage","url":"https:\/\/www.zurgnadenmutter.com\/wp-content\/uploads\/2016\/04\/Reba-Intensive-Gesichtscreme-2.jpg","contentUrl":"https:\/\/www.zurgnadenmutter.com\/wp-content\/uploads\/2016\/04\/Reba-Intensive-Gesichtscreme-2.jpg","width":1536,"height":2048},{"@type":"BreadcrumbList","@id":"https:\/\/www.zurgnadenmutter.com\/hu\/produkt\/gyogyszertari-kozmetikumok-intenziv-arckrem\/#breadcrumb","itemListElement":[{"@type":"ListItem","position":1,"name":"Startseite","item":"https:\/\/www.zurgnadenmutter.com\/hu\/"},{"@type":"ListItem","position":2,"name":"Webshop","item":"https:\/\/www.zurgnadenmutter.com\/hu\/webshop\/"},{"@type":"ListItem","position":3,"name":"Gy\u00f3gyszert\u00e1ri kozmetikumok \u2013 intenz\u00edv arckr\u00e9m"}]},{"@type":"WebSite","@id":"https:\/\/www.zurgnadenmutter.com\/#website","url":"https:\/\/www.zurgnadenmutter.com\/","name":"Apotheke &amp; Drogerie zur Gnadenmutter - Mariazell","description":"Apotheke Mariazell","potentialAction":[{"@type":"SearchAction","target":{"@type":"EntryPoint","urlTemplate":"https:\/\/www.zurgnadenmutter.com\/?s={search_term_string}"},"query-input":{"@type":"PropertyValueSpecification","valueRequired":true,"valueName":"search_term_string"}}],"inLanguage":"hu"}]}},"_links":{"self":[{"href":"https:\/\/www.zurgnadenmutter.com\/hu\/wp-json\/wp\/v2\/product\/2084","targetHints":{"allow":["GET"]}}],"collection":[{"href":"https:\/\/www.zurgnadenmutter.com\/hu\/wp-json\/wp\/v2\/product"}],"about":[{"href":"https:\/\/www.zurgnadenmutter.com\/hu\/wp-json\/wp\/v2\/types\/product"}],"replies":[{"embeddable":true,"href":"https:\/\/www.zurgnadenmutter.com\/hu\/wp-json\/wp\/v2\/comments?post=2084"}],"wp:featuredmedia":[{"embeddable":true,"href":"https:\/\/www.zurgnadenmutter.com\/hu\/wp-json\/wp\/v2\/media\/81353"}],"wp:attachment":[{"href":"https:\/\/www.zurgnadenmutter.com\/hu\/wp-json\/wp\/v2\/media?parent=2084"}],"wp:term":[{"taxonomy":"product_brand","embeddable":true,"href":"https:\/\/www.zurgnadenmutter.com\/hu\/wp-json\/wp\/v2\/product_brand?post=2084"},{"taxonomy":"product_cat","embeddable":true,"href":"https:\/\/www.zurgnadenmutter.com\/hu\/wp-json\/wp\/v2\/product_cat?post=2084"},{"taxonomy":"product_tag","embeddable":true,"href":"https:\/\/www.zurgnadenmutter.com\/hu\/wp-json\/wp\/v2\/product_tag?post=2084"}],"curies":[{"name":"wp","href":"https:\/\/api.w.org\/{rel}","templated":true}]}}