{"id":2044,"date":"2016-04-04T23:22:41","date_gmt":"2016-04-04T21:22:41","guid":{"rendered":"https:\/\/www.zurgnadenmutter.com\/shop\/gyogyszertari-kozmetikumok-borfinomito-elixir-arcra\/"},"modified":"2016-08-12T08:08:30","modified_gmt":"2016-08-12T06:08:30","slug":"gyogyszertari-kozmetikumok-borfinomito-elixir-arcra","status":"publish","type":"product","link":"https:\/\/www.zurgnadenmutter.com\/hu\/produkt\/gyogyszertari-kozmetikumok-borfinomito-elixir-arcra\/","title":{"rendered":"Gy\u00f3gyszert\u00e1ri kozmetikumok \u2013 B\u0151rfinom\u00edt\u00f3 elix\u00edr arcra"},"content":{"rendered":"<ul>\n<li>term\u00e9szetes alapanyagok<\/li>\n<li>term\u00e9szetes tart\u00f3s\u00edt\u00f3szerek<\/li>\n<li><span class=\"st\">\u00fajrahasznos\u00edthat\u00f3 csomagol\u00e1s<\/span><\/li>\n<\/ul>\n<p>Kiegyenl\u00edt\u0151, b\u0151rfinom\u00edt\u00f3 elix\u00edr arcra. Az olajmentes formul\u00e1nak k\u00f6sz\u00f6nhet\u0151en a b\u0151r matt \u00e9s b\u00e1rsonyos tapint\u00e1s\u00fav\u00e1 v\u00e1lik t\u0151le. Az \u00e1rpaszemben lev\u0151 egyik hat\u00f3anyagnak k\u00f6sz\u00f6nhet\u0151en a p\u00f3rusok finomodnak. A m\u00e1lyva \u00e9s mezei zsurl\u00f3 kivonata megnyugtatj\u00e1k az irrit\u00e1lt arcb\u0151rt. A b\u0151rfinom\u00edt\u00f3 elix\u00edr ragyog\u00e1st, frissess\u00e9get k\u00f6lcs\u00f6n\u00f6z az arcnak.<\/p>\n<p>&nbsp;<\/p>\n","protected":false},"excerpt":{"rendered":"<p>Az olajmentes sz\u00e9rumot kifejezetten vegyes, t\u00e1g p\u00f3rus\u00fa b\u0151rre aj\u00e1nljuk. A sz\u00e9rum t\u00f6bbek k\u00f6z\u00f6tt tartalmaz: levendul\u00e1t, ure\u00e1t, zsurl\u00f3kivonatot, m\u00e1lyvakivonatot \u00e9s \u00e1rp\u00e1t.<\/p>\n","protected":false},"featured_media":79026,"comment_status":"closed","ping_status":"closed","template":"","meta":{"_acf_changed":false},"product_brand":[],"product_cat":[209,191],"product_tag":[],"class_list":{"0":"post-2044","1":"product","2":"type-product","3":"status-publish","4":"has-post-thumbnail","6":"product_cat-gyogyszertari-kozmetikumok","7":"product_cat-kozmetikumok","9":"first","10":"instock","11":"taxable","12":"shipping-taxable","13":"purchasable","14":"product-type-simple"},"acf":[],"yoast_head":"<!-- This site is optimized with the Yoast SEO plugin v27.2 - https:\/\/yoast.com\/product\/yoast-seo-wordpress\/ -->\n<title>Gy\u00f3gyszert\u00e1ri kozmetikumok \u2013 B\u0151rfinom\u00edt\u00f3 elix\u00edr arcra - Apotheke &amp; Drogerie zur Gnadenmutter - Mariazell<\/title>\n<meta name=\"robots\" content=\"index, follow, max-snippet:-1, max-image-preview:large, max-video-preview:-1\" \/>\n<link rel=\"canonical\" href=\"https:\/\/www.zurgnadenmutter.com\/hu\/produkt\/gyogyszertari-kozmetikumok-borfinomito-elixir-arcra\/\" \/>\n<meta property=\"og:locale\" content=\"hu_HU\" \/>\n<meta property=\"og:type\" content=\"article\" \/>\n<meta property=\"og:title\" content=\"Gy\u00f3gyszert\u00e1ri kozmetikumok \u2013 B\u0151rfinom\u00edt\u00f3 elix\u00edr arcra - Apotheke &amp; Drogerie zur Gnadenmutter - Mariazell\" \/>\n<meta property=\"og:description\" content=\"Az olajmentes sz\u00e9rumot kifejezetten vegyes, t\u00e1g p\u00f3rus\u00fa b\u0151rre aj\u00e1nljuk. A sz\u00e9rum t\u00f6bbek k\u00f6z\u00f6tt tartalmaz: levendul\u00e1t, ure\u00e1t, zsurl\u00f3kivonatot, m\u00e1lyvakivonatot \u00e9s \u00e1rp\u00e1t.\" \/>\n<meta property=\"og:url\" content=\"https:\/\/www.zurgnadenmutter.com\/hu\/produkt\/gyogyszertari-kozmetikumok-borfinomito-elixir-arcra\/\" \/>\n<meta property=\"og:site_name\" content=\"Apotheke &amp; Drogerie zur Gnadenmutter - Mariazell\" \/>\n<meta property=\"article:modified_time\" content=\"2016-08-12T06:08:30+00:00\" \/>\n<meta property=\"og:image\" content=\"https:\/\/www.zurgnadenmutter.com\/wp-content\/uploads\/2016\/04\/Verfeinerndes-Elixier_2025-scaled.jpg\" \/>\n\t<meta property=\"og:image:width\" content=\"1920\" \/>\n\t<meta property=\"og:image:height\" content=\"2560\" \/>\n\t<meta property=\"og:image:type\" content=\"image\/jpeg\" \/>\n<meta name=\"twitter:card\" content=\"summary_large_image\" \/>\n<script type=\"application\/ld+json\" class=\"yoast-schema-graph\">{\"@context\":\"https:\/\/schema.org\",\"@graph\":[{\"@type\":\"WebPage\",\"@id\":\"https:\/\/www.zurgnadenmutter.com\/hu\/produkt\/gyogyszertari-kozmetikumok-borfinomito-elixir-arcra\/\",\"url\":\"https:\/\/www.zurgnadenmutter.com\/hu\/produkt\/gyogyszertari-kozmetikumok-borfinomito-elixir-arcra\/\",\"name\":\"Gy\u00f3gyszert\u00e1ri kozmetikumok \u2013 B\u0151rfinom\u00edt\u00f3 elix\u00edr arcra - Apotheke &amp; Drogerie zur Gnadenmutter - Mariazell\",\"isPartOf\":{\"@id\":\"https:\/\/www.zurgnadenmutter.com\/#website\"},\"primaryImageOfPage\":{\"@id\":\"https:\/\/www.zurgnadenmutter.com\/hu\/produkt\/gyogyszertari-kozmetikumok-borfinomito-elixir-arcra\/#primaryimage\"},\"image\":{\"@id\":\"https:\/\/www.zurgnadenmutter.com\/hu\/produkt\/gyogyszertari-kozmetikumok-borfinomito-elixir-arcra\/#primaryimage\"},\"thumbnailUrl\":\"https:\/\/www.zurgnadenmutter.com\/wp-content\/uploads\/2016\/04\/Verfeinerndes-Elixier_2025-scaled.jpg\",\"datePublished\":\"2016-04-04T21:22:41+00:00\",\"dateModified\":\"2016-08-12T06:08:30+00:00\",\"breadcrumb\":{\"@id\":\"https:\/\/www.zurgnadenmutter.com\/hu\/produkt\/gyogyszertari-kozmetikumok-borfinomito-elixir-arcra\/#breadcrumb\"},\"inLanguage\":\"hu\",\"potentialAction\":[{\"@type\":\"ReadAction\",\"target\":[\"https:\/\/www.zurgnadenmutter.com\/hu\/produkt\/gyogyszertari-kozmetikumok-borfinomito-elixir-arcra\/\"]}]},{\"@type\":\"ImageObject\",\"inLanguage\":\"hu\",\"@id\":\"https:\/\/www.zurgnadenmutter.com\/hu\/produkt\/gyogyszertari-kozmetikumok-borfinomito-elixir-arcra\/#primaryimage\",\"url\":\"https:\/\/www.zurgnadenmutter.com\/wp-content\/uploads\/2016\/04\/Verfeinerndes-Elixier_2025-scaled.jpg\",\"contentUrl\":\"https:\/\/www.zurgnadenmutter.com\/wp-content\/uploads\/2016\/04\/Verfeinerndes-Elixier_2025-scaled.jpg\",\"width\":1920,\"height\":2560},{\"@type\":\"BreadcrumbList\",\"@id\":\"https:\/\/www.zurgnadenmutter.com\/hu\/produkt\/gyogyszertari-kozmetikumok-borfinomito-elixir-arcra\/#breadcrumb\",\"itemListElement\":[{\"@type\":\"ListItem\",\"position\":1,\"name\":\"Startseite\",\"item\":\"https:\/\/www.zurgnadenmutter.com\/hu\/\"},{\"@type\":\"ListItem\",\"position\":2,\"name\":\"Webshop\",\"item\":\"https:\/\/www.zurgnadenmutter.com\/hu\/webshop\/\"},{\"@type\":\"ListItem\",\"position\":3,\"name\":\"Gy\u00f3gyszert\u00e1ri kozmetikumok \u2013 B\u0151rfinom\u00edt\u00f3 elix\u00edr arcra\"}]},{\"@type\":\"WebSite\",\"@id\":\"https:\/\/www.zurgnadenmutter.com\/#website\",\"url\":\"https:\/\/www.zurgnadenmutter.com\/\",\"name\":\"Apotheke &amp; Drogerie zur Gnadenmutter - Mariazell\",\"description\":\"Apotheke Mariazell\",\"potentialAction\":[{\"@type\":\"SearchAction\",\"target\":{\"@type\":\"EntryPoint\",\"urlTemplate\":\"https:\/\/www.zurgnadenmutter.com\/?s={search_term_string}\"},\"query-input\":{\"@type\":\"PropertyValueSpecification\",\"valueRequired\":true,\"valueName\":\"search_term_string\"}}],\"inLanguage\":\"hu\"}]}<\/script>\n<!-- \/ Yoast SEO plugin. -->","yoast_head_json":{"title":"Gy\u00f3gyszert\u00e1ri kozmetikumok \u2013 B\u0151rfinom\u00edt\u00f3 elix\u00edr arcra - Apotheke &amp; Drogerie zur Gnadenmutter - Mariazell","robots":{"index":"index","follow":"follow","max-snippet":"max-snippet:-1","max-image-preview":"max-image-preview:large","max-video-preview":"max-video-preview:-1"},"canonical":"https:\/\/www.zurgnadenmutter.com\/hu\/produkt\/gyogyszertari-kozmetikumok-borfinomito-elixir-arcra\/","og_locale":"hu_HU","og_type":"article","og_title":"Gy\u00f3gyszert\u00e1ri kozmetikumok \u2013 B\u0151rfinom\u00edt\u00f3 elix\u00edr arcra - Apotheke &amp; Drogerie zur Gnadenmutter - Mariazell","og_description":"Az olajmentes sz\u00e9rumot kifejezetten vegyes, t\u00e1g p\u00f3rus\u00fa b\u0151rre aj\u00e1nljuk. A sz\u00e9rum t\u00f6bbek k\u00f6z\u00f6tt tartalmaz: levendul\u00e1t, ure\u00e1t, zsurl\u00f3kivonatot, m\u00e1lyvakivonatot \u00e9s \u00e1rp\u00e1t.","og_url":"https:\/\/www.zurgnadenmutter.com\/hu\/produkt\/gyogyszertari-kozmetikumok-borfinomito-elixir-arcra\/","og_site_name":"Apotheke &amp; Drogerie zur Gnadenmutter - Mariazell","article_modified_time":"2016-08-12T06:08:30+00:00","og_image":[{"width":1920,"height":2560,"url":"https:\/\/www.zurgnadenmutter.com\/wp-content\/uploads\/2016\/04\/Verfeinerndes-Elixier_2025-scaled.jpg","type":"image\/jpeg"}],"twitter_card":"summary_large_image","schema":{"@context":"https:\/\/schema.org","@graph":[{"@type":"WebPage","@id":"https:\/\/www.zurgnadenmutter.com\/hu\/produkt\/gyogyszertari-kozmetikumok-borfinomito-elixir-arcra\/","url":"https:\/\/www.zurgnadenmutter.com\/hu\/produkt\/gyogyszertari-kozmetikumok-borfinomito-elixir-arcra\/","name":"Gy\u00f3gyszert\u00e1ri kozmetikumok \u2013 B\u0151rfinom\u00edt\u00f3 elix\u00edr arcra - Apotheke &amp; Drogerie zur Gnadenmutter - Mariazell","isPartOf":{"@id":"https:\/\/www.zurgnadenmutter.com\/#website"},"primaryImageOfPage":{"@id":"https:\/\/www.zurgnadenmutter.com\/hu\/produkt\/gyogyszertari-kozmetikumok-borfinomito-elixir-arcra\/#primaryimage"},"image":{"@id":"https:\/\/www.zurgnadenmutter.com\/hu\/produkt\/gyogyszertari-kozmetikumok-borfinomito-elixir-arcra\/#primaryimage"},"thumbnailUrl":"https:\/\/www.zurgnadenmutter.com\/wp-content\/uploads\/2016\/04\/Verfeinerndes-Elixier_2025-scaled.jpg","datePublished":"2016-04-04T21:22:41+00:00","dateModified":"2016-08-12T06:08:30+00:00","breadcrumb":{"@id":"https:\/\/www.zurgnadenmutter.com\/hu\/produkt\/gyogyszertari-kozmetikumok-borfinomito-elixir-arcra\/#breadcrumb"},"inLanguage":"hu","potentialAction":[{"@type":"ReadAction","target":["https:\/\/www.zurgnadenmutter.com\/hu\/produkt\/gyogyszertari-kozmetikumok-borfinomito-elixir-arcra\/"]}]},{"@type":"ImageObject","inLanguage":"hu","@id":"https:\/\/www.zurgnadenmutter.com\/hu\/produkt\/gyogyszertari-kozmetikumok-borfinomito-elixir-arcra\/#primaryimage","url":"https:\/\/www.zurgnadenmutter.com\/wp-content\/uploads\/2016\/04\/Verfeinerndes-Elixier_2025-scaled.jpg","contentUrl":"https:\/\/www.zurgnadenmutter.com\/wp-content\/uploads\/2016\/04\/Verfeinerndes-Elixier_2025-scaled.jpg","width":1920,"height":2560},{"@type":"BreadcrumbList","@id":"https:\/\/www.zurgnadenmutter.com\/hu\/produkt\/gyogyszertari-kozmetikumok-borfinomito-elixir-arcra\/#breadcrumb","itemListElement":[{"@type":"ListItem","position":1,"name":"Startseite","item":"https:\/\/www.zurgnadenmutter.com\/hu\/"},{"@type":"ListItem","position":2,"name":"Webshop","item":"https:\/\/www.zurgnadenmutter.com\/hu\/webshop\/"},{"@type":"ListItem","position":3,"name":"Gy\u00f3gyszert\u00e1ri kozmetikumok \u2013 B\u0151rfinom\u00edt\u00f3 elix\u00edr arcra"}]},{"@type":"WebSite","@id":"https:\/\/www.zurgnadenmutter.com\/#website","url":"https:\/\/www.zurgnadenmutter.com\/","name":"Apotheke &amp; Drogerie zur Gnadenmutter - Mariazell","description":"Apotheke Mariazell","potentialAction":[{"@type":"SearchAction","target":{"@type":"EntryPoint","urlTemplate":"https:\/\/www.zurgnadenmutter.com\/?s={search_term_string}"},"query-input":{"@type":"PropertyValueSpecification","valueRequired":true,"valueName":"search_term_string"}}],"inLanguage":"hu"}]}},"_links":{"self":[{"href":"https:\/\/www.zurgnadenmutter.com\/hu\/wp-json\/wp\/v2\/product\/2044","targetHints":{"allow":["GET"]}}],"collection":[{"href":"https:\/\/www.zurgnadenmutter.com\/hu\/wp-json\/wp\/v2\/product"}],"about":[{"href":"https:\/\/www.zurgnadenmutter.com\/hu\/wp-json\/wp\/v2\/types\/product"}],"replies":[{"embeddable":true,"href":"https:\/\/www.zurgnadenmutter.com\/hu\/wp-json\/wp\/v2\/comments?post=2044"}],"wp:featuredmedia":[{"embeddable":true,"href":"https:\/\/www.zurgnadenmutter.com\/hu\/wp-json\/wp\/v2\/media\/79026"}],"wp:attachment":[{"href":"https:\/\/www.zurgnadenmutter.com\/hu\/wp-json\/wp\/v2\/media?parent=2044"}],"wp:term":[{"taxonomy":"product_brand","embeddable":true,"href":"https:\/\/www.zurgnadenmutter.com\/hu\/wp-json\/wp\/v2\/product_brand?post=2044"},{"taxonomy":"product_cat","embeddable":true,"href":"https:\/\/www.zurgnadenmutter.com\/hu\/wp-json\/wp\/v2\/product_cat?post=2044"},{"taxonomy":"product_tag","embeddable":true,"href":"https:\/\/www.zurgnadenmutter.com\/hu\/wp-json\/wp\/v2\/product_tag?post=2044"}],"curies":[{"name":"wp","href":"https:\/\/api.w.org\/{rel}","templated":true}]}}