{"id":2040,"date":"2016-04-04T23:27:27","date_gmt":"2016-04-04T21:27:27","guid":{"rendered":"https:\/\/www.zurgnadenmutter.com\/shop\/mariazelli-bronchienwohl-koeptetoszirup\/"},"modified":"2019-10-31T10:07:42","modified_gmt":"2019-10-31T09:07:42","slug":"mariazelli-bronchienwohl-koeptetoszirup","status":"publish","type":"product","link":"https:\/\/www.zurgnadenmutter.com\/hu\/produkt\/mariazelli-bronchienwohl-koeptetoszirup\/","title":{"rendered":"Mariazelli Bronchienwohl K\u00f6ptet\u0151szirup"},"content":{"rendered":"<p>El\u0151seg\u00edti a fellazult ny\u00e1k t\u00e1voz\u00e1s\u00e1t a l\u00e9gutakb\u00f3l, megk\u00f6nny\u00edti a lerak\u00f3dott v\u00e1lad\u00e9k felk\u00f6h\u00f6g\u00e9s\u00e9t, j\u00f3t\u00e9kony hat\u00e1s\u00fa sz\u00e1raz k\u00f6h\u00f6g\u00e9s eset\u00e9n, hozz\u00e1j\u00e1rul az eg\u00e9szs\u00e9ges l\u00e9gutak meg\u0151rz\u00e9s\u00e9hez, t\u00e1mogatja az immunrendszert. Alkalmazhat\u00f3 feln\u0151ttekn\u00e9l \u00e9s gyermekekn\u00e9l 6 \u00e9ves kort\u00f3l.<\/p>\n","protected":false},"excerpt":{"rendered":"<p>El\u0151seg\u00edti a fellazult ny\u00e1k t\u00e1voz\u00e1s\u00e1t a l\u00e9gutakb\u00f3l, megk\u00f6nny\u00edti a lerak\u00f3dott v\u00e1lad\u00e9k felk\u00f6h\u00f6g\u00e9s\u00e9t, j\u00f3t\u00e9kony hat\u00e1s\u00fa sz\u00e1raz k\u00f6h\u00f6g\u00e9s eset\u00e9n.<\/p>\n","protected":false},"featured_media":82498,"comment_status":"closed","ping_status":"closed","template":"","meta":{"_acf_changed":false},"product_brand":[],"product_cat":[201],"product_tag":[],"class_list":{"0":"post-2040","1":"product","2":"type-product","3":"status-publish","4":"has-post-thumbnail","6":"product_cat-gyogynoevenyspecialitasok","8":"first","9":"instock","10":"taxable","11":"shipping-taxable","12":"purchasable","13":"product-type-simple"},"acf":[],"yoast_head":"<!-- This site is optimized with the Yoast SEO plugin v27.2 - https:\/\/yoast.com\/product\/yoast-seo-wordpress\/ -->\n<title>Mariazelli Bronchienwohl K\u00f6ptet\u0151szirup - Apotheke &amp; Drogerie zur Gnadenmutter - Mariazell<\/title>\n<meta name=\"robots\" content=\"index, follow, max-snippet:-1, max-image-preview:large, max-video-preview:-1\" \/>\n<link rel=\"canonical\" href=\"https:\/\/www.zurgnadenmutter.com\/hu\/produkt\/mariazelli-bronchienwohl-koeptetoszirup\/\" \/>\n<meta property=\"og:locale\" content=\"hu_HU\" \/>\n<meta property=\"og:type\" content=\"article\" \/>\n<meta property=\"og:title\" content=\"Mariazelli Bronchienwohl K\u00f6ptet\u0151szirup - Apotheke &amp; Drogerie zur Gnadenmutter - Mariazell\" \/>\n<meta property=\"og:description\" content=\"El\u0151seg\u00edti a fellazult ny\u00e1k t\u00e1voz\u00e1s\u00e1t a l\u00e9gutakb\u00f3l, megk\u00f6nny\u00edti a lerak\u00f3dott v\u00e1lad\u00e9k felk\u00f6h\u00f6g\u00e9s\u00e9t, j\u00f3t\u00e9kony hat\u00e1s\u00fa sz\u00e1raz k\u00f6h\u00f6g\u00e9s eset\u00e9n.\" \/>\n<meta property=\"og:url\" content=\"https:\/\/www.zurgnadenmutter.com\/hu\/produkt\/mariazelli-bronchienwohl-koeptetoszirup\/\" \/>\n<meta property=\"og:site_name\" content=\"Apotheke &amp; Drogerie zur Gnadenmutter - Mariazell\" \/>\n<meta property=\"article:modified_time\" content=\"2019-10-31T09:07:42+00:00\" \/>\n<meta property=\"og:image\" content=\"https:\/\/www.zurgnadenmutter.com\/wp-content\/uploads\/2016\/04\/Bronchienwohl-Saft-250-ml-2-scaled.jpg\" \/>\n\t<meta property=\"og:image:width\" content=\"1920\" \/>\n\t<meta property=\"og:image:height\" content=\"2560\" \/>\n\t<meta property=\"og:image:type\" content=\"image\/jpeg\" \/>\n<meta name=\"twitter:card\" content=\"summary_large_image\" \/>\n<script type=\"application\/ld+json\" class=\"yoast-schema-graph\">{\"@context\":\"https:\/\/schema.org\",\"@graph\":[{\"@type\":\"WebPage\",\"@id\":\"https:\/\/www.zurgnadenmutter.com\/hu\/produkt\/mariazelli-bronchienwohl-koeptetoszirup\/\",\"url\":\"https:\/\/www.zurgnadenmutter.com\/hu\/produkt\/mariazelli-bronchienwohl-koeptetoszirup\/\",\"name\":\"Mariazelli Bronchienwohl K\u00f6ptet\u0151szirup - Apotheke &amp; Drogerie zur Gnadenmutter - Mariazell\",\"isPartOf\":{\"@id\":\"https:\/\/www.zurgnadenmutter.com\/#website\"},\"primaryImageOfPage\":{\"@id\":\"https:\/\/www.zurgnadenmutter.com\/hu\/produkt\/mariazelli-bronchienwohl-koeptetoszirup\/#primaryimage\"},\"image\":{\"@id\":\"https:\/\/www.zurgnadenmutter.com\/hu\/produkt\/mariazelli-bronchienwohl-koeptetoszirup\/#primaryimage\"},\"thumbnailUrl\":\"https:\/\/www.zurgnadenmutter.com\/wp-content\/uploads\/2016\/04\/Bronch-Saft-scaled.jpg\",\"datePublished\":\"2016-04-04T21:27:27+00:00\",\"dateModified\":\"2019-10-31T09:07:42+00:00\",\"breadcrumb\":{\"@id\":\"https:\/\/www.zurgnadenmutter.com\/hu\/produkt\/mariazelli-bronchienwohl-koeptetoszirup\/#breadcrumb\"},\"inLanguage\":\"hu\",\"potentialAction\":[{\"@type\":\"ReadAction\",\"target\":[\"https:\/\/www.zurgnadenmutter.com\/hu\/produkt\/mariazelli-bronchienwohl-koeptetoszirup\/\"]}]},{\"@type\":\"ImageObject\",\"inLanguage\":\"hu\",\"@id\":\"https:\/\/www.zurgnadenmutter.com\/hu\/produkt\/mariazelli-bronchienwohl-koeptetoszirup\/#primaryimage\",\"url\":\"https:\/\/www.zurgnadenmutter.com\/wp-content\/uploads\/2016\/04\/Bronch-Saft-scaled.jpg\",\"contentUrl\":\"https:\/\/www.zurgnadenmutter.com\/wp-content\/uploads\/2016\/04\/Bronch-Saft-scaled.jpg\",\"width\":1920,\"height\":2560},{\"@type\":\"BreadcrumbList\",\"@id\":\"https:\/\/www.zurgnadenmutter.com\/hu\/produkt\/mariazelli-bronchienwohl-koeptetoszirup\/#breadcrumb\",\"itemListElement\":[{\"@type\":\"ListItem\",\"position\":1,\"name\":\"Startseite\",\"item\":\"https:\/\/www.zurgnadenmutter.com\/hu\/\"},{\"@type\":\"ListItem\",\"position\":2,\"name\":\"Webshop\",\"item\":\"https:\/\/www.zurgnadenmutter.com\/hu\/webshop\/\"},{\"@type\":\"ListItem\",\"position\":3,\"name\":\"Mariazelli Bronchienwohl K\u00f6ptet\u0151szirup\"}]},{\"@type\":\"WebSite\",\"@id\":\"https:\/\/www.zurgnadenmutter.com\/#website\",\"url\":\"https:\/\/www.zurgnadenmutter.com\/\",\"name\":\"Apotheke &amp; Drogerie zur Gnadenmutter - Mariazell\",\"description\":\"Apotheke Mariazell\",\"potentialAction\":[{\"@type\":\"SearchAction\",\"target\":{\"@type\":\"EntryPoint\",\"urlTemplate\":\"https:\/\/www.zurgnadenmutter.com\/?s={search_term_string}\"},\"query-input\":{\"@type\":\"PropertyValueSpecification\",\"valueRequired\":true,\"valueName\":\"search_term_string\"}}],\"inLanguage\":\"hu\"}]}<\/script>\n<!-- \/ Yoast SEO plugin. -->","yoast_head_json":{"title":"Mariazelli Bronchienwohl K\u00f6ptet\u0151szirup - Apotheke &amp; Drogerie zur Gnadenmutter - Mariazell","robots":{"index":"index","follow":"follow","max-snippet":"max-snippet:-1","max-image-preview":"max-image-preview:large","max-video-preview":"max-video-preview:-1"},"canonical":"https:\/\/www.zurgnadenmutter.com\/hu\/produkt\/mariazelli-bronchienwohl-koeptetoszirup\/","og_locale":"hu_HU","og_type":"article","og_title":"Mariazelli Bronchienwohl K\u00f6ptet\u0151szirup - Apotheke &amp; Drogerie zur Gnadenmutter - Mariazell","og_description":"El\u0151seg\u00edti a fellazult ny\u00e1k t\u00e1voz\u00e1s\u00e1t a l\u00e9gutakb\u00f3l, megk\u00f6nny\u00edti a lerak\u00f3dott v\u00e1lad\u00e9k felk\u00f6h\u00f6g\u00e9s\u00e9t, j\u00f3t\u00e9kony hat\u00e1s\u00fa sz\u00e1raz k\u00f6h\u00f6g\u00e9s eset\u00e9n.","og_url":"https:\/\/www.zurgnadenmutter.com\/hu\/produkt\/mariazelli-bronchienwohl-koeptetoszirup\/","og_site_name":"Apotheke &amp; Drogerie zur Gnadenmutter - Mariazell","article_modified_time":"2019-10-31T09:07:42+00:00","og_image":[{"width":1920,"height":2560,"url":"https:\/\/www.zurgnadenmutter.com\/wp-content\/uploads\/2016\/04\/Bronchienwohl-Saft-250-ml-2-scaled.jpg","type":"image\/jpeg"}],"twitter_card":"summary_large_image","schema":{"@context":"https:\/\/schema.org","@graph":[{"@type":"WebPage","@id":"https:\/\/www.zurgnadenmutter.com\/hu\/produkt\/mariazelli-bronchienwohl-koeptetoszirup\/","url":"https:\/\/www.zurgnadenmutter.com\/hu\/produkt\/mariazelli-bronchienwohl-koeptetoszirup\/","name":"Mariazelli Bronchienwohl K\u00f6ptet\u0151szirup - Apotheke &amp; Drogerie zur Gnadenmutter - Mariazell","isPartOf":{"@id":"https:\/\/www.zurgnadenmutter.com\/#website"},"primaryImageOfPage":{"@id":"https:\/\/www.zurgnadenmutter.com\/hu\/produkt\/mariazelli-bronchienwohl-koeptetoszirup\/#primaryimage"},"image":{"@id":"https:\/\/www.zurgnadenmutter.com\/hu\/produkt\/mariazelli-bronchienwohl-koeptetoszirup\/#primaryimage"},"thumbnailUrl":"https:\/\/www.zurgnadenmutter.com\/wp-content\/uploads\/2016\/04\/Bronch-Saft-scaled.jpg","datePublished":"2016-04-04T21:27:27+00:00","dateModified":"2019-10-31T09:07:42+00:00","breadcrumb":{"@id":"https:\/\/www.zurgnadenmutter.com\/hu\/produkt\/mariazelli-bronchienwohl-koeptetoszirup\/#breadcrumb"},"inLanguage":"hu","potentialAction":[{"@type":"ReadAction","target":["https:\/\/www.zurgnadenmutter.com\/hu\/produkt\/mariazelli-bronchienwohl-koeptetoszirup\/"]}]},{"@type":"ImageObject","inLanguage":"hu","@id":"https:\/\/www.zurgnadenmutter.com\/hu\/produkt\/mariazelli-bronchienwohl-koeptetoszirup\/#primaryimage","url":"https:\/\/www.zurgnadenmutter.com\/wp-content\/uploads\/2016\/04\/Bronch-Saft-scaled.jpg","contentUrl":"https:\/\/www.zurgnadenmutter.com\/wp-content\/uploads\/2016\/04\/Bronch-Saft-scaled.jpg","width":1920,"height":2560},{"@type":"BreadcrumbList","@id":"https:\/\/www.zurgnadenmutter.com\/hu\/produkt\/mariazelli-bronchienwohl-koeptetoszirup\/#breadcrumb","itemListElement":[{"@type":"ListItem","position":1,"name":"Startseite","item":"https:\/\/www.zurgnadenmutter.com\/hu\/"},{"@type":"ListItem","position":2,"name":"Webshop","item":"https:\/\/www.zurgnadenmutter.com\/hu\/webshop\/"},{"@type":"ListItem","position":3,"name":"Mariazelli Bronchienwohl K\u00f6ptet\u0151szirup"}]},{"@type":"WebSite","@id":"https:\/\/www.zurgnadenmutter.com\/#website","url":"https:\/\/www.zurgnadenmutter.com\/","name":"Apotheke &amp; Drogerie zur Gnadenmutter - Mariazell","description":"Apotheke Mariazell","potentialAction":[{"@type":"SearchAction","target":{"@type":"EntryPoint","urlTemplate":"https:\/\/www.zurgnadenmutter.com\/?s={search_term_string}"},"query-input":{"@type":"PropertyValueSpecification","valueRequired":true,"valueName":"search_term_string"}}],"inLanguage":"hu"}]}},"_links":{"self":[{"href":"https:\/\/www.zurgnadenmutter.com\/hu\/wp-json\/wp\/v2\/product\/2040","targetHints":{"allow":["GET"]}}],"collection":[{"href":"https:\/\/www.zurgnadenmutter.com\/hu\/wp-json\/wp\/v2\/product"}],"about":[{"href":"https:\/\/www.zurgnadenmutter.com\/hu\/wp-json\/wp\/v2\/types\/product"}],"replies":[{"embeddable":true,"href":"https:\/\/www.zurgnadenmutter.com\/hu\/wp-json\/wp\/v2\/comments?post=2040"}],"wp:featuredmedia":[{"embeddable":true,"href":"https:\/\/www.zurgnadenmutter.com\/hu\/wp-json\/wp\/v2\/media\/82498"}],"wp:attachment":[{"href":"https:\/\/www.zurgnadenmutter.com\/hu\/wp-json\/wp\/v2\/media?parent=2040"}],"wp:term":[{"taxonomy":"product_brand","embeddable":true,"href":"https:\/\/www.zurgnadenmutter.com\/hu\/wp-json\/wp\/v2\/product_brand?post=2040"},{"taxonomy":"product_cat","embeddable":true,"href":"https:\/\/www.zurgnadenmutter.com\/hu\/wp-json\/wp\/v2\/product_cat?post=2040"},{"taxonomy":"product_tag","embeddable":true,"href":"https:\/\/www.zurgnadenmutter.com\/hu\/wp-json\/wp\/v2\/product_tag?post=2040"}],"curies":[{"name":"wp","href":"https:\/\/api.w.org\/{rel}","templated":true}]}}