{"id":2038,"date":"2016-04-04T23:30:28","date_gmt":"2016-04-04T21:30:28","guid":{"rendered":"https:\/\/www.zurgnadenmutter.com\/shop\/mariazelli-tavaszi-meregtelenito-csomag\/"},"modified":"2020-01-29T12:54:33","modified_gmt":"2020-01-29T11:54:33","slug":"mariazelli-tavaszi-meregtelenito-csomag","status":"publish","type":"product","link":"https:\/\/www.zurgnadenmutter.com\/hu\/produkt\/mariazelli-tavaszi-meregtelenito-csomag\/","title":{"rendered":"Mariazelli tavaszi m\u00e9regtelen\u00edt\u0151 csomag"},"content":{"rendered":"<p>A hat\u00e9kony \u00e9s eg\u00e9szs\u00e9ges m\u00e9regtelen\u00edt\u00e9s term\u00e9kei egy csomagban:<\/p>\n<ul>\n<li>4 x Mariazelli n\u00f6v\u00e9nyi cseppek<\/li>\n<li>1 x Argiletz gy\u00f3gy\u00edt\u00f3 agyag<\/li>\n<li>1 x Mariazelli B\u00e1zis l\u00fagos\u00edt\u00f3 tea<\/li>\n<li>1 x Siriderma b\u00e1zikus f\u00fcrd\u0151s\u00f3<\/li>\n<\/ul>\n<p><strong>Mariazelli n\u00f6v\u00e9nyi cseppek :<\/strong> a k\u00fcl\u00f6nf\u00e9le cseppek k\u00fcl\u00f6nb\u00f6z\u0151 szervekre hatnak:<\/p>\n<ul>\n<li>Gyermekl\u00e1ncf\u0171 &#8211; m\u00e1j\/ epe<\/li>\n<li>Szel\u00eddgesztenye- nyirokrendszer<\/li>\n<li>Ny\u00edrr\u00fcgy\u00a0&#8211; vese\/ h\u00fagyh\u00f3lyag<\/li>\n<li>Zsurl\u00f3 &#8211; k\u00f6t\u0151sz\u00f6vet<\/li>\n<\/ul>\n<p>A cseppeket 3 napos v\u00e1lt\u00e1sban kell bevenni a k\u00f6vetkez\u0151k szerint:<\/p>\n<ul>\n<li>3 napig gyermekl\u00e1ncf\u0171- 3&#215;15 csepp<\/li>\n<li>3 napig ny\u00edrr\u00fcgy &#8211; 3&#215;15 csepp<\/li>\n<li>3 napig szel\u00eddgesztenye\u00a0 &#8211; 3&#215;15 csepp<\/li>\n<li>3 napig zsurl\u00f3\u00a0 &#8211; 3&#215;15 csepp<\/li>\n<li>Majd el\u00f6lr\u0151l megism\u00e9telni az eg\u00e9szet, \u00fajra 3 naponta v\u00e1ltva a cseppeket.<\/li>\n<\/ul>\n<p>Mariazelli B\u00e1zis l\u00fagos\u00edt\u00f3 tea: a benne lev\u0151 gy\u00f3gyn\u00f6v\u00e9nyek m\u00e9regtelen\u00edt\u0151leg, semleges\u00edt\u0151leg, tiszt\u00edt\u00f3lag \u00e9s vizelethajt\u00f3k\u00e9nt hatnak. Seg\u00edtenek a sav-b\u00e1zis egyens\u00faly megtart\u00e1s\u00e1ban.<\/p>\n<p><strong>Gy\u00f3gy\u00edt\u00f3 agyag: <\/strong>z\u00f6ld, s\u00e1rga\u00a0\u00e9s feh\u00e9r gy\u00f3gy\u00edt\u00f3 agyag.<\/p>\n<p>Est\u00e9nk\u00e9nt 1 te\u00e1skan\u00e1l agyagot oldjunk fel egy poh\u00e1r v\u00edzben, 1 \u00e9jszak\u00e1n \u00e1t hagyjuk \u00e1llni, le\u00fcllepedni az agyagot, majd reggel \u00e9hgyomorra kortyonk\u00e9nt fogyasztva igyuk meg az oldatot.<\/p>\n<p><strong>Siriderma b\u00e1zikus f\u00fcrd\u0151s\u00f3<\/strong>:f\u00fcrd\u00e9shez a k\u00fara alatt<\/p>\n<p><strong>A k\u00fara alkalmaz\u00e1sa: <\/strong>A k\u00far\u00e1t fogy\u00f3 holdkor kell elkezdeni \u00e9s legal\u00e1bb 21 napig kell v\u00e9gezni. A k\u00fara sor\u00e1n fogyasszunk min\u00e9l t\u00f6bb folyad\u00e9kot (b\u00e1zikus l\u00fagos\u00edt\u00f3 tea, j\u00f3 min\u0151s\u00e9g\u0171 v\u00edz) illetve s\u00f6t\u00e9t sz\u00edn\u0171 leveket ( c\u00e9klal\u00e9, bogy\u00f3s gy\u00fcm\u00f6lcs\u00f6k leve). Reggelente v\u00e9gezz\u00fcnk olajos sz\u00e1j\u00f6bl\u00f6get\u00e9st valamint tiszt\u00edtsuk meg a nyelv\u00fcnket. Lehet\u0151s\u00e9g szerint hetente 2-3-szor vegy\u00fcnk b\u00e1zikus f\u00fcrd\u0151t illetve szaun\u00e1zzunk. Ezek ugyanis szint\u00e9n seg\u00edtik a m\u00e9reganyagok t\u00e1voz\u00e1s\u00e1t a szervezetb\u0151l.<\/p>\n","protected":false},"excerpt":{"rendered":"<p>A hat\u00e9kony \u00e9s eg\u00e9szs\u00e9ges tavaszi m\u00e9regtelen\u00edt\u00e9s term\u00e9kei egy csomagban.<\/p>\n","protected":false},"featured_media":86311,"comment_status":"closed","ping_status":"closed","template":"","meta":{"_acf_changed":false},"product_brand":[],"product_cat":[],"product_tag":[],"class_list":{"0":"post-2038","1":"product","2":"type-product","3":"status-publish","4":"has-post-thumbnail","6":"first","7":"instock","8":"taxable","9":"shipping-taxable","10":"purchasable","11":"product-type-simple"},"acf":[],"yoast_head":"<!-- This site is optimized with the Yoast SEO plugin v27.2 - https:\/\/yoast.com\/product\/yoast-seo-wordpress\/ -->\n<title>Mariazelli tavaszi m\u00e9regtelen\u00edt\u0151 csomag - Apotheke &amp; Drogerie zur Gnadenmutter - Mariazell<\/title>\n<meta name=\"robots\" content=\"index, follow, max-snippet:-1, max-image-preview:large, max-video-preview:-1\" \/>\n<link rel=\"canonical\" href=\"https:\/\/www.zurgnadenmutter.com\/hu\/produkt\/mariazelli-tavaszi-meregtelenito-csomag\/\" \/>\n<meta property=\"og:locale\" content=\"hu_HU\" \/>\n<meta property=\"og:type\" content=\"article\" \/>\n<meta property=\"og:title\" content=\"Mariazelli tavaszi m\u00e9regtelen\u00edt\u0151 csomag - Apotheke &amp; Drogerie zur Gnadenmutter - Mariazell\" \/>\n<meta property=\"og:description\" content=\"A hat\u00e9kony \u00e9s eg\u00e9szs\u00e9ges tavaszi m\u00e9regtelen\u00edt\u00e9s term\u00e9kei egy csomagban.\" \/>\n<meta property=\"og:url\" content=\"https:\/\/www.zurgnadenmutter.com\/hu\/produkt\/mariazelli-tavaszi-meregtelenito-csomag\/\" \/>\n<meta property=\"og:site_name\" content=\"Apotheke &amp; Drogerie zur Gnadenmutter - Mariazell\" \/>\n<meta property=\"article:modified_time\" content=\"2020-01-29T11:54:33+00:00\" \/>\n<meta property=\"og:image\" content=\"https:\/\/www.zurgnadenmutter.com\/wp-content\/uploads\/2016\/04\/Entschlackungs-Paket-Fruehjahr-scaled.jpg\" \/>\n\t<meta property=\"og:image:width\" content=\"1920\" \/>\n\t<meta property=\"og:image:height\" content=\"2560\" \/>\n\t<meta property=\"og:image:type\" content=\"image\/jpeg\" \/>\n<meta name=\"twitter:card\" content=\"summary_large_image\" \/>\n<meta name=\"twitter:label1\" content=\"Becs\u00fclt olvas\u00e1si id\u0151\" \/>\n\t<meta name=\"twitter:data1\" content=\"2 perc\" \/>\n<script type=\"application\/ld+json\" class=\"yoast-schema-graph\">{\"@context\":\"https:\/\/schema.org\",\"@graph\":[{\"@type\":\"WebPage\",\"@id\":\"https:\/\/www.zurgnadenmutter.com\/hu\/produkt\/mariazelli-tavaszi-meregtelenito-csomag\/\",\"url\":\"https:\/\/www.zurgnadenmutter.com\/hu\/produkt\/mariazelli-tavaszi-meregtelenito-csomag\/\",\"name\":\"Mariazelli tavaszi m\u00e9regtelen\u00edt\u0151 csomag - Apotheke &amp; Drogerie zur Gnadenmutter - Mariazell\",\"isPartOf\":{\"@id\":\"https:\/\/www.zurgnadenmutter.com\/#website\"},\"primaryImageOfPage\":{\"@id\":\"https:\/\/www.zurgnadenmutter.com\/hu\/produkt\/mariazelli-tavaszi-meregtelenito-csomag\/#primaryimage\"},\"image\":{\"@id\":\"https:\/\/www.zurgnadenmutter.com\/hu\/produkt\/mariazelli-tavaszi-meregtelenito-csomag\/#primaryimage\"},\"thumbnailUrl\":\"https:\/\/www.zurgnadenmutter.com\/wp-content\/uploads\/2016\/04\/Entschlackungs-Paket-Fruehjahr-scaled.jpg\",\"datePublished\":\"2016-04-04T21:30:28+00:00\",\"dateModified\":\"2020-01-29T11:54:33+00:00\",\"breadcrumb\":{\"@id\":\"https:\/\/www.zurgnadenmutter.com\/hu\/produkt\/mariazelli-tavaszi-meregtelenito-csomag\/#breadcrumb\"},\"inLanguage\":\"hu\",\"potentialAction\":[{\"@type\":\"ReadAction\",\"target\":[\"https:\/\/www.zurgnadenmutter.com\/hu\/produkt\/mariazelli-tavaszi-meregtelenito-csomag\/\"]}]},{\"@type\":\"ImageObject\",\"inLanguage\":\"hu\",\"@id\":\"https:\/\/www.zurgnadenmutter.com\/hu\/produkt\/mariazelli-tavaszi-meregtelenito-csomag\/#primaryimage\",\"url\":\"https:\/\/www.zurgnadenmutter.com\/wp-content\/uploads\/2016\/04\/Entschlackungs-Paket-Fruehjahr-scaled.jpg\",\"contentUrl\":\"https:\/\/www.zurgnadenmutter.com\/wp-content\/uploads\/2016\/04\/Entschlackungs-Paket-Fruehjahr-scaled.jpg\",\"width\":1920,\"height\":2560},{\"@type\":\"BreadcrumbList\",\"@id\":\"https:\/\/www.zurgnadenmutter.com\/hu\/produkt\/mariazelli-tavaszi-meregtelenito-csomag\/#breadcrumb\",\"itemListElement\":[{\"@type\":\"ListItem\",\"position\":1,\"name\":\"Startseite\",\"item\":\"https:\/\/www.zurgnadenmutter.com\/hu\/\"},{\"@type\":\"ListItem\",\"position\":2,\"name\":\"Webshop\",\"item\":\"https:\/\/www.zurgnadenmutter.com\/hu\/webshop\/\"},{\"@type\":\"ListItem\",\"position\":3,\"name\":\"Mariazelli tavaszi m\u00e9regtelen\u00edt\u0151 csomag\"}]},{\"@type\":\"WebSite\",\"@id\":\"https:\/\/www.zurgnadenmutter.com\/#website\",\"url\":\"https:\/\/www.zurgnadenmutter.com\/\",\"name\":\"Apotheke &amp; Drogerie zur Gnadenmutter - Mariazell\",\"description\":\"Apotheke Mariazell\",\"potentialAction\":[{\"@type\":\"SearchAction\",\"target\":{\"@type\":\"EntryPoint\",\"urlTemplate\":\"https:\/\/www.zurgnadenmutter.com\/?s={search_term_string}\"},\"query-input\":{\"@type\":\"PropertyValueSpecification\",\"valueRequired\":true,\"valueName\":\"search_term_string\"}}],\"inLanguage\":\"hu\"}]}<\/script>\n<!-- \/ Yoast SEO plugin. -->","yoast_head_json":{"title":"Mariazelli tavaszi m\u00e9regtelen\u00edt\u0151 csomag - Apotheke &amp; Drogerie zur Gnadenmutter - Mariazell","robots":{"index":"index","follow":"follow","max-snippet":"max-snippet:-1","max-image-preview":"max-image-preview:large","max-video-preview":"max-video-preview:-1"},"canonical":"https:\/\/www.zurgnadenmutter.com\/hu\/produkt\/mariazelli-tavaszi-meregtelenito-csomag\/","og_locale":"hu_HU","og_type":"article","og_title":"Mariazelli tavaszi m\u00e9regtelen\u00edt\u0151 csomag - Apotheke &amp; Drogerie zur Gnadenmutter - Mariazell","og_description":"A hat\u00e9kony \u00e9s eg\u00e9szs\u00e9ges tavaszi m\u00e9regtelen\u00edt\u00e9s term\u00e9kei egy csomagban.","og_url":"https:\/\/www.zurgnadenmutter.com\/hu\/produkt\/mariazelli-tavaszi-meregtelenito-csomag\/","og_site_name":"Apotheke &amp; Drogerie zur Gnadenmutter - Mariazell","article_modified_time":"2020-01-29T11:54:33+00:00","og_image":[{"width":1920,"height":2560,"url":"https:\/\/www.zurgnadenmutter.com\/wp-content\/uploads\/2016\/04\/Entschlackungs-Paket-Fruehjahr-scaled.jpg","type":"image\/jpeg"}],"twitter_card":"summary_large_image","twitter_misc":{"Becs\u00fclt olvas\u00e1si id\u0151":"2 perc"},"schema":{"@context":"https:\/\/schema.org","@graph":[{"@type":"WebPage","@id":"https:\/\/www.zurgnadenmutter.com\/hu\/produkt\/mariazelli-tavaszi-meregtelenito-csomag\/","url":"https:\/\/www.zurgnadenmutter.com\/hu\/produkt\/mariazelli-tavaszi-meregtelenito-csomag\/","name":"Mariazelli tavaszi m\u00e9regtelen\u00edt\u0151 csomag - Apotheke &amp; Drogerie zur Gnadenmutter - Mariazell","isPartOf":{"@id":"https:\/\/www.zurgnadenmutter.com\/#website"},"primaryImageOfPage":{"@id":"https:\/\/www.zurgnadenmutter.com\/hu\/produkt\/mariazelli-tavaszi-meregtelenito-csomag\/#primaryimage"},"image":{"@id":"https:\/\/www.zurgnadenmutter.com\/hu\/produkt\/mariazelli-tavaszi-meregtelenito-csomag\/#primaryimage"},"thumbnailUrl":"https:\/\/www.zurgnadenmutter.com\/wp-content\/uploads\/2016\/04\/Entschlackungs-Paket-Fruehjahr-scaled.jpg","datePublished":"2016-04-04T21:30:28+00:00","dateModified":"2020-01-29T11:54:33+00:00","breadcrumb":{"@id":"https:\/\/www.zurgnadenmutter.com\/hu\/produkt\/mariazelli-tavaszi-meregtelenito-csomag\/#breadcrumb"},"inLanguage":"hu","potentialAction":[{"@type":"ReadAction","target":["https:\/\/www.zurgnadenmutter.com\/hu\/produkt\/mariazelli-tavaszi-meregtelenito-csomag\/"]}]},{"@type":"ImageObject","inLanguage":"hu","@id":"https:\/\/www.zurgnadenmutter.com\/hu\/produkt\/mariazelli-tavaszi-meregtelenito-csomag\/#primaryimage","url":"https:\/\/www.zurgnadenmutter.com\/wp-content\/uploads\/2016\/04\/Entschlackungs-Paket-Fruehjahr-scaled.jpg","contentUrl":"https:\/\/www.zurgnadenmutter.com\/wp-content\/uploads\/2016\/04\/Entschlackungs-Paket-Fruehjahr-scaled.jpg","width":1920,"height":2560},{"@type":"BreadcrumbList","@id":"https:\/\/www.zurgnadenmutter.com\/hu\/produkt\/mariazelli-tavaszi-meregtelenito-csomag\/#breadcrumb","itemListElement":[{"@type":"ListItem","position":1,"name":"Startseite","item":"https:\/\/www.zurgnadenmutter.com\/hu\/"},{"@type":"ListItem","position":2,"name":"Webshop","item":"https:\/\/www.zurgnadenmutter.com\/hu\/webshop\/"},{"@type":"ListItem","position":3,"name":"Mariazelli tavaszi m\u00e9regtelen\u00edt\u0151 csomag"}]},{"@type":"WebSite","@id":"https:\/\/www.zurgnadenmutter.com\/#website","url":"https:\/\/www.zurgnadenmutter.com\/","name":"Apotheke &amp; Drogerie zur Gnadenmutter - Mariazell","description":"Apotheke Mariazell","potentialAction":[{"@type":"SearchAction","target":{"@type":"EntryPoint","urlTemplate":"https:\/\/www.zurgnadenmutter.com\/?s={search_term_string}"},"query-input":{"@type":"PropertyValueSpecification","valueRequired":true,"valueName":"search_term_string"}}],"inLanguage":"hu"}]}},"_links":{"self":[{"href":"https:\/\/www.zurgnadenmutter.com\/hu\/wp-json\/wp\/v2\/product\/2038","targetHints":{"allow":["GET"]}}],"collection":[{"href":"https:\/\/www.zurgnadenmutter.com\/hu\/wp-json\/wp\/v2\/product"}],"about":[{"href":"https:\/\/www.zurgnadenmutter.com\/hu\/wp-json\/wp\/v2\/types\/product"}],"replies":[{"embeddable":true,"href":"https:\/\/www.zurgnadenmutter.com\/hu\/wp-json\/wp\/v2\/comments?post=2038"}],"wp:featuredmedia":[{"embeddable":true,"href":"https:\/\/www.zurgnadenmutter.com\/hu\/wp-json\/wp\/v2\/media\/86311"}],"wp:attachment":[{"href":"https:\/\/www.zurgnadenmutter.com\/hu\/wp-json\/wp\/v2\/media?parent=2038"}],"wp:term":[{"taxonomy":"product_brand","embeddable":true,"href":"https:\/\/www.zurgnadenmutter.com\/hu\/wp-json\/wp\/v2\/product_brand?post=2038"},{"taxonomy":"product_cat","embeddable":true,"href":"https:\/\/www.zurgnadenmutter.com\/hu\/wp-json\/wp\/v2\/product_cat?post=2038"},{"taxonomy":"product_tag","embeddable":true,"href":"https:\/\/www.zurgnadenmutter.com\/hu\/wp-json\/wp\/v2\/product_tag?post=2038"}],"curies":[{"name":"wp","href":"https:\/\/api.w.org\/{rel}","templated":true}]}}