{"id":2022,"date":"2016-04-04T23:37:02","date_gmt":"2016-04-04T21:37:02","guid":{"rendered":"https:\/\/www.zurgnadenmutter.com\/shop\/mariazelli-gyomorcseppek\/"},"modified":"2020-02-03T13:01:38","modified_gmt":"2020-02-03T12:01:38","slug":"mariazelli-gyomorcseppek","status":"publish","type":"product","link":"https:\/\/www.zurgnadenmutter.com\/hu\/produkt\/mariazelli-gyomorcseppek\/","title":{"rendered":"Mariazelli Gyomorcseppek"},"content":{"rendered":"<p>1780-ban \u00e1ll\u00edtott\u00e1k el\u0151sz\u00f6r el\u0151 az Irgalmass\u00e1g Anyja Gy\u00f3gyszert\u00e1rban. Az\u00f3ta is a hagyom\u00e1nyos recept alapj\u00e1n k\u00e9sz\u00edtik kiz\u00e1r\u00f3lag a mariazelli gy\u00f3gyszert\u00e1rban. Rengetegszer bizony\u00edtott m\u00e1r. Alig akad olyan h\u00e1ztart\u00e1s, ahol nem lelhet\u0151 fel az \u00f6sszet\u00e9veszthetetlen z\u00f6ld-feh\u00e9r cs\u00edkos csomagol\u00e1s\u00fa gyomorcsepp. Ha t\u00fal sokat, vagy t\u00fal zs\u00edrosat ett\u00fcnk, haszn\u00e1ljuk b\u00e1tran a mariazelli gyomorcseppeket. T\u00e1mogatja \u00e9s el\u0151seg\u00edti az eg\u00e9szs\u00e9ges em\u00e9szt\u00e9st, kiv\u00e1l\u00f3an alkalmazhat\u00f3 em\u00e9szt\u00e9si b\u00e1ntalmakra, el\u0151seg\u00edti a gyomor \u00e9s a m\u00e1j norm\u00e1l m\u0171k\u00f6d\u00e9s\u00e9t, hozz\u00e1j\u00e1rul a m\u00e1j norm\u00e1l m\u00e9regtelen\u00edt\u0151 funkci\u00f3j\u00e1hoz, el\u0151seg\u00edti az em\u00e9szt\u00e9si nedvek termel\u0151d\u00e9s\u00e9t illetve hozz\u00e1j\u00e1rul a belek norm\u00e1l m\u0171k\u00f6d\u00e9s\u00e9hez \u00e9s az eg\u00e9szs\u00e9ges zs\u00edranyagcserefolyamatokhoz.<\/p>\n","protected":false},"excerpt":{"rendered":"<p>Ha t\u00fal sokat, vagy t\u00fal zs\u00edrosat ett\u00fcnk, haszn\u00e1ljuk b\u00e1tran a 26 gy\u00f3gyn\u00f6v\u00e9nyb\u0151l k\u00e9sz\u00fcl\u0151 mariazelli gyomorcseppeket. T\u00e1mogatja \u00e9s el\u0151seg\u00edti az eg\u00e9szs\u00e9ges em\u00e9szt\u00e9st, kiv\u00e1l\u00f3an alkalmazhat\u00f3 em\u00e9szt\u00e9si b\u00e1ntalmakra, el\u0151seg\u00edti a gyomor \u00e9s a m\u00e1j norm\u00e1l m\u0171k\u00f6d\u00e9s\u00e9t. Puffad\u00e1s, h\u00e1nyinger eset\u00e9n igazi csodaszer.<\/p>\n","protected":false},"featured_media":82514,"comment_status":"closed","ping_status":"closed","template":"","meta":{"_acf_changed":false},"product_brand":[],"product_cat":[201],"product_tag":[],"class_list":{"0":"post-2022","1":"product","2":"type-product","3":"status-publish","4":"has-post-thumbnail","6":"product_cat-gyogynoevenyspecialitasok","8":"first","9":"instock","10":"taxable","11":"shipping-taxable","12":"purchasable","13":"product-type-simple"},"acf":[],"yoast_head":"<!-- This site is optimized with the Yoast SEO plugin v27.2 - https:\/\/yoast.com\/product\/yoast-seo-wordpress\/ -->\n<title>Mariazelli Gyomorcseppek - Apotheke &amp; Drogerie zur Gnadenmutter - Mariazell<\/title>\n<meta name=\"description\" content=\"Unsere Magentropfen f\u00f6rdern\u00a0eine gesunde Verdauung, wirken unterst\u00fctzend bei Verdauungsbeschwerden, unterst\u00fctzen die Entgiftungsfunktion der Leber, f\u00f6rdern die Produktion der Verdauungss\u00e4fte und die Darmbewegung und unterst\u00fctzen den Fettstoffwechsel.\" \/>\n<meta name=\"robots\" content=\"index, follow, max-snippet:-1, max-image-preview:large, max-video-preview:-1\" \/>\n<link rel=\"canonical\" href=\"https:\/\/www.zurgnadenmutter.com\/hu\/produkt\/mariazelli-gyomorcseppek\/\" \/>\n<meta property=\"og:locale\" content=\"hu_HU\" \/>\n<meta property=\"og:type\" content=\"article\" \/>\n<meta property=\"og:title\" content=\"Mariazelli Gyomorcseppek - Apotheke &amp; Drogerie zur Gnadenmutter - Mariazell\" \/>\n<meta property=\"og:description\" content=\"Unsere Magentropfen f\u00f6rdern\u00a0eine gesunde Verdauung, wirken unterst\u00fctzend bei Verdauungsbeschwerden, unterst\u00fctzen die Entgiftungsfunktion der Leber, f\u00f6rdern die Produktion der Verdauungss\u00e4fte und die Darmbewegung und unterst\u00fctzen den Fettstoffwechsel.\" \/>\n<meta property=\"og:url\" content=\"https:\/\/www.zurgnadenmutter.com\/hu\/produkt\/mariazelli-gyomorcseppek\/\" \/>\n<meta property=\"og:site_name\" content=\"Apotheke &amp; Drogerie zur Gnadenmutter - Mariazell\" \/>\n<meta property=\"article:modified_time\" content=\"2020-02-03T12:01:38+00:00\" \/>\n<meta property=\"og:image\" content=\"https:\/\/www.zurgnadenmutter.com\/wp-content\/uploads\/2016\/04\/MARIAZELLER-MAGENTROPFEN-1-scaled.jpg\" \/>\n\t<meta property=\"og:image:width\" content=\"1920\" \/>\n\t<meta property=\"og:image:height\" content=\"2560\" \/>\n\t<meta property=\"og:image:type\" content=\"image\/jpeg\" \/>\n<meta name=\"twitter:card\" content=\"summary_large_image\" \/>\n<meta name=\"twitter:label1\" content=\"Becs\u00fclt olvas\u00e1si id\u0151\" \/>\n\t<meta name=\"twitter:data1\" content=\"1 perc\" \/>\n<script type=\"application\/ld+json\" class=\"yoast-schema-graph\">{\"@context\":\"https:\/\/schema.org\",\"@graph\":[{\"@type\":\"WebPage\",\"@id\":\"https:\/\/www.zurgnadenmutter.com\/hu\/produkt\/mariazelli-gyomorcseppek\/\",\"url\":\"https:\/\/www.zurgnadenmutter.com\/hu\/produkt\/mariazelli-gyomorcseppek\/\",\"name\":\"Mariazelli Gyomorcseppek - Apotheke &amp; Drogerie zur Gnadenmutter - Mariazell\",\"isPartOf\":{\"@id\":\"https:\/\/www.zurgnadenmutter.com\/#website\"},\"primaryImageOfPage\":{\"@id\":\"https:\/\/www.zurgnadenmutter.com\/hu\/produkt\/mariazelli-gyomorcseppek\/#primaryimage\"},\"image\":{\"@id\":\"https:\/\/www.zurgnadenmutter.com\/hu\/produkt\/mariazelli-gyomorcseppek\/#primaryimage\"},\"thumbnailUrl\":\"https:\/\/www.zurgnadenmutter.com\/wp-content\/uploads\/2016\/04\/Magentropfen-scaled.jpg\",\"datePublished\":\"2016-04-04T21:37:02+00:00\",\"dateModified\":\"2020-02-03T12:01:38+00:00\",\"description\":\"Unsere Magentropfen f\u00f6rdern\u00a0eine gesunde Verdauung, wirken unterst\u00fctzend bei Verdauungsbeschwerden, unterst\u00fctzen die Entgiftungsfunktion der Leber, f\u00f6rdern die Produktion der Verdauungss\u00e4fte und die Darmbewegung und unterst\u00fctzen den Fettstoffwechsel.\",\"breadcrumb\":{\"@id\":\"https:\/\/www.zurgnadenmutter.com\/hu\/produkt\/mariazelli-gyomorcseppek\/#breadcrumb\"},\"inLanguage\":\"hu\",\"potentialAction\":[{\"@type\":\"ReadAction\",\"target\":[\"https:\/\/www.zurgnadenmutter.com\/hu\/produkt\/mariazelli-gyomorcseppek\/\"]}]},{\"@type\":\"ImageObject\",\"inLanguage\":\"hu\",\"@id\":\"https:\/\/www.zurgnadenmutter.com\/hu\/produkt\/mariazelli-gyomorcseppek\/#primaryimage\",\"url\":\"https:\/\/www.zurgnadenmutter.com\/wp-content\/uploads\/2016\/04\/Magentropfen-scaled.jpg\",\"contentUrl\":\"https:\/\/www.zurgnadenmutter.com\/wp-content\/uploads\/2016\/04\/Magentropfen-scaled.jpg\",\"width\":1920,\"height\":2560},{\"@type\":\"BreadcrumbList\",\"@id\":\"https:\/\/www.zurgnadenmutter.com\/hu\/produkt\/mariazelli-gyomorcseppek\/#breadcrumb\",\"itemListElement\":[{\"@type\":\"ListItem\",\"position\":1,\"name\":\"Startseite\",\"item\":\"https:\/\/www.zurgnadenmutter.com\/hu\/\"},{\"@type\":\"ListItem\",\"position\":2,\"name\":\"Webshop\",\"item\":\"https:\/\/www.zurgnadenmutter.com\/hu\/webshop\/\"},{\"@type\":\"ListItem\",\"position\":3,\"name\":\"Mariazelli Gyomorcseppek\"}]},{\"@type\":\"WebSite\",\"@id\":\"https:\/\/www.zurgnadenmutter.com\/#website\",\"url\":\"https:\/\/www.zurgnadenmutter.com\/\",\"name\":\"Apotheke &amp; Drogerie zur Gnadenmutter - Mariazell\",\"description\":\"Apotheke Mariazell\",\"potentialAction\":[{\"@type\":\"SearchAction\",\"target\":{\"@type\":\"EntryPoint\",\"urlTemplate\":\"https:\/\/www.zurgnadenmutter.com\/?s={search_term_string}\"},\"query-input\":{\"@type\":\"PropertyValueSpecification\",\"valueRequired\":true,\"valueName\":\"search_term_string\"}}],\"inLanguage\":\"hu\"}]}<\/script>\n<!-- \/ Yoast SEO plugin. -->","yoast_head_json":{"title":"Mariazelli Gyomorcseppek - Apotheke &amp; Drogerie zur Gnadenmutter - Mariazell","description":"Unsere Magentropfen f\u00f6rdern\u00a0eine gesunde Verdauung, wirken unterst\u00fctzend bei Verdauungsbeschwerden, unterst\u00fctzen die Entgiftungsfunktion der Leber, f\u00f6rdern die Produktion der Verdauungss\u00e4fte und die Darmbewegung und unterst\u00fctzen den Fettstoffwechsel.","robots":{"index":"index","follow":"follow","max-snippet":"max-snippet:-1","max-image-preview":"max-image-preview:large","max-video-preview":"max-video-preview:-1"},"canonical":"https:\/\/www.zurgnadenmutter.com\/hu\/produkt\/mariazelli-gyomorcseppek\/","og_locale":"hu_HU","og_type":"article","og_title":"Mariazelli Gyomorcseppek - Apotheke &amp; Drogerie zur Gnadenmutter - Mariazell","og_description":"Unsere Magentropfen f\u00f6rdern\u00a0eine gesunde Verdauung, wirken unterst\u00fctzend bei Verdauungsbeschwerden, unterst\u00fctzen die Entgiftungsfunktion der Leber, f\u00f6rdern die Produktion der Verdauungss\u00e4fte und die Darmbewegung und unterst\u00fctzen den Fettstoffwechsel.","og_url":"https:\/\/www.zurgnadenmutter.com\/hu\/produkt\/mariazelli-gyomorcseppek\/","og_site_name":"Apotheke &amp; Drogerie zur Gnadenmutter - Mariazell","article_modified_time":"2020-02-03T12:01:38+00:00","og_image":[{"width":1920,"height":2560,"url":"https:\/\/www.zurgnadenmutter.com\/wp-content\/uploads\/2016\/04\/MARIAZELLER-MAGENTROPFEN-1-scaled.jpg","type":"image\/jpeg"}],"twitter_card":"summary_large_image","twitter_misc":{"Becs\u00fclt olvas\u00e1si id\u0151":"1 perc"},"schema":{"@context":"https:\/\/schema.org","@graph":[{"@type":"WebPage","@id":"https:\/\/www.zurgnadenmutter.com\/hu\/produkt\/mariazelli-gyomorcseppek\/","url":"https:\/\/www.zurgnadenmutter.com\/hu\/produkt\/mariazelli-gyomorcseppek\/","name":"Mariazelli Gyomorcseppek - Apotheke &amp; Drogerie zur Gnadenmutter - Mariazell","isPartOf":{"@id":"https:\/\/www.zurgnadenmutter.com\/#website"},"primaryImageOfPage":{"@id":"https:\/\/www.zurgnadenmutter.com\/hu\/produkt\/mariazelli-gyomorcseppek\/#primaryimage"},"image":{"@id":"https:\/\/www.zurgnadenmutter.com\/hu\/produkt\/mariazelli-gyomorcseppek\/#primaryimage"},"thumbnailUrl":"https:\/\/www.zurgnadenmutter.com\/wp-content\/uploads\/2016\/04\/Magentropfen-scaled.jpg","datePublished":"2016-04-04T21:37:02+00:00","dateModified":"2020-02-03T12:01:38+00:00","description":"Unsere Magentropfen f\u00f6rdern\u00a0eine gesunde Verdauung, wirken unterst\u00fctzend bei Verdauungsbeschwerden, unterst\u00fctzen die Entgiftungsfunktion der Leber, f\u00f6rdern die Produktion der Verdauungss\u00e4fte und die Darmbewegung und unterst\u00fctzen den Fettstoffwechsel.","breadcrumb":{"@id":"https:\/\/www.zurgnadenmutter.com\/hu\/produkt\/mariazelli-gyomorcseppek\/#breadcrumb"},"inLanguage":"hu","potentialAction":[{"@type":"ReadAction","target":["https:\/\/www.zurgnadenmutter.com\/hu\/produkt\/mariazelli-gyomorcseppek\/"]}]},{"@type":"ImageObject","inLanguage":"hu","@id":"https:\/\/www.zurgnadenmutter.com\/hu\/produkt\/mariazelli-gyomorcseppek\/#primaryimage","url":"https:\/\/www.zurgnadenmutter.com\/wp-content\/uploads\/2016\/04\/Magentropfen-scaled.jpg","contentUrl":"https:\/\/www.zurgnadenmutter.com\/wp-content\/uploads\/2016\/04\/Magentropfen-scaled.jpg","width":1920,"height":2560},{"@type":"BreadcrumbList","@id":"https:\/\/www.zurgnadenmutter.com\/hu\/produkt\/mariazelli-gyomorcseppek\/#breadcrumb","itemListElement":[{"@type":"ListItem","position":1,"name":"Startseite","item":"https:\/\/www.zurgnadenmutter.com\/hu\/"},{"@type":"ListItem","position":2,"name":"Webshop","item":"https:\/\/www.zurgnadenmutter.com\/hu\/webshop\/"},{"@type":"ListItem","position":3,"name":"Mariazelli Gyomorcseppek"}]},{"@type":"WebSite","@id":"https:\/\/www.zurgnadenmutter.com\/#website","url":"https:\/\/www.zurgnadenmutter.com\/","name":"Apotheke &amp; Drogerie zur Gnadenmutter - Mariazell","description":"Apotheke Mariazell","potentialAction":[{"@type":"SearchAction","target":{"@type":"EntryPoint","urlTemplate":"https:\/\/www.zurgnadenmutter.com\/?s={search_term_string}"},"query-input":{"@type":"PropertyValueSpecification","valueRequired":true,"valueName":"search_term_string"}}],"inLanguage":"hu"}]}},"_links":{"self":[{"href":"https:\/\/www.zurgnadenmutter.com\/hu\/wp-json\/wp\/v2\/product\/2022","targetHints":{"allow":["GET"]}}],"collection":[{"href":"https:\/\/www.zurgnadenmutter.com\/hu\/wp-json\/wp\/v2\/product"}],"about":[{"href":"https:\/\/www.zurgnadenmutter.com\/hu\/wp-json\/wp\/v2\/types\/product"}],"replies":[{"embeddable":true,"href":"https:\/\/www.zurgnadenmutter.com\/hu\/wp-json\/wp\/v2\/comments?post=2022"}],"wp:featuredmedia":[{"embeddable":true,"href":"https:\/\/www.zurgnadenmutter.com\/hu\/wp-json\/wp\/v2\/media\/82514"}],"wp:attachment":[{"href":"https:\/\/www.zurgnadenmutter.com\/hu\/wp-json\/wp\/v2\/media?parent=2022"}],"wp:term":[{"taxonomy":"product_brand","embeddable":true,"href":"https:\/\/www.zurgnadenmutter.com\/hu\/wp-json\/wp\/v2\/product_brand?post=2022"},{"taxonomy":"product_cat","embeddable":true,"href":"https:\/\/www.zurgnadenmutter.com\/hu\/wp-json\/wp\/v2\/product_cat?post=2022"},{"taxonomy":"product_tag","embeddable":true,"href":"https:\/\/www.zurgnadenmutter.com\/hu\/wp-json\/wp\/v2\/product_tag?post=2022"}],"curies":[{"name":"wp","href":"https:\/\/api.w.org\/{rel}","templated":true}]}}