{"id":2017,"date":"2016-04-04T23:39:24","date_gmt":"2016-04-04T21:39:24","guid":{"rendered":"https:\/\/www.zurgnadenmutter.com\/shop\/mariazelli-fogyokuras-csomag\/"},"modified":"2016-04-04T23:39:24","modified_gmt":"2016-04-04T21:39:24","slug":"mariazelli-fogyokuras-csomag","status":"publish","type":"product","link":"https:\/\/www.zurgnadenmutter.com\/hu\/produkt\/mariazelli-fogyokuras-csomag\/","title":{"rendered":"Mariazelli Fogy\u00f3k\u00far\u00e1s Csomag"},"content":{"rendered":"<p>Az eg\u00e9szs\u00e9ges fogy\u00e1s, m\u00e9regtelen\u00edt\u00e9s, salaktalan\u00edt\u00e1s, l\u00fagos\u00edt\u00e1s term\u00e9kei egy csomagban \u00f6sszefoglalva. A csomag tartalma (a k\u00fara hossza 1 h\u00f3nap):<\/p>\n<ul>\n<li>2 x Mariazelli Fogy\u00f3k\u00far\u00e1s Ital<\/li>\n<li>2 x Mariazelli B\u00e1zis l\u00fagos\u00edt\u00f3 tea<\/li>\n<li>1 x Mariazelli tengeri s\u00f3s m\u00e9regtelen\u00edt\u0151 f\u00fcrd\u0151s\u00f3<\/li>\n<li>1 x Mariazelli feszes\u00edt\u0151 massz\u00e1zsolaj<\/li>\n<\/ul>\n<p><strong>Mariazelli Fogy\u00f3k\u00far\u00e1s Ital:<\/strong> 9 k\u00fcl\u00f6nleges gy\u00f3gyn\u00f6v\u00e9nyb\u0151l k\u00e9sz\u00fcl ez az ital, amelyek k\u00f6t\u0151sz\u00f6veter\u0151s\u00edt\u0151,\u00a0\u00a0 anyagcseregyors\u00edt\u00f3, salakanyagtiszt\u00edt\u00f3 hat\u00e1ssal rendelkeznek.<\/p>\n<p><strong>Mariazelli B\u00e1zis l\u00fagos\u00edt\u00f3 tea: <\/strong>A bojtorj\u00e1n, a ny\u00edr illetve egy\u00e9b gy\u00f3gyn\u00f6v\u00e9nyek m\u00e9regtelen\u00edt\u0151leg, semleges\u00edt\u0151leg, tiszt\u00edt\u00f3lag \u00e9s vizelethajt\u00f3k\u00e9nt hatnak. Seg\u00edtenek a sav-b\u00e1zis egyens\u00faly megtart\u00e1s\u00e1ban. A tea ez\u00e1ltal ide\u00e1lis b\u00f6jtk\u00far\u00e1k alkalm\u00e1val, seg\u00edti az elsavasodott szervezet m\u00e9regtelen\u00edt\u00e9s\u00e9t.<\/p>\n<p><strong>Mariazelli tengeri s\u00f3s m\u00e9regtelen\u00edt\u0151 f\u00fcrd\u0151s\u00f3:<\/strong> M\u00e9regtelen\u00edt\u00e9shez, a narancsb\u0151r kezel\u00e9s\u00e9re.<\/p>\n<p><strong>Mariazelli feszes\u00edt\u0151 massz\u00e1zsolaj:<\/strong>\u00a0El\u0151seg\u00edti a m\u00e9reganyagok t\u00e1voz\u00e1s\u00e1t a k\u00f6t\u0151sz\u00f6vetb\u0151l, feszes\u00edt\u0151 hat\u00e1s\u00fa, cellulitisz kezel\u00e9s\u00e9re.<\/p>\n<p><strong>Haszn\u00e1lata: <\/strong>haszn\u00e1lati \u00fatmutat\u00f3t mell\u00e9kel\u00fcnk a csomaghoz.<\/p>\n<p>&nbsp;<\/p>\n","protected":false},"excerpt":{"rendered":"<p>Az eg\u00e9szs\u00e9ges fogy\u00e1s, m\u00e9regtelen\u00edt\u00e9s, salaktalan\u00edt\u00e1s, l\u00fagos\u00edt\u00e1s term\u00e9kei egy csomagban \u00f6sszefoglalva.\u00a0 A k\u00fara hossza 1 h\u00f3nap.<\/p>\n","protected":false},"featured_media":86295,"comment_status":"closed","ping_status":"closed","template":"","meta":{"_acf_changed":false},"product_brand":[],"product_cat":[],"product_tag":[],"class_list":{"0":"post-2017","1":"product","2":"type-product","3":"status-publish","4":"has-post-thumbnail","6":"first","7":"instock","8":"taxable","9":"shipping-taxable","10":"purchasable","11":"product-type-simple"},"acf":[],"yoast_head":"<!-- This site is optimized with the Yoast SEO plugin v27.2 - https:\/\/yoast.com\/product\/yoast-seo-wordpress\/ -->\n<title>Mariazelli Fogy\u00f3k\u00far\u00e1s Csomag - Apotheke &amp; Drogerie zur Gnadenmutter - Mariazell<\/title>\n<meta name=\"robots\" content=\"index, follow, max-snippet:-1, max-image-preview:large, max-video-preview:-1\" \/>\n<link rel=\"canonical\" href=\"https:\/\/www.zurgnadenmutter.com\/hu\/produkt\/mariazelli-fogyokuras-csomag\/\" \/>\n<meta property=\"og:locale\" content=\"hu_HU\" \/>\n<meta property=\"og:type\" content=\"article\" \/>\n<meta property=\"og:title\" content=\"Mariazelli Fogy\u00f3k\u00far\u00e1s Csomag - Apotheke &amp; Drogerie zur Gnadenmutter - Mariazell\" \/>\n<meta property=\"og:description\" content=\"Az eg\u00e9szs\u00e9ges fogy\u00e1s, m\u00e9regtelen\u00edt\u00e9s, salaktalan\u00edt\u00e1s, l\u00fagos\u00edt\u00e1s term\u00e9kei egy csomagban \u00f6sszefoglalva.\u00a0 A k\u00fara hossza 1 h\u00f3nap.\" \/>\n<meta property=\"og:url\" content=\"https:\/\/www.zurgnadenmutter.com\/hu\/produkt\/mariazelli-fogyokuras-csomag\/\" \/>\n<meta property=\"og:site_name\" content=\"Apotheke &amp; Drogerie zur Gnadenmutter - Mariazell\" \/>\n<meta property=\"og:image\" content=\"https:\/\/www.zurgnadenmutter.com\/wp-content\/uploads\/2016\/04\/Schlank-Kombo-Paket-scaled.jpg\" \/>\n\t<meta property=\"og:image:width\" content=\"1920\" \/>\n\t<meta property=\"og:image:height\" content=\"2560\" \/>\n\t<meta property=\"og:image:type\" content=\"image\/jpeg\" \/>\n<meta name=\"twitter:card\" content=\"summary_large_image\" \/>\n<meta name=\"twitter:label1\" content=\"Becs\u00fclt olvas\u00e1si id\u0151\" \/>\n\t<meta name=\"twitter:data1\" content=\"1 perc\" \/>\n<script type=\"application\/ld+json\" class=\"yoast-schema-graph\">{\"@context\":\"https:\/\/schema.org\",\"@graph\":[{\"@type\":\"WebPage\",\"@id\":\"https:\/\/www.zurgnadenmutter.com\/hu\/produkt\/mariazelli-fogyokuras-csomag\/\",\"url\":\"https:\/\/www.zurgnadenmutter.com\/hu\/produkt\/mariazelli-fogyokuras-csomag\/\",\"name\":\"Mariazelli Fogy\u00f3k\u00far\u00e1s Csomag - Apotheke &amp; Drogerie zur Gnadenmutter - Mariazell\",\"isPartOf\":{\"@id\":\"https:\/\/www.zurgnadenmutter.com\/#website\"},\"primaryImageOfPage\":{\"@id\":\"https:\/\/www.zurgnadenmutter.com\/hu\/produkt\/mariazelli-fogyokuras-csomag\/#primaryimage\"},\"image\":{\"@id\":\"https:\/\/www.zurgnadenmutter.com\/hu\/produkt\/mariazelli-fogyokuras-csomag\/#primaryimage\"},\"thumbnailUrl\":\"https:\/\/www.zurgnadenmutter.com\/wp-content\/uploads\/2016\/04\/Schlank-Kombo-Paket-scaled.jpg\",\"datePublished\":\"2016-04-04T21:39:24+00:00\",\"breadcrumb\":{\"@id\":\"https:\/\/www.zurgnadenmutter.com\/hu\/produkt\/mariazelli-fogyokuras-csomag\/#breadcrumb\"},\"inLanguage\":\"hu\",\"potentialAction\":[{\"@type\":\"ReadAction\",\"target\":[\"https:\/\/www.zurgnadenmutter.com\/hu\/produkt\/mariazelli-fogyokuras-csomag\/\"]}]},{\"@type\":\"ImageObject\",\"inLanguage\":\"hu\",\"@id\":\"https:\/\/www.zurgnadenmutter.com\/hu\/produkt\/mariazelli-fogyokuras-csomag\/#primaryimage\",\"url\":\"https:\/\/www.zurgnadenmutter.com\/wp-content\/uploads\/2016\/04\/Schlank-Kombo-Paket-scaled.jpg\",\"contentUrl\":\"https:\/\/www.zurgnadenmutter.com\/wp-content\/uploads\/2016\/04\/Schlank-Kombo-Paket-scaled.jpg\",\"width\":1920,\"height\":2560},{\"@type\":\"BreadcrumbList\",\"@id\":\"https:\/\/www.zurgnadenmutter.com\/hu\/produkt\/mariazelli-fogyokuras-csomag\/#breadcrumb\",\"itemListElement\":[{\"@type\":\"ListItem\",\"position\":1,\"name\":\"Startseite\",\"item\":\"https:\/\/www.zurgnadenmutter.com\/hu\/\"},{\"@type\":\"ListItem\",\"position\":2,\"name\":\"Webshop\",\"item\":\"https:\/\/www.zurgnadenmutter.com\/hu\/webshop\/\"},{\"@type\":\"ListItem\",\"position\":3,\"name\":\"Mariazelli Fogy\u00f3k\u00far\u00e1s Csomag\"}]},{\"@type\":\"WebSite\",\"@id\":\"https:\/\/www.zurgnadenmutter.com\/#website\",\"url\":\"https:\/\/www.zurgnadenmutter.com\/\",\"name\":\"Apotheke &amp; Drogerie zur Gnadenmutter - Mariazell\",\"description\":\"Apotheke Mariazell\",\"potentialAction\":[{\"@type\":\"SearchAction\",\"target\":{\"@type\":\"EntryPoint\",\"urlTemplate\":\"https:\/\/www.zurgnadenmutter.com\/?s={search_term_string}\"},\"query-input\":{\"@type\":\"PropertyValueSpecification\",\"valueRequired\":true,\"valueName\":\"search_term_string\"}}],\"inLanguage\":\"hu\"}]}<\/script>\n<!-- \/ Yoast SEO plugin. -->","yoast_head_json":{"title":"Mariazelli Fogy\u00f3k\u00far\u00e1s Csomag - Apotheke &amp; Drogerie zur Gnadenmutter - Mariazell","robots":{"index":"index","follow":"follow","max-snippet":"max-snippet:-1","max-image-preview":"max-image-preview:large","max-video-preview":"max-video-preview:-1"},"canonical":"https:\/\/www.zurgnadenmutter.com\/hu\/produkt\/mariazelli-fogyokuras-csomag\/","og_locale":"hu_HU","og_type":"article","og_title":"Mariazelli Fogy\u00f3k\u00far\u00e1s Csomag - Apotheke &amp; Drogerie zur Gnadenmutter - Mariazell","og_description":"Az eg\u00e9szs\u00e9ges fogy\u00e1s, m\u00e9regtelen\u00edt\u00e9s, salaktalan\u00edt\u00e1s, l\u00fagos\u00edt\u00e1s term\u00e9kei egy csomagban \u00f6sszefoglalva.\u00a0 A k\u00fara hossza 1 h\u00f3nap.","og_url":"https:\/\/www.zurgnadenmutter.com\/hu\/produkt\/mariazelli-fogyokuras-csomag\/","og_site_name":"Apotheke &amp; Drogerie zur Gnadenmutter - Mariazell","og_image":[{"width":1920,"height":2560,"url":"https:\/\/www.zurgnadenmutter.com\/wp-content\/uploads\/2016\/04\/Schlank-Kombo-Paket-scaled.jpg","type":"image\/jpeg"}],"twitter_card":"summary_large_image","twitter_misc":{"Becs\u00fclt olvas\u00e1si id\u0151":"1 perc"},"schema":{"@context":"https:\/\/schema.org","@graph":[{"@type":"WebPage","@id":"https:\/\/www.zurgnadenmutter.com\/hu\/produkt\/mariazelli-fogyokuras-csomag\/","url":"https:\/\/www.zurgnadenmutter.com\/hu\/produkt\/mariazelli-fogyokuras-csomag\/","name":"Mariazelli Fogy\u00f3k\u00far\u00e1s Csomag - Apotheke &amp; Drogerie zur Gnadenmutter - Mariazell","isPartOf":{"@id":"https:\/\/www.zurgnadenmutter.com\/#website"},"primaryImageOfPage":{"@id":"https:\/\/www.zurgnadenmutter.com\/hu\/produkt\/mariazelli-fogyokuras-csomag\/#primaryimage"},"image":{"@id":"https:\/\/www.zurgnadenmutter.com\/hu\/produkt\/mariazelli-fogyokuras-csomag\/#primaryimage"},"thumbnailUrl":"https:\/\/www.zurgnadenmutter.com\/wp-content\/uploads\/2016\/04\/Schlank-Kombo-Paket-scaled.jpg","datePublished":"2016-04-04T21:39:24+00:00","breadcrumb":{"@id":"https:\/\/www.zurgnadenmutter.com\/hu\/produkt\/mariazelli-fogyokuras-csomag\/#breadcrumb"},"inLanguage":"hu","potentialAction":[{"@type":"ReadAction","target":["https:\/\/www.zurgnadenmutter.com\/hu\/produkt\/mariazelli-fogyokuras-csomag\/"]}]},{"@type":"ImageObject","inLanguage":"hu","@id":"https:\/\/www.zurgnadenmutter.com\/hu\/produkt\/mariazelli-fogyokuras-csomag\/#primaryimage","url":"https:\/\/www.zurgnadenmutter.com\/wp-content\/uploads\/2016\/04\/Schlank-Kombo-Paket-scaled.jpg","contentUrl":"https:\/\/www.zurgnadenmutter.com\/wp-content\/uploads\/2016\/04\/Schlank-Kombo-Paket-scaled.jpg","width":1920,"height":2560},{"@type":"BreadcrumbList","@id":"https:\/\/www.zurgnadenmutter.com\/hu\/produkt\/mariazelli-fogyokuras-csomag\/#breadcrumb","itemListElement":[{"@type":"ListItem","position":1,"name":"Startseite","item":"https:\/\/www.zurgnadenmutter.com\/hu\/"},{"@type":"ListItem","position":2,"name":"Webshop","item":"https:\/\/www.zurgnadenmutter.com\/hu\/webshop\/"},{"@type":"ListItem","position":3,"name":"Mariazelli Fogy\u00f3k\u00far\u00e1s Csomag"}]},{"@type":"WebSite","@id":"https:\/\/www.zurgnadenmutter.com\/#website","url":"https:\/\/www.zurgnadenmutter.com\/","name":"Apotheke &amp; Drogerie zur Gnadenmutter - Mariazell","description":"Apotheke Mariazell","potentialAction":[{"@type":"SearchAction","target":{"@type":"EntryPoint","urlTemplate":"https:\/\/www.zurgnadenmutter.com\/?s={search_term_string}"},"query-input":{"@type":"PropertyValueSpecification","valueRequired":true,"valueName":"search_term_string"}}],"inLanguage":"hu"}]}},"_links":{"self":[{"href":"https:\/\/www.zurgnadenmutter.com\/hu\/wp-json\/wp\/v2\/product\/2017","targetHints":{"allow":["GET"]}}],"collection":[{"href":"https:\/\/www.zurgnadenmutter.com\/hu\/wp-json\/wp\/v2\/product"}],"about":[{"href":"https:\/\/www.zurgnadenmutter.com\/hu\/wp-json\/wp\/v2\/types\/product"}],"replies":[{"embeddable":true,"href":"https:\/\/www.zurgnadenmutter.com\/hu\/wp-json\/wp\/v2\/comments?post=2017"}],"wp:featuredmedia":[{"embeddable":true,"href":"https:\/\/www.zurgnadenmutter.com\/hu\/wp-json\/wp\/v2\/media\/86295"}],"wp:attachment":[{"href":"https:\/\/www.zurgnadenmutter.com\/hu\/wp-json\/wp\/v2\/media?parent=2017"}],"wp:term":[{"taxonomy":"product_brand","embeddable":true,"href":"https:\/\/www.zurgnadenmutter.com\/hu\/wp-json\/wp\/v2\/product_brand?post=2017"},{"taxonomy":"product_cat","embeddable":true,"href":"https:\/\/www.zurgnadenmutter.com\/hu\/wp-json\/wp\/v2\/product_cat?post=2017"},{"taxonomy":"product_tag","embeddable":true,"href":"https:\/\/www.zurgnadenmutter.com\/hu\/wp-json\/wp\/v2\/product_tag?post=2017"}],"curies":[{"name":"wp","href":"https:\/\/api.w.org\/{rel}","templated":true}]}}