{"id":1988,"date":"2016-04-05T09:05:57","date_gmt":"2016-04-05T07:05:57","guid":{"rendered":"https:\/\/www.zurgnadenmutter.com\/shop\/mariazelli-prostawohl-golyocskak\/"},"modified":"2019-10-31T10:03:18","modified_gmt":"2019-10-31T09:03:18","slug":"mariazelli-prostawohl-golyocskak","status":"publish","type":"product","link":"https:\/\/www.zurgnadenmutter.com\/hu\/produkt\/mariazelli-prostawohl-golyocskak\/","title":{"rendered":"Mariazelli Prostawohl goly\u00f3csk\u00e1k"},"content":{"rendered":"<p>A prosztata optim\u00e1lis m\u0171k\u00f6d\u00e9s\u00e9\u00e9rt. Seg\u00edti a h\u00f3lyagprobl\u00e9m\u00e1k megel\u0151z\u00e9s\u00e9t f\u00e9rfiakn\u00e1l. J\u00f3 hat\u00e1ssal van a hajn\u00f6veked\u00e9sre. Energi\u00e1val t\u00f6lt fel.<\/p>\n","protected":false},"excerpt":{"rendered":"<p>A prosztata optim\u00e1lis m\u0171k\u00f6d\u00e9s\u00e9\u00e9rt.<\/p>\n","protected":false},"featured_media":30970,"comment_status":"closed","ping_status":"closed","template":"","meta":{"_acf_changed":false},"product_brand":[],"product_cat":[200],"product_tag":[],"class_list":{"0":"post-1988","1":"product","2":"type-product","3":"status-publish","4":"has-post-thumbnail","6":"product_cat-golyocskak","8":"first","9":"outofstock","10":"taxable","11":"shipping-taxable","12":"purchasable","13":"product-type-simple"},"acf":[],"yoast_head":"<!-- This site is optimized with the Yoast SEO plugin v27.2 - https:\/\/yoast.com\/product\/yoast-seo-wordpress\/ -->\n<title>Mariazelli Prostawohl goly\u00f3csk\u00e1k - Apotheke &amp; Drogerie zur Gnadenmutter - Mariazell<\/title>\n<meta name=\"robots\" content=\"index, follow, max-snippet:-1, max-image-preview:large, max-video-preview:-1\" \/>\n<link rel=\"canonical\" href=\"https:\/\/www.zurgnadenmutter.com\/?post_type=product&p=519\" \/>\n<meta property=\"og:locale\" content=\"hu_HU\" \/>\n<meta property=\"og:type\" content=\"article\" \/>\n<meta property=\"og:title\" content=\"Mariazelli Prostawohl goly\u00f3csk\u00e1k - Apotheke &amp; Drogerie zur Gnadenmutter - Mariazell\" \/>\n<meta property=\"og:description\" content=\"A prosztata optim\u00e1lis m\u0171k\u00f6d\u00e9s\u00e9\u00e9rt.\" \/>\n<meta property=\"og:url\" content=\"https:\/\/www.zurgnadenmutter.com\/?post_type=product&amp;p=519\" \/>\n<meta property=\"og:site_name\" content=\"Apotheke &amp; Drogerie zur Gnadenmutter - Mariazell\" \/>\n<meta property=\"article:modified_time\" content=\"2019-10-31T09:03:18+00:00\" \/>\n<meta property=\"og:image\" content=\"https:\/\/www.zurgnadenmutter.com\/wp-content\/uploads\/2016\/04\/PROSTAWOHL-KUeGELCHEN-scaled.jpg\" \/>\n\t<meta property=\"og:image:width\" content=\"1920\" \/>\n\t<meta property=\"og:image:height\" content=\"2560\" \/>\n\t<meta property=\"og:image:type\" content=\"image\/jpeg\" \/>\n<meta name=\"twitter:card\" content=\"summary_large_image\" \/>\n<script type=\"application\/ld+json\" class=\"yoast-schema-graph\">{\"@context\":\"https:\/\/schema.org\",\"@graph\":[{\"@type\":\"WebPage\",\"@id\":\"https:\/\/www.zurgnadenmutter.com\/?post_type=product&p=519\",\"url\":\"https:\/\/www.zurgnadenmutter.com\/?post_type=product&p=519\",\"name\":\"Mariazelli Prostawohl goly\u00f3csk\u00e1k - Apotheke &amp; Drogerie zur Gnadenmutter - Mariazell\",\"isPartOf\":{\"@id\":\"https:\/\/www.zurgnadenmutter.com\/#website\"},\"primaryImageOfPage\":{\"@id\":\"https:\/\/www.zurgnadenmutter.com\/?post_type=product&p=519#primaryimage\"},\"image\":{\"@id\":\"https:\/\/www.zurgnadenmutter.com\/?post_type=product&p=519#primaryimage\"},\"thumbnailUrl\":\"https:\/\/www.zurgnadenmutter.com\/wp-content\/uploads\/2016\/04\/PROSTAWOHL-KUeGELCHEN-scaled.jpg\",\"datePublished\":\"2016-04-05T07:05:57+00:00\",\"dateModified\":\"2019-10-31T09:03:18+00:00\",\"breadcrumb\":{\"@id\":\"https:\/\/www.zurgnadenmutter.com\/?post_type=product&p=519#breadcrumb\"},\"inLanguage\":\"hu\",\"potentialAction\":[{\"@type\":\"ReadAction\",\"target\":[\"https:\/\/www.zurgnadenmutter.com\/?post_type=product&p=519\"]}]},{\"@type\":\"ImageObject\",\"inLanguage\":\"hu\",\"@id\":\"https:\/\/www.zurgnadenmutter.com\/?post_type=product&p=519#primaryimage\",\"url\":\"https:\/\/www.zurgnadenmutter.com\/wp-content\/uploads\/2016\/04\/PROSTAWOHL-KUeGELCHEN-scaled.jpg\",\"contentUrl\":\"https:\/\/www.zurgnadenmutter.com\/wp-content\/uploads\/2016\/04\/PROSTAWOHL-KUeGELCHEN-scaled.jpg\",\"width\":1920,\"height\":2560},{\"@type\":\"BreadcrumbList\",\"@id\":\"https:\/\/www.zurgnadenmutter.com\/?post_type=product&p=519#breadcrumb\",\"itemListElement\":[{\"@type\":\"ListItem\",\"position\":1,\"name\":\"Startseite\",\"item\":\"https:\/\/www.zurgnadenmutter.com\/hu\/\"},{\"@type\":\"ListItem\",\"position\":2,\"name\":\"Webshop\",\"item\":\"https:\/\/www.zurgnadenmutter.com\/hu\/webshop\/\"},{\"@type\":\"ListItem\",\"position\":3,\"name\":\"Mariazelli Prostawohl goly\u00f3csk\u00e1k\"}]},{\"@type\":\"WebSite\",\"@id\":\"https:\/\/www.zurgnadenmutter.com\/#website\",\"url\":\"https:\/\/www.zurgnadenmutter.com\/\",\"name\":\"Apotheke &amp; Drogerie zur Gnadenmutter - Mariazell\",\"description\":\"Apotheke Mariazell\",\"potentialAction\":[{\"@type\":\"SearchAction\",\"target\":{\"@type\":\"EntryPoint\",\"urlTemplate\":\"https:\/\/www.zurgnadenmutter.com\/?s={search_term_string}\"},\"query-input\":{\"@type\":\"PropertyValueSpecification\",\"valueRequired\":true,\"valueName\":\"search_term_string\"}}],\"inLanguage\":\"hu\"}]}<\/script>\n<!-- \/ Yoast SEO plugin. -->","yoast_head_json":{"title":"Mariazelli Prostawohl goly\u00f3csk\u00e1k - Apotheke &amp; Drogerie zur Gnadenmutter - Mariazell","robots":{"index":"index","follow":"follow","max-snippet":"max-snippet:-1","max-image-preview":"max-image-preview:large","max-video-preview":"max-video-preview:-1"},"canonical":"https:\/\/www.zurgnadenmutter.com\/?post_type=product&p=519","og_locale":"hu_HU","og_type":"article","og_title":"Mariazelli Prostawohl goly\u00f3csk\u00e1k - Apotheke &amp; Drogerie zur Gnadenmutter - Mariazell","og_description":"A prosztata optim\u00e1lis m\u0171k\u00f6d\u00e9s\u00e9\u00e9rt.","og_url":"https:\/\/www.zurgnadenmutter.com\/?post_type=product&p=519","og_site_name":"Apotheke &amp; Drogerie zur Gnadenmutter - Mariazell","article_modified_time":"2019-10-31T09:03:18+00:00","og_image":[{"width":1920,"height":2560,"url":"https:\/\/www.zurgnadenmutter.com\/wp-content\/uploads\/2016\/04\/PROSTAWOHL-KUeGELCHEN-scaled.jpg","type":"image\/jpeg"}],"twitter_card":"summary_large_image","schema":{"@context":"https:\/\/schema.org","@graph":[{"@type":"WebPage","@id":"https:\/\/www.zurgnadenmutter.com\/?post_type=product&p=519","url":"https:\/\/www.zurgnadenmutter.com\/?post_type=product&p=519","name":"Mariazelli Prostawohl goly\u00f3csk\u00e1k - Apotheke &amp; Drogerie zur Gnadenmutter - Mariazell","isPartOf":{"@id":"https:\/\/www.zurgnadenmutter.com\/#website"},"primaryImageOfPage":{"@id":"https:\/\/www.zurgnadenmutter.com\/?post_type=product&p=519#primaryimage"},"image":{"@id":"https:\/\/www.zurgnadenmutter.com\/?post_type=product&p=519#primaryimage"},"thumbnailUrl":"https:\/\/www.zurgnadenmutter.com\/wp-content\/uploads\/2016\/04\/PROSTAWOHL-KUeGELCHEN-scaled.jpg","datePublished":"2016-04-05T07:05:57+00:00","dateModified":"2019-10-31T09:03:18+00:00","breadcrumb":{"@id":"https:\/\/www.zurgnadenmutter.com\/?post_type=product&p=519#breadcrumb"},"inLanguage":"hu","potentialAction":[{"@type":"ReadAction","target":["https:\/\/www.zurgnadenmutter.com\/?post_type=product&p=519"]}]},{"@type":"ImageObject","inLanguage":"hu","@id":"https:\/\/www.zurgnadenmutter.com\/?post_type=product&p=519#primaryimage","url":"https:\/\/www.zurgnadenmutter.com\/wp-content\/uploads\/2016\/04\/PROSTAWOHL-KUeGELCHEN-scaled.jpg","contentUrl":"https:\/\/www.zurgnadenmutter.com\/wp-content\/uploads\/2016\/04\/PROSTAWOHL-KUeGELCHEN-scaled.jpg","width":1920,"height":2560},{"@type":"BreadcrumbList","@id":"https:\/\/www.zurgnadenmutter.com\/?post_type=product&p=519#breadcrumb","itemListElement":[{"@type":"ListItem","position":1,"name":"Startseite","item":"https:\/\/www.zurgnadenmutter.com\/hu\/"},{"@type":"ListItem","position":2,"name":"Webshop","item":"https:\/\/www.zurgnadenmutter.com\/hu\/webshop\/"},{"@type":"ListItem","position":3,"name":"Mariazelli Prostawohl goly\u00f3csk\u00e1k"}]},{"@type":"WebSite","@id":"https:\/\/www.zurgnadenmutter.com\/#website","url":"https:\/\/www.zurgnadenmutter.com\/","name":"Apotheke &amp; Drogerie zur Gnadenmutter - Mariazell","description":"Apotheke Mariazell","potentialAction":[{"@type":"SearchAction","target":{"@type":"EntryPoint","urlTemplate":"https:\/\/www.zurgnadenmutter.com\/?s={search_term_string}"},"query-input":{"@type":"PropertyValueSpecification","valueRequired":true,"valueName":"search_term_string"}}],"inLanguage":"hu"}]}},"_links":{"self":[{"href":"https:\/\/www.zurgnadenmutter.com\/hu\/wp-json\/wp\/v2\/product\/1988","targetHints":{"allow":["GET"]}}],"collection":[{"href":"https:\/\/www.zurgnadenmutter.com\/hu\/wp-json\/wp\/v2\/product"}],"about":[{"href":"https:\/\/www.zurgnadenmutter.com\/hu\/wp-json\/wp\/v2\/types\/product"}],"replies":[{"embeddable":true,"href":"https:\/\/www.zurgnadenmutter.com\/hu\/wp-json\/wp\/v2\/comments?post=1988"}],"wp:featuredmedia":[{"embeddable":true,"href":"https:\/\/www.zurgnadenmutter.com\/hu\/wp-json\/wp\/v2\/media\/30970"}],"wp:attachment":[{"href":"https:\/\/www.zurgnadenmutter.com\/hu\/wp-json\/wp\/v2\/media?parent=1988"}],"wp:term":[{"taxonomy":"product_brand","embeddable":true,"href":"https:\/\/www.zurgnadenmutter.com\/hu\/wp-json\/wp\/v2\/product_brand?post=1988"},{"taxonomy":"product_cat","embeddable":true,"href":"https:\/\/www.zurgnadenmutter.com\/hu\/wp-json\/wp\/v2\/product_cat?post=1988"},{"taxonomy":"product_tag","embeddable":true,"href":"https:\/\/www.zurgnadenmutter.com\/hu\/wp-json\/wp\/v2\/product_tag?post=1988"}],"curies":[{"name":"wp","href":"https:\/\/api.w.org\/{rel}","templated":true}]}}