{"id":1853,"date":"2016-04-27T07:48:39","date_gmt":"2016-04-27T05:48:39","guid":{"rendered":"https:\/\/www.zurgnadenmutter.com\/shop\/mariazelli-hialuronsavas-krem-koennyu-textura\/"},"modified":"2016-04-27T07:48:39","modified_gmt":"2016-04-27T05:48:39","slug":"mariazelli-hialuronsavas-krem-koennyu-textura","status":"publish","type":"product","link":"https:\/\/www.zurgnadenmutter.com\/hu\/produkt\/mariazelli-hialuronsavas-krem-koennyu-textura\/","title":{"rendered":"Mariazelli hialuronsavas kr\u00e9m \u2013 k\u00f6nny\u0171 text\u00fara"},"content":{"rendered":"<p>Hat\u00f3anyagainak k\u00f6sz\u00f6nhet\u0151en nedvess\u00e9ggel l\u00e1tja el a az arc \u00e9s a nyak b\u0151r\u00e9t. A kr\u00e9m t\u00e1mogatja a b\u0151r term\u00e9szetes sejtmeg\u00faj\u00edt\u00f3 folyamatait. N\u00f6veli a b\u0151r rugalmass\u00e1g\u00e1t, b\u00e1rsonyoss\u00e1, egys\u00e9gess\u00e9 teszi a b\u0151rfelsz\u00ednt. A kr\u00e9mben lev\u0151 term\u00e9szetes eredet\u0171 hialuronsav \u00e9s a gl\u00fckoproteinek felt\u00f6ltik a r\u00e1ncokat. A hat\u00e1s m\u00e1r az els\u0151 haszn\u00e1latt\u00f3l \u00e9rezhet\u0151. \u0116rz\u00e9keny b\u0151rre is kiv\u00e1l\u00f3an alkalmas. Kiv\u00e1l\u00f3 sminkalap valamint f\u00e9rfiak b\u0151r\u00e1pol\u00e1s\u00e1ra is alkalmas.<\/p>\n<p><strong>Haszn\u00e1lata: <\/strong>reggelente az arc megtiszt\u00edt\u00e1sa ut\u00e1n egyenletesen vigy\u00fck fel az arca \u00e9s a nyakra.<\/p>\n","protected":false},"excerpt":{"rendered":"<div class=\"std\">K\u00f6nnyed text\u00far\u00e1j\u00fa hidrat\u00e1l\u00f3 kr\u00e9m (sz\u00e1raz b\u0151rre). Kiv\u00e1l\u00f3 sminkalap valamint f\u00e9rfiak b\u0151r\u00e1pol\u00e1s\u00e1ra is alkalmas.<\/div>\n","protected":false},"featured_media":79386,"comment_status":"closed","ping_status":"closed","template":"","meta":{"_acf_changed":false},"product_brand":[],"product_cat":[191],"product_tag":[],"class_list":{"0":"post-1853","1":"product","2":"type-product","3":"status-publish","4":"has-post-thumbnail","6":"product_cat-kozmetikumok","8":"first","9":"instock","10":"taxable","11":"shipping-taxable","12":"purchasable","13":"product-type-simple"},"acf":[],"yoast_head":"<!-- This site is optimized with the Yoast SEO plugin v27.2 - https:\/\/yoast.com\/product\/yoast-seo-wordpress\/ -->\n<title>Mariazelli hialuronsavas kr\u00e9m \u2013 k\u00f6nny\u0171 text\u00fara - Apotheke &amp; Drogerie zur Gnadenmutter - Mariazell<\/title>\n<meta name=\"robots\" content=\"index, follow, max-snippet:-1, max-image-preview:large, max-video-preview:-1\" \/>\n<link rel=\"canonical\" href=\"https:\/\/www.zurgnadenmutter.com\/hu\/produkt\/mariazelli-hialuronsavas-krem-koennyu-textura\/\" \/>\n<meta property=\"og:locale\" content=\"hu_HU\" \/>\n<meta property=\"og:type\" content=\"article\" \/>\n<meta property=\"og:title\" content=\"Mariazelli hialuronsavas kr\u00e9m \u2013 k\u00f6nny\u0171 text\u00fara - Apotheke &amp; Drogerie zur Gnadenmutter - Mariazell\" \/>\n<meta property=\"og:description\" content=\"K\u00f6nnyed text\u00far\u00e1j\u00fa hidrat\u00e1l\u00f3 kr\u00e9m (sz\u00e1raz b\u0151rre). Kiv\u00e1l\u00f3 sminkalap valamint f\u00e9rfiak b\u0151r\u00e1pol\u00e1s\u00e1ra is alkalmas.\" \/>\n<meta property=\"og:url\" content=\"https:\/\/www.zurgnadenmutter.com\/hu\/produkt\/mariazelli-hialuronsavas-krem-koennyu-textura\/\" \/>\n<meta property=\"og:site_name\" content=\"Apotheke &amp; Drogerie zur Gnadenmutter - Mariazell\" \/>\n<meta property=\"og:image\" content=\"https:\/\/www.zurgnadenmutter.com\/wp-content\/uploads\/2016\/04\/Hyaluron-Feuchtigkeitsspendende-Creme-leichte-Textur_2025-scaled.png\" \/>\n\t<meta property=\"og:image:width\" content=\"1920\" \/>\n\t<meta property=\"og:image:height\" content=\"2560\" \/>\n\t<meta property=\"og:image:type\" content=\"image\/png\" \/>\n<meta name=\"twitter:card\" content=\"summary_large_image\" \/>\n<meta name=\"twitter:label1\" content=\"Becs\u00fclt olvas\u00e1si id\u0151\" \/>\n\t<meta name=\"twitter:data1\" content=\"1 perc\" \/>\n<script type=\"application\/ld+json\" class=\"yoast-schema-graph\">{\"@context\":\"https:\/\/schema.org\",\"@graph\":[{\"@type\":\"WebPage\",\"@id\":\"https:\/\/www.zurgnadenmutter.com\/hu\/produkt\/mariazelli-hialuronsavas-krem-koennyu-textura\/\",\"url\":\"https:\/\/www.zurgnadenmutter.com\/hu\/produkt\/mariazelli-hialuronsavas-krem-koennyu-textura\/\",\"name\":\"Mariazelli hialuronsavas kr\u00e9m \u2013 k\u00f6nny\u0171 text\u00fara - Apotheke &amp; Drogerie zur Gnadenmutter - Mariazell\",\"isPartOf\":{\"@id\":\"https:\/\/www.zurgnadenmutter.com\/#website\"},\"primaryImageOfPage\":{\"@id\":\"https:\/\/www.zurgnadenmutter.com\/hu\/produkt\/mariazelli-hialuronsavas-krem-koennyu-textura\/#primaryimage\"},\"image\":{\"@id\":\"https:\/\/www.zurgnadenmutter.com\/hu\/produkt\/mariazelli-hialuronsavas-krem-koennyu-textura\/#primaryimage\"},\"thumbnailUrl\":\"https:\/\/www.zurgnadenmutter.com\/wp-content\/uploads\/2016\/04\/Hyaluron-Feuchtigkeitsspendende-Creme-leichte-Textur_2025-scaled.png\",\"datePublished\":\"2016-04-27T05:48:39+00:00\",\"breadcrumb\":{\"@id\":\"https:\/\/www.zurgnadenmutter.com\/hu\/produkt\/mariazelli-hialuronsavas-krem-koennyu-textura\/#breadcrumb\"},\"inLanguage\":\"hu\",\"potentialAction\":[{\"@type\":\"ReadAction\",\"target\":[\"https:\/\/www.zurgnadenmutter.com\/hu\/produkt\/mariazelli-hialuronsavas-krem-koennyu-textura\/\"]}]},{\"@type\":\"ImageObject\",\"inLanguage\":\"hu\",\"@id\":\"https:\/\/www.zurgnadenmutter.com\/hu\/produkt\/mariazelli-hialuronsavas-krem-koennyu-textura\/#primaryimage\",\"url\":\"https:\/\/www.zurgnadenmutter.com\/wp-content\/uploads\/2016\/04\/Hyaluron-Feuchtigkeitsspendende-Creme-leichte-Textur_2025-scaled.png\",\"contentUrl\":\"https:\/\/www.zurgnadenmutter.com\/wp-content\/uploads\/2016\/04\/Hyaluron-Feuchtigkeitsspendende-Creme-leichte-Textur_2025-scaled.png\",\"width\":1920,\"height\":2560},{\"@type\":\"BreadcrumbList\",\"@id\":\"https:\/\/www.zurgnadenmutter.com\/hu\/produkt\/mariazelli-hialuronsavas-krem-koennyu-textura\/#breadcrumb\",\"itemListElement\":[{\"@type\":\"ListItem\",\"position\":1,\"name\":\"Startseite\",\"item\":\"https:\/\/www.zurgnadenmutter.com\/hu\/\"},{\"@type\":\"ListItem\",\"position\":2,\"name\":\"Webshop\",\"item\":\"https:\/\/www.zurgnadenmutter.com\/hu\/webshop\/\"},{\"@type\":\"ListItem\",\"position\":3,\"name\":\"Mariazelli hialuronsavas kr\u00e9m \u2013 k\u00f6nny\u0171 text\u00fara\"}]},{\"@type\":\"WebSite\",\"@id\":\"https:\/\/www.zurgnadenmutter.com\/#website\",\"url\":\"https:\/\/www.zurgnadenmutter.com\/\",\"name\":\"Apotheke &amp; Drogerie zur Gnadenmutter - Mariazell\",\"description\":\"Apotheke Mariazell\",\"potentialAction\":[{\"@type\":\"SearchAction\",\"target\":{\"@type\":\"EntryPoint\",\"urlTemplate\":\"https:\/\/www.zurgnadenmutter.com\/?s={search_term_string}\"},\"query-input\":{\"@type\":\"PropertyValueSpecification\",\"valueRequired\":true,\"valueName\":\"search_term_string\"}}],\"inLanguage\":\"hu\"}]}<\/script>\n<!-- \/ Yoast SEO plugin. -->","yoast_head_json":{"title":"Mariazelli hialuronsavas kr\u00e9m \u2013 k\u00f6nny\u0171 text\u00fara - Apotheke &amp; Drogerie zur Gnadenmutter - Mariazell","robots":{"index":"index","follow":"follow","max-snippet":"max-snippet:-1","max-image-preview":"max-image-preview:large","max-video-preview":"max-video-preview:-1"},"canonical":"https:\/\/www.zurgnadenmutter.com\/hu\/produkt\/mariazelli-hialuronsavas-krem-koennyu-textura\/","og_locale":"hu_HU","og_type":"article","og_title":"Mariazelli hialuronsavas kr\u00e9m \u2013 k\u00f6nny\u0171 text\u00fara - Apotheke &amp; Drogerie zur Gnadenmutter - Mariazell","og_description":"K\u00f6nnyed text\u00far\u00e1j\u00fa hidrat\u00e1l\u00f3 kr\u00e9m (sz\u00e1raz b\u0151rre). Kiv\u00e1l\u00f3 sminkalap valamint f\u00e9rfiak b\u0151r\u00e1pol\u00e1s\u00e1ra is alkalmas.","og_url":"https:\/\/www.zurgnadenmutter.com\/hu\/produkt\/mariazelli-hialuronsavas-krem-koennyu-textura\/","og_site_name":"Apotheke &amp; Drogerie zur Gnadenmutter - Mariazell","og_image":[{"width":1920,"height":2560,"url":"https:\/\/www.zurgnadenmutter.com\/wp-content\/uploads\/2016\/04\/Hyaluron-Feuchtigkeitsspendende-Creme-leichte-Textur_2025-scaled.png","type":"image\/png"}],"twitter_card":"summary_large_image","twitter_misc":{"Becs\u00fclt olvas\u00e1si id\u0151":"1 perc"},"schema":{"@context":"https:\/\/schema.org","@graph":[{"@type":"WebPage","@id":"https:\/\/www.zurgnadenmutter.com\/hu\/produkt\/mariazelli-hialuronsavas-krem-koennyu-textura\/","url":"https:\/\/www.zurgnadenmutter.com\/hu\/produkt\/mariazelli-hialuronsavas-krem-koennyu-textura\/","name":"Mariazelli hialuronsavas kr\u00e9m \u2013 k\u00f6nny\u0171 text\u00fara - Apotheke &amp; Drogerie zur Gnadenmutter - Mariazell","isPartOf":{"@id":"https:\/\/www.zurgnadenmutter.com\/#website"},"primaryImageOfPage":{"@id":"https:\/\/www.zurgnadenmutter.com\/hu\/produkt\/mariazelli-hialuronsavas-krem-koennyu-textura\/#primaryimage"},"image":{"@id":"https:\/\/www.zurgnadenmutter.com\/hu\/produkt\/mariazelli-hialuronsavas-krem-koennyu-textura\/#primaryimage"},"thumbnailUrl":"https:\/\/www.zurgnadenmutter.com\/wp-content\/uploads\/2016\/04\/Hyaluron-Feuchtigkeitsspendende-Creme-leichte-Textur_2025-scaled.png","datePublished":"2016-04-27T05:48:39+00:00","breadcrumb":{"@id":"https:\/\/www.zurgnadenmutter.com\/hu\/produkt\/mariazelli-hialuronsavas-krem-koennyu-textura\/#breadcrumb"},"inLanguage":"hu","potentialAction":[{"@type":"ReadAction","target":["https:\/\/www.zurgnadenmutter.com\/hu\/produkt\/mariazelli-hialuronsavas-krem-koennyu-textura\/"]}]},{"@type":"ImageObject","inLanguage":"hu","@id":"https:\/\/www.zurgnadenmutter.com\/hu\/produkt\/mariazelli-hialuronsavas-krem-koennyu-textura\/#primaryimage","url":"https:\/\/www.zurgnadenmutter.com\/wp-content\/uploads\/2016\/04\/Hyaluron-Feuchtigkeitsspendende-Creme-leichte-Textur_2025-scaled.png","contentUrl":"https:\/\/www.zurgnadenmutter.com\/wp-content\/uploads\/2016\/04\/Hyaluron-Feuchtigkeitsspendende-Creme-leichte-Textur_2025-scaled.png","width":1920,"height":2560},{"@type":"BreadcrumbList","@id":"https:\/\/www.zurgnadenmutter.com\/hu\/produkt\/mariazelli-hialuronsavas-krem-koennyu-textura\/#breadcrumb","itemListElement":[{"@type":"ListItem","position":1,"name":"Startseite","item":"https:\/\/www.zurgnadenmutter.com\/hu\/"},{"@type":"ListItem","position":2,"name":"Webshop","item":"https:\/\/www.zurgnadenmutter.com\/hu\/webshop\/"},{"@type":"ListItem","position":3,"name":"Mariazelli hialuronsavas kr\u00e9m \u2013 k\u00f6nny\u0171 text\u00fara"}]},{"@type":"WebSite","@id":"https:\/\/www.zurgnadenmutter.com\/#website","url":"https:\/\/www.zurgnadenmutter.com\/","name":"Apotheke &amp; Drogerie zur Gnadenmutter - Mariazell","description":"Apotheke Mariazell","potentialAction":[{"@type":"SearchAction","target":{"@type":"EntryPoint","urlTemplate":"https:\/\/www.zurgnadenmutter.com\/?s={search_term_string}"},"query-input":{"@type":"PropertyValueSpecification","valueRequired":true,"valueName":"search_term_string"}}],"inLanguage":"hu"}]}},"_links":{"self":[{"href":"https:\/\/www.zurgnadenmutter.com\/hu\/wp-json\/wp\/v2\/product\/1853","targetHints":{"allow":["GET"]}}],"collection":[{"href":"https:\/\/www.zurgnadenmutter.com\/hu\/wp-json\/wp\/v2\/product"}],"about":[{"href":"https:\/\/www.zurgnadenmutter.com\/hu\/wp-json\/wp\/v2\/types\/product"}],"replies":[{"embeddable":true,"href":"https:\/\/www.zurgnadenmutter.com\/hu\/wp-json\/wp\/v2\/comments?post=1853"}],"wp:featuredmedia":[{"embeddable":true,"href":"https:\/\/www.zurgnadenmutter.com\/hu\/wp-json\/wp\/v2\/media\/79386"}],"wp:attachment":[{"href":"https:\/\/www.zurgnadenmutter.com\/hu\/wp-json\/wp\/v2\/media?parent=1853"}],"wp:term":[{"taxonomy":"product_brand","embeddable":true,"href":"https:\/\/www.zurgnadenmutter.com\/hu\/wp-json\/wp\/v2\/product_brand?post=1853"},{"taxonomy":"product_cat","embeddable":true,"href":"https:\/\/www.zurgnadenmutter.com\/hu\/wp-json\/wp\/v2\/product_cat?post=1853"},{"taxonomy":"product_tag","embeddable":true,"href":"https:\/\/www.zurgnadenmutter.com\/hu\/wp-json\/wp\/v2\/product_tag?post=1853"}],"curies":[{"name":"wp","href":"https:\/\/api.w.org\/{rel}","templated":true}]}}