{"id":1849,"date":"2016-04-28T11:52:48","date_gmt":"2016-04-28T09:52:48","guid":{"rendered":"https:\/\/www.zurgnadenmutter.com\/shop\/tudatmodosito-noevenyek-koenyv\/"},"modified":"2016-08-25T11:26:01","modified_gmt":"2016-08-25T09:26:01","slug":"tudatmodosito-noevenyek-koenyv","status":"publish","type":"product","link":"https:\/\/www.zurgnadenmutter.com\/hu\/produkt\/tudatmodosito-noevenyek-koenyv\/","title":{"rendered":"Tudatm\u00f3dos\u00edt\u00f3 n\u00f6v\u00e9nyek"},"content":{"rendered":"","protected":false},"excerpt":{"rendered":"","protected":false},"featured_media":1850,"comment_status":"closed","ping_status":"closed","template":"","meta":{"_acf_changed":false},"product_brand":[],"product_cat":[185],"product_tag":[],"class_list":{"0":"post-1849","1":"product","2":"type-product","3":"status-publish","4":"has-post-thumbnail","6":"product_cat-koenyvek","8":"first","9":"instock","10":"taxable","11":"shipping-taxable","12":"purchasable","13":"product-type-simple"},"acf":[],"yoast_head":"<!-- This site is optimized with the Yoast SEO plugin v27.2 - https:\/\/yoast.com\/product\/yoast-seo-wordpress\/ -->\n<title>Tudatm\u00f3dos\u00edt\u00f3 n\u00f6v\u00e9nyek - Apotheke &amp; Drogerie zur Gnadenmutter - Mariazell<\/title>\n<meta name=\"robots\" content=\"index, follow, max-snippet:-1, max-image-preview:large, max-video-preview:-1\" \/>\n<link rel=\"canonical\" href=\"https:\/\/www.zurgnadenmutter.com\/hu\/produkt\/tudatmodosito-noevenyek-koenyv\/\" \/>\n<meta property=\"og:locale\" content=\"hu_HU\" \/>\n<meta property=\"og:type\" content=\"article\" \/>\n<meta property=\"og:title\" content=\"Tudatm\u00f3dos\u00edt\u00f3 n\u00f6v\u00e9nyek - Apotheke &amp; Drogerie zur Gnadenmutter - Mariazell\" \/>\n<meta property=\"og:url\" content=\"https:\/\/www.zurgnadenmutter.com\/hu\/produkt\/tudatmodosito-noevenyek-koenyv\/\" \/>\n<meta property=\"og:site_name\" content=\"Apotheke &amp; Drogerie zur Gnadenmutter - Mariazell\" \/>\n<meta property=\"article:modified_time\" content=\"2016-08-25T09:26:01+00:00\" \/>\n<meta property=\"og:image\" content=\"https:\/\/www.zurgnadenmutter.com\/wp-content\/uploads\/2016\/04\/Angelika_Prentner_Bewusstseinsveraendernde-Pflanzen.jpg\" \/>\n\t<meta property=\"og:image:width\" content=\"597\" \/>\n\t<meta property=\"og:image:height\" content=\"902\" \/>\n\t<meta property=\"og:image:type\" content=\"image\/jpeg\" \/>\n<meta name=\"twitter:card\" content=\"summary_large_image\" \/>\n<script type=\"application\/ld+json\" class=\"yoast-schema-graph\">{\"@context\":\"https:\/\/schema.org\",\"@graph\":[{\"@type\":\"WebPage\",\"@id\":\"https:\/\/www.zurgnadenmutter.com\/hu\/produkt\/tudatmodosito-noevenyek-koenyv\/\",\"url\":\"https:\/\/www.zurgnadenmutter.com\/hu\/produkt\/tudatmodosito-noevenyek-koenyv\/\",\"name\":\"Tudatm\u00f3dos\u00edt\u00f3 n\u00f6v\u00e9nyek - Apotheke &amp; Drogerie zur Gnadenmutter - Mariazell\",\"isPartOf\":{\"@id\":\"https:\/\/www.zurgnadenmutter.com\/#website\"},\"primaryImageOfPage\":{\"@id\":\"https:\/\/www.zurgnadenmutter.com\/hu\/produkt\/tudatmodosito-noevenyek-koenyv\/#primaryimage\"},\"image\":{\"@id\":\"https:\/\/www.zurgnadenmutter.com\/hu\/produkt\/tudatmodosito-noevenyek-koenyv\/#primaryimage\"},\"thumbnailUrl\":\"https:\/\/www.zurgnadenmutter.com\/wp-content\/uploads\/2016\/04\/Angelika_Prentner_Bewusstseinsveraendernde-Pflanzen.jpg\",\"datePublished\":\"2016-04-28T09:52:48+00:00\",\"dateModified\":\"2016-08-25T09:26:01+00:00\",\"breadcrumb\":{\"@id\":\"https:\/\/www.zurgnadenmutter.com\/hu\/produkt\/tudatmodosito-noevenyek-koenyv\/#breadcrumb\"},\"inLanguage\":\"hu\",\"potentialAction\":[{\"@type\":\"ReadAction\",\"target\":[\"https:\/\/www.zurgnadenmutter.com\/hu\/produkt\/tudatmodosito-noevenyek-koenyv\/\"]}]},{\"@type\":\"ImageObject\",\"inLanguage\":\"hu\",\"@id\":\"https:\/\/www.zurgnadenmutter.com\/hu\/produkt\/tudatmodosito-noevenyek-koenyv\/#primaryimage\",\"url\":\"https:\/\/www.zurgnadenmutter.com\/wp-content\/uploads\/2016\/04\/Angelika_Prentner_Bewusstseinsveraendernde-Pflanzen.jpg\",\"contentUrl\":\"https:\/\/www.zurgnadenmutter.com\/wp-content\/uploads\/2016\/04\/Angelika_Prentner_Bewusstseinsveraendernde-Pflanzen.jpg\",\"width\":597,\"height\":902},{\"@type\":\"BreadcrumbList\",\"@id\":\"https:\/\/www.zurgnadenmutter.com\/hu\/produkt\/tudatmodosito-noevenyek-koenyv\/#breadcrumb\",\"itemListElement\":[{\"@type\":\"ListItem\",\"position\":1,\"name\":\"Startseite\",\"item\":\"https:\/\/www.zurgnadenmutter.com\/hu\/\"},{\"@type\":\"ListItem\",\"position\":2,\"name\":\"Webshop\",\"item\":\"https:\/\/www.zurgnadenmutter.com\/hu\/webshop\/\"},{\"@type\":\"ListItem\",\"position\":3,\"name\":\"Tudatm\u00f3dos\u00edt\u00f3 n\u00f6v\u00e9nyek\"}]},{\"@type\":\"WebSite\",\"@id\":\"https:\/\/www.zurgnadenmutter.com\/#website\",\"url\":\"https:\/\/www.zurgnadenmutter.com\/\",\"name\":\"Apotheke &amp; Drogerie zur Gnadenmutter - Mariazell\",\"description\":\"Apotheke Mariazell\",\"potentialAction\":[{\"@type\":\"SearchAction\",\"target\":{\"@type\":\"EntryPoint\",\"urlTemplate\":\"https:\/\/www.zurgnadenmutter.com\/?s={search_term_string}\"},\"query-input\":{\"@type\":\"PropertyValueSpecification\",\"valueRequired\":true,\"valueName\":\"search_term_string\"}}],\"inLanguage\":\"hu\"}]}<\/script>\n<!-- \/ Yoast SEO plugin. -->","yoast_head_json":{"title":"Tudatm\u00f3dos\u00edt\u00f3 n\u00f6v\u00e9nyek - Apotheke &amp; Drogerie zur Gnadenmutter - Mariazell","robots":{"index":"index","follow":"follow","max-snippet":"max-snippet:-1","max-image-preview":"max-image-preview:large","max-video-preview":"max-video-preview:-1"},"canonical":"https:\/\/www.zurgnadenmutter.com\/hu\/produkt\/tudatmodosito-noevenyek-koenyv\/","og_locale":"hu_HU","og_type":"article","og_title":"Tudatm\u00f3dos\u00edt\u00f3 n\u00f6v\u00e9nyek - Apotheke &amp; Drogerie zur Gnadenmutter - Mariazell","og_url":"https:\/\/www.zurgnadenmutter.com\/hu\/produkt\/tudatmodosito-noevenyek-koenyv\/","og_site_name":"Apotheke &amp; Drogerie zur Gnadenmutter - Mariazell","article_modified_time":"2016-08-25T09:26:01+00:00","og_image":[{"width":597,"height":902,"url":"https:\/\/www.zurgnadenmutter.com\/wp-content\/uploads\/2016\/04\/Angelika_Prentner_Bewusstseinsveraendernde-Pflanzen.jpg","type":"image\/jpeg"}],"twitter_card":"summary_large_image","schema":{"@context":"https:\/\/schema.org","@graph":[{"@type":"WebPage","@id":"https:\/\/www.zurgnadenmutter.com\/hu\/produkt\/tudatmodosito-noevenyek-koenyv\/","url":"https:\/\/www.zurgnadenmutter.com\/hu\/produkt\/tudatmodosito-noevenyek-koenyv\/","name":"Tudatm\u00f3dos\u00edt\u00f3 n\u00f6v\u00e9nyek - Apotheke &amp; Drogerie zur Gnadenmutter - Mariazell","isPartOf":{"@id":"https:\/\/www.zurgnadenmutter.com\/#website"},"primaryImageOfPage":{"@id":"https:\/\/www.zurgnadenmutter.com\/hu\/produkt\/tudatmodosito-noevenyek-koenyv\/#primaryimage"},"image":{"@id":"https:\/\/www.zurgnadenmutter.com\/hu\/produkt\/tudatmodosito-noevenyek-koenyv\/#primaryimage"},"thumbnailUrl":"https:\/\/www.zurgnadenmutter.com\/wp-content\/uploads\/2016\/04\/Angelika_Prentner_Bewusstseinsveraendernde-Pflanzen.jpg","datePublished":"2016-04-28T09:52:48+00:00","dateModified":"2016-08-25T09:26:01+00:00","breadcrumb":{"@id":"https:\/\/www.zurgnadenmutter.com\/hu\/produkt\/tudatmodosito-noevenyek-koenyv\/#breadcrumb"},"inLanguage":"hu","potentialAction":[{"@type":"ReadAction","target":["https:\/\/www.zurgnadenmutter.com\/hu\/produkt\/tudatmodosito-noevenyek-koenyv\/"]}]},{"@type":"ImageObject","inLanguage":"hu","@id":"https:\/\/www.zurgnadenmutter.com\/hu\/produkt\/tudatmodosito-noevenyek-koenyv\/#primaryimage","url":"https:\/\/www.zurgnadenmutter.com\/wp-content\/uploads\/2016\/04\/Angelika_Prentner_Bewusstseinsveraendernde-Pflanzen.jpg","contentUrl":"https:\/\/www.zurgnadenmutter.com\/wp-content\/uploads\/2016\/04\/Angelika_Prentner_Bewusstseinsveraendernde-Pflanzen.jpg","width":597,"height":902},{"@type":"BreadcrumbList","@id":"https:\/\/www.zurgnadenmutter.com\/hu\/produkt\/tudatmodosito-noevenyek-koenyv\/#breadcrumb","itemListElement":[{"@type":"ListItem","position":1,"name":"Startseite","item":"https:\/\/www.zurgnadenmutter.com\/hu\/"},{"@type":"ListItem","position":2,"name":"Webshop","item":"https:\/\/www.zurgnadenmutter.com\/hu\/webshop\/"},{"@type":"ListItem","position":3,"name":"Tudatm\u00f3dos\u00edt\u00f3 n\u00f6v\u00e9nyek"}]},{"@type":"WebSite","@id":"https:\/\/www.zurgnadenmutter.com\/#website","url":"https:\/\/www.zurgnadenmutter.com\/","name":"Apotheke &amp; Drogerie zur Gnadenmutter - Mariazell","description":"Apotheke Mariazell","potentialAction":[{"@type":"SearchAction","target":{"@type":"EntryPoint","urlTemplate":"https:\/\/www.zurgnadenmutter.com\/?s={search_term_string}"},"query-input":{"@type":"PropertyValueSpecification","valueRequired":true,"valueName":"search_term_string"}}],"inLanguage":"hu"}]}},"_links":{"self":[{"href":"https:\/\/www.zurgnadenmutter.com\/hu\/wp-json\/wp\/v2\/product\/1849","targetHints":{"allow":["GET"]}}],"collection":[{"href":"https:\/\/www.zurgnadenmutter.com\/hu\/wp-json\/wp\/v2\/product"}],"about":[{"href":"https:\/\/www.zurgnadenmutter.com\/hu\/wp-json\/wp\/v2\/types\/product"}],"replies":[{"embeddable":true,"href":"https:\/\/www.zurgnadenmutter.com\/hu\/wp-json\/wp\/v2\/comments?post=1849"}],"wp:featuredmedia":[{"embeddable":true,"href":"https:\/\/www.zurgnadenmutter.com\/hu\/wp-json\/wp\/v2\/media\/1850"}],"wp:attachment":[{"href":"https:\/\/www.zurgnadenmutter.com\/hu\/wp-json\/wp\/v2\/media?parent=1849"}],"wp:term":[{"taxonomy":"product_brand","embeddable":true,"href":"https:\/\/www.zurgnadenmutter.com\/hu\/wp-json\/wp\/v2\/product_brand?post=1849"},{"taxonomy":"product_cat","embeddable":true,"href":"https:\/\/www.zurgnadenmutter.com\/hu\/wp-json\/wp\/v2\/product_cat?post=1849"},{"taxonomy":"product_tag","embeddable":true,"href":"https:\/\/www.zurgnadenmutter.com\/hu\/wp-json\/wp\/v2\/product_tag?post=1849"}],"curies":[{"name":"wp","href":"https:\/\/api.w.org\/{rel}","templated":true}]}}