{"id":2475,"date":"2016-08-26T12:32:31","date_gmt":"2016-08-26T10:32:31","guid":{"rendered":"https:\/\/www.zurgnadenmutter.com\/hu\/?page_id=2475"},"modified":"2016-08-26T12:33:01","modified_gmt":"2016-08-26T10:33:01","slug":"fizetesi-feltetelek","status":"publish","type":"page","link":"https:\/\/www.zurgnadenmutter.com\/hu\/webshop\/fizetesi-feltetelek\/","title":{"rendered":"Fizet\u00e9si felt\u00e9telek"},"content":{"rendered":"<h2>Fizet\u00e9si felt\u00e9telek<\/h2>\n<p>Webshopunkban a k\u00f6vetkez\u0151 m\u00f3don fizethet. V\u00e1lassza ki az \u00d6n sz\u00e1m\u00e1ra legmegfelel\u0151bb fizet\u00e9si m\u00f3dot:<\/p>\n<ul>\n<li>el\u0151re utal\u00e1ssal<\/li>\n<li>megrendel\u00e9s kisz\u00e1ll\u00edt\u00e1sa ut\u00e1n \u00e1tutal\u00e1ssal banksz\u00e1mlasz\u00e1munkra<\/li>\n<li>bankk\u00e1rty\u00e1val (Mastercard, Visa \u00e9s Diners Club)<\/li>\n<\/ul>\n<p>&nbsp;<\/p>\n[one_half]\n<p><img loading=\"lazy\" decoding=\"async\" class=\"wp-image-1739 alignleft\" src=\"https:\/\/www.zurgnadenmutter.com\/wp-content\/uploads\/2016\/03\/apotheke_mariazell_zahlungsarten-1024x175.png\" alt=\"apotheke_mariazell_zahlungsarten\" width=\"416\" height=\"75\" \/><\/p>\n[\/one_half]\n[one_half_last][\/one_half_last]\n","protected":false},"excerpt":{"rendered":"<p>Fizet\u00e9si felt\u00e9telek Webshopunkban a k\u00f6vetkez\u0151 m\u00f3don fizethet. V\u00e1lassza ki az \u00d6n sz\u00e1m\u00e1ra legmegfelel\u0151bb fizet\u00e9si m\u00f3dot: el\u0151re utal\u00e1ssal megrendel\u00e9s kisz\u00e1ll\u00edt\u00e1sa ut\u00e1n \u00e1tutal\u00e1ssal banksz\u00e1mlasz\u00e1munkra bankk\u00e1rty\u00e1val (Mastercard, Visa \u00e9s Diners Club) &nbsp; [one_half]&#8230;<\/p>\n","protected":false},"author":1,"featured_media":0,"parent":1815,"menu_order":0,"comment_status":"closed","ping_status":"closed","template":"","meta":{"_acf_changed":false,"footnotes":""},"class_list":["post-2475","page","type-page","status-publish"],"acf":[],"yoast_head":"<!-- This site is optimized with the Yoast SEO plugin v27.2 - https:\/\/yoast.com\/product\/yoast-seo-wordpress\/ -->\n<title>Fizet\u00e9si felt\u00e9telek - Apotheke &amp; Drogerie zur Gnadenmutter - Mariazell<\/title>\n<meta name=\"robots\" content=\"index, follow, max-snippet:-1, max-image-preview:large, max-video-preview:-1\" \/>\n<link rel=\"canonical\" href=\"https:\/\/www.zurgnadenmutter.com\/shop\/zahlungsarten\/\" \/>\n<meta property=\"og:locale\" content=\"hu_HU\" \/>\n<meta property=\"og:type\" content=\"article\" \/>\n<meta property=\"og:title\" content=\"Fizet\u00e9si felt\u00e9telek - Apotheke &amp; Drogerie zur Gnadenmutter - Mariazell\" \/>\n<meta property=\"og:description\" content=\"Fizet\u00e9si felt\u00e9telek Webshopunkban a k\u00f6vetkez\u0151 m\u00f3don fizethet. V\u00e1lassza ki az \u00d6n sz\u00e1m\u00e1ra legmegfelel\u0151bb fizet\u00e9si m\u00f3dot: el\u0151re utal\u00e1ssal megrendel\u00e9s kisz\u00e1ll\u00edt\u00e1sa ut\u00e1n \u00e1tutal\u00e1ssal banksz\u00e1mlasz\u00e1munkra bankk\u00e1rty\u00e1val (Mastercard, Visa \u00e9s Diners Club) &nbsp; [one_half]...\" \/>\n<meta property=\"og:url\" content=\"https:\/\/www.zurgnadenmutter.com\/shop\/zahlungsarten\/\" \/>\n<meta property=\"og:site_name\" content=\"Apotheke &amp; Drogerie zur Gnadenmutter - Mariazell\" \/>\n<meta property=\"article:modified_time\" content=\"2016-08-26T10:33:01+00:00\" \/>\n<meta property=\"og:image\" content=\"https:\/\/www.zurgnadenmutter.com\/wp-content\/uploads\/2016\/03\/apotheke_mariazell_zahlungsarten-1024x175.png\" \/>\n<meta name=\"twitter:card\" content=\"summary_large_image\" \/>\n<script type=\"application\/ld+json\" class=\"yoast-schema-graph\">{\"@context\":\"https:\/\/schema.org\",\"@graph\":[{\"@type\":\"WebPage\",\"@id\":\"https:\/\/www.zurgnadenmutter.com\/shop\/zahlungsarten\/\",\"url\":\"https:\/\/www.zurgnadenmutter.com\/shop\/zahlungsarten\/\",\"name\":\"Fizet\u00e9si felt\u00e9telek - Apotheke &amp; Drogerie zur Gnadenmutter - Mariazell\",\"isPartOf\":{\"@id\":\"https:\/\/www.zurgnadenmutter.com\/#website\"},\"primaryImageOfPage\":{\"@id\":\"https:\/\/www.zurgnadenmutter.com\/shop\/zahlungsarten\/#primaryimage\"},\"image\":{\"@id\":\"https:\/\/www.zurgnadenmutter.com\/shop\/zahlungsarten\/#primaryimage\"},\"thumbnailUrl\":\"https:\/\/www.zurgnadenmutter.com\/wp-content\/uploads\/2016\/03\/apotheke_mariazell_zahlungsarten-1024x175.png\",\"datePublished\":\"2016-08-26T10:32:31+00:00\",\"dateModified\":\"2016-08-26T10:33:01+00:00\",\"breadcrumb\":{\"@id\":\"https:\/\/www.zurgnadenmutter.com\/shop\/zahlungsarten\/#breadcrumb\"},\"inLanguage\":\"hu\",\"potentialAction\":[{\"@type\":\"ReadAction\",\"target\":[\"https:\/\/www.zurgnadenmutter.com\/shop\/zahlungsarten\/\"]}]},{\"@type\":\"ImageObject\",\"inLanguage\":\"hu\",\"@id\":\"https:\/\/www.zurgnadenmutter.com\/shop\/zahlungsarten\/#primaryimage\",\"url\":\"https:\/\/www.zurgnadenmutter.com\/wp-content\/uploads\/2016\/03\/apotheke_mariazell_zahlungsarten-1024x175.png\",\"contentUrl\":\"https:\/\/www.zurgnadenmutter.com\/wp-content\/uploads\/2016\/03\/apotheke_mariazell_zahlungsarten-1024x175.png\"},{\"@type\":\"BreadcrumbList\",\"@id\":\"https:\/\/www.zurgnadenmutter.com\/shop\/zahlungsarten\/#breadcrumb\",\"itemListElement\":[{\"@type\":\"ListItem\",\"position\":1,\"name\":\"Startseite\",\"item\":\"https:\/\/www.zurgnadenmutter.com\/hu\/\"},{\"@type\":\"ListItem\",\"position\":2,\"name\":\"Webshop\",\"item\":\"https:\/\/www.zurgnadenmutter.com\/hu\/webshop\/\"},{\"@type\":\"ListItem\",\"position\":3,\"name\":\"Fizet\u00e9si felt\u00e9telek\"}]},{\"@type\":\"WebSite\",\"@id\":\"https:\/\/www.zurgnadenmutter.com\/#website\",\"url\":\"https:\/\/www.zurgnadenmutter.com\/\",\"name\":\"Apotheke &amp; Drogerie zur Gnadenmutter - Mariazell\",\"description\":\"Apotheke Mariazell\",\"potentialAction\":[{\"@type\":\"SearchAction\",\"target\":{\"@type\":\"EntryPoint\",\"urlTemplate\":\"https:\/\/www.zurgnadenmutter.com\/?s={search_term_string}\"},\"query-input\":{\"@type\":\"PropertyValueSpecification\",\"valueRequired\":true,\"valueName\":\"search_term_string\"}}],\"inLanguage\":\"hu\"}]}<\/script>\n<!-- \/ Yoast SEO plugin. -->","yoast_head_json":{"title":"Fizet\u00e9si felt\u00e9telek - Apotheke &amp; Drogerie zur Gnadenmutter - Mariazell","robots":{"index":"index","follow":"follow","max-snippet":"max-snippet:-1","max-image-preview":"max-image-preview:large","max-video-preview":"max-video-preview:-1"},"canonical":"https:\/\/www.zurgnadenmutter.com\/shop\/zahlungsarten\/","og_locale":"hu_HU","og_type":"article","og_title":"Fizet\u00e9si felt\u00e9telek - Apotheke &amp; Drogerie zur Gnadenmutter - Mariazell","og_description":"Fizet\u00e9si felt\u00e9telek Webshopunkban a k\u00f6vetkez\u0151 m\u00f3don fizethet. V\u00e1lassza ki az \u00d6n sz\u00e1m\u00e1ra legmegfelel\u0151bb fizet\u00e9si m\u00f3dot: el\u0151re utal\u00e1ssal megrendel\u00e9s kisz\u00e1ll\u00edt\u00e1sa ut\u00e1n \u00e1tutal\u00e1ssal banksz\u00e1mlasz\u00e1munkra bankk\u00e1rty\u00e1val (Mastercard, Visa \u00e9s Diners Club) &nbsp; [one_half]...","og_url":"https:\/\/www.zurgnadenmutter.com\/shop\/zahlungsarten\/","og_site_name":"Apotheke &amp; Drogerie zur Gnadenmutter - Mariazell","article_modified_time":"2016-08-26T10:33:01+00:00","og_image":[{"url":"https:\/\/www.zurgnadenmutter.com\/wp-content\/uploads\/2016\/03\/apotheke_mariazell_zahlungsarten-1024x175.png","type":"","width":"","height":""}],"twitter_card":"summary_large_image","schema":{"@context":"https:\/\/schema.org","@graph":[{"@type":"WebPage","@id":"https:\/\/www.zurgnadenmutter.com\/shop\/zahlungsarten\/","url":"https:\/\/www.zurgnadenmutter.com\/shop\/zahlungsarten\/","name":"Fizet\u00e9si felt\u00e9telek - Apotheke &amp; Drogerie zur Gnadenmutter - Mariazell","isPartOf":{"@id":"https:\/\/www.zurgnadenmutter.com\/#website"},"primaryImageOfPage":{"@id":"https:\/\/www.zurgnadenmutter.com\/shop\/zahlungsarten\/#primaryimage"},"image":{"@id":"https:\/\/www.zurgnadenmutter.com\/shop\/zahlungsarten\/#primaryimage"},"thumbnailUrl":"https:\/\/www.zurgnadenmutter.com\/wp-content\/uploads\/2016\/03\/apotheke_mariazell_zahlungsarten-1024x175.png","datePublished":"2016-08-26T10:32:31+00:00","dateModified":"2016-08-26T10:33:01+00:00","breadcrumb":{"@id":"https:\/\/www.zurgnadenmutter.com\/shop\/zahlungsarten\/#breadcrumb"},"inLanguage":"hu","potentialAction":[{"@type":"ReadAction","target":["https:\/\/www.zurgnadenmutter.com\/shop\/zahlungsarten\/"]}]},{"@type":"ImageObject","inLanguage":"hu","@id":"https:\/\/www.zurgnadenmutter.com\/shop\/zahlungsarten\/#primaryimage","url":"https:\/\/www.zurgnadenmutter.com\/wp-content\/uploads\/2016\/03\/apotheke_mariazell_zahlungsarten-1024x175.png","contentUrl":"https:\/\/www.zurgnadenmutter.com\/wp-content\/uploads\/2016\/03\/apotheke_mariazell_zahlungsarten-1024x175.png"},{"@type":"BreadcrumbList","@id":"https:\/\/www.zurgnadenmutter.com\/shop\/zahlungsarten\/#breadcrumb","itemListElement":[{"@type":"ListItem","position":1,"name":"Startseite","item":"https:\/\/www.zurgnadenmutter.com\/hu\/"},{"@type":"ListItem","position":2,"name":"Webshop","item":"https:\/\/www.zurgnadenmutter.com\/hu\/webshop\/"},{"@type":"ListItem","position":3,"name":"Fizet\u00e9si felt\u00e9telek"}]},{"@type":"WebSite","@id":"https:\/\/www.zurgnadenmutter.com\/#website","url":"https:\/\/www.zurgnadenmutter.com\/","name":"Apotheke &amp; Drogerie zur Gnadenmutter - Mariazell","description":"Apotheke Mariazell","potentialAction":[{"@type":"SearchAction","target":{"@type":"EntryPoint","urlTemplate":"https:\/\/www.zurgnadenmutter.com\/?s={search_term_string}"},"query-input":{"@type":"PropertyValueSpecification","valueRequired":true,"valueName":"search_term_string"}}],"inLanguage":"hu"}]}},"_links":{"self":[{"href":"https:\/\/www.zurgnadenmutter.com\/hu\/wp-json\/wp\/v2\/pages\/2475","targetHints":{"allow":["GET"]}}],"collection":[{"href":"https:\/\/www.zurgnadenmutter.com\/hu\/wp-json\/wp\/v2\/pages"}],"about":[{"href":"https:\/\/www.zurgnadenmutter.com\/hu\/wp-json\/wp\/v2\/types\/page"}],"author":[{"embeddable":true,"href":"https:\/\/www.zurgnadenmutter.com\/hu\/wp-json\/wp\/v2\/users\/1"}],"replies":[{"embeddable":true,"href":"https:\/\/www.zurgnadenmutter.com\/hu\/wp-json\/wp\/v2\/comments?post=2475"}],"version-history":[{"count":1,"href":"https:\/\/www.zurgnadenmutter.com\/hu\/wp-json\/wp\/v2\/pages\/2475\/revisions"}],"predecessor-version":[{"id":2477,"href":"https:\/\/www.zurgnadenmutter.com\/hu\/wp-json\/wp\/v2\/pages\/2475\/revisions\/2477"}],"up":[{"embeddable":true,"href":"https:\/\/www.zurgnadenmutter.com\/hu\/wp-json\/wp\/v2\/pages\/1815"}],"wp:attachment":[{"href":"https:\/\/www.zurgnadenmutter.com\/hu\/wp-json\/wp\/v2\/media?parent=2475"}],"curies":[{"name":"wp","href":"https:\/\/api.w.org\/{rel}","templated":true}]}}