{"id":2389,"date":"2016-08-22T15:02:31","date_gmt":"2016-08-22T13:02:31","guid":{"rendered":"https:\/\/www.zurgnadenmutter.com\/hu\/?page_id=2389"},"modified":"2016-08-26T12:39:05","modified_gmt":"2016-08-26T10:39:05","slug":"lieferbedingungen","status":"publish","type":"page","link":"https:\/\/www.zurgnadenmutter.com\/hu\/webshop\/lieferbedingungen\/","title":{"rendered":"Sz\u00e1ll\u00edt\u00e1si felt\u00e9telek"},"content":{"rendered":"<p><strong>Sz\u00e1ll\u00edt\u00e1si k\u00f6lts\u00e9gek<\/strong><\/p>\n<p><strong>Ausztria:<\/strong> 60 \u20ac-ig a sz\u00e1ll\u00edt\u00e1si k\u00f6lts\u00e9g: 5 \u20ac, afelett a sz\u00e1ll\u00edt\u00e1s ingyenes<\/p>\n<p><strong>N\u00e9metorsz\u00e1g:<\/strong> 80 \u20ac-ig a sz\u00e1ll\u00edt\u00e1si k\u00f6lts\u00e9g 10 \u20ac, afelett a sz\u00e1ll\u00edt\u00e1s ingyenes<\/p>\n<p><strong>Egy\u00e9b EU \u2013 orsz\u00e1gok, bele\u00e9rtve Sv\u00e1jcot \u00e9s Liechtensteint 130 \u20ac-ig a sz\u00e1ll\u00edt\u00e1si k\u00f6lts\u00e9g: <\/strong>18 \u20ac, afelett a sz\u00e1ll\u00edt\u00e1s ingyenes<\/p>\n","protected":false},"excerpt":{"rendered":"<p>Sz\u00e1ll\u00edt\u00e1si k\u00f6lts\u00e9gek Ausztria: 60 \u20ac-ig a sz\u00e1ll\u00edt\u00e1si k\u00f6lts\u00e9g: 5 \u20ac, afelett a sz\u00e1ll\u00edt\u00e1s ingyenes N\u00e9metorsz\u00e1g: 80 \u20ac-ig a sz\u00e1ll\u00edt\u00e1si k\u00f6lts\u00e9g 10 \u20ac, afelett a sz\u00e1ll\u00edt\u00e1s ingyenes Egy\u00e9b EU \u2013 orsz\u00e1gok,&#8230;<\/p>\n","protected":false},"author":1,"featured_media":0,"parent":1815,"menu_order":0,"comment_status":"closed","ping_status":"closed","template":"","meta":{"_acf_changed":false,"footnotes":""},"class_list":["post-2389","page","type-page","status-publish"],"acf":[],"yoast_head":"<!-- This site is optimized with the Yoast SEO plugin v27.2 - https:\/\/yoast.com\/product\/yoast-seo-wordpress\/ -->\n<title>Sz\u00e1ll\u00edt\u00e1si felt\u00e9telek - Apotheke &amp; Drogerie zur Gnadenmutter - Mariazell<\/title>\n<meta name=\"robots\" content=\"index, follow, max-snippet:-1, max-image-preview:large, max-video-preview:-1\" \/>\n<link rel=\"canonical\" href=\"https:\/\/www.zurgnadenmutter.com\/shop\/lieferbedingungen\/\" \/>\n<meta property=\"og:locale\" content=\"hu_HU\" \/>\n<meta property=\"og:type\" content=\"article\" \/>\n<meta property=\"og:title\" content=\"Sz\u00e1ll\u00edt\u00e1si felt\u00e9telek - Apotheke &amp; Drogerie zur Gnadenmutter - Mariazell\" \/>\n<meta property=\"og:description\" content=\"Sz\u00e1ll\u00edt\u00e1si k\u00f6lts\u00e9gek Ausztria: 60 \u20ac-ig a sz\u00e1ll\u00edt\u00e1si k\u00f6lts\u00e9g: 5 \u20ac, afelett a sz\u00e1ll\u00edt\u00e1s ingyenes N\u00e9metorsz\u00e1g: 80 \u20ac-ig a sz\u00e1ll\u00edt\u00e1si k\u00f6lts\u00e9g 10 \u20ac, afelett a sz\u00e1ll\u00edt\u00e1s ingyenes Egy\u00e9b EU \u2013 orsz\u00e1gok,...\" \/>\n<meta property=\"og:url\" content=\"https:\/\/www.zurgnadenmutter.com\/shop\/lieferbedingungen\/\" \/>\n<meta property=\"og:site_name\" content=\"Apotheke &amp; Drogerie zur Gnadenmutter - Mariazell\" \/>\n<meta property=\"article:modified_time\" content=\"2016-08-26T10:39:05+00:00\" \/>\n<meta name=\"twitter:card\" content=\"summary_large_image\" \/>\n<script type=\"application\/ld+json\" class=\"yoast-schema-graph\">{\"@context\":\"https:\/\/schema.org\",\"@graph\":[{\"@type\":\"WebPage\",\"@id\":\"https:\/\/www.zurgnadenmutter.com\/shop\/lieferbedingungen\/\",\"url\":\"https:\/\/www.zurgnadenmutter.com\/shop\/lieferbedingungen\/\",\"name\":\"Sz\u00e1ll\u00edt\u00e1si felt\u00e9telek - Apotheke &amp; Drogerie zur Gnadenmutter - Mariazell\",\"isPartOf\":{\"@id\":\"https:\/\/www.zurgnadenmutter.com\/#website\"},\"datePublished\":\"2016-08-22T13:02:31+00:00\",\"dateModified\":\"2016-08-26T10:39:05+00:00\",\"breadcrumb\":{\"@id\":\"https:\/\/www.zurgnadenmutter.com\/shop\/lieferbedingungen\/#breadcrumb\"},\"inLanguage\":\"hu\",\"potentialAction\":[{\"@type\":\"ReadAction\",\"target\":[\"https:\/\/www.zurgnadenmutter.com\/shop\/lieferbedingungen\/\"]}]},{\"@type\":\"BreadcrumbList\",\"@id\":\"https:\/\/www.zurgnadenmutter.com\/shop\/lieferbedingungen\/#breadcrumb\",\"itemListElement\":[{\"@type\":\"ListItem\",\"position\":1,\"name\":\"Startseite\",\"item\":\"https:\/\/www.zurgnadenmutter.com\/hu\/\"},{\"@type\":\"ListItem\",\"position\":2,\"name\":\"Webshop\",\"item\":\"https:\/\/www.zurgnadenmutter.com\/hu\/webshop\/\"},{\"@type\":\"ListItem\",\"position\":3,\"name\":\"Sz\u00e1ll\u00edt\u00e1si felt\u00e9telek\"}]},{\"@type\":\"WebSite\",\"@id\":\"https:\/\/www.zurgnadenmutter.com\/#website\",\"url\":\"https:\/\/www.zurgnadenmutter.com\/\",\"name\":\"Apotheke &amp; Drogerie zur Gnadenmutter - Mariazell\",\"description\":\"Apotheke Mariazell\",\"potentialAction\":[{\"@type\":\"SearchAction\",\"target\":{\"@type\":\"EntryPoint\",\"urlTemplate\":\"https:\/\/www.zurgnadenmutter.com\/?s={search_term_string}\"},\"query-input\":{\"@type\":\"PropertyValueSpecification\",\"valueRequired\":true,\"valueName\":\"search_term_string\"}}],\"inLanguage\":\"hu\"}]}<\/script>\n<!-- \/ Yoast SEO plugin. -->","yoast_head_json":{"title":"Sz\u00e1ll\u00edt\u00e1si felt\u00e9telek - Apotheke &amp; Drogerie zur Gnadenmutter - Mariazell","robots":{"index":"index","follow":"follow","max-snippet":"max-snippet:-1","max-image-preview":"max-image-preview:large","max-video-preview":"max-video-preview:-1"},"canonical":"https:\/\/www.zurgnadenmutter.com\/shop\/lieferbedingungen\/","og_locale":"hu_HU","og_type":"article","og_title":"Sz\u00e1ll\u00edt\u00e1si felt\u00e9telek - Apotheke &amp; Drogerie zur Gnadenmutter - Mariazell","og_description":"Sz\u00e1ll\u00edt\u00e1si k\u00f6lts\u00e9gek Ausztria: 60 \u20ac-ig a sz\u00e1ll\u00edt\u00e1si k\u00f6lts\u00e9g: 5 \u20ac, afelett a sz\u00e1ll\u00edt\u00e1s ingyenes N\u00e9metorsz\u00e1g: 80 \u20ac-ig a sz\u00e1ll\u00edt\u00e1si k\u00f6lts\u00e9g 10 \u20ac, afelett a sz\u00e1ll\u00edt\u00e1s ingyenes Egy\u00e9b EU \u2013 orsz\u00e1gok,...","og_url":"https:\/\/www.zurgnadenmutter.com\/shop\/lieferbedingungen\/","og_site_name":"Apotheke &amp; Drogerie zur Gnadenmutter - Mariazell","article_modified_time":"2016-08-26T10:39:05+00:00","twitter_card":"summary_large_image","schema":{"@context":"https:\/\/schema.org","@graph":[{"@type":"WebPage","@id":"https:\/\/www.zurgnadenmutter.com\/shop\/lieferbedingungen\/","url":"https:\/\/www.zurgnadenmutter.com\/shop\/lieferbedingungen\/","name":"Sz\u00e1ll\u00edt\u00e1si felt\u00e9telek - Apotheke &amp; Drogerie zur Gnadenmutter - Mariazell","isPartOf":{"@id":"https:\/\/www.zurgnadenmutter.com\/#website"},"datePublished":"2016-08-22T13:02:31+00:00","dateModified":"2016-08-26T10:39:05+00:00","breadcrumb":{"@id":"https:\/\/www.zurgnadenmutter.com\/shop\/lieferbedingungen\/#breadcrumb"},"inLanguage":"hu","potentialAction":[{"@type":"ReadAction","target":["https:\/\/www.zurgnadenmutter.com\/shop\/lieferbedingungen\/"]}]},{"@type":"BreadcrumbList","@id":"https:\/\/www.zurgnadenmutter.com\/shop\/lieferbedingungen\/#breadcrumb","itemListElement":[{"@type":"ListItem","position":1,"name":"Startseite","item":"https:\/\/www.zurgnadenmutter.com\/hu\/"},{"@type":"ListItem","position":2,"name":"Webshop","item":"https:\/\/www.zurgnadenmutter.com\/hu\/webshop\/"},{"@type":"ListItem","position":3,"name":"Sz\u00e1ll\u00edt\u00e1si felt\u00e9telek"}]},{"@type":"WebSite","@id":"https:\/\/www.zurgnadenmutter.com\/#website","url":"https:\/\/www.zurgnadenmutter.com\/","name":"Apotheke &amp; Drogerie zur Gnadenmutter - Mariazell","description":"Apotheke Mariazell","potentialAction":[{"@type":"SearchAction","target":{"@type":"EntryPoint","urlTemplate":"https:\/\/www.zurgnadenmutter.com\/?s={search_term_string}"},"query-input":{"@type":"PropertyValueSpecification","valueRequired":true,"valueName":"search_term_string"}}],"inLanguage":"hu"}]}},"_links":{"self":[{"href":"https:\/\/www.zurgnadenmutter.com\/hu\/wp-json\/wp\/v2\/pages\/2389","targetHints":{"allow":["GET"]}}],"collection":[{"href":"https:\/\/www.zurgnadenmutter.com\/hu\/wp-json\/wp\/v2\/pages"}],"about":[{"href":"https:\/\/www.zurgnadenmutter.com\/hu\/wp-json\/wp\/v2\/types\/page"}],"author":[{"embeddable":true,"href":"https:\/\/www.zurgnadenmutter.com\/hu\/wp-json\/wp\/v2\/users\/1"}],"replies":[{"embeddable":true,"href":"https:\/\/www.zurgnadenmutter.com\/hu\/wp-json\/wp\/v2\/comments?post=2389"}],"version-history":[{"count":3,"href":"https:\/\/www.zurgnadenmutter.com\/hu\/wp-json\/wp\/v2\/pages\/2389\/revisions"}],"predecessor-version":[{"id":2480,"href":"https:\/\/www.zurgnadenmutter.com\/hu\/wp-json\/wp\/v2\/pages\/2389\/revisions\/2480"}],"up":[{"embeddable":true,"href":"https:\/\/www.zurgnadenmutter.com\/hu\/wp-json\/wp\/v2\/pages\/1815"}],"wp:attachment":[{"href":"https:\/\/www.zurgnadenmutter.com\/hu\/wp-json\/wp\/v2\/media?parent=2389"}],"curies":[{"name":"wp","href":"https:\/\/api.w.org\/{rel}","templated":true}]}}