{"id":52835,"date":"2021-07-09T12:57:57","date_gmt":"2021-07-09T10:57:57","guid":{"rendered":"https:\/\/www.zurgnadenmutter.com\/shop\/gel-nettoyant-purifiant-a-la-bardane\/"},"modified":"2023-01-19T11:16:14","modified_gmt":"2023-01-19T10:16:14","slug":"gel-nettoyant-purifiant-bardane","status":"publish","type":"product","link":"https:\/\/www.zurgnadenmutter.com\/fr\/produkt\/gel-nettoyant-purifiant-bardane\/","title":{"rendered":"Gel nettoyant purifiant \u00e0 la bardane"},"content":{"rendered":"<p>Id\u00e9al pour le nettoyage quotidien des peaux impures et mixtes. Il affine le teint, \u00e9limine l\u2019exc\u00e8s de s\u00e9bum, lib\u00e8re les pores obstru\u00e9s et assure une flore bact\u00e9rienne \u00e9quilibr\u00e9e de la peau gr\u00e2ce \u00e0 l\u2019extrait probiotique Dermo-Bioma.<\/p>\n","protected":false},"excerpt":{"rendered":"<p>Pour les peaux impures et mixtes<\/p>\n","protected":false},"featured_media":81703,"comment_status":"closed","ping_status":"closed","template":"","meta":{"_acf_changed":false},"product_brand":[],"product_cat":[497,506],"product_tag":[],"class_list":{"0":"post-52835","1":"product","2":"type-product","3":"status-publish","4":"has-post-thumbnail","6":"product_cat-cosmetique","7":"product_cat-mariazell-cosmetiques","9":"first","10":"instock","11":"taxable","12":"shipping-taxable","13":"purchasable","14":"product-type-simple"},"acf":[],"yoast_head":"<!-- This site is optimized with the Yoast SEO plugin v27.2 - https:\/\/yoast.com\/product\/yoast-seo-wordpress\/ -->\n<title>Gel nettoyant purifiant \u00e0 la bardane - Apotheke &amp; Drogerie zur Gnadenmutter - Mariazell<\/title>\n<meta name=\"robots\" content=\"index, follow, max-snippet:-1, max-image-preview:large, max-video-preview:-1\" \/>\n<link rel=\"canonical\" href=\"https:\/\/www.zurgnadenmutter.com\/fr\/produkt\/gel-nettoyant-purifiant-bardane\/\" \/>\n<meta property=\"og:locale\" content=\"fr_FR\" \/>\n<meta property=\"og:type\" content=\"article\" \/>\n<meta property=\"og:title\" content=\"Gel nettoyant purifiant \u00e0 la bardane - Apotheke &amp; Drogerie zur Gnadenmutter - Mariazell\" \/>\n<meta property=\"og:description\" content=\"Pour les peaux impures et mixtes\" \/>\n<meta property=\"og:url\" content=\"https:\/\/www.zurgnadenmutter.com\/fr\/produkt\/gel-nettoyant-purifiant-bardane\/\" \/>\n<meta property=\"og:site_name\" content=\"Apotheke &amp; Drogerie zur Gnadenmutter - Mariazell\" \/>\n<meta property=\"article:modified_time\" content=\"2023-01-19T10:16:14+00:00\" \/>\n<meta property=\"og:image\" content=\"https:\/\/www.zurgnadenmutter.com\/wp-content\/uploads\/2021\/07\/Creme-Gel_2025-scaled.png\" \/>\n\t<meta property=\"og:image:width\" content=\"1920\" \/>\n\t<meta property=\"og:image:height\" content=\"2560\" \/>\n\t<meta property=\"og:image:type\" content=\"image\/png\" \/>\n<meta name=\"twitter:card\" content=\"summary_large_image\" \/>\n<script type=\"application\/ld+json\" class=\"yoast-schema-graph\">{\"@context\":\"https:\/\/schema.org\",\"@graph\":[{\"@type\":\"WebPage\",\"@id\":\"https:\/\/www.zurgnadenmutter.com\/fr\/produkt\/gel-nettoyant-purifiant-bardane\/\",\"url\":\"https:\/\/www.zurgnadenmutter.com\/fr\/produkt\/gel-nettoyant-purifiant-bardane\/\",\"name\":\"Gel nettoyant purifiant \u00e0 la bardane - Apotheke &amp; Drogerie zur Gnadenmutter - Mariazell\",\"isPartOf\":{\"@id\":\"https:\/\/www.zurgnadenmutter.com\/#website\"},\"primaryImageOfPage\":{\"@id\":\"https:\/\/www.zurgnadenmutter.com\/fr\/produkt\/gel-nettoyant-purifiant-bardane\/#primaryimage\"},\"image\":{\"@id\":\"https:\/\/www.zurgnadenmutter.com\/fr\/produkt\/gel-nettoyant-purifiant-bardane\/#primaryimage\"},\"thumbnailUrl\":\"https:\/\/www.zurgnadenmutter.com\/wp-content\/uploads\/2021\/07\/Klaerendes-Reinigungsge-scaled.jpg\",\"datePublished\":\"2021-07-09T10:57:57+00:00\",\"dateModified\":\"2023-01-19T10:16:14+00:00\",\"breadcrumb\":{\"@id\":\"https:\/\/www.zurgnadenmutter.com\/fr\/produkt\/gel-nettoyant-purifiant-bardane\/#breadcrumb\"},\"inLanguage\":\"fr-FR\",\"potentialAction\":[{\"@type\":\"ReadAction\",\"target\":[\"https:\/\/www.zurgnadenmutter.com\/fr\/produkt\/gel-nettoyant-purifiant-bardane\/\"]}]},{\"@type\":\"ImageObject\",\"inLanguage\":\"fr-FR\",\"@id\":\"https:\/\/www.zurgnadenmutter.com\/fr\/produkt\/gel-nettoyant-purifiant-bardane\/#primaryimage\",\"url\":\"https:\/\/www.zurgnadenmutter.com\/wp-content\/uploads\/2021\/07\/Klaerendes-Reinigungsge-scaled.jpg\",\"contentUrl\":\"https:\/\/www.zurgnadenmutter.com\/wp-content\/uploads\/2021\/07\/Klaerendes-Reinigungsge-scaled.jpg\",\"width\":1920,\"height\":2560},{\"@type\":\"BreadcrumbList\",\"@id\":\"https:\/\/www.zurgnadenmutter.com\/fr\/produkt\/gel-nettoyant-purifiant-bardane\/#breadcrumb\",\"itemListElement\":[{\"@type\":\"ListItem\",\"position\":1,\"name\":\"Startseite\",\"item\":\"https:\/\/www.zurgnadenmutter.com\/fr\/\"},{\"@type\":\"ListItem\",\"position\":2,\"name\":\"Shop\",\"item\":\"https:\/\/www.zurgnadenmutter.com\/fr\/shop\/\"},{\"@type\":\"ListItem\",\"position\":3,\"name\":\"Gel nettoyant purifiant \u00e0 la bardane\"}]},{\"@type\":\"WebSite\",\"@id\":\"https:\/\/www.zurgnadenmutter.com\/#website\",\"url\":\"https:\/\/www.zurgnadenmutter.com\/\",\"name\":\"Apotheke &amp; Drogerie zur Gnadenmutter - Mariazell\",\"description\":\"Apotheke Mariazell\",\"potentialAction\":[{\"@type\":\"SearchAction\",\"target\":{\"@type\":\"EntryPoint\",\"urlTemplate\":\"https:\/\/www.zurgnadenmutter.com\/?s={search_term_string}\"},\"query-input\":{\"@type\":\"PropertyValueSpecification\",\"valueRequired\":true,\"valueName\":\"search_term_string\"}}],\"inLanguage\":\"fr-FR\"}]}<\/script>\n<!-- \/ Yoast SEO plugin. -->","yoast_head_json":{"title":"Gel nettoyant purifiant \u00e0 la bardane - Apotheke &amp; Drogerie zur Gnadenmutter - Mariazell","robots":{"index":"index","follow":"follow","max-snippet":"max-snippet:-1","max-image-preview":"max-image-preview:large","max-video-preview":"max-video-preview:-1"},"canonical":"https:\/\/www.zurgnadenmutter.com\/fr\/produkt\/gel-nettoyant-purifiant-bardane\/","og_locale":"fr_FR","og_type":"article","og_title":"Gel nettoyant purifiant \u00e0 la bardane - Apotheke &amp; Drogerie zur Gnadenmutter - Mariazell","og_description":"Pour les peaux impures et mixtes","og_url":"https:\/\/www.zurgnadenmutter.com\/fr\/produkt\/gel-nettoyant-purifiant-bardane\/","og_site_name":"Apotheke &amp; Drogerie zur Gnadenmutter - Mariazell","article_modified_time":"2023-01-19T10:16:14+00:00","og_image":[{"width":1920,"height":2560,"url":"https:\/\/www.zurgnadenmutter.com\/wp-content\/uploads\/2021\/07\/Creme-Gel_2025-scaled.png","type":"image\/png"}],"twitter_card":"summary_large_image","schema":{"@context":"https:\/\/schema.org","@graph":[{"@type":"WebPage","@id":"https:\/\/www.zurgnadenmutter.com\/fr\/produkt\/gel-nettoyant-purifiant-bardane\/","url":"https:\/\/www.zurgnadenmutter.com\/fr\/produkt\/gel-nettoyant-purifiant-bardane\/","name":"Gel nettoyant purifiant \u00e0 la bardane - Apotheke &amp; Drogerie zur Gnadenmutter - Mariazell","isPartOf":{"@id":"https:\/\/www.zurgnadenmutter.com\/#website"},"primaryImageOfPage":{"@id":"https:\/\/www.zurgnadenmutter.com\/fr\/produkt\/gel-nettoyant-purifiant-bardane\/#primaryimage"},"image":{"@id":"https:\/\/www.zurgnadenmutter.com\/fr\/produkt\/gel-nettoyant-purifiant-bardane\/#primaryimage"},"thumbnailUrl":"https:\/\/www.zurgnadenmutter.com\/wp-content\/uploads\/2021\/07\/Klaerendes-Reinigungsge-scaled.jpg","datePublished":"2021-07-09T10:57:57+00:00","dateModified":"2023-01-19T10:16:14+00:00","breadcrumb":{"@id":"https:\/\/www.zurgnadenmutter.com\/fr\/produkt\/gel-nettoyant-purifiant-bardane\/#breadcrumb"},"inLanguage":"fr-FR","potentialAction":[{"@type":"ReadAction","target":["https:\/\/www.zurgnadenmutter.com\/fr\/produkt\/gel-nettoyant-purifiant-bardane\/"]}]},{"@type":"ImageObject","inLanguage":"fr-FR","@id":"https:\/\/www.zurgnadenmutter.com\/fr\/produkt\/gel-nettoyant-purifiant-bardane\/#primaryimage","url":"https:\/\/www.zurgnadenmutter.com\/wp-content\/uploads\/2021\/07\/Klaerendes-Reinigungsge-scaled.jpg","contentUrl":"https:\/\/www.zurgnadenmutter.com\/wp-content\/uploads\/2021\/07\/Klaerendes-Reinigungsge-scaled.jpg","width":1920,"height":2560},{"@type":"BreadcrumbList","@id":"https:\/\/www.zurgnadenmutter.com\/fr\/produkt\/gel-nettoyant-purifiant-bardane\/#breadcrumb","itemListElement":[{"@type":"ListItem","position":1,"name":"Startseite","item":"https:\/\/www.zurgnadenmutter.com\/fr\/"},{"@type":"ListItem","position":2,"name":"Shop","item":"https:\/\/www.zurgnadenmutter.com\/fr\/shop\/"},{"@type":"ListItem","position":3,"name":"Gel nettoyant purifiant \u00e0 la bardane"}]},{"@type":"WebSite","@id":"https:\/\/www.zurgnadenmutter.com\/#website","url":"https:\/\/www.zurgnadenmutter.com\/","name":"Apotheke &amp; Drogerie zur Gnadenmutter - Mariazell","description":"Apotheke Mariazell","potentialAction":[{"@type":"SearchAction","target":{"@type":"EntryPoint","urlTemplate":"https:\/\/www.zurgnadenmutter.com\/?s={search_term_string}"},"query-input":{"@type":"PropertyValueSpecification","valueRequired":true,"valueName":"search_term_string"}}],"inLanguage":"fr-FR"}]}},"_links":{"self":[{"href":"https:\/\/www.zurgnadenmutter.com\/fr\/wp-json\/wp\/v2\/product\/52835","targetHints":{"allow":["GET"]}}],"collection":[{"href":"https:\/\/www.zurgnadenmutter.com\/fr\/wp-json\/wp\/v2\/product"}],"about":[{"href":"https:\/\/www.zurgnadenmutter.com\/fr\/wp-json\/wp\/v2\/types\/product"}],"replies":[{"embeddable":true,"href":"https:\/\/www.zurgnadenmutter.com\/fr\/wp-json\/wp\/v2\/comments?post=52835"}],"wp:featuredmedia":[{"embeddable":true,"href":"https:\/\/www.zurgnadenmutter.com\/fr\/wp-json\/wp\/v2\/media\/81703"}],"wp:attachment":[{"href":"https:\/\/www.zurgnadenmutter.com\/fr\/wp-json\/wp\/v2\/media?parent=52835"}],"wp:term":[{"taxonomy":"product_brand","embeddable":true,"href":"https:\/\/www.zurgnadenmutter.com\/fr\/wp-json\/wp\/v2\/product_brand?post=52835"},{"taxonomy":"product_cat","embeddable":true,"href":"https:\/\/www.zurgnadenmutter.com\/fr\/wp-json\/wp\/v2\/product_cat?post=52835"},{"taxonomy":"product_tag","embeddable":true,"href":"https:\/\/www.zurgnadenmutter.com\/fr\/wp-json\/wp\/v2\/product_tag?post=52835"}],"curies":[{"name":"wp","href":"https:\/\/api.w.org\/{rel}","templated":true}]}}