{"id":52795,"date":"2020-04-02T11:53:11","date_gmt":"2023-01-19T10:16:08","guid":{"rendered":"https:\/\/www.zurgnadenmutter.com\/shop\/plantes-medicinales-pour-les-nerfs-le-psychisme-et-le-sommeil\/"},"modified":"2023-01-19T11:16:08","modified_gmt":"2023-01-19T10:16:08","slug":"plantes-medicinales-pour-nerfs-psychisme-et-sommeil","status":"publish","type":"product","link":"https:\/\/www.zurgnadenmutter.com\/fr\/produkt\/plantes-medicinales-pour-nerfs-psychisme-et-sommeil\/","title":{"rendered":"Plantes m\u00e9dicinales pour les nerfs, le psychisme et le sommeil"},"content":{"rendered":"","protected":false},"excerpt":{"rendered":"<p>Ce livre est consacr\u00e9 aux plantes m\u00e9dicinales europ\u00e9ennes qui peuvent avoir un effet positif sur le psychisme et le syst\u00e8me nerveux. Au d\u00e9but, une courte partie de base explique les connaissances de base du point de vue de la m\u00e9decine traditionnelle europ\u00e9enne. La partie beaucoup plus importante offre une vue d&rsquo;ensemble des plantes m\u00e9dicinales qui agissent sur le plan physique et psychique et pour quelles indications. Les plantes m\u00e9dicinales respectives, class\u00e9es par pathologie, sont pr\u00e9sent\u00e9es en mots et en images avec leurs effets, leur utilisation et leurs possibilit\u00e9s de pr\u00e9paration.<\/p>\n","protected":false},"featured_media":48384,"comment_status":"closed","ping_status":"closed","template":"","meta":{"_acf_changed":false},"product_brand":[],"product_cat":[563],"product_tag":[],"class_list":{"0":"post-52795","1":"product","2":"type-product","3":"status-publish","4":"has-post-thumbnail","6":"product_cat-livres","8":"first","9":"instock","10":"taxable","11":"shipping-taxable","12":"purchasable","13":"product-type-simple"},"acf":[],"yoast_head":"<!-- This site is optimized with the Yoast SEO plugin v27.2 - https:\/\/yoast.com\/product\/yoast-seo-wordpress\/ -->\n<title>Plantes m\u00e9dicinales pour les nerfs, le psychisme et le sommeil - Apotheke &amp; Drogerie zur Gnadenmutter - Mariazell<\/title>\n<meta name=\"robots\" content=\"index, follow, max-snippet:-1, max-image-preview:large, max-video-preview:-1\" \/>\n<link rel=\"canonical\" href=\"https:\/\/www.zurgnadenmutter.com\/fr\/produkt\/plantes-medicinales-pour-nerfs-psychisme-et-sommeil\/\" \/>\n<meta property=\"og:locale\" content=\"fr_FR\" \/>\n<meta property=\"og:type\" content=\"article\" \/>\n<meta property=\"og:title\" content=\"Plantes m\u00e9dicinales pour les nerfs, le psychisme et le sommeil - Apotheke &amp; Drogerie zur Gnadenmutter - Mariazell\" \/>\n<meta property=\"og:description\" content=\"Ce livre est consacr\u00e9 aux plantes m\u00e9dicinales europ\u00e9ennes qui peuvent avoir un effet positif sur le psychisme et le syst\u00e8me nerveux. Au d\u00e9but, une courte partie de base explique les connaissances de base du point de vue de la m\u00e9decine traditionnelle europ\u00e9enne. La partie beaucoup plus importante offre une vue d&#039;ensemble des plantes m\u00e9dicinales qui agissent sur le plan physique et psychique et pour quelles indications. Les plantes m\u00e9dicinales respectives, class\u00e9es par pathologie, sont pr\u00e9sent\u00e9es en mots et en images avec leurs effets, leur utilisation et leurs possibilit\u00e9s de pr\u00e9paration.\" \/>\n<meta property=\"og:url\" content=\"https:\/\/www.zurgnadenmutter.com\/fr\/produkt\/plantes-medicinales-pour-nerfs-psychisme-et-sommeil\/\" \/>\n<meta property=\"og:site_name\" content=\"Apotheke &amp; Drogerie zur Gnadenmutter - Mariazell\" \/>\n<meta property=\"og:image\" content=\"https:\/\/www.zurgnadenmutter.com\/wp-content\/uploads\/2020\/04\/Heilpflanzen-f\u00fcr-Nerven-Psyche-und-Schlaf.jpg\" \/>\n\t<meta property=\"og:image:width\" content=\"306\" \/>\n\t<meta property=\"og:image:height\" content=\"463\" \/>\n\t<meta property=\"og:image:type\" content=\"image\/jpeg\" \/>\n<meta name=\"twitter:card\" content=\"summary_large_image\" \/>\n<script type=\"application\/ld+json\" class=\"yoast-schema-graph\">{\"@context\":\"https:\/\/schema.org\",\"@graph\":[{\"@type\":\"WebPage\",\"@id\":\"https:\/\/www.zurgnadenmutter.com\/fr\/produkt\/plantes-medicinales-pour-nerfs-psychisme-et-sommeil\/\",\"url\":\"https:\/\/www.zurgnadenmutter.com\/fr\/produkt\/plantes-medicinales-pour-nerfs-psychisme-et-sommeil\/\",\"name\":\"Plantes m\u00e9dicinales pour les nerfs, le psychisme et le sommeil - Apotheke &amp; Drogerie zur Gnadenmutter - Mariazell\",\"isPartOf\":{\"@id\":\"https:\/\/www.zurgnadenmutter.com\/#website\"},\"primaryImageOfPage\":{\"@id\":\"https:\/\/www.zurgnadenmutter.com\/fr\/produkt\/plantes-medicinales-pour-nerfs-psychisme-et-sommeil\/#primaryimage\"},\"image\":{\"@id\":\"https:\/\/www.zurgnadenmutter.com\/fr\/produkt\/plantes-medicinales-pour-nerfs-psychisme-et-sommeil\/#primaryimage\"},\"thumbnailUrl\":\"https:\/\/www.zurgnadenmutter.com\/wp-content\/uploads\/2020\/04\/Heilpflanzen-f\u00fcr-Nerven-Psyche-und-Schlaf.jpg\",\"datePublished\":\"2023-01-19T10:16:08+00:00\",\"breadcrumb\":{\"@id\":\"https:\/\/www.zurgnadenmutter.com\/fr\/produkt\/plantes-medicinales-pour-nerfs-psychisme-et-sommeil\/#breadcrumb\"},\"inLanguage\":\"fr-FR\",\"potentialAction\":[{\"@type\":\"ReadAction\",\"target\":[\"https:\/\/www.zurgnadenmutter.com\/fr\/produkt\/plantes-medicinales-pour-nerfs-psychisme-et-sommeil\/\"]}]},{\"@type\":\"ImageObject\",\"inLanguage\":\"fr-FR\",\"@id\":\"https:\/\/www.zurgnadenmutter.com\/fr\/produkt\/plantes-medicinales-pour-nerfs-psychisme-et-sommeil\/#primaryimage\",\"url\":\"https:\/\/www.zurgnadenmutter.com\/wp-content\/uploads\/2020\/04\/Heilpflanzen-f\u00fcr-Nerven-Psyche-und-Schlaf.jpg\",\"contentUrl\":\"https:\/\/www.zurgnadenmutter.com\/wp-content\/uploads\/2020\/04\/Heilpflanzen-f\u00fcr-Nerven-Psyche-und-Schlaf.jpg\",\"width\":306,\"height\":463},{\"@type\":\"BreadcrumbList\",\"@id\":\"https:\/\/www.zurgnadenmutter.com\/fr\/produkt\/plantes-medicinales-pour-nerfs-psychisme-et-sommeil\/#breadcrumb\",\"itemListElement\":[{\"@type\":\"ListItem\",\"position\":1,\"name\":\"Startseite\",\"item\":\"https:\/\/www.zurgnadenmutter.com\/fr\/\"},{\"@type\":\"ListItem\",\"position\":2,\"name\":\"Shop\",\"item\":\"https:\/\/www.zurgnadenmutter.com\/fr\/shop\/\"},{\"@type\":\"ListItem\",\"position\":3,\"name\":\"Plantes m\u00e9dicinales pour les nerfs, le psychisme et le sommeil\"}]},{\"@type\":\"WebSite\",\"@id\":\"https:\/\/www.zurgnadenmutter.com\/#website\",\"url\":\"https:\/\/www.zurgnadenmutter.com\/\",\"name\":\"Apotheke &amp; Drogerie zur Gnadenmutter - Mariazell\",\"description\":\"Apotheke Mariazell\",\"potentialAction\":[{\"@type\":\"SearchAction\",\"target\":{\"@type\":\"EntryPoint\",\"urlTemplate\":\"https:\/\/www.zurgnadenmutter.com\/?s={search_term_string}\"},\"query-input\":{\"@type\":\"PropertyValueSpecification\",\"valueRequired\":true,\"valueName\":\"search_term_string\"}}],\"inLanguage\":\"fr-FR\"}]}<\/script>\n<!-- \/ Yoast SEO plugin. -->","yoast_head_json":{"title":"Plantes m\u00e9dicinales pour les nerfs, le psychisme et le sommeil - Apotheke &amp; Drogerie zur Gnadenmutter - Mariazell","robots":{"index":"index","follow":"follow","max-snippet":"max-snippet:-1","max-image-preview":"max-image-preview:large","max-video-preview":"max-video-preview:-1"},"canonical":"https:\/\/www.zurgnadenmutter.com\/fr\/produkt\/plantes-medicinales-pour-nerfs-psychisme-et-sommeil\/","og_locale":"fr_FR","og_type":"article","og_title":"Plantes m\u00e9dicinales pour les nerfs, le psychisme et le sommeil - Apotheke &amp; Drogerie zur Gnadenmutter - Mariazell","og_description":"Ce livre est consacr\u00e9 aux plantes m\u00e9dicinales europ\u00e9ennes qui peuvent avoir un effet positif sur le psychisme et le syst\u00e8me nerveux. Au d\u00e9but, une courte partie de base explique les connaissances de base du point de vue de la m\u00e9decine traditionnelle europ\u00e9enne. La partie beaucoup plus importante offre une vue d'ensemble des plantes m\u00e9dicinales qui agissent sur le plan physique et psychique et pour quelles indications. Les plantes m\u00e9dicinales respectives, class\u00e9es par pathologie, sont pr\u00e9sent\u00e9es en mots et en images avec leurs effets, leur utilisation et leurs possibilit\u00e9s de pr\u00e9paration.","og_url":"https:\/\/www.zurgnadenmutter.com\/fr\/produkt\/plantes-medicinales-pour-nerfs-psychisme-et-sommeil\/","og_site_name":"Apotheke &amp; Drogerie zur Gnadenmutter - Mariazell","og_image":[{"width":306,"height":463,"url":"https:\/\/www.zurgnadenmutter.com\/wp-content\/uploads\/2020\/04\/Heilpflanzen-f\u00fcr-Nerven-Psyche-und-Schlaf.jpg","type":"image\/jpeg"}],"twitter_card":"summary_large_image","schema":{"@context":"https:\/\/schema.org","@graph":[{"@type":"WebPage","@id":"https:\/\/www.zurgnadenmutter.com\/fr\/produkt\/plantes-medicinales-pour-nerfs-psychisme-et-sommeil\/","url":"https:\/\/www.zurgnadenmutter.com\/fr\/produkt\/plantes-medicinales-pour-nerfs-psychisme-et-sommeil\/","name":"Plantes m\u00e9dicinales pour les nerfs, le psychisme et le sommeil - Apotheke &amp; Drogerie zur Gnadenmutter - Mariazell","isPartOf":{"@id":"https:\/\/www.zurgnadenmutter.com\/#website"},"primaryImageOfPage":{"@id":"https:\/\/www.zurgnadenmutter.com\/fr\/produkt\/plantes-medicinales-pour-nerfs-psychisme-et-sommeil\/#primaryimage"},"image":{"@id":"https:\/\/www.zurgnadenmutter.com\/fr\/produkt\/plantes-medicinales-pour-nerfs-psychisme-et-sommeil\/#primaryimage"},"thumbnailUrl":"https:\/\/www.zurgnadenmutter.com\/wp-content\/uploads\/2020\/04\/Heilpflanzen-f\u00fcr-Nerven-Psyche-und-Schlaf.jpg","datePublished":"2023-01-19T10:16:08+00:00","breadcrumb":{"@id":"https:\/\/www.zurgnadenmutter.com\/fr\/produkt\/plantes-medicinales-pour-nerfs-psychisme-et-sommeil\/#breadcrumb"},"inLanguage":"fr-FR","potentialAction":[{"@type":"ReadAction","target":["https:\/\/www.zurgnadenmutter.com\/fr\/produkt\/plantes-medicinales-pour-nerfs-psychisme-et-sommeil\/"]}]},{"@type":"ImageObject","inLanguage":"fr-FR","@id":"https:\/\/www.zurgnadenmutter.com\/fr\/produkt\/plantes-medicinales-pour-nerfs-psychisme-et-sommeil\/#primaryimage","url":"https:\/\/www.zurgnadenmutter.com\/wp-content\/uploads\/2020\/04\/Heilpflanzen-f\u00fcr-Nerven-Psyche-und-Schlaf.jpg","contentUrl":"https:\/\/www.zurgnadenmutter.com\/wp-content\/uploads\/2020\/04\/Heilpflanzen-f\u00fcr-Nerven-Psyche-und-Schlaf.jpg","width":306,"height":463},{"@type":"BreadcrumbList","@id":"https:\/\/www.zurgnadenmutter.com\/fr\/produkt\/plantes-medicinales-pour-nerfs-psychisme-et-sommeil\/#breadcrumb","itemListElement":[{"@type":"ListItem","position":1,"name":"Startseite","item":"https:\/\/www.zurgnadenmutter.com\/fr\/"},{"@type":"ListItem","position":2,"name":"Shop","item":"https:\/\/www.zurgnadenmutter.com\/fr\/shop\/"},{"@type":"ListItem","position":3,"name":"Plantes m\u00e9dicinales pour les nerfs, le psychisme et le sommeil"}]},{"@type":"WebSite","@id":"https:\/\/www.zurgnadenmutter.com\/#website","url":"https:\/\/www.zurgnadenmutter.com\/","name":"Apotheke &amp; Drogerie zur Gnadenmutter - Mariazell","description":"Apotheke Mariazell","potentialAction":[{"@type":"SearchAction","target":{"@type":"EntryPoint","urlTemplate":"https:\/\/www.zurgnadenmutter.com\/?s={search_term_string}"},"query-input":{"@type":"PropertyValueSpecification","valueRequired":true,"valueName":"search_term_string"}}],"inLanguage":"fr-FR"}]}},"_links":{"self":[{"href":"https:\/\/www.zurgnadenmutter.com\/fr\/wp-json\/wp\/v2\/product\/52795","targetHints":{"allow":["GET"]}}],"collection":[{"href":"https:\/\/www.zurgnadenmutter.com\/fr\/wp-json\/wp\/v2\/product"}],"about":[{"href":"https:\/\/www.zurgnadenmutter.com\/fr\/wp-json\/wp\/v2\/types\/product"}],"replies":[{"embeddable":true,"href":"https:\/\/www.zurgnadenmutter.com\/fr\/wp-json\/wp\/v2\/comments?post=52795"}],"wp:featuredmedia":[{"embeddable":true,"href":"https:\/\/www.zurgnadenmutter.com\/fr\/wp-json\/wp\/v2\/media\/48384"}],"wp:attachment":[{"href":"https:\/\/www.zurgnadenmutter.com\/fr\/wp-json\/wp\/v2\/media?parent=52795"}],"wp:term":[{"taxonomy":"product_brand","embeddable":true,"href":"https:\/\/www.zurgnadenmutter.com\/fr\/wp-json\/wp\/v2\/product_brand?post=52795"},{"taxonomy":"product_cat","embeddable":true,"href":"https:\/\/www.zurgnadenmutter.com\/fr\/wp-json\/wp\/v2\/product_cat?post=52795"},{"taxonomy":"product_tag","embeddable":true,"href":"https:\/\/www.zurgnadenmutter.com\/fr\/wp-json\/wp\/v2\/product_tag?post=52795"}],"curies":[{"name":"wp","href":"https:\/\/api.w.org\/{rel}","templated":true}]}}