{"id":52717,"date":"2017-09-11T14:49:30","date_gmt":"2023-01-19T10:15:52","guid":{"rendered":"https:\/\/www.zurgnadenmutter.com\/shop\/plantes-medicinales-de-la-medecine-traditionnelle-europeenne-2e-edition-dr-angelika-riffel\/"},"modified":"2023-01-19T11:15:52","modified_gmt":"2023-01-19T10:15:52","slug":"plantes-medicinales-de-la-medecine-traditionnelle-europeenne-dr-angelika-prentner","status":"publish","type":"product","link":"https:\/\/www.zurgnadenmutter.com\/fr\/produkt\/plantes-medicinales-de-la-medecine-traditionnelle-europeenne-dr-angelika-prentner\/","title":{"rendered":"Plantes m\u00e9dicinales de la m\u00e9decine traditionnelle europ\u00e9enne 2e \u00e9dition Dr. Angelika Riffel"},"content":{"rendered":"<p>Ce livre est enti\u00e8rement d\u00e9di\u00e9 \u00e0 l\u2019utilisation des plantes indig\u00e8nes pour la th\u00e9rapie et la pr\u00e9vention des maladies courantes. En outre, les diff\u00e9rentes fa\u00e7ons de pr\u00e9parer les plantes m\u00e9dicinales sont pr\u00e9sent\u00e9es. La partie beaucoup plus grande offre un bon aper\u00e7u de l\u2019effet et de l\u2019application des plantes m\u00e9dicinales indig\u00e8nes dispos\u00e9es selon diff\u00e9rents syst\u00e8mes d\u2019organes. En plus des tableaux cliniques individuels et des indications fr\u00e9quentes, les plantes m\u00e9dicinales indig\u00e8nes sont pr\u00e9sent\u00e9es en mots et en images avec leurs possibilit\u00e9s d\u2019effet, d\u2019application et de pr\u00e9paration.<\/p>\n<p>2\u00e8me \u00e9dition<\/p>\n<p>&nbsp;<\/p>\n","protected":false},"excerpt":{"rendered":"<p>Ce livre est enti\u00e8rement d\u00e9di\u00e9 \u00e0 l\u2019utilisation des plantes indig\u00e8nes pour la th\u00e9rapie et la pr\u00e9vention des maladies courantes. En outre, les diff\u00e9rentes fa\u00e7ons de pr\u00e9parer les plantes m\u00e9dicinales sont&#8230;<\/p>\n","protected":false},"featured_media":61529,"comment_status":"closed","ping_status":"closed","template":"","meta":{"_acf_changed":false},"product_brand":[],"product_cat":[563],"product_tag":[],"class_list":{"0":"post-52717","1":"product","2":"type-product","3":"status-publish","4":"has-post-thumbnail","6":"product_cat-livres","8":"first","9":"instock","10":"taxable","11":"shipping-taxable","12":"purchasable","13":"product-type-simple"},"acf":[],"yoast_head":"<!-- This site is optimized with the Yoast SEO plugin v27.2 - https:\/\/yoast.com\/product\/yoast-seo-wordpress\/ -->\n<title>Plantes m\u00e9dicinales de la m\u00e9decine traditionnelle europ\u00e9enne 2e \u00e9dition Dr. Angelika Riffel - Apotheke &amp; Drogerie zur Gnadenmutter - Mariazell<\/title>\n<meta name=\"robots\" content=\"index, follow, max-snippet:-1, max-image-preview:large, max-video-preview:-1\" \/>\n<link rel=\"canonical\" href=\"https:\/\/www.zurgnadenmutter.com\/fr\/produkt\/plantes-medicinales-de-la-medecine-traditionnelle-europeenne-dr-angelika-prentner\/\" \/>\n<meta property=\"og:locale\" content=\"fr_FR\" \/>\n<meta property=\"og:type\" content=\"article\" \/>\n<meta property=\"og:title\" content=\"Plantes m\u00e9dicinales de la m\u00e9decine traditionnelle europ\u00e9enne 2e \u00e9dition Dr. Angelika Riffel - Apotheke &amp; Drogerie zur Gnadenmutter - Mariazell\" \/>\n<meta property=\"og:description\" content=\"Ce livre est enti\u00e8rement d\u00e9di\u00e9 \u00e0 l\u2019utilisation des plantes indig\u00e8nes pour la th\u00e9rapie et la pr\u00e9vention des maladies courantes. En outre, les diff\u00e9rentes fa\u00e7ons de pr\u00e9parer les plantes m\u00e9dicinales sont...\" \/>\n<meta property=\"og:url\" content=\"https:\/\/www.zurgnadenmutter.com\/fr\/produkt\/plantes-medicinales-de-la-medecine-traditionnelle-europeenne-dr-angelika-prentner\/\" \/>\n<meta property=\"og:site_name\" content=\"Apotheke &amp; Drogerie zur Gnadenmutter - Mariazell\" \/>\n<meta property=\"og:image\" content=\"https:\/\/www.zurgnadenmutter.com\/wp-content\/uploads\/2017\/09\/heilpflanzen-der-traditionellen-europaeischen-medizin-gebundene-ausgabe-angelika-riffel.webp\" \/>\n\t<meta property=\"og:image:width\" content=\"386\" \/>\n\t<meta property=\"og:image:height\" content=\"600\" \/>\n\t<meta property=\"og:image:type\" content=\"image\/webp\" \/>\n<meta name=\"twitter:card\" content=\"summary_large_image\" \/>\n<meta name=\"twitter:label1\" content=\"Dur\u00e9e de lecture estim\u00e9e\" \/>\n\t<meta name=\"twitter:data1\" content=\"1 minute\" \/>\n<script type=\"application\/ld+json\" class=\"yoast-schema-graph\">{\"@context\":\"https:\/\/schema.org\",\"@graph\":[{\"@type\":\"WebPage\",\"@id\":\"https:\/\/www.zurgnadenmutter.com\/fr\/produkt\/plantes-medicinales-de-la-medecine-traditionnelle-europeenne-dr-angelika-prentner\/\",\"url\":\"https:\/\/www.zurgnadenmutter.com\/fr\/produkt\/plantes-medicinales-de-la-medecine-traditionnelle-europeenne-dr-angelika-prentner\/\",\"name\":\"Plantes m\u00e9dicinales de la m\u00e9decine traditionnelle europ\u00e9enne 2e \u00e9dition Dr. Angelika Riffel - Apotheke &amp; Drogerie zur Gnadenmutter - Mariazell\",\"isPartOf\":{\"@id\":\"https:\/\/www.zurgnadenmutter.com\/#website\"},\"primaryImageOfPage\":{\"@id\":\"https:\/\/www.zurgnadenmutter.com\/fr\/produkt\/plantes-medicinales-de-la-medecine-traditionnelle-europeenne-dr-angelika-prentner\/#primaryimage\"},\"image\":{\"@id\":\"https:\/\/www.zurgnadenmutter.com\/fr\/produkt\/plantes-medicinales-de-la-medecine-traditionnelle-europeenne-dr-angelika-prentner\/#primaryimage\"},\"thumbnailUrl\":\"https:\/\/www.zurgnadenmutter.com\/wp-content\/uploads\/2017\/09\/heilpflanzen-der-traditionellen-europaeischen-medizin-gebundene-ausgabe-angelika-riffel.webp\",\"datePublished\":\"2023-01-19T10:15:52+00:00\",\"breadcrumb\":{\"@id\":\"https:\/\/www.zurgnadenmutter.com\/fr\/produkt\/plantes-medicinales-de-la-medecine-traditionnelle-europeenne-dr-angelika-prentner\/#breadcrumb\"},\"inLanguage\":\"fr-FR\",\"potentialAction\":[{\"@type\":\"ReadAction\",\"target\":[\"https:\/\/www.zurgnadenmutter.com\/fr\/produkt\/plantes-medicinales-de-la-medecine-traditionnelle-europeenne-dr-angelika-prentner\/\"]}]},{\"@type\":\"ImageObject\",\"inLanguage\":\"fr-FR\",\"@id\":\"https:\/\/www.zurgnadenmutter.com\/fr\/produkt\/plantes-medicinales-de-la-medecine-traditionnelle-europeenne-dr-angelika-prentner\/#primaryimage\",\"url\":\"https:\/\/www.zurgnadenmutter.com\/wp-content\/uploads\/2017\/09\/heilpflanzen-der-traditionellen-europaeischen-medizin-gebundene-ausgabe-angelika-riffel.webp\",\"contentUrl\":\"https:\/\/www.zurgnadenmutter.com\/wp-content\/uploads\/2017\/09\/heilpflanzen-der-traditionellen-europaeischen-medizin-gebundene-ausgabe-angelika-riffel.webp\",\"width\":386,\"height\":600},{\"@type\":\"BreadcrumbList\",\"@id\":\"https:\/\/www.zurgnadenmutter.com\/fr\/produkt\/plantes-medicinales-de-la-medecine-traditionnelle-europeenne-dr-angelika-prentner\/#breadcrumb\",\"itemListElement\":[{\"@type\":\"ListItem\",\"position\":1,\"name\":\"Startseite\",\"item\":\"https:\/\/www.zurgnadenmutter.com\/fr\/\"},{\"@type\":\"ListItem\",\"position\":2,\"name\":\"Shop\",\"item\":\"https:\/\/www.zurgnadenmutter.com\/fr\/shop\/\"},{\"@type\":\"ListItem\",\"position\":3,\"name\":\"Plantes m\u00e9dicinales de la m\u00e9decine traditionnelle europ\u00e9enne 2e \u00e9dition Dr. Angelika Riffel\"}]},{\"@type\":\"WebSite\",\"@id\":\"https:\/\/www.zurgnadenmutter.com\/#website\",\"url\":\"https:\/\/www.zurgnadenmutter.com\/\",\"name\":\"Apotheke &amp; Drogerie zur Gnadenmutter - Mariazell\",\"description\":\"Apotheke Mariazell\",\"potentialAction\":[{\"@type\":\"SearchAction\",\"target\":{\"@type\":\"EntryPoint\",\"urlTemplate\":\"https:\/\/www.zurgnadenmutter.com\/?s={search_term_string}\"},\"query-input\":{\"@type\":\"PropertyValueSpecification\",\"valueRequired\":true,\"valueName\":\"search_term_string\"}}],\"inLanguage\":\"fr-FR\"}]}<\/script>\n<!-- \/ Yoast SEO plugin. -->","yoast_head_json":{"title":"Plantes m\u00e9dicinales de la m\u00e9decine traditionnelle europ\u00e9enne 2e \u00e9dition Dr. Angelika Riffel - Apotheke &amp; Drogerie zur Gnadenmutter - Mariazell","robots":{"index":"index","follow":"follow","max-snippet":"max-snippet:-1","max-image-preview":"max-image-preview:large","max-video-preview":"max-video-preview:-1"},"canonical":"https:\/\/www.zurgnadenmutter.com\/fr\/produkt\/plantes-medicinales-de-la-medecine-traditionnelle-europeenne-dr-angelika-prentner\/","og_locale":"fr_FR","og_type":"article","og_title":"Plantes m\u00e9dicinales de la m\u00e9decine traditionnelle europ\u00e9enne 2e \u00e9dition Dr. Angelika Riffel - Apotheke &amp; Drogerie zur Gnadenmutter - Mariazell","og_description":"Ce livre est enti\u00e8rement d\u00e9di\u00e9 \u00e0 l\u2019utilisation des plantes indig\u00e8nes pour la th\u00e9rapie et la pr\u00e9vention des maladies courantes. En outre, les diff\u00e9rentes fa\u00e7ons de pr\u00e9parer les plantes m\u00e9dicinales sont...","og_url":"https:\/\/www.zurgnadenmutter.com\/fr\/produkt\/plantes-medicinales-de-la-medecine-traditionnelle-europeenne-dr-angelika-prentner\/","og_site_name":"Apotheke &amp; Drogerie zur Gnadenmutter - Mariazell","og_image":[{"width":386,"height":600,"url":"https:\/\/www.zurgnadenmutter.com\/wp-content\/uploads\/2017\/09\/heilpflanzen-der-traditionellen-europaeischen-medizin-gebundene-ausgabe-angelika-riffel.webp","type":"image\/webp"}],"twitter_card":"summary_large_image","twitter_misc":{"Dur\u00e9e de lecture estim\u00e9e":"1 minute"},"schema":{"@context":"https:\/\/schema.org","@graph":[{"@type":"WebPage","@id":"https:\/\/www.zurgnadenmutter.com\/fr\/produkt\/plantes-medicinales-de-la-medecine-traditionnelle-europeenne-dr-angelika-prentner\/","url":"https:\/\/www.zurgnadenmutter.com\/fr\/produkt\/plantes-medicinales-de-la-medecine-traditionnelle-europeenne-dr-angelika-prentner\/","name":"Plantes m\u00e9dicinales de la m\u00e9decine traditionnelle europ\u00e9enne 2e \u00e9dition Dr. Angelika Riffel - Apotheke &amp; Drogerie zur Gnadenmutter - Mariazell","isPartOf":{"@id":"https:\/\/www.zurgnadenmutter.com\/#website"},"primaryImageOfPage":{"@id":"https:\/\/www.zurgnadenmutter.com\/fr\/produkt\/plantes-medicinales-de-la-medecine-traditionnelle-europeenne-dr-angelika-prentner\/#primaryimage"},"image":{"@id":"https:\/\/www.zurgnadenmutter.com\/fr\/produkt\/plantes-medicinales-de-la-medecine-traditionnelle-europeenne-dr-angelika-prentner\/#primaryimage"},"thumbnailUrl":"https:\/\/www.zurgnadenmutter.com\/wp-content\/uploads\/2017\/09\/heilpflanzen-der-traditionellen-europaeischen-medizin-gebundene-ausgabe-angelika-riffel.webp","datePublished":"2023-01-19T10:15:52+00:00","breadcrumb":{"@id":"https:\/\/www.zurgnadenmutter.com\/fr\/produkt\/plantes-medicinales-de-la-medecine-traditionnelle-europeenne-dr-angelika-prentner\/#breadcrumb"},"inLanguage":"fr-FR","potentialAction":[{"@type":"ReadAction","target":["https:\/\/www.zurgnadenmutter.com\/fr\/produkt\/plantes-medicinales-de-la-medecine-traditionnelle-europeenne-dr-angelika-prentner\/"]}]},{"@type":"ImageObject","inLanguage":"fr-FR","@id":"https:\/\/www.zurgnadenmutter.com\/fr\/produkt\/plantes-medicinales-de-la-medecine-traditionnelle-europeenne-dr-angelika-prentner\/#primaryimage","url":"https:\/\/www.zurgnadenmutter.com\/wp-content\/uploads\/2017\/09\/heilpflanzen-der-traditionellen-europaeischen-medizin-gebundene-ausgabe-angelika-riffel.webp","contentUrl":"https:\/\/www.zurgnadenmutter.com\/wp-content\/uploads\/2017\/09\/heilpflanzen-der-traditionellen-europaeischen-medizin-gebundene-ausgabe-angelika-riffel.webp","width":386,"height":600},{"@type":"BreadcrumbList","@id":"https:\/\/www.zurgnadenmutter.com\/fr\/produkt\/plantes-medicinales-de-la-medecine-traditionnelle-europeenne-dr-angelika-prentner\/#breadcrumb","itemListElement":[{"@type":"ListItem","position":1,"name":"Startseite","item":"https:\/\/www.zurgnadenmutter.com\/fr\/"},{"@type":"ListItem","position":2,"name":"Shop","item":"https:\/\/www.zurgnadenmutter.com\/fr\/shop\/"},{"@type":"ListItem","position":3,"name":"Plantes m\u00e9dicinales de la m\u00e9decine traditionnelle europ\u00e9enne 2e \u00e9dition Dr. Angelika Riffel"}]},{"@type":"WebSite","@id":"https:\/\/www.zurgnadenmutter.com\/#website","url":"https:\/\/www.zurgnadenmutter.com\/","name":"Apotheke &amp; Drogerie zur Gnadenmutter - Mariazell","description":"Apotheke Mariazell","potentialAction":[{"@type":"SearchAction","target":{"@type":"EntryPoint","urlTemplate":"https:\/\/www.zurgnadenmutter.com\/?s={search_term_string}"},"query-input":{"@type":"PropertyValueSpecification","valueRequired":true,"valueName":"search_term_string"}}],"inLanguage":"fr-FR"}]}},"_links":{"self":[{"href":"https:\/\/www.zurgnadenmutter.com\/fr\/wp-json\/wp\/v2\/product\/52717","targetHints":{"allow":["GET"]}}],"collection":[{"href":"https:\/\/www.zurgnadenmutter.com\/fr\/wp-json\/wp\/v2\/product"}],"about":[{"href":"https:\/\/www.zurgnadenmutter.com\/fr\/wp-json\/wp\/v2\/types\/product"}],"replies":[{"embeddable":true,"href":"https:\/\/www.zurgnadenmutter.com\/fr\/wp-json\/wp\/v2\/comments?post=52717"}],"wp:featuredmedia":[{"embeddable":true,"href":"https:\/\/www.zurgnadenmutter.com\/fr\/wp-json\/wp\/v2\/media\/61529"}],"wp:attachment":[{"href":"https:\/\/www.zurgnadenmutter.com\/fr\/wp-json\/wp\/v2\/media?parent=52717"}],"wp:term":[{"taxonomy":"product_brand","embeddable":true,"href":"https:\/\/www.zurgnadenmutter.com\/fr\/wp-json\/wp\/v2\/product_brand?post=52717"},{"taxonomy":"product_cat","embeddable":true,"href":"https:\/\/www.zurgnadenmutter.com\/fr\/wp-json\/wp\/v2\/product_cat?post=52717"},{"taxonomy":"product_tag","embeddable":true,"href":"https:\/\/www.zurgnadenmutter.com\/fr\/wp-json\/wp\/v2\/product_tag?post=52717"}],"curies":[{"name":"wp","href":"https:\/\/api.w.org\/{rel}","templated":true}]}}