{"id":52697,"date":"2016-10-11T15:13:55","date_gmt":"2016-10-11T13:13:55","guid":{"rendered":"https:\/\/www.zurgnadenmutter.com\/shop\/mariazeller-wurzelklauber\/"},"modified":"2023-01-19T11:15:49","modified_gmt":"2023-01-19T10:15:49","slug":"mariazell-wurzelklauber","status":"publish","type":"product","link":"https:\/\/www.zurgnadenmutter.com\/fr\/produkt\/mariazell-wurzelklauber\/","title":{"rendered":"Mariazeller Wurzelklauber"},"content":{"rendered":"<p>La recette du \u00ab\u00a0Mariazeller Wurzelklauber\u00a0\u00bb remonte \u00e0 1835. Il se compose d\u2019herbes, de racines et de baies typiques de la nature du Mariazellerland. Produit selon un processus sp\u00e9cial, le go\u00fbt sp\u00e9cial de la liqueur \u00e0 base de plantes Wurzelklauber en r\u00e9sulte.<\/p>\n<p><strong>Application\u00a0:<\/strong> Si n\u00e9cessaire, buvez une gorg\u00e9e ou tout simplement pour profiter et dig\u00e9rer apr\u00e8s avoir mang\u00e9\u00a0!<\/p>\n","protected":false},"excerpt":{"rendered":"<p>La recette remonte \u00e0 1835. Elle se compose d\u2019herbes, de racines et de baies typiques de la nature du Mariazellerland<\/p>\n","protected":false},"featured_media":79474,"comment_status":"closed","ping_status":"closed","template":"","meta":{"_acf_changed":false},"product_brand":[],"product_cat":[498],"product_tag":[],"class_list":{"0":"post-52697","1":"product","2":"type-product","3":"status-publish","4":"has-post-thumbnail","6":"product_cat-liqueurs","8":"first","9":"instock","10":"taxable","11":"shipping-taxable","12":"purchasable","13":"product-type-variable","14":"has-default-attributes"},"acf":[],"yoast_head":"<!-- This site is optimized with the Yoast SEO plugin v27.2 - https:\/\/yoast.com\/product\/yoast-seo-wordpress\/ -->\n<title>Mariazeller Wurzelklauber - Apotheke &amp; Drogerie zur Gnadenmutter - Mariazell<\/title>\n<meta name=\"robots\" content=\"index, follow, max-snippet:-1, max-image-preview:large, max-video-preview:-1\" \/>\n<link rel=\"canonical\" href=\"https:\/\/www.zurgnadenmutter.com\/fr\/produkt\/mariazell-wurzelklauber\/\" \/>\n<meta property=\"og:locale\" content=\"fr_FR\" \/>\n<meta property=\"og:type\" content=\"article\" \/>\n<meta property=\"og:title\" content=\"Mariazeller Wurzelklauber - Apotheke &amp; Drogerie zur Gnadenmutter - Mariazell\" \/>\n<meta property=\"og:description\" content=\"La recette remonte \u00e0 1835. Elle se compose d\u2019herbes, de racines et de baies typiques de la nature du Mariazellerland\" \/>\n<meta property=\"og:url\" content=\"https:\/\/www.zurgnadenmutter.com\/fr\/produkt\/mariazell-wurzelklauber\/\" \/>\n<meta property=\"og:site_name\" content=\"Apotheke &amp; Drogerie zur Gnadenmutter - Mariazell\" \/>\n<meta property=\"article:modified_time\" content=\"2023-01-19T10:15:49+00:00\" \/>\n<meta property=\"og:image\" content=\"https:\/\/www.zurgnadenmutter.com\/wp-content\/uploads\/2016\/10\/Wurzelklauber_2025-scaled.jpg\" \/>\n\t<meta property=\"og:image:width\" content=\"1920\" \/>\n\t<meta property=\"og:image:height\" content=\"2560\" \/>\n\t<meta property=\"og:image:type\" content=\"image\/jpeg\" \/>\n<meta name=\"twitter:card\" content=\"summary_large_image\" \/>\n<script type=\"application\/ld+json\" class=\"yoast-schema-graph\">{\"@context\":\"https:\/\/schema.org\",\"@graph\":[{\"@type\":\"WebPage\",\"@id\":\"https:\/\/www.zurgnadenmutter.com\/fr\/produkt\/mariazell-wurzelklauber\/\",\"url\":\"https:\/\/www.zurgnadenmutter.com\/fr\/produkt\/mariazell-wurzelklauber\/\",\"name\":\"Mariazeller Wurzelklauber - Apotheke &amp; Drogerie zur Gnadenmutter - Mariazell\",\"isPartOf\":{\"@id\":\"https:\/\/www.zurgnadenmutter.com\/#website\"},\"primaryImageOfPage\":{\"@id\":\"https:\/\/www.zurgnadenmutter.com\/fr\/produkt\/mariazell-wurzelklauber\/#primaryimage\"},\"image\":{\"@id\":\"https:\/\/www.zurgnadenmutter.com\/fr\/produkt\/mariazell-wurzelklauber\/#primaryimage\"},\"thumbnailUrl\":\"https:\/\/www.zurgnadenmutter.com\/wp-content\/uploads\/2016\/10\/Wurzelklauber_2025-scaled.jpg\",\"datePublished\":\"2016-10-11T13:13:55+00:00\",\"dateModified\":\"2023-01-19T10:15:49+00:00\",\"breadcrumb\":{\"@id\":\"https:\/\/www.zurgnadenmutter.com\/fr\/produkt\/mariazell-wurzelklauber\/#breadcrumb\"},\"inLanguage\":\"fr-FR\",\"potentialAction\":[{\"@type\":\"ReadAction\",\"target\":[\"https:\/\/www.zurgnadenmutter.com\/fr\/produkt\/mariazell-wurzelklauber\/\"]}]},{\"@type\":\"ImageObject\",\"inLanguage\":\"fr-FR\",\"@id\":\"https:\/\/www.zurgnadenmutter.com\/fr\/produkt\/mariazell-wurzelklauber\/#primaryimage\",\"url\":\"https:\/\/www.zurgnadenmutter.com\/wp-content\/uploads\/2016\/10\/Wurzelklauber_2025-scaled.jpg\",\"contentUrl\":\"https:\/\/www.zurgnadenmutter.com\/wp-content\/uploads\/2016\/10\/Wurzelklauber_2025-scaled.jpg\",\"width\":1920,\"height\":2560},{\"@type\":\"BreadcrumbList\",\"@id\":\"https:\/\/www.zurgnadenmutter.com\/fr\/produkt\/mariazell-wurzelklauber\/#breadcrumb\",\"itemListElement\":[{\"@type\":\"ListItem\",\"position\":1,\"name\":\"Startseite\",\"item\":\"https:\/\/www.zurgnadenmutter.com\/fr\/\"},{\"@type\":\"ListItem\",\"position\":2,\"name\":\"Shop\",\"item\":\"https:\/\/www.zurgnadenmutter.com\/fr\/shop\/\"},{\"@type\":\"ListItem\",\"position\":3,\"name\":\"Mariazeller Wurzelklauber\"}]},{\"@type\":\"WebSite\",\"@id\":\"https:\/\/www.zurgnadenmutter.com\/#website\",\"url\":\"https:\/\/www.zurgnadenmutter.com\/\",\"name\":\"Apotheke &amp; Drogerie zur Gnadenmutter - Mariazell\",\"description\":\"Apotheke Mariazell\",\"potentialAction\":[{\"@type\":\"SearchAction\",\"target\":{\"@type\":\"EntryPoint\",\"urlTemplate\":\"https:\/\/www.zurgnadenmutter.com\/?s={search_term_string}\"},\"query-input\":{\"@type\":\"PropertyValueSpecification\",\"valueRequired\":true,\"valueName\":\"search_term_string\"}}],\"inLanguage\":\"fr-FR\"}]}<\/script>\n<!-- \/ Yoast SEO plugin. -->","yoast_head_json":{"title":"Mariazeller Wurzelklauber - Apotheke &amp; Drogerie zur Gnadenmutter - Mariazell","robots":{"index":"index","follow":"follow","max-snippet":"max-snippet:-1","max-image-preview":"max-image-preview:large","max-video-preview":"max-video-preview:-1"},"canonical":"https:\/\/www.zurgnadenmutter.com\/fr\/produkt\/mariazell-wurzelklauber\/","og_locale":"fr_FR","og_type":"article","og_title":"Mariazeller Wurzelklauber - Apotheke &amp; Drogerie zur Gnadenmutter - Mariazell","og_description":"La recette remonte \u00e0 1835. Elle se compose d\u2019herbes, de racines et de baies typiques de la nature du Mariazellerland","og_url":"https:\/\/www.zurgnadenmutter.com\/fr\/produkt\/mariazell-wurzelklauber\/","og_site_name":"Apotheke &amp; Drogerie zur Gnadenmutter - Mariazell","article_modified_time":"2023-01-19T10:15:49+00:00","og_image":[{"width":1920,"height":2560,"url":"https:\/\/www.zurgnadenmutter.com\/wp-content\/uploads\/2016\/10\/Wurzelklauber_2025-scaled.jpg","type":"image\/jpeg"}],"twitter_card":"summary_large_image","schema":{"@context":"https:\/\/schema.org","@graph":[{"@type":"WebPage","@id":"https:\/\/www.zurgnadenmutter.com\/fr\/produkt\/mariazell-wurzelklauber\/","url":"https:\/\/www.zurgnadenmutter.com\/fr\/produkt\/mariazell-wurzelklauber\/","name":"Mariazeller Wurzelklauber - Apotheke &amp; Drogerie zur Gnadenmutter - Mariazell","isPartOf":{"@id":"https:\/\/www.zurgnadenmutter.com\/#website"},"primaryImageOfPage":{"@id":"https:\/\/www.zurgnadenmutter.com\/fr\/produkt\/mariazell-wurzelklauber\/#primaryimage"},"image":{"@id":"https:\/\/www.zurgnadenmutter.com\/fr\/produkt\/mariazell-wurzelklauber\/#primaryimage"},"thumbnailUrl":"https:\/\/www.zurgnadenmutter.com\/wp-content\/uploads\/2016\/10\/Wurzelklauber_2025-scaled.jpg","datePublished":"2016-10-11T13:13:55+00:00","dateModified":"2023-01-19T10:15:49+00:00","breadcrumb":{"@id":"https:\/\/www.zurgnadenmutter.com\/fr\/produkt\/mariazell-wurzelklauber\/#breadcrumb"},"inLanguage":"fr-FR","potentialAction":[{"@type":"ReadAction","target":["https:\/\/www.zurgnadenmutter.com\/fr\/produkt\/mariazell-wurzelklauber\/"]}]},{"@type":"ImageObject","inLanguage":"fr-FR","@id":"https:\/\/www.zurgnadenmutter.com\/fr\/produkt\/mariazell-wurzelklauber\/#primaryimage","url":"https:\/\/www.zurgnadenmutter.com\/wp-content\/uploads\/2016\/10\/Wurzelklauber_2025-scaled.jpg","contentUrl":"https:\/\/www.zurgnadenmutter.com\/wp-content\/uploads\/2016\/10\/Wurzelklauber_2025-scaled.jpg","width":1920,"height":2560},{"@type":"BreadcrumbList","@id":"https:\/\/www.zurgnadenmutter.com\/fr\/produkt\/mariazell-wurzelklauber\/#breadcrumb","itemListElement":[{"@type":"ListItem","position":1,"name":"Startseite","item":"https:\/\/www.zurgnadenmutter.com\/fr\/"},{"@type":"ListItem","position":2,"name":"Shop","item":"https:\/\/www.zurgnadenmutter.com\/fr\/shop\/"},{"@type":"ListItem","position":3,"name":"Mariazeller Wurzelklauber"}]},{"@type":"WebSite","@id":"https:\/\/www.zurgnadenmutter.com\/#website","url":"https:\/\/www.zurgnadenmutter.com\/","name":"Apotheke &amp; Drogerie zur Gnadenmutter - Mariazell","description":"Apotheke Mariazell","potentialAction":[{"@type":"SearchAction","target":{"@type":"EntryPoint","urlTemplate":"https:\/\/www.zurgnadenmutter.com\/?s={search_term_string}"},"query-input":{"@type":"PropertyValueSpecification","valueRequired":true,"valueName":"search_term_string"}}],"inLanguage":"fr-FR"}]}},"_links":{"self":[{"href":"https:\/\/www.zurgnadenmutter.com\/fr\/wp-json\/wp\/v2\/product\/52697","targetHints":{"allow":["GET"]}}],"collection":[{"href":"https:\/\/www.zurgnadenmutter.com\/fr\/wp-json\/wp\/v2\/product"}],"about":[{"href":"https:\/\/www.zurgnadenmutter.com\/fr\/wp-json\/wp\/v2\/types\/product"}],"replies":[{"embeddable":true,"href":"https:\/\/www.zurgnadenmutter.com\/fr\/wp-json\/wp\/v2\/comments?post=52697"}],"wp:featuredmedia":[{"embeddable":true,"href":"https:\/\/www.zurgnadenmutter.com\/fr\/wp-json\/wp\/v2\/media\/79474"}],"wp:attachment":[{"href":"https:\/\/www.zurgnadenmutter.com\/fr\/wp-json\/wp\/v2\/media?parent=52697"}],"wp:term":[{"taxonomy":"product_brand","embeddable":true,"href":"https:\/\/www.zurgnadenmutter.com\/fr\/wp-json\/wp\/v2\/product_brand?post=52697"},{"taxonomy":"product_cat","embeddable":true,"href":"https:\/\/www.zurgnadenmutter.com\/fr\/wp-json\/wp\/v2\/product_cat?post=52697"},{"taxonomy":"product_tag","embeddable":true,"href":"https:\/\/www.zurgnadenmutter.com\/fr\/wp-json\/wp\/v2\/product_tag?post=52697"}],"curies":[{"name":"wp","href":"https:\/\/api.w.org\/{rel}","templated":true}]}}