{"id":52695,"date":"2016-09-15T15:57:32","date_gmt":"2016-09-15T13:57:32","guid":{"rendered":"https:\/\/www.zurgnadenmutter.com\/shop\/mariazell-perles-elixir-de-vie\/"},"modified":"2023-01-19T11:15:49","modified_gmt":"2023-01-19T10:15:49","slug":"mariazell-elixir-de-vie-perles","status":"publish","type":"product","link":"https:\/\/www.zurgnadenmutter.com\/fr\/produkt\/mariazell-elixir-de-vie-perles\/","title":{"rendered":"Mariazell Perles \u00e9lixir de vie"},"content":{"rendered":"<p>La recette originale remonte \u00e0 1835 et s\u2019appelait Tinctura Longae Vitae (teinture pour une longue vie). Perles de renforcement et de restauration pour le c\u0153ur, la circulation et les nerfs en p\u00e9riode de demandes plus \u00e9lev\u00e9es et de stress dans la vie quotidienne. L\u2019aub\u00e9pine renforce notre c\u0153ur et notre circulation afin que nous ayons plus de force dans la vie quotidienne. Elle aide \u00e9galement \u00e0 compenser les valeurs de pression art\u00e9rielle fluctuantes. Le ginkgo favorise la circulation sanguine vers les vaisseaux de notre corps et la concentration. La m\u00e9lisse et la passiflore m\u00e8nent \u00e0 la paix int\u00e9rieure et \u00e0 la s\u00e9r\u00e9nit\u00e9 sans vous fatiguer. La racine de ta\u00efga et l\u2019ang\u00e9lique construisent notre syst\u00e8me \u00e9nerg\u00e9tique, favorisent la production d\u2019\u00e9nergie et la performance<\/p>\n","protected":false},"excerpt":{"rendered":"<p>Perles de renforcement pour le corps, l\u2019esprit et l\u2019\u00e2me<\/p>\n","protected":false},"featured_media":78352,"comment_status":"closed","ping_status":"closed","template":"","meta":{"_acf_changed":false},"product_brand":[],"product_cat":[547],"product_tag":[],"class_list":{"0":"post-52695","1":"product","2":"type-product","3":"status-publish","4":"has-post-thumbnail","6":"product_cat-perles","8":"first","9":"instock","10":"taxable","11":"shipping-taxable","12":"purchasable","13":"product-type-simple"},"acf":[],"yoast_head":"<!-- This site is optimized with the Yoast SEO plugin v27.2 - https:\/\/yoast.com\/product\/yoast-seo-wordpress\/ -->\n<title>Mariazell Perles \u00e9lixir de vie - Apotheke &amp; Drogerie zur Gnadenmutter - Mariazell<\/title>\n<meta name=\"robots\" content=\"index, follow, max-snippet:-1, max-image-preview:large, max-video-preview:-1\" \/>\n<link rel=\"canonical\" href=\"https:\/\/www.zurgnadenmutter.com\/fr\/produkt\/mariazell-elixir-de-vie-perles\/\" \/>\n<meta property=\"og:locale\" content=\"fr_FR\" \/>\n<meta property=\"og:type\" content=\"article\" \/>\n<meta property=\"og:title\" content=\"Mariazell Perles \u00e9lixir de vie - Apotheke &amp; Drogerie zur Gnadenmutter - Mariazell\" \/>\n<meta property=\"og:description\" content=\"Perles de renforcement pour le corps, l\u2019esprit et l\u2019\u00e2me\" \/>\n<meta property=\"og:url\" content=\"https:\/\/www.zurgnadenmutter.com\/fr\/produkt\/mariazell-elixir-de-vie-perles\/\" \/>\n<meta property=\"og:site_name\" content=\"Apotheke &amp; Drogerie zur Gnadenmutter - Mariazell\" \/>\n<meta property=\"article:modified_time\" content=\"2023-01-19T10:15:49+00:00\" \/>\n<meta property=\"og:image\" content=\"https:\/\/www.zurgnadenmutter.com\/wp-content\/uploads\/2016\/09\/Lebenselixier-Kueg_2025-scaled.jpg\" \/>\n\t<meta property=\"og:image:width\" content=\"1920\" \/>\n\t<meta property=\"og:image:height\" content=\"2560\" \/>\n\t<meta property=\"og:image:type\" content=\"image\/jpeg\" \/>\n<meta name=\"twitter:card\" content=\"summary_large_image\" \/>\n<meta name=\"twitter:label1\" content=\"Dur\u00e9e de lecture estim\u00e9e\" \/>\n\t<meta name=\"twitter:data1\" content=\"1 minute\" \/>\n<script type=\"application\/ld+json\" class=\"yoast-schema-graph\">{\"@context\":\"https:\/\/schema.org\",\"@graph\":[{\"@type\":\"WebPage\",\"@id\":\"https:\/\/www.zurgnadenmutter.com\/fr\/produkt\/mariazell-elixir-de-vie-perles\/\",\"url\":\"https:\/\/www.zurgnadenmutter.com\/fr\/produkt\/mariazell-elixir-de-vie-perles\/\",\"name\":\"Mariazell Perles \u00e9lixir de vie - Apotheke &amp; Drogerie zur Gnadenmutter - Mariazell\",\"isPartOf\":{\"@id\":\"https:\/\/www.zurgnadenmutter.com\/#website\"},\"primaryImageOfPage\":{\"@id\":\"https:\/\/www.zurgnadenmutter.com\/fr\/produkt\/mariazell-elixir-de-vie-perles\/#primaryimage\"},\"image\":{\"@id\":\"https:\/\/www.zurgnadenmutter.com\/fr\/produkt\/mariazell-elixir-de-vie-perles\/#primaryimage\"},\"thumbnailUrl\":\"https:\/\/www.zurgnadenmutter.com\/wp-content\/uploads\/2016\/09\/Lebenselixier-Kueg_2025-scaled.jpg\",\"datePublished\":\"2016-09-15T13:57:32+00:00\",\"dateModified\":\"2023-01-19T10:15:49+00:00\",\"breadcrumb\":{\"@id\":\"https:\/\/www.zurgnadenmutter.com\/fr\/produkt\/mariazell-elixir-de-vie-perles\/#breadcrumb\"},\"inLanguage\":\"fr-FR\",\"potentialAction\":[{\"@type\":\"ReadAction\",\"target\":[\"https:\/\/www.zurgnadenmutter.com\/fr\/produkt\/mariazell-elixir-de-vie-perles\/\"]}]},{\"@type\":\"ImageObject\",\"inLanguage\":\"fr-FR\",\"@id\":\"https:\/\/www.zurgnadenmutter.com\/fr\/produkt\/mariazell-elixir-de-vie-perles\/#primaryimage\",\"url\":\"https:\/\/www.zurgnadenmutter.com\/wp-content\/uploads\/2016\/09\/Lebenselixier-Kueg_2025-scaled.jpg\",\"contentUrl\":\"https:\/\/www.zurgnadenmutter.com\/wp-content\/uploads\/2016\/09\/Lebenselixier-Kueg_2025-scaled.jpg\",\"width\":1920,\"height\":2560},{\"@type\":\"BreadcrumbList\",\"@id\":\"https:\/\/www.zurgnadenmutter.com\/fr\/produkt\/mariazell-elixir-de-vie-perles\/#breadcrumb\",\"itemListElement\":[{\"@type\":\"ListItem\",\"position\":1,\"name\":\"Startseite\",\"item\":\"https:\/\/www.zurgnadenmutter.com\/fr\/\"},{\"@type\":\"ListItem\",\"position\":2,\"name\":\"Shop\",\"item\":\"https:\/\/www.zurgnadenmutter.com\/fr\/shop\/\"},{\"@type\":\"ListItem\",\"position\":3,\"name\":\"Mariazell Perles \u00e9lixir de vie\"}]},{\"@type\":\"WebSite\",\"@id\":\"https:\/\/www.zurgnadenmutter.com\/#website\",\"url\":\"https:\/\/www.zurgnadenmutter.com\/\",\"name\":\"Apotheke &amp; Drogerie zur Gnadenmutter - Mariazell\",\"description\":\"Apotheke Mariazell\",\"potentialAction\":[{\"@type\":\"SearchAction\",\"target\":{\"@type\":\"EntryPoint\",\"urlTemplate\":\"https:\/\/www.zurgnadenmutter.com\/?s={search_term_string}\"},\"query-input\":{\"@type\":\"PropertyValueSpecification\",\"valueRequired\":true,\"valueName\":\"search_term_string\"}}],\"inLanguage\":\"fr-FR\"}]}<\/script>\n<!-- \/ Yoast SEO plugin. -->","yoast_head_json":{"title":"Mariazell Perles \u00e9lixir de vie - Apotheke &amp; Drogerie zur Gnadenmutter - Mariazell","robots":{"index":"index","follow":"follow","max-snippet":"max-snippet:-1","max-image-preview":"max-image-preview:large","max-video-preview":"max-video-preview:-1"},"canonical":"https:\/\/www.zurgnadenmutter.com\/fr\/produkt\/mariazell-elixir-de-vie-perles\/","og_locale":"fr_FR","og_type":"article","og_title":"Mariazell Perles \u00e9lixir de vie - Apotheke &amp; Drogerie zur Gnadenmutter - Mariazell","og_description":"Perles de renforcement pour le corps, l\u2019esprit et l\u2019\u00e2me","og_url":"https:\/\/www.zurgnadenmutter.com\/fr\/produkt\/mariazell-elixir-de-vie-perles\/","og_site_name":"Apotheke &amp; Drogerie zur Gnadenmutter - Mariazell","article_modified_time":"2023-01-19T10:15:49+00:00","og_image":[{"width":1920,"height":2560,"url":"https:\/\/www.zurgnadenmutter.com\/wp-content\/uploads\/2016\/09\/Lebenselixier-Kueg_2025-scaled.jpg","type":"image\/jpeg"}],"twitter_card":"summary_large_image","twitter_misc":{"Dur\u00e9e de lecture estim\u00e9e":"1 minute"},"schema":{"@context":"https:\/\/schema.org","@graph":[{"@type":"WebPage","@id":"https:\/\/www.zurgnadenmutter.com\/fr\/produkt\/mariazell-elixir-de-vie-perles\/","url":"https:\/\/www.zurgnadenmutter.com\/fr\/produkt\/mariazell-elixir-de-vie-perles\/","name":"Mariazell Perles \u00e9lixir de vie - Apotheke &amp; Drogerie zur Gnadenmutter - Mariazell","isPartOf":{"@id":"https:\/\/www.zurgnadenmutter.com\/#website"},"primaryImageOfPage":{"@id":"https:\/\/www.zurgnadenmutter.com\/fr\/produkt\/mariazell-elixir-de-vie-perles\/#primaryimage"},"image":{"@id":"https:\/\/www.zurgnadenmutter.com\/fr\/produkt\/mariazell-elixir-de-vie-perles\/#primaryimage"},"thumbnailUrl":"https:\/\/www.zurgnadenmutter.com\/wp-content\/uploads\/2016\/09\/Lebenselixier-Kueg_2025-scaled.jpg","datePublished":"2016-09-15T13:57:32+00:00","dateModified":"2023-01-19T10:15:49+00:00","breadcrumb":{"@id":"https:\/\/www.zurgnadenmutter.com\/fr\/produkt\/mariazell-elixir-de-vie-perles\/#breadcrumb"},"inLanguage":"fr-FR","potentialAction":[{"@type":"ReadAction","target":["https:\/\/www.zurgnadenmutter.com\/fr\/produkt\/mariazell-elixir-de-vie-perles\/"]}]},{"@type":"ImageObject","inLanguage":"fr-FR","@id":"https:\/\/www.zurgnadenmutter.com\/fr\/produkt\/mariazell-elixir-de-vie-perles\/#primaryimage","url":"https:\/\/www.zurgnadenmutter.com\/wp-content\/uploads\/2016\/09\/Lebenselixier-Kueg_2025-scaled.jpg","contentUrl":"https:\/\/www.zurgnadenmutter.com\/wp-content\/uploads\/2016\/09\/Lebenselixier-Kueg_2025-scaled.jpg","width":1920,"height":2560},{"@type":"BreadcrumbList","@id":"https:\/\/www.zurgnadenmutter.com\/fr\/produkt\/mariazell-elixir-de-vie-perles\/#breadcrumb","itemListElement":[{"@type":"ListItem","position":1,"name":"Startseite","item":"https:\/\/www.zurgnadenmutter.com\/fr\/"},{"@type":"ListItem","position":2,"name":"Shop","item":"https:\/\/www.zurgnadenmutter.com\/fr\/shop\/"},{"@type":"ListItem","position":3,"name":"Mariazell Perles \u00e9lixir de vie"}]},{"@type":"WebSite","@id":"https:\/\/www.zurgnadenmutter.com\/#website","url":"https:\/\/www.zurgnadenmutter.com\/","name":"Apotheke &amp; Drogerie zur Gnadenmutter - Mariazell","description":"Apotheke Mariazell","potentialAction":[{"@type":"SearchAction","target":{"@type":"EntryPoint","urlTemplate":"https:\/\/www.zurgnadenmutter.com\/?s={search_term_string}"},"query-input":{"@type":"PropertyValueSpecification","valueRequired":true,"valueName":"search_term_string"}}],"inLanguage":"fr-FR"}]}},"_links":{"self":[{"href":"https:\/\/www.zurgnadenmutter.com\/fr\/wp-json\/wp\/v2\/product\/52695","targetHints":{"allow":["GET"]}}],"collection":[{"href":"https:\/\/www.zurgnadenmutter.com\/fr\/wp-json\/wp\/v2\/product"}],"about":[{"href":"https:\/\/www.zurgnadenmutter.com\/fr\/wp-json\/wp\/v2\/types\/product"}],"replies":[{"embeddable":true,"href":"https:\/\/www.zurgnadenmutter.com\/fr\/wp-json\/wp\/v2\/comments?post=52695"}],"wp:featuredmedia":[{"embeddable":true,"href":"https:\/\/www.zurgnadenmutter.com\/fr\/wp-json\/wp\/v2\/media\/78352"}],"wp:attachment":[{"href":"https:\/\/www.zurgnadenmutter.com\/fr\/wp-json\/wp\/v2\/media?parent=52695"}],"wp:term":[{"taxonomy":"product_brand","embeddable":true,"href":"https:\/\/www.zurgnadenmutter.com\/fr\/wp-json\/wp\/v2\/product_brand?post=52695"},{"taxonomy":"product_cat","embeddable":true,"href":"https:\/\/www.zurgnadenmutter.com\/fr\/wp-json\/wp\/v2\/product_cat?post=52695"},{"taxonomy":"product_tag","embeddable":true,"href":"https:\/\/www.zurgnadenmutter.com\/fr\/wp-json\/wp\/v2\/product_tag?post=52695"}],"curies":[{"name":"wp","href":"https:\/\/api.w.org\/{rel}","templated":true}]}}