{"id":52674,"date":"2016-04-27T07:48:39","date_gmt":"2016-04-27T05:48:39","guid":{"rendered":"https:\/\/www.zurgnadenmutter.com\/shop\/creme-a-lacide-hyaluronique-texture-legere\/"},"modified":"2023-01-19T11:15:45","modified_gmt":"2023-01-19T10:15:45","slug":"mariazell-acide-hyaluronique-creme-texture-legere","status":"publish","type":"product","link":"https:\/\/www.zurgnadenmutter.com\/fr\/produkt\/mariazell-acide-hyaluronique-creme-texture-legere\/","title":{"rendered":"Cr\u00e8me \u00e0 l\u2019acide hyaluronique Texture l\u00e9g\u00e8re"},"content":{"rendered":"<p>Gr\u00e2ce \u00e0 la lib\u00e9ration contr\u00f4l\u00e9e des principes actifs, elle fournit une hydratation optimale \u00e0 la peau du cou et du visage. Elle favorise le renouvellement cellulaire naturel, am\u00e9liore l\u2019apparence de la peau, donne \u00e0 la peau souplesse et \u00e9lasticit\u00e9 et lui donne un teint \u00e9clatant. L\u2019acide hyaluronique contenu d\u2019origine naturelle et les glycoprot\u00e9ines ont un effet r\u00e9g\u00e9n\u00e9rant des rides, qui est d\u00e9j\u00e0 visible apr\u00e8s les premi\u00e8res applications.\u00a0Con\u00e7u pour pr\u00e9venir les allergies.<\/p>\n<p>Excellent comme base de maquillage et convient \u00e9galement \u00e0 la peau des hommes.<\/p>\n<p> <strong>Application\u00a0: <\/strong>Appliquer uniform\u00e9ment sur le visage et le cou le matin et le soir apr\u00e8s le nettoyage.<\/p>\n","protected":false},"excerpt":{"rendered":"<div class=\"std\">\n<p>Tr\u00e8s hydratant &#8211; texture l\u00e9g\u00e8re (pour les peaux s\u00e8ches). Excellent comme base de maquillage et convient \u00e9galement \u00e0 la peau des hommes.<\/p>\n<\/div>\n","protected":false},"featured_media":79385,"comment_status":"closed","ping_status":"closed","template":"","meta":{"_acf_changed":false},"product_brand":[],"product_cat":[497,506],"product_tag":[],"class_list":{"0":"post-52674","1":"product","2":"type-product","3":"status-publish","4":"has-post-thumbnail","6":"product_cat-cosmetique","7":"product_cat-mariazell-cosmetiques","9":"first","10":"instock","11":"taxable","12":"shipping-taxable","13":"purchasable","14":"product-type-simple"},"acf":[],"yoast_head":"<!-- This site is optimized with the Yoast SEO plugin v27.2 - https:\/\/yoast.com\/product\/yoast-seo-wordpress\/ -->\n<title>Cr\u00e8me \u00e0 l\u2019acide hyaluronique Texture l\u00e9g\u00e8re - Apotheke &amp; Drogerie zur Gnadenmutter - Mariazell<\/title>\n<meta name=\"robots\" content=\"index, follow, max-snippet:-1, max-image-preview:large, max-video-preview:-1\" \/>\n<link rel=\"canonical\" href=\"https:\/\/www.zurgnadenmutter.com\/fr\/produkt\/mariazell-acide-hyaluronique-creme-texture-legere\/\" \/>\n<meta property=\"og:locale\" content=\"fr_FR\" \/>\n<meta property=\"og:type\" content=\"article\" \/>\n<meta property=\"og:title\" content=\"Cr\u00e8me \u00e0 l\u2019acide hyaluronique Texture l\u00e9g\u00e8re - Apotheke &amp; Drogerie zur Gnadenmutter - Mariazell\" \/>\n<meta property=\"og:description\" content=\"Tr\u00e8s hydratant - texture l\u00e9g\u00e8re (pour les peaux s\u00e8ches). Excellent comme base de maquillage et convient \u00e9galement \u00e0 la peau des hommes.\" \/>\n<meta property=\"og:url\" content=\"https:\/\/www.zurgnadenmutter.com\/fr\/produkt\/mariazell-acide-hyaluronique-creme-texture-legere\/\" \/>\n<meta property=\"og:site_name\" content=\"Apotheke &amp; Drogerie zur Gnadenmutter - Mariazell\" \/>\n<meta property=\"article:modified_time\" content=\"2023-01-19T10:15:45+00:00\" \/>\n<meta property=\"og:image\" content=\"https:\/\/www.zurgnadenmutter.com\/wp-content\/uploads\/2016\/04\/Hyaluron-Feuchtigkeitsspendende-Creme-leichte-Textur_2025-scaled.png\" \/>\n\t<meta property=\"og:image:width\" content=\"1920\" \/>\n\t<meta property=\"og:image:height\" content=\"2560\" \/>\n\t<meta property=\"og:image:type\" content=\"image\/png\" \/>\n<meta name=\"twitter:card\" content=\"summary_large_image\" \/>\n<meta name=\"twitter:label1\" content=\"Dur\u00e9e de lecture estim\u00e9e\" \/>\n\t<meta name=\"twitter:data1\" content=\"1 minute\" \/>\n<script type=\"application\/ld+json\" class=\"yoast-schema-graph\">{\"@context\":\"https:\/\/schema.org\",\"@graph\":[{\"@type\":\"WebPage\",\"@id\":\"https:\/\/www.zurgnadenmutter.com\/fr\/produkt\/mariazell-acide-hyaluronique-creme-texture-legere\/\",\"url\":\"https:\/\/www.zurgnadenmutter.com\/fr\/produkt\/mariazell-acide-hyaluronique-creme-texture-legere\/\",\"name\":\"Cr\u00e8me \u00e0 l\u2019acide hyaluronique Texture l\u00e9g\u00e8re - Apotheke &amp; Drogerie zur Gnadenmutter - Mariazell\",\"isPartOf\":{\"@id\":\"https:\/\/www.zurgnadenmutter.com\/#website\"},\"primaryImageOfPage\":{\"@id\":\"https:\/\/www.zurgnadenmutter.com\/fr\/produkt\/mariazell-acide-hyaluronique-creme-texture-legere\/#primaryimage\"},\"image\":{\"@id\":\"https:\/\/www.zurgnadenmutter.com\/fr\/produkt\/mariazell-acide-hyaluronique-creme-texture-legere\/#primaryimage\"},\"thumbnailUrl\":\"https:\/\/www.zurgnadenmutter.com\/wp-content\/uploads\/2016\/04\/Hyaluron-Feuchtigkeitsspendende-Creme-leichte-Textur_2025-scaled.png\",\"datePublished\":\"2016-04-27T05:48:39+00:00\",\"dateModified\":\"2023-01-19T10:15:45+00:00\",\"breadcrumb\":{\"@id\":\"https:\/\/www.zurgnadenmutter.com\/fr\/produkt\/mariazell-acide-hyaluronique-creme-texture-legere\/#breadcrumb\"},\"inLanguage\":\"fr-FR\",\"potentialAction\":[{\"@type\":\"ReadAction\",\"target\":[\"https:\/\/www.zurgnadenmutter.com\/fr\/produkt\/mariazell-acide-hyaluronique-creme-texture-legere\/\"]}]},{\"@type\":\"ImageObject\",\"inLanguage\":\"fr-FR\",\"@id\":\"https:\/\/www.zurgnadenmutter.com\/fr\/produkt\/mariazell-acide-hyaluronique-creme-texture-legere\/#primaryimage\",\"url\":\"https:\/\/www.zurgnadenmutter.com\/wp-content\/uploads\/2016\/04\/Hyaluron-Feuchtigkeitsspendende-Creme-leichte-Textur_2025-scaled.png\",\"contentUrl\":\"https:\/\/www.zurgnadenmutter.com\/wp-content\/uploads\/2016\/04\/Hyaluron-Feuchtigkeitsspendende-Creme-leichte-Textur_2025-scaled.png\",\"width\":1920,\"height\":2560},{\"@type\":\"BreadcrumbList\",\"@id\":\"https:\/\/www.zurgnadenmutter.com\/fr\/produkt\/mariazell-acide-hyaluronique-creme-texture-legere\/#breadcrumb\",\"itemListElement\":[{\"@type\":\"ListItem\",\"position\":1,\"name\":\"Startseite\",\"item\":\"https:\/\/www.zurgnadenmutter.com\/fr\/\"},{\"@type\":\"ListItem\",\"position\":2,\"name\":\"Shop\",\"item\":\"https:\/\/www.zurgnadenmutter.com\/fr\/shop\/\"},{\"@type\":\"ListItem\",\"position\":3,\"name\":\"Cr\u00e8me \u00e0 l\u2019acide hyaluronique Texture l\u00e9g\u00e8re\"}]},{\"@type\":\"WebSite\",\"@id\":\"https:\/\/www.zurgnadenmutter.com\/#website\",\"url\":\"https:\/\/www.zurgnadenmutter.com\/\",\"name\":\"Apotheke &amp; Drogerie zur Gnadenmutter - Mariazell\",\"description\":\"Apotheke Mariazell\",\"potentialAction\":[{\"@type\":\"SearchAction\",\"target\":{\"@type\":\"EntryPoint\",\"urlTemplate\":\"https:\/\/www.zurgnadenmutter.com\/?s={search_term_string}\"},\"query-input\":{\"@type\":\"PropertyValueSpecification\",\"valueRequired\":true,\"valueName\":\"search_term_string\"}}],\"inLanguage\":\"fr-FR\"}]}<\/script>\n<!-- \/ Yoast SEO plugin. -->","yoast_head_json":{"title":"Cr\u00e8me \u00e0 l\u2019acide hyaluronique Texture l\u00e9g\u00e8re - Apotheke &amp; Drogerie zur Gnadenmutter - Mariazell","robots":{"index":"index","follow":"follow","max-snippet":"max-snippet:-1","max-image-preview":"max-image-preview:large","max-video-preview":"max-video-preview:-1"},"canonical":"https:\/\/www.zurgnadenmutter.com\/fr\/produkt\/mariazell-acide-hyaluronique-creme-texture-legere\/","og_locale":"fr_FR","og_type":"article","og_title":"Cr\u00e8me \u00e0 l\u2019acide hyaluronique Texture l\u00e9g\u00e8re - Apotheke &amp; Drogerie zur Gnadenmutter - Mariazell","og_description":"Tr\u00e8s hydratant - texture l\u00e9g\u00e8re (pour les peaux s\u00e8ches). Excellent comme base de maquillage et convient \u00e9galement \u00e0 la peau des hommes.","og_url":"https:\/\/www.zurgnadenmutter.com\/fr\/produkt\/mariazell-acide-hyaluronique-creme-texture-legere\/","og_site_name":"Apotheke &amp; Drogerie zur Gnadenmutter - Mariazell","article_modified_time":"2023-01-19T10:15:45+00:00","og_image":[{"width":1920,"height":2560,"url":"https:\/\/www.zurgnadenmutter.com\/wp-content\/uploads\/2016\/04\/Hyaluron-Feuchtigkeitsspendende-Creme-leichte-Textur_2025-scaled.png","type":"image\/png"}],"twitter_card":"summary_large_image","twitter_misc":{"Dur\u00e9e de lecture estim\u00e9e":"1 minute"},"schema":{"@context":"https:\/\/schema.org","@graph":[{"@type":"WebPage","@id":"https:\/\/www.zurgnadenmutter.com\/fr\/produkt\/mariazell-acide-hyaluronique-creme-texture-legere\/","url":"https:\/\/www.zurgnadenmutter.com\/fr\/produkt\/mariazell-acide-hyaluronique-creme-texture-legere\/","name":"Cr\u00e8me \u00e0 l\u2019acide hyaluronique Texture l\u00e9g\u00e8re - Apotheke &amp; Drogerie zur Gnadenmutter - Mariazell","isPartOf":{"@id":"https:\/\/www.zurgnadenmutter.com\/#website"},"primaryImageOfPage":{"@id":"https:\/\/www.zurgnadenmutter.com\/fr\/produkt\/mariazell-acide-hyaluronique-creme-texture-legere\/#primaryimage"},"image":{"@id":"https:\/\/www.zurgnadenmutter.com\/fr\/produkt\/mariazell-acide-hyaluronique-creme-texture-legere\/#primaryimage"},"thumbnailUrl":"https:\/\/www.zurgnadenmutter.com\/wp-content\/uploads\/2016\/04\/Hyaluron-Feuchtigkeitsspendende-Creme-leichte-Textur_2025-scaled.png","datePublished":"2016-04-27T05:48:39+00:00","dateModified":"2023-01-19T10:15:45+00:00","breadcrumb":{"@id":"https:\/\/www.zurgnadenmutter.com\/fr\/produkt\/mariazell-acide-hyaluronique-creme-texture-legere\/#breadcrumb"},"inLanguage":"fr-FR","potentialAction":[{"@type":"ReadAction","target":["https:\/\/www.zurgnadenmutter.com\/fr\/produkt\/mariazell-acide-hyaluronique-creme-texture-legere\/"]}]},{"@type":"ImageObject","inLanguage":"fr-FR","@id":"https:\/\/www.zurgnadenmutter.com\/fr\/produkt\/mariazell-acide-hyaluronique-creme-texture-legere\/#primaryimage","url":"https:\/\/www.zurgnadenmutter.com\/wp-content\/uploads\/2016\/04\/Hyaluron-Feuchtigkeitsspendende-Creme-leichte-Textur_2025-scaled.png","contentUrl":"https:\/\/www.zurgnadenmutter.com\/wp-content\/uploads\/2016\/04\/Hyaluron-Feuchtigkeitsspendende-Creme-leichte-Textur_2025-scaled.png","width":1920,"height":2560},{"@type":"BreadcrumbList","@id":"https:\/\/www.zurgnadenmutter.com\/fr\/produkt\/mariazell-acide-hyaluronique-creme-texture-legere\/#breadcrumb","itemListElement":[{"@type":"ListItem","position":1,"name":"Startseite","item":"https:\/\/www.zurgnadenmutter.com\/fr\/"},{"@type":"ListItem","position":2,"name":"Shop","item":"https:\/\/www.zurgnadenmutter.com\/fr\/shop\/"},{"@type":"ListItem","position":3,"name":"Cr\u00e8me \u00e0 l\u2019acide hyaluronique Texture l\u00e9g\u00e8re"}]},{"@type":"WebSite","@id":"https:\/\/www.zurgnadenmutter.com\/#website","url":"https:\/\/www.zurgnadenmutter.com\/","name":"Apotheke &amp; Drogerie zur Gnadenmutter - Mariazell","description":"Apotheke Mariazell","potentialAction":[{"@type":"SearchAction","target":{"@type":"EntryPoint","urlTemplate":"https:\/\/www.zurgnadenmutter.com\/?s={search_term_string}"},"query-input":{"@type":"PropertyValueSpecification","valueRequired":true,"valueName":"search_term_string"}}],"inLanguage":"fr-FR"}]}},"_links":{"self":[{"href":"https:\/\/www.zurgnadenmutter.com\/fr\/wp-json\/wp\/v2\/product\/52674","targetHints":{"allow":["GET"]}}],"collection":[{"href":"https:\/\/www.zurgnadenmutter.com\/fr\/wp-json\/wp\/v2\/product"}],"about":[{"href":"https:\/\/www.zurgnadenmutter.com\/fr\/wp-json\/wp\/v2\/types\/product"}],"replies":[{"embeddable":true,"href":"https:\/\/www.zurgnadenmutter.com\/fr\/wp-json\/wp\/v2\/comments?post=52674"}],"wp:featuredmedia":[{"embeddable":true,"href":"https:\/\/www.zurgnadenmutter.com\/fr\/wp-json\/wp\/v2\/media\/79385"}],"wp:attachment":[{"href":"https:\/\/www.zurgnadenmutter.com\/fr\/wp-json\/wp\/v2\/media?parent=52674"}],"wp:term":[{"taxonomy":"product_brand","embeddable":true,"href":"https:\/\/www.zurgnadenmutter.com\/fr\/wp-json\/wp\/v2\/product_brand?post=52674"},{"taxonomy":"product_cat","embeddable":true,"href":"https:\/\/www.zurgnadenmutter.com\/fr\/wp-json\/wp\/v2\/product_cat?post=52674"},{"taxonomy":"product_tag","embeddable":true,"href":"https:\/\/www.zurgnadenmutter.com\/fr\/wp-json\/wp\/v2\/product_tag?post=52674"}],"curies":[{"name":"wp","href":"https:\/\/api.w.org\/{rel}","templated":true}]}}