{"id":52613,"date":"2016-04-05T09:54:11","date_gmt":"2016-04-05T07:54:11","guid":{"rendered":"https:\/\/www.zurgnadenmutter.com\/shop\/mariazell-huile-de-massage-fit-fermete\/"},"modified":"2023-01-19T11:15:33","modified_gmt":"2023-01-19T10:15:33","slug":"mariazell-huile-de-massage-pour-le-raffermissement-des-tissus","status":"publish","type":"product","link":"https:\/\/www.zurgnadenmutter.com\/fr\/produkt\/mariazell-huile-de-massage-pour-le-raffermissement-des-tissus\/","title":{"rendered":"Mariazell Huile de Massage Fit  Fermet\u00e9"},"content":{"rendered":"<p>Les huiles de massage Mariazell sont un v\u00e9ritable concentr\u00e9 de force de la nature pour un massage exceptionnel. La combinaison puissante mais douce d&rsquo;huiles v\u00e9g\u00e9tales et d&rsquo;huiles essentielles r\u00e9chauffe et donne \u00e0 la peau une sensation de douceur et de souplesse.<\/p>\n","protected":false},"excerpt":{"rendered":"<p>Nous voulons de la fra\u00eecheur, de l\u2019activit\u00e9 et l\u2019\u00e9lasticit\u00e9 n\u00e9cessaire de notre peau. La combinaison raffin\u00e9e d\u2019essentiel \u00e0 la cardamome et d\u2019huile de poivre noir est parfaite pour une silhouette gr\u00e2cieuse. L\u2019huile de pamplemousse bien dos\u00e9e tonifie et forme une base de renforcement.<\/p>\n","protected":false},"featured_media":79579,"comment_status":"closed","ping_status":"closed","template":"","meta":{"_acf_changed":false},"product_brand":[],"product_cat":[518],"product_tag":[],"class_list":{"0":"post-52613","1":"product","2":"type-product","3":"status-publish","4":"has-post-thumbnail","6":"product_cat-huiles-de-massage","8":"first","9":"instock","10":"taxable","11":"shipping-taxable","12":"purchasable","13":"product-type-simple"},"acf":[],"yoast_head":"<!-- This site is optimized with the Yoast SEO plugin v27.2 - https:\/\/yoast.com\/product\/yoast-seo-wordpress\/ -->\n<title>Mariazell Huile de Massage Fit Fermet\u00e9 - Apotheke &amp; Drogerie zur Gnadenmutter - Mariazell<\/title>\n<meta name=\"robots\" content=\"index, follow, max-snippet:-1, max-image-preview:large, max-video-preview:-1\" \/>\n<link rel=\"canonical\" href=\"https:\/\/www.zurgnadenmutter.com\/fr\/produkt\/mariazell-huile-de-massage-pour-le-raffermissement-des-tissus\/\" \/>\n<meta property=\"og:locale\" content=\"fr_FR\" \/>\n<meta property=\"og:type\" content=\"article\" \/>\n<meta property=\"og:title\" content=\"Mariazell Huile de Massage Fit Fermet\u00e9 - Apotheke &amp; Drogerie zur Gnadenmutter - Mariazell\" \/>\n<meta property=\"og:description\" content=\"Nous voulons de la fra\u00eecheur, de l\u2019activit\u00e9 et l\u2019\u00e9lasticit\u00e9 n\u00e9cessaire de notre peau. La combinaison raffin\u00e9e d\u2019essentiel \u00e0 la cardamome et d\u2019huile de poivre noir est parfaite pour une silhouette gr\u00e2cieuse. L\u2019huile de pamplemousse bien dos\u00e9e tonifie et forme une base de renforcement.\" \/>\n<meta property=\"og:url\" content=\"https:\/\/www.zurgnadenmutter.com\/fr\/produkt\/mariazell-huile-de-massage-pour-le-raffermissement-des-tissus\/\" \/>\n<meta property=\"og:site_name\" content=\"Apotheke &amp; Drogerie zur Gnadenmutter - Mariazell\" \/>\n<meta property=\"article:modified_time\" content=\"2023-01-19T10:15:33+00:00\" \/>\n<meta property=\"og:image\" content=\"https:\/\/www.zurgnadenmutter.com\/wp-content\/uploads\/2016\/04\/Fit-und-Straff_2025-scaled.jpg\" \/>\n\t<meta property=\"og:image:width\" content=\"1920\" \/>\n\t<meta property=\"og:image:height\" content=\"2560\" \/>\n\t<meta property=\"og:image:type\" content=\"image\/jpeg\" \/>\n<meta name=\"twitter:card\" content=\"summary_large_image\" \/>\n<script type=\"application\/ld+json\" class=\"yoast-schema-graph\">{\"@context\":\"https:\/\/schema.org\",\"@graph\":[{\"@type\":\"WebPage\",\"@id\":\"https:\/\/www.zurgnadenmutter.com\/fr\/produkt\/mariazell-huile-de-massage-pour-le-raffermissement-des-tissus\/\",\"url\":\"https:\/\/www.zurgnadenmutter.com\/fr\/produkt\/mariazell-huile-de-massage-pour-le-raffermissement-des-tissus\/\",\"name\":\"Mariazell Huile de Massage Fit Fermet\u00e9 - Apotheke &amp; Drogerie zur Gnadenmutter - Mariazell\",\"isPartOf\":{\"@id\":\"https:\/\/www.zurgnadenmutter.com\/#website\"},\"primaryImageOfPage\":{\"@id\":\"https:\/\/www.zurgnadenmutter.com\/fr\/produkt\/mariazell-huile-de-massage-pour-le-raffermissement-des-tissus\/#primaryimage\"},\"image\":{\"@id\":\"https:\/\/www.zurgnadenmutter.com\/fr\/produkt\/mariazell-huile-de-massage-pour-le-raffermissement-des-tissus\/#primaryimage\"},\"thumbnailUrl\":\"https:\/\/www.zurgnadenmutter.com\/wp-content\/uploads\/2016\/04\/Fit-und-Straff_2025-scaled.jpg\",\"datePublished\":\"2016-04-05T07:54:11+00:00\",\"dateModified\":\"2023-01-19T10:15:33+00:00\",\"breadcrumb\":{\"@id\":\"https:\/\/www.zurgnadenmutter.com\/fr\/produkt\/mariazell-huile-de-massage-pour-le-raffermissement-des-tissus\/#breadcrumb\"},\"inLanguage\":\"fr-FR\",\"potentialAction\":[{\"@type\":\"ReadAction\",\"target\":[\"https:\/\/www.zurgnadenmutter.com\/fr\/produkt\/mariazell-huile-de-massage-pour-le-raffermissement-des-tissus\/\"]}]},{\"@type\":\"ImageObject\",\"inLanguage\":\"fr-FR\",\"@id\":\"https:\/\/www.zurgnadenmutter.com\/fr\/produkt\/mariazell-huile-de-massage-pour-le-raffermissement-des-tissus\/#primaryimage\",\"url\":\"https:\/\/www.zurgnadenmutter.com\/wp-content\/uploads\/2016\/04\/Fit-und-Straff_2025-scaled.jpg\",\"contentUrl\":\"https:\/\/www.zurgnadenmutter.com\/wp-content\/uploads\/2016\/04\/Fit-und-Straff_2025-scaled.jpg\",\"width\":1920,\"height\":2560},{\"@type\":\"BreadcrumbList\",\"@id\":\"https:\/\/www.zurgnadenmutter.com\/fr\/produkt\/mariazell-huile-de-massage-pour-le-raffermissement-des-tissus\/#breadcrumb\",\"itemListElement\":[{\"@type\":\"ListItem\",\"position\":1,\"name\":\"Startseite\",\"item\":\"https:\/\/www.zurgnadenmutter.com\/fr\/\"},{\"@type\":\"ListItem\",\"position\":2,\"name\":\"Shop\",\"item\":\"https:\/\/www.zurgnadenmutter.com\/fr\/shop\/\"},{\"@type\":\"ListItem\",\"position\":3,\"name\":\"Mariazell Huile de Massage Fit Fermet\u00e9\"}]},{\"@type\":\"WebSite\",\"@id\":\"https:\/\/www.zurgnadenmutter.com\/#website\",\"url\":\"https:\/\/www.zurgnadenmutter.com\/\",\"name\":\"Apotheke &amp; Drogerie zur Gnadenmutter - Mariazell\",\"description\":\"Apotheke Mariazell\",\"potentialAction\":[{\"@type\":\"SearchAction\",\"target\":{\"@type\":\"EntryPoint\",\"urlTemplate\":\"https:\/\/www.zurgnadenmutter.com\/?s={search_term_string}\"},\"query-input\":{\"@type\":\"PropertyValueSpecification\",\"valueRequired\":true,\"valueName\":\"search_term_string\"}}],\"inLanguage\":\"fr-FR\"}]}<\/script>\n<!-- \/ Yoast SEO plugin. -->","yoast_head_json":{"title":"Mariazell Huile de Massage Fit Fermet\u00e9 - Apotheke &amp; Drogerie zur Gnadenmutter - Mariazell","robots":{"index":"index","follow":"follow","max-snippet":"max-snippet:-1","max-image-preview":"max-image-preview:large","max-video-preview":"max-video-preview:-1"},"canonical":"https:\/\/www.zurgnadenmutter.com\/fr\/produkt\/mariazell-huile-de-massage-pour-le-raffermissement-des-tissus\/","og_locale":"fr_FR","og_type":"article","og_title":"Mariazell Huile de Massage Fit Fermet\u00e9 - Apotheke &amp; Drogerie zur Gnadenmutter - Mariazell","og_description":"Nous voulons de la fra\u00eecheur, de l\u2019activit\u00e9 et l\u2019\u00e9lasticit\u00e9 n\u00e9cessaire de notre peau. La combinaison raffin\u00e9e d\u2019essentiel \u00e0 la cardamome et d\u2019huile de poivre noir est parfaite pour une silhouette gr\u00e2cieuse. L\u2019huile de pamplemousse bien dos\u00e9e tonifie et forme une base de renforcement.","og_url":"https:\/\/www.zurgnadenmutter.com\/fr\/produkt\/mariazell-huile-de-massage-pour-le-raffermissement-des-tissus\/","og_site_name":"Apotheke &amp; Drogerie zur Gnadenmutter - Mariazell","article_modified_time":"2023-01-19T10:15:33+00:00","og_image":[{"width":1920,"height":2560,"url":"https:\/\/www.zurgnadenmutter.com\/wp-content\/uploads\/2016\/04\/Fit-und-Straff_2025-scaled.jpg","type":"image\/jpeg"}],"twitter_card":"summary_large_image","schema":{"@context":"https:\/\/schema.org","@graph":[{"@type":"WebPage","@id":"https:\/\/www.zurgnadenmutter.com\/fr\/produkt\/mariazell-huile-de-massage-pour-le-raffermissement-des-tissus\/","url":"https:\/\/www.zurgnadenmutter.com\/fr\/produkt\/mariazell-huile-de-massage-pour-le-raffermissement-des-tissus\/","name":"Mariazell Huile de Massage Fit Fermet\u00e9 - Apotheke &amp; Drogerie zur Gnadenmutter - Mariazell","isPartOf":{"@id":"https:\/\/www.zurgnadenmutter.com\/#website"},"primaryImageOfPage":{"@id":"https:\/\/www.zurgnadenmutter.com\/fr\/produkt\/mariazell-huile-de-massage-pour-le-raffermissement-des-tissus\/#primaryimage"},"image":{"@id":"https:\/\/www.zurgnadenmutter.com\/fr\/produkt\/mariazell-huile-de-massage-pour-le-raffermissement-des-tissus\/#primaryimage"},"thumbnailUrl":"https:\/\/www.zurgnadenmutter.com\/wp-content\/uploads\/2016\/04\/Fit-und-Straff_2025-scaled.jpg","datePublished":"2016-04-05T07:54:11+00:00","dateModified":"2023-01-19T10:15:33+00:00","breadcrumb":{"@id":"https:\/\/www.zurgnadenmutter.com\/fr\/produkt\/mariazell-huile-de-massage-pour-le-raffermissement-des-tissus\/#breadcrumb"},"inLanguage":"fr-FR","potentialAction":[{"@type":"ReadAction","target":["https:\/\/www.zurgnadenmutter.com\/fr\/produkt\/mariazell-huile-de-massage-pour-le-raffermissement-des-tissus\/"]}]},{"@type":"ImageObject","inLanguage":"fr-FR","@id":"https:\/\/www.zurgnadenmutter.com\/fr\/produkt\/mariazell-huile-de-massage-pour-le-raffermissement-des-tissus\/#primaryimage","url":"https:\/\/www.zurgnadenmutter.com\/wp-content\/uploads\/2016\/04\/Fit-und-Straff_2025-scaled.jpg","contentUrl":"https:\/\/www.zurgnadenmutter.com\/wp-content\/uploads\/2016\/04\/Fit-und-Straff_2025-scaled.jpg","width":1920,"height":2560},{"@type":"BreadcrumbList","@id":"https:\/\/www.zurgnadenmutter.com\/fr\/produkt\/mariazell-huile-de-massage-pour-le-raffermissement-des-tissus\/#breadcrumb","itemListElement":[{"@type":"ListItem","position":1,"name":"Startseite","item":"https:\/\/www.zurgnadenmutter.com\/fr\/"},{"@type":"ListItem","position":2,"name":"Shop","item":"https:\/\/www.zurgnadenmutter.com\/fr\/shop\/"},{"@type":"ListItem","position":3,"name":"Mariazell Huile de Massage Fit Fermet\u00e9"}]},{"@type":"WebSite","@id":"https:\/\/www.zurgnadenmutter.com\/#website","url":"https:\/\/www.zurgnadenmutter.com\/","name":"Apotheke &amp; Drogerie zur Gnadenmutter - Mariazell","description":"Apotheke Mariazell","potentialAction":[{"@type":"SearchAction","target":{"@type":"EntryPoint","urlTemplate":"https:\/\/www.zurgnadenmutter.com\/?s={search_term_string}"},"query-input":{"@type":"PropertyValueSpecification","valueRequired":true,"valueName":"search_term_string"}}],"inLanguage":"fr-FR"}]}},"_links":{"self":[{"href":"https:\/\/www.zurgnadenmutter.com\/fr\/wp-json\/wp\/v2\/product\/52613","targetHints":{"allow":["GET"]}}],"collection":[{"href":"https:\/\/www.zurgnadenmutter.com\/fr\/wp-json\/wp\/v2\/product"}],"about":[{"href":"https:\/\/www.zurgnadenmutter.com\/fr\/wp-json\/wp\/v2\/types\/product"}],"replies":[{"embeddable":true,"href":"https:\/\/www.zurgnadenmutter.com\/fr\/wp-json\/wp\/v2\/comments?post=52613"}],"wp:featuredmedia":[{"embeddable":true,"href":"https:\/\/www.zurgnadenmutter.com\/fr\/wp-json\/wp\/v2\/media\/79579"}],"wp:attachment":[{"href":"https:\/\/www.zurgnadenmutter.com\/fr\/wp-json\/wp\/v2\/media?parent=52613"}],"wp:term":[{"taxonomy":"product_brand","embeddable":true,"href":"https:\/\/www.zurgnadenmutter.com\/fr\/wp-json\/wp\/v2\/product_brand?post=52613"},{"taxonomy":"product_cat","embeddable":true,"href":"https:\/\/www.zurgnadenmutter.com\/fr\/wp-json\/wp\/v2\/product_cat?post=52613"},{"taxonomy":"product_tag","embeddable":true,"href":"https:\/\/www.zurgnadenmutter.com\/fr\/wp-json\/wp\/v2\/product_tag?post=52613"}],"curies":[{"name":"wp","href":"https:\/\/api.w.org\/{rel}","templated":true}]}}