{"id":52576,"date":"2016-04-04T23:39:24","date_gmt":"2016-04-04T21:39:24","guid":{"rendered":"https:\/\/www.zurgnadenmutter.com\/shop\/paquet-combo-minceur-mariazell\/"},"modified":"2023-01-19T11:15:27","modified_gmt":"2023-01-19T10:15:27","slug":"mariazell-minceur-combo-paquet","status":"publish","type":"product","link":"https:\/\/www.zurgnadenmutter.com\/fr\/produkt\/mariazell-minceur-combo-paquet\/","title":{"rendered":"Paquet combo minceur Mariazell"},"content":{"rendered":"<p>Les produits les plus efficaces pour soutenir la perte de poids saine, la detox, la purification et la d\u00e9sacidification combin\u00e9s dans un seul paquet combo. La cure se compose des produits suivants (adapt\u00e9s \u00e0 1 mois de dur\u00e9e d\u2019application)\u00a0:<\/p>\n<ul>\n<li>2 x cure<\/li>\n<p> \tminceur Mariazell<\/p>\n<li>2 x th\u00e9<\/li>\n<p> \t alcalin Mariazell <\/p>\n<li>1 x concentr\u00e9<\/li>\n<p> \tde bain alcalin Mariazell <\/p>\n<li>1 x huile de massage Mariazell Cure &amp; minceur Fit Minceur<\/li>\n<\/ul>\n<p><strong>Mariazell\u00a0:<\/strong> 11 plantes sp\u00e9cialement s\u00e9lectionn\u00e9es stimulent le m\u00e9tabolisme, dissolvent les scories du tissu conjonctif et nettoient le corps.<\/p>\n<p><strong>Th\u00e9 basique Mariazeller\u00a0: <\/strong>Contient des herbes qui dissolvent les scories acides et les transportent afin qu\u2019elles puissent \u00eatre excr\u00e9t\u00e9es. Dans le m\u00eame temps, les substances alcalines sont mieux absorb\u00e9es dans le corps. Le th\u00e9 soutient en outre l\u2019effet du r\u00e9gime minceur.<\/p>\n<p><strong>Sel de bain Mariazell\u00a0:<\/strong> Pour <strong>la purification<\/strong> et <strong>la cellulite<\/strong>. Les sels de bain et les huiles essentielles sp\u00e9ciales ont un effet r\u00e9chauffant, purifiant et d\u00e9toxifiant. La transpiration permet d\u2019obtenir l\u2019un des processus d\u2019excr\u00e9tion et de combustion des graisses les plus intensifs. Les scories sont excr\u00e9t\u00e9es des tissus plus rapidement par la peau. Le corps est nettoy\u00e9 \u00e0 l\u2019int\u00e9rieur par un bain complet ou un bain de pieds.<\/p>\n<p> <strong>Mariazell Huile de Massage Fit &amp; Minceur\u00a0:<\/strong> Au Japon, des \u00e9tudes ont montr\u00e9 que des huiles essentielles naturelles tr\u00e8s sp\u00e9cifiques stimulent la combustion des graisses et conduisent ainsi \u00e0 une <strong>r\u00e9duction de l\u2019\u00e9tendue des zones \u00e0 probl\u00e8mes<\/strong>. Nous avons maintenant utilis\u00e9 ces huiles essentielles sp\u00e9ciales pour produire notre huile de massage Mariazell. Elle a un effet r\u00e9chauffant, d\u00e9toxifiant et dissout les scories des tissus.<\/p>\n<p><strong>Application\u00a0: <\/strong> Vous recevrez une description jointe au paquet minceur Mariazell.<\/p>\n","protected":false},"excerpt":{"rendered":"<p>Les produits les plus efficaces pour soutenir la perte de poids, la detox, la purification et la d\u00e9sacidification dans un paquet combo (30 jours &#8211; cure).<\/p>\n","protected":false},"featured_media":86294,"comment_status":"closed","ping_status":"closed","template":"","meta":{"_acf_changed":false},"product_brand":[],"product_cat":[546],"product_tag":[],"class_list":{"0":"post-52576","1":"product","2":"type-product","3":"status-publish","4":"has-post-thumbnail","6":"product_cat-ensembles-de-produits","8":"first","9":"instock","10":"taxable","11":"shipping-taxable","12":"purchasable","13":"product-type-simple"},"acf":[],"yoast_head":"<!-- This site is optimized with the Yoast SEO plugin v27.2 - https:\/\/yoast.com\/product\/yoast-seo-wordpress\/ -->\n<title>Paquet combo minceur Mariazell - Apotheke &amp; Drogerie zur Gnadenmutter - Mariazell<\/title>\n<meta name=\"robots\" content=\"index, follow, max-snippet:-1, max-image-preview:large, max-video-preview:-1\" \/>\n<link rel=\"canonical\" href=\"https:\/\/www.zurgnadenmutter.com\/fr\/produkt\/mariazell-minceur-combo-paquet\/\" \/>\n<meta property=\"og:locale\" content=\"fr_FR\" \/>\n<meta property=\"og:type\" content=\"article\" \/>\n<meta property=\"og:title\" content=\"Paquet combo minceur Mariazell - Apotheke &amp; Drogerie zur Gnadenmutter - Mariazell\" \/>\n<meta property=\"og:description\" content=\"Les produits les plus efficaces pour soutenir la perte de poids, la detox, la purification et la d\u00e9sacidification dans un paquet combo (30 jours - cure).\" \/>\n<meta property=\"og:url\" content=\"https:\/\/www.zurgnadenmutter.com\/fr\/produkt\/mariazell-minceur-combo-paquet\/\" \/>\n<meta property=\"og:site_name\" content=\"Apotheke &amp; Drogerie zur Gnadenmutter - Mariazell\" \/>\n<meta property=\"article:modified_time\" content=\"2023-01-19T10:15:27+00:00\" \/>\n<meta property=\"og:image\" content=\"https:\/\/www.zurgnadenmutter.com\/wp-content\/uploads\/2016\/04\/Schlank-Kombo-Paket-scaled.jpg\" \/>\n\t<meta property=\"og:image:width\" content=\"1920\" \/>\n\t<meta property=\"og:image:height\" content=\"2560\" \/>\n\t<meta property=\"og:image:type\" content=\"image\/jpeg\" \/>\n<meta name=\"twitter:card\" content=\"summary_large_image\" \/>\n<meta name=\"twitter:label1\" content=\"Dur\u00e9e de lecture estim\u00e9e\" \/>\n\t<meta name=\"twitter:data1\" content=\"1 minute\" \/>\n<script type=\"application\/ld+json\" class=\"yoast-schema-graph\">{\"@context\":\"https:\/\/schema.org\",\"@graph\":[{\"@type\":\"WebPage\",\"@id\":\"https:\/\/www.zurgnadenmutter.com\/fr\/produkt\/mariazell-minceur-combo-paquet\/\",\"url\":\"https:\/\/www.zurgnadenmutter.com\/fr\/produkt\/mariazell-minceur-combo-paquet\/\",\"name\":\"Paquet combo minceur Mariazell - Apotheke &amp; Drogerie zur Gnadenmutter - Mariazell\",\"isPartOf\":{\"@id\":\"https:\/\/www.zurgnadenmutter.com\/#website\"},\"primaryImageOfPage\":{\"@id\":\"https:\/\/www.zurgnadenmutter.com\/fr\/produkt\/mariazell-minceur-combo-paquet\/#primaryimage\"},\"image\":{\"@id\":\"https:\/\/www.zurgnadenmutter.com\/fr\/produkt\/mariazell-minceur-combo-paquet\/#primaryimage\"},\"thumbnailUrl\":\"https:\/\/www.zurgnadenmutter.com\/wp-content\/uploads\/2016\/04\/Schlank-Kombo-Paket-scaled.jpg\",\"datePublished\":\"2016-04-04T21:39:24+00:00\",\"dateModified\":\"2023-01-19T10:15:27+00:00\",\"breadcrumb\":{\"@id\":\"https:\/\/www.zurgnadenmutter.com\/fr\/produkt\/mariazell-minceur-combo-paquet\/#breadcrumb\"},\"inLanguage\":\"fr-FR\",\"potentialAction\":[{\"@type\":\"ReadAction\",\"target\":[\"https:\/\/www.zurgnadenmutter.com\/fr\/produkt\/mariazell-minceur-combo-paquet\/\"]}]},{\"@type\":\"ImageObject\",\"inLanguage\":\"fr-FR\",\"@id\":\"https:\/\/www.zurgnadenmutter.com\/fr\/produkt\/mariazell-minceur-combo-paquet\/#primaryimage\",\"url\":\"https:\/\/www.zurgnadenmutter.com\/wp-content\/uploads\/2016\/04\/Schlank-Kombo-Paket-scaled.jpg\",\"contentUrl\":\"https:\/\/www.zurgnadenmutter.com\/wp-content\/uploads\/2016\/04\/Schlank-Kombo-Paket-scaled.jpg\",\"width\":1920,\"height\":2560},{\"@type\":\"BreadcrumbList\",\"@id\":\"https:\/\/www.zurgnadenmutter.com\/fr\/produkt\/mariazell-minceur-combo-paquet\/#breadcrumb\",\"itemListElement\":[{\"@type\":\"ListItem\",\"position\":1,\"name\":\"Startseite\",\"item\":\"https:\/\/www.zurgnadenmutter.com\/fr\/\"},{\"@type\":\"ListItem\",\"position\":2,\"name\":\"Shop\",\"item\":\"https:\/\/www.zurgnadenmutter.com\/fr\/shop\/\"},{\"@type\":\"ListItem\",\"position\":3,\"name\":\"Paquet combo minceur Mariazell\"}]},{\"@type\":\"WebSite\",\"@id\":\"https:\/\/www.zurgnadenmutter.com\/#website\",\"url\":\"https:\/\/www.zurgnadenmutter.com\/\",\"name\":\"Apotheke &amp; Drogerie zur Gnadenmutter - Mariazell\",\"description\":\"Apotheke Mariazell\",\"potentialAction\":[{\"@type\":\"SearchAction\",\"target\":{\"@type\":\"EntryPoint\",\"urlTemplate\":\"https:\/\/www.zurgnadenmutter.com\/?s={search_term_string}\"},\"query-input\":{\"@type\":\"PropertyValueSpecification\",\"valueRequired\":true,\"valueName\":\"search_term_string\"}}],\"inLanguage\":\"fr-FR\"}]}<\/script>\n<!-- \/ Yoast SEO plugin. -->","yoast_head_json":{"title":"Paquet combo minceur Mariazell - Apotheke &amp; Drogerie zur Gnadenmutter - Mariazell","robots":{"index":"index","follow":"follow","max-snippet":"max-snippet:-1","max-image-preview":"max-image-preview:large","max-video-preview":"max-video-preview:-1"},"canonical":"https:\/\/www.zurgnadenmutter.com\/fr\/produkt\/mariazell-minceur-combo-paquet\/","og_locale":"fr_FR","og_type":"article","og_title":"Paquet combo minceur Mariazell - Apotheke &amp; Drogerie zur Gnadenmutter - Mariazell","og_description":"Les produits les plus efficaces pour soutenir la perte de poids, la detox, la purification et la d\u00e9sacidification dans un paquet combo (30 jours - cure).","og_url":"https:\/\/www.zurgnadenmutter.com\/fr\/produkt\/mariazell-minceur-combo-paquet\/","og_site_name":"Apotheke &amp; Drogerie zur Gnadenmutter - Mariazell","article_modified_time":"2023-01-19T10:15:27+00:00","og_image":[{"width":1920,"height":2560,"url":"https:\/\/www.zurgnadenmutter.com\/wp-content\/uploads\/2016\/04\/Schlank-Kombo-Paket-scaled.jpg","type":"image\/jpeg"}],"twitter_card":"summary_large_image","twitter_misc":{"Dur\u00e9e de lecture estim\u00e9e":"1 minute"},"schema":{"@context":"https:\/\/schema.org","@graph":[{"@type":"WebPage","@id":"https:\/\/www.zurgnadenmutter.com\/fr\/produkt\/mariazell-minceur-combo-paquet\/","url":"https:\/\/www.zurgnadenmutter.com\/fr\/produkt\/mariazell-minceur-combo-paquet\/","name":"Paquet combo minceur Mariazell - Apotheke &amp; Drogerie zur Gnadenmutter - Mariazell","isPartOf":{"@id":"https:\/\/www.zurgnadenmutter.com\/#website"},"primaryImageOfPage":{"@id":"https:\/\/www.zurgnadenmutter.com\/fr\/produkt\/mariazell-minceur-combo-paquet\/#primaryimage"},"image":{"@id":"https:\/\/www.zurgnadenmutter.com\/fr\/produkt\/mariazell-minceur-combo-paquet\/#primaryimage"},"thumbnailUrl":"https:\/\/www.zurgnadenmutter.com\/wp-content\/uploads\/2016\/04\/Schlank-Kombo-Paket-scaled.jpg","datePublished":"2016-04-04T21:39:24+00:00","dateModified":"2023-01-19T10:15:27+00:00","breadcrumb":{"@id":"https:\/\/www.zurgnadenmutter.com\/fr\/produkt\/mariazell-minceur-combo-paquet\/#breadcrumb"},"inLanguage":"fr-FR","potentialAction":[{"@type":"ReadAction","target":["https:\/\/www.zurgnadenmutter.com\/fr\/produkt\/mariazell-minceur-combo-paquet\/"]}]},{"@type":"ImageObject","inLanguage":"fr-FR","@id":"https:\/\/www.zurgnadenmutter.com\/fr\/produkt\/mariazell-minceur-combo-paquet\/#primaryimage","url":"https:\/\/www.zurgnadenmutter.com\/wp-content\/uploads\/2016\/04\/Schlank-Kombo-Paket-scaled.jpg","contentUrl":"https:\/\/www.zurgnadenmutter.com\/wp-content\/uploads\/2016\/04\/Schlank-Kombo-Paket-scaled.jpg","width":1920,"height":2560},{"@type":"BreadcrumbList","@id":"https:\/\/www.zurgnadenmutter.com\/fr\/produkt\/mariazell-minceur-combo-paquet\/#breadcrumb","itemListElement":[{"@type":"ListItem","position":1,"name":"Startseite","item":"https:\/\/www.zurgnadenmutter.com\/fr\/"},{"@type":"ListItem","position":2,"name":"Shop","item":"https:\/\/www.zurgnadenmutter.com\/fr\/shop\/"},{"@type":"ListItem","position":3,"name":"Paquet combo minceur Mariazell"}]},{"@type":"WebSite","@id":"https:\/\/www.zurgnadenmutter.com\/#website","url":"https:\/\/www.zurgnadenmutter.com\/","name":"Apotheke &amp; Drogerie zur Gnadenmutter - Mariazell","description":"Apotheke Mariazell","potentialAction":[{"@type":"SearchAction","target":{"@type":"EntryPoint","urlTemplate":"https:\/\/www.zurgnadenmutter.com\/?s={search_term_string}"},"query-input":{"@type":"PropertyValueSpecification","valueRequired":true,"valueName":"search_term_string"}}],"inLanguage":"fr-FR"}]}},"_links":{"self":[{"href":"https:\/\/www.zurgnadenmutter.com\/fr\/wp-json\/wp\/v2\/product\/52576","targetHints":{"allow":["GET"]}}],"collection":[{"href":"https:\/\/www.zurgnadenmutter.com\/fr\/wp-json\/wp\/v2\/product"}],"about":[{"href":"https:\/\/www.zurgnadenmutter.com\/fr\/wp-json\/wp\/v2\/types\/product"}],"replies":[{"embeddable":true,"href":"https:\/\/www.zurgnadenmutter.com\/fr\/wp-json\/wp\/v2\/comments?post=52576"}],"wp:featuredmedia":[{"embeddable":true,"href":"https:\/\/www.zurgnadenmutter.com\/fr\/wp-json\/wp\/v2\/media\/86294"}],"wp:attachment":[{"href":"https:\/\/www.zurgnadenmutter.com\/fr\/wp-json\/wp\/v2\/media?parent=52576"}],"wp:term":[{"taxonomy":"product_brand","embeddable":true,"href":"https:\/\/www.zurgnadenmutter.com\/fr\/wp-json\/wp\/v2\/product_brand?post=52576"},{"taxonomy":"product_cat","embeddable":true,"href":"https:\/\/www.zurgnadenmutter.com\/fr\/wp-json\/wp\/v2\/product_cat?post=52576"},{"taxonomy":"product_tag","embeddable":true,"href":"https:\/\/www.zurgnadenmutter.com\/fr\/wp-json\/wp\/v2\/product_tag?post=52576"}],"curies":[{"name":"wp","href":"https:\/\/api.w.org\/{rel}","templated":true}]}}