{"id":52575,"date":"2016-04-04T23:37:02","date_gmt":"2016-04-04T21:37:02","guid":{"rendered":"https:\/\/www.zurgnadenmutter.com\/shop\/mariazell-gouttes-pour-lestomac\/"},"modified":"2023-01-19T11:15:27","modified_gmt":"2023-01-19T10:15:27","slug":"mariazell-gouttes-pour-lestomac","status":"publish","type":"product","link":"https:\/\/www.zurgnadenmutter.com\/fr\/produkt\/mariazell-gouttes-pour-lestomac\/","title":{"rendered":"Mariazell gouttes pour l\u2019estomac"},"content":{"rendered":"<p>C&rsquo;est en 1780 que les \u00ab\u00a0Mariazeller Magentropfen\u00a0\u00bb ont \u00e9t\u00e9 fabriqu\u00e9es pour la premi\u00e8re fois dans la pharmacie \u00ab\u00a0Zur Gnadenmutter\u00a0\u00bb, o\u00f9 elles sont produites depuis lors selon la recette traditionnelle. Depuis lors, elles ont fait leurs preuves des milliers de fois. Rares sont les foyers o\u00f9 l&rsquo;on ne conna\u00eet pas ces gouttes tr\u00e8s appr\u00e9ci\u00e9es, pr\u00e9sent\u00e9es dans leur emballage distinctif \u00e0 rayures vertes et blanches. Si l&rsquo;on a trop mang\u00e9 ou si l&rsquo;on a mang\u00e9 trop lourd, il suffit de prendre les gouttes pour l&rsquo;estomac et l&rsquo;on se sent \u00e0 nouveau bien.<\/p>\n<p>Elles soutiennent et favorisent une digestion saine, ont un effet de soutien en cas de troubles digestifs, favorisent le fonctionnement normal de l&rsquo;estomac et du foie, soutiennent la fonction de d\u00e9toxication du foie, favorisent la production de sucs digestifs et le mouvement intestinal et soutiennent le m\u00e9tabolisme des graisses. De m\u00eame, elles ont un effet \u00e9quilibrant sur la production d&rsquo;acide gastrique par l&rsquo;organisme en cas de troubles digestifs tels que naus\u00e9es, ballonnements, flatulences et vomissements.<\/p>\n","protected":false},"excerpt":{"rendered":"<p>L\u2019original depuis 1780 avec 26 plantes qui fait des merveilles pour les ballonnements, les flatulences et les naus\u00e9es.<\/p>\n<h6><\/h6>\n","protected":false},"featured_media":82513,"comment_status":"closed","ping_status":"closed","template":"","meta":{"_acf_changed":false},"product_brand":[],"product_cat":[514],"product_tag":[],"class_list":{"0":"post-52575","1":"product","2":"type-product","3":"status-publish","4":"has-post-thumbnail","6":"product_cat-specialites-a-base-de-plantes","8":"first","9":"instock","10":"taxable","11":"shipping-taxable","12":"purchasable","13":"product-type-simple"},"acf":[],"yoast_head":"<!-- This site is optimized with the Yoast SEO plugin v27.2 - https:\/\/yoast.com\/product\/yoast-seo-wordpress\/ -->\n<title>Mariazell gouttes pour l\u2019estomac - Apotheke &amp; Drogerie zur Gnadenmutter - Mariazell<\/title>\n<meta name=\"description\" content=\"Nos gouttes pour l\u2019estomac favorisent une digestion saine, ont un effet de soutien sur les troubles digestifs, favorisent la production de sucs digestifs et le ...\" \/>\n<meta name=\"robots\" content=\"index, follow, max-snippet:-1, max-image-preview:large, max-video-preview:-1\" \/>\n<link rel=\"canonical\" href=\"https:\/\/www.zurgnadenmutter.com\/fr\/produkt\/mariazell-gouttes-pour-lestomac\/\" \/>\n<meta property=\"og:locale\" content=\"fr_FR\" \/>\n<meta property=\"og:type\" content=\"article\" \/>\n<meta property=\"og:title\" content=\"Mariazell gouttes pour l\u2019estomac - Apotheke &amp; Drogerie zur Gnadenmutter - Mariazell\" \/>\n<meta property=\"og:description\" content=\"Nos gouttes pour l\u2019estomac favorisent une digestion saine, ont un effet de soutien sur les troubles digestifs, favorisent la production de sucs digestifs et le ...\" \/>\n<meta property=\"og:url\" content=\"https:\/\/www.zurgnadenmutter.com\/fr\/produkt\/mariazell-gouttes-pour-lestomac\/\" \/>\n<meta property=\"og:site_name\" content=\"Apotheke &amp; Drogerie zur Gnadenmutter - Mariazell\" \/>\n<meta property=\"article:modified_time\" content=\"2023-01-19T10:15:27+00:00\" \/>\n<meta property=\"og:image\" content=\"https:\/\/www.zurgnadenmutter.com\/wp-content\/uploads\/2016\/04\/MARIAZELLER-MAGENTROPFEN-1-scaled.jpg\" \/>\n\t<meta property=\"og:image:width\" content=\"1920\" \/>\n\t<meta property=\"og:image:height\" content=\"2560\" \/>\n\t<meta property=\"og:image:type\" content=\"image\/jpeg\" \/>\n<meta name=\"twitter:card\" content=\"summary_large_image\" \/>\n<meta name=\"twitter:label1\" content=\"Dur\u00e9e de lecture estim\u00e9e\" \/>\n\t<meta name=\"twitter:data1\" content=\"1 minute\" \/>\n<script type=\"application\/ld+json\" class=\"yoast-schema-graph\">{\"@context\":\"https:\/\/schema.org\",\"@graph\":[{\"@type\":\"WebPage\",\"@id\":\"https:\/\/www.zurgnadenmutter.com\/fr\/produkt\/mariazell-gouttes-pour-lestomac\/\",\"url\":\"https:\/\/www.zurgnadenmutter.com\/fr\/produkt\/mariazell-gouttes-pour-lestomac\/\",\"name\":\"Mariazell gouttes pour l\u2019estomac - Apotheke &amp; Drogerie zur Gnadenmutter - Mariazell\",\"isPartOf\":{\"@id\":\"https:\/\/www.zurgnadenmutter.com\/#website\"},\"primaryImageOfPage\":{\"@id\":\"https:\/\/www.zurgnadenmutter.com\/fr\/produkt\/mariazell-gouttes-pour-lestomac\/#primaryimage\"},\"image\":{\"@id\":\"https:\/\/www.zurgnadenmutter.com\/fr\/produkt\/mariazell-gouttes-pour-lestomac\/#primaryimage\"},\"thumbnailUrl\":\"https:\/\/www.zurgnadenmutter.com\/wp-content\/uploads\/2016\/04\/Magentropfen-scaled.jpg\",\"datePublished\":\"2016-04-04T21:37:02+00:00\",\"dateModified\":\"2023-01-19T10:15:27+00:00\",\"description\":\"Nos gouttes pour l\u2019estomac favorisent une digestion saine, ont un effet de soutien sur les troubles digestifs, favorisent la production de sucs digestifs et le ...\",\"breadcrumb\":{\"@id\":\"https:\/\/www.zurgnadenmutter.com\/fr\/produkt\/mariazell-gouttes-pour-lestomac\/#breadcrumb\"},\"inLanguage\":\"fr-FR\",\"potentialAction\":[{\"@type\":\"ReadAction\",\"target\":[\"https:\/\/www.zurgnadenmutter.com\/fr\/produkt\/mariazell-gouttes-pour-lestomac\/\"]}]},{\"@type\":\"ImageObject\",\"inLanguage\":\"fr-FR\",\"@id\":\"https:\/\/www.zurgnadenmutter.com\/fr\/produkt\/mariazell-gouttes-pour-lestomac\/#primaryimage\",\"url\":\"https:\/\/www.zurgnadenmutter.com\/wp-content\/uploads\/2016\/04\/Magentropfen-scaled.jpg\",\"contentUrl\":\"https:\/\/www.zurgnadenmutter.com\/wp-content\/uploads\/2016\/04\/Magentropfen-scaled.jpg\",\"width\":1920,\"height\":2560},{\"@type\":\"BreadcrumbList\",\"@id\":\"https:\/\/www.zurgnadenmutter.com\/fr\/produkt\/mariazell-gouttes-pour-lestomac\/#breadcrumb\",\"itemListElement\":[{\"@type\":\"ListItem\",\"position\":1,\"name\":\"Startseite\",\"item\":\"https:\/\/www.zurgnadenmutter.com\/fr\/\"},{\"@type\":\"ListItem\",\"position\":2,\"name\":\"Shop\",\"item\":\"https:\/\/www.zurgnadenmutter.com\/fr\/shop\/\"},{\"@type\":\"ListItem\",\"position\":3,\"name\":\"Mariazell gouttes pour l\u2019estomac\"}]},{\"@type\":\"WebSite\",\"@id\":\"https:\/\/www.zurgnadenmutter.com\/#website\",\"url\":\"https:\/\/www.zurgnadenmutter.com\/\",\"name\":\"Apotheke &amp; Drogerie zur Gnadenmutter - Mariazell\",\"description\":\"Apotheke Mariazell\",\"potentialAction\":[{\"@type\":\"SearchAction\",\"target\":{\"@type\":\"EntryPoint\",\"urlTemplate\":\"https:\/\/www.zurgnadenmutter.com\/?s={search_term_string}\"},\"query-input\":{\"@type\":\"PropertyValueSpecification\",\"valueRequired\":true,\"valueName\":\"search_term_string\"}}],\"inLanguage\":\"fr-FR\"}]}<\/script>\n<!-- \/ Yoast SEO plugin. -->","yoast_head_json":{"title":"Mariazell gouttes pour l\u2019estomac - Apotheke &amp; Drogerie zur Gnadenmutter - Mariazell","description":"Nos gouttes pour l\u2019estomac favorisent une digestion saine, ont un effet de soutien sur les troubles digestifs, favorisent la production de sucs digestifs et le ...","robots":{"index":"index","follow":"follow","max-snippet":"max-snippet:-1","max-image-preview":"max-image-preview:large","max-video-preview":"max-video-preview:-1"},"canonical":"https:\/\/www.zurgnadenmutter.com\/fr\/produkt\/mariazell-gouttes-pour-lestomac\/","og_locale":"fr_FR","og_type":"article","og_title":"Mariazell gouttes pour l\u2019estomac - Apotheke &amp; Drogerie zur Gnadenmutter - Mariazell","og_description":"Nos gouttes pour l\u2019estomac favorisent une digestion saine, ont un effet de soutien sur les troubles digestifs, favorisent la production de sucs digestifs et le ...","og_url":"https:\/\/www.zurgnadenmutter.com\/fr\/produkt\/mariazell-gouttes-pour-lestomac\/","og_site_name":"Apotheke &amp; Drogerie zur Gnadenmutter - Mariazell","article_modified_time":"2023-01-19T10:15:27+00:00","og_image":[{"width":1920,"height":2560,"url":"https:\/\/www.zurgnadenmutter.com\/wp-content\/uploads\/2016\/04\/MARIAZELLER-MAGENTROPFEN-1-scaled.jpg","type":"image\/jpeg"}],"twitter_card":"summary_large_image","twitter_misc":{"Dur\u00e9e de lecture estim\u00e9e":"1 minute"},"schema":{"@context":"https:\/\/schema.org","@graph":[{"@type":"WebPage","@id":"https:\/\/www.zurgnadenmutter.com\/fr\/produkt\/mariazell-gouttes-pour-lestomac\/","url":"https:\/\/www.zurgnadenmutter.com\/fr\/produkt\/mariazell-gouttes-pour-lestomac\/","name":"Mariazell gouttes pour l\u2019estomac - Apotheke &amp; Drogerie zur Gnadenmutter - Mariazell","isPartOf":{"@id":"https:\/\/www.zurgnadenmutter.com\/#website"},"primaryImageOfPage":{"@id":"https:\/\/www.zurgnadenmutter.com\/fr\/produkt\/mariazell-gouttes-pour-lestomac\/#primaryimage"},"image":{"@id":"https:\/\/www.zurgnadenmutter.com\/fr\/produkt\/mariazell-gouttes-pour-lestomac\/#primaryimage"},"thumbnailUrl":"https:\/\/www.zurgnadenmutter.com\/wp-content\/uploads\/2016\/04\/Magentropfen-scaled.jpg","datePublished":"2016-04-04T21:37:02+00:00","dateModified":"2023-01-19T10:15:27+00:00","description":"Nos gouttes pour l\u2019estomac favorisent une digestion saine, ont un effet de soutien sur les troubles digestifs, favorisent la production de sucs digestifs et le ...","breadcrumb":{"@id":"https:\/\/www.zurgnadenmutter.com\/fr\/produkt\/mariazell-gouttes-pour-lestomac\/#breadcrumb"},"inLanguage":"fr-FR","potentialAction":[{"@type":"ReadAction","target":["https:\/\/www.zurgnadenmutter.com\/fr\/produkt\/mariazell-gouttes-pour-lestomac\/"]}]},{"@type":"ImageObject","inLanguage":"fr-FR","@id":"https:\/\/www.zurgnadenmutter.com\/fr\/produkt\/mariazell-gouttes-pour-lestomac\/#primaryimage","url":"https:\/\/www.zurgnadenmutter.com\/wp-content\/uploads\/2016\/04\/Magentropfen-scaled.jpg","contentUrl":"https:\/\/www.zurgnadenmutter.com\/wp-content\/uploads\/2016\/04\/Magentropfen-scaled.jpg","width":1920,"height":2560},{"@type":"BreadcrumbList","@id":"https:\/\/www.zurgnadenmutter.com\/fr\/produkt\/mariazell-gouttes-pour-lestomac\/#breadcrumb","itemListElement":[{"@type":"ListItem","position":1,"name":"Startseite","item":"https:\/\/www.zurgnadenmutter.com\/fr\/"},{"@type":"ListItem","position":2,"name":"Shop","item":"https:\/\/www.zurgnadenmutter.com\/fr\/shop\/"},{"@type":"ListItem","position":3,"name":"Mariazell gouttes pour l\u2019estomac"}]},{"@type":"WebSite","@id":"https:\/\/www.zurgnadenmutter.com\/#website","url":"https:\/\/www.zurgnadenmutter.com\/","name":"Apotheke &amp; Drogerie zur Gnadenmutter - Mariazell","description":"Apotheke Mariazell","potentialAction":[{"@type":"SearchAction","target":{"@type":"EntryPoint","urlTemplate":"https:\/\/www.zurgnadenmutter.com\/?s={search_term_string}"},"query-input":{"@type":"PropertyValueSpecification","valueRequired":true,"valueName":"search_term_string"}}],"inLanguage":"fr-FR"}]}},"_links":{"self":[{"href":"https:\/\/www.zurgnadenmutter.com\/fr\/wp-json\/wp\/v2\/product\/52575","targetHints":{"allow":["GET"]}}],"collection":[{"href":"https:\/\/www.zurgnadenmutter.com\/fr\/wp-json\/wp\/v2\/product"}],"about":[{"href":"https:\/\/www.zurgnadenmutter.com\/fr\/wp-json\/wp\/v2\/types\/product"}],"replies":[{"embeddable":true,"href":"https:\/\/www.zurgnadenmutter.com\/fr\/wp-json\/wp\/v2\/comments?post=52575"}],"wp:featuredmedia":[{"embeddable":true,"href":"https:\/\/www.zurgnadenmutter.com\/fr\/wp-json\/wp\/v2\/media\/82513"}],"wp:attachment":[{"href":"https:\/\/www.zurgnadenmutter.com\/fr\/wp-json\/wp\/v2\/media?parent=52575"}],"wp:term":[{"taxonomy":"product_brand","embeddable":true,"href":"https:\/\/www.zurgnadenmutter.com\/fr\/wp-json\/wp\/v2\/product_brand?post=52575"},{"taxonomy":"product_cat","embeddable":true,"href":"https:\/\/www.zurgnadenmutter.com\/fr\/wp-json\/wp\/v2\/product_cat?post=52575"},{"taxonomy":"product_tag","embeddable":true,"href":"https:\/\/www.zurgnadenmutter.com\/fr\/wp-json\/wp\/v2\/product_tag?post=52575"}],"curies":[{"name":"wp","href":"https:\/\/api.w.org\/{rel}","templated":true}]}}