{"id":52570,"date":"2016-04-04T23:28:32","date_gmt":"2016-04-04T21:28:32","guid":{"rendered":"https:\/\/www.zurgnadenmutter.com\/shop\/mariazell-parfum-sapin-noble\/"},"modified":"2023-01-19T11:15:26","modified_gmt":"2023-01-19T10:15:26","slug":"mariazell-sapin-noble-parfum","status":"publish","type":"product","link":"https:\/\/www.zurgnadenmutter.com\/fr\/produkt\/mariazell-sapin-noble-parfum\/","title":{"rendered":"Mariazell parfum sapin noble"},"content":{"rendered":"<p>La senteur de sapin de Styrie est produite dans notre pharmacie depuis plus de 150 ans et \u00e9tait autrefois utilis\u00e9e pour d\u00e9sinfecter les infirmeries. Aujourd\u2019hui, nous savons que le sapin noble a un fort effet purifiant de l\u2019air int\u00e9rieur. Il soutient le propre syst\u00e8me de d\u00e9fense de l\u2019organisme dans son travail contre les micro-organismes. Dans le m\u00eame temps, l\u2019huile essentielle soutient la circulation pulmonaire et facilite la respiration. Le parfum transmet \u00e9galement la force et la puissance pour le domaine mental et spirituel. Ext\u00e9rieurement comme additif pour les infusions de sauna, l\u2019eau de bain ou la lampe \u00e0 parfum. D\u00e9sinfectant naturel id\u00e9al en compl\u00e9ment de l\u2019eau<\/p>\n<p>de nettoyage<strong>Application\u00a0: <\/strong>Ext\u00e9rieurement comme additif pour les \u00e9dulcorants de sauna, l\u2019eau du bain, l\u2019eau de nettoyage, la lampe \u00e0 parfum<\/p>\n","protected":false},"excerpt":{"rendered":"<p>Am\u00e9liore l\u2019air int\u00e9rieur.\u00a0\u00c0 utiliser \u00e0 l\u2019ext\u00e9rieur comme additif pour la lampe \u00e0 parfum, l\u2019infusion de sauna, l\u2019eau du bain ou l\u2019eau de nettoyage.<strong><br \/>\n<\/strong><\/p>\n","protected":false},"featured_media":82505,"comment_status":"closed","ping_status":"closed","template":"","meta":{"_acf_changed":false},"product_brand":[],"product_cat":[514],"product_tag":[],"class_list":{"0":"post-52570","1":"product","2":"type-product","3":"status-publish","4":"has-post-thumbnail","6":"product_cat-specialites-a-base-de-plantes","8":"first","9":"instock","10":"taxable","11":"shipping-taxable","12":"purchasable","13":"product-type-simple"},"acf":[],"yoast_head":"<!-- This site is optimized with the Yoast SEO plugin v27.2 - https:\/\/yoast.com\/product\/yoast-seo-wordpress\/ -->\n<title>Mariazell parfum sapin noble - Apotheke &amp; Drogerie zur Gnadenmutter - Mariazell<\/title>\n<meta name=\"robots\" content=\"index, follow, max-snippet:-1, max-image-preview:large, max-video-preview:-1\" \/>\n<link rel=\"canonical\" href=\"https:\/\/www.zurgnadenmutter.com\/fr\/produkt\/mariazell-sapin-noble-parfum\/\" \/>\n<meta property=\"og:locale\" content=\"fr_FR\" \/>\n<meta property=\"og:type\" content=\"article\" \/>\n<meta property=\"og:title\" content=\"Mariazell parfum sapin noble - Apotheke &amp; Drogerie zur Gnadenmutter - Mariazell\" \/>\n<meta property=\"og:description\" content=\"Am\u00e9liore l\u2019air int\u00e9rieur.\u00a0\u00c0 utiliser \u00e0 l\u2019ext\u00e9rieur comme additif pour la lampe \u00e0 parfum, l\u2019infusion de sauna, l\u2019eau du bain ou l\u2019eau de nettoyage.\" \/>\n<meta property=\"og:url\" content=\"https:\/\/www.zurgnadenmutter.com\/fr\/produkt\/mariazell-sapin-noble-parfum\/\" \/>\n<meta property=\"og:site_name\" content=\"Apotheke &amp; Drogerie zur Gnadenmutter - Mariazell\" \/>\n<meta property=\"article:modified_time\" content=\"2023-01-19T10:15:26+00:00\" \/>\n<meta property=\"og:image\" content=\"https:\/\/www.zurgnadenmutter.com\/wp-content\/uploads\/2016\/04\/Edeltannenduft-1-scaled.jpg\" \/>\n\t<meta property=\"og:image:width\" content=\"1920\" \/>\n\t<meta property=\"og:image:height\" content=\"2560\" \/>\n\t<meta property=\"og:image:type\" content=\"image\/jpeg\" \/>\n<meta name=\"twitter:card\" content=\"summary_large_image\" \/>\n<meta name=\"twitter:label1\" content=\"Dur\u00e9e de lecture estim\u00e9e\" \/>\n\t<meta name=\"twitter:data1\" content=\"1 minute\" \/>\n<script type=\"application\/ld+json\" class=\"yoast-schema-graph\">{\"@context\":\"https:\/\/schema.org\",\"@graph\":[{\"@type\":\"WebPage\",\"@id\":\"https:\/\/www.zurgnadenmutter.com\/fr\/produkt\/mariazell-sapin-noble-parfum\/\",\"url\":\"https:\/\/www.zurgnadenmutter.com\/fr\/produkt\/mariazell-sapin-noble-parfum\/\",\"name\":\"Mariazell parfum sapin noble - Apotheke &amp; Drogerie zur Gnadenmutter - Mariazell\",\"isPartOf\":{\"@id\":\"https:\/\/www.zurgnadenmutter.com\/#website\"},\"primaryImageOfPage\":{\"@id\":\"https:\/\/www.zurgnadenmutter.com\/fr\/produkt\/mariazell-sapin-noble-parfum\/#primaryimage\"},\"image\":{\"@id\":\"https:\/\/www.zurgnadenmutter.com\/fr\/produkt\/mariazell-sapin-noble-parfum\/#primaryimage\"},\"thumbnailUrl\":\"https:\/\/www.zurgnadenmutter.com\/wp-content\/uploads\/2016\/04\/Edeltannenduft-2-scaled.jpg\",\"datePublished\":\"2016-04-04T21:28:32+00:00\",\"dateModified\":\"2023-01-19T10:15:26+00:00\",\"breadcrumb\":{\"@id\":\"https:\/\/www.zurgnadenmutter.com\/fr\/produkt\/mariazell-sapin-noble-parfum\/#breadcrumb\"},\"inLanguage\":\"fr-FR\",\"potentialAction\":[{\"@type\":\"ReadAction\",\"target\":[\"https:\/\/www.zurgnadenmutter.com\/fr\/produkt\/mariazell-sapin-noble-parfum\/\"]}]},{\"@type\":\"ImageObject\",\"inLanguage\":\"fr-FR\",\"@id\":\"https:\/\/www.zurgnadenmutter.com\/fr\/produkt\/mariazell-sapin-noble-parfum\/#primaryimage\",\"url\":\"https:\/\/www.zurgnadenmutter.com\/wp-content\/uploads\/2016\/04\/Edeltannenduft-2-scaled.jpg\",\"contentUrl\":\"https:\/\/www.zurgnadenmutter.com\/wp-content\/uploads\/2016\/04\/Edeltannenduft-2-scaled.jpg\",\"width\":1920,\"height\":2560},{\"@type\":\"BreadcrumbList\",\"@id\":\"https:\/\/www.zurgnadenmutter.com\/fr\/produkt\/mariazell-sapin-noble-parfum\/#breadcrumb\",\"itemListElement\":[{\"@type\":\"ListItem\",\"position\":1,\"name\":\"Startseite\",\"item\":\"https:\/\/www.zurgnadenmutter.com\/fr\/\"},{\"@type\":\"ListItem\",\"position\":2,\"name\":\"Shop\",\"item\":\"https:\/\/www.zurgnadenmutter.com\/fr\/shop\/\"},{\"@type\":\"ListItem\",\"position\":3,\"name\":\"Mariazell parfum sapin noble\"}]},{\"@type\":\"WebSite\",\"@id\":\"https:\/\/www.zurgnadenmutter.com\/#website\",\"url\":\"https:\/\/www.zurgnadenmutter.com\/\",\"name\":\"Apotheke &amp; Drogerie zur Gnadenmutter - Mariazell\",\"description\":\"Apotheke Mariazell\",\"potentialAction\":[{\"@type\":\"SearchAction\",\"target\":{\"@type\":\"EntryPoint\",\"urlTemplate\":\"https:\/\/www.zurgnadenmutter.com\/?s={search_term_string}\"},\"query-input\":{\"@type\":\"PropertyValueSpecification\",\"valueRequired\":true,\"valueName\":\"search_term_string\"}}],\"inLanguage\":\"fr-FR\"}]}<\/script>\n<!-- \/ Yoast SEO plugin. -->","yoast_head_json":{"title":"Mariazell parfum sapin noble - Apotheke &amp; Drogerie zur Gnadenmutter - Mariazell","robots":{"index":"index","follow":"follow","max-snippet":"max-snippet:-1","max-image-preview":"max-image-preview:large","max-video-preview":"max-video-preview:-1"},"canonical":"https:\/\/www.zurgnadenmutter.com\/fr\/produkt\/mariazell-sapin-noble-parfum\/","og_locale":"fr_FR","og_type":"article","og_title":"Mariazell parfum sapin noble - Apotheke &amp; Drogerie zur Gnadenmutter - Mariazell","og_description":"Am\u00e9liore l\u2019air int\u00e9rieur.\u00a0\u00c0 utiliser \u00e0 l\u2019ext\u00e9rieur comme additif pour la lampe \u00e0 parfum, l\u2019infusion de sauna, l\u2019eau du bain ou l\u2019eau de nettoyage.","og_url":"https:\/\/www.zurgnadenmutter.com\/fr\/produkt\/mariazell-sapin-noble-parfum\/","og_site_name":"Apotheke &amp; Drogerie zur Gnadenmutter - Mariazell","article_modified_time":"2023-01-19T10:15:26+00:00","og_image":[{"width":1920,"height":2560,"url":"https:\/\/www.zurgnadenmutter.com\/wp-content\/uploads\/2016\/04\/Edeltannenduft-1-scaled.jpg","type":"image\/jpeg"}],"twitter_card":"summary_large_image","twitter_misc":{"Dur\u00e9e de lecture estim\u00e9e":"1 minute"},"schema":{"@context":"https:\/\/schema.org","@graph":[{"@type":"WebPage","@id":"https:\/\/www.zurgnadenmutter.com\/fr\/produkt\/mariazell-sapin-noble-parfum\/","url":"https:\/\/www.zurgnadenmutter.com\/fr\/produkt\/mariazell-sapin-noble-parfum\/","name":"Mariazell parfum sapin noble - Apotheke &amp; Drogerie zur Gnadenmutter - Mariazell","isPartOf":{"@id":"https:\/\/www.zurgnadenmutter.com\/#website"},"primaryImageOfPage":{"@id":"https:\/\/www.zurgnadenmutter.com\/fr\/produkt\/mariazell-sapin-noble-parfum\/#primaryimage"},"image":{"@id":"https:\/\/www.zurgnadenmutter.com\/fr\/produkt\/mariazell-sapin-noble-parfum\/#primaryimage"},"thumbnailUrl":"https:\/\/www.zurgnadenmutter.com\/wp-content\/uploads\/2016\/04\/Edeltannenduft-2-scaled.jpg","datePublished":"2016-04-04T21:28:32+00:00","dateModified":"2023-01-19T10:15:26+00:00","breadcrumb":{"@id":"https:\/\/www.zurgnadenmutter.com\/fr\/produkt\/mariazell-sapin-noble-parfum\/#breadcrumb"},"inLanguage":"fr-FR","potentialAction":[{"@type":"ReadAction","target":["https:\/\/www.zurgnadenmutter.com\/fr\/produkt\/mariazell-sapin-noble-parfum\/"]}]},{"@type":"ImageObject","inLanguage":"fr-FR","@id":"https:\/\/www.zurgnadenmutter.com\/fr\/produkt\/mariazell-sapin-noble-parfum\/#primaryimage","url":"https:\/\/www.zurgnadenmutter.com\/wp-content\/uploads\/2016\/04\/Edeltannenduft-2-scaled.jpg","contentUrl":"https:\/\/www.zurgnadenmutter.com\/wp-content\/uploads\/2016\/04\/Edeltannenduft-2-scaled.jpg","width":1920,"height":2560},{"@type":"BreadcrumbList","@id":"https:\/\/www.zurgnadenmutter.com\/fr\/produkt\/mariazell-sapin-noble-parfum\/#breadcrumb","itemListElement":[{"@type":"ListItem","position":1,"name":"Startseite","item":"https:\/\/www.zurgnadenmutter.com\/fr\/"},{"@type":"ListItem","position":2,"name":"Shop","item":"https:\/\/www.zurgnadenmutter.com\/fr\/shop\/"},{"@type":"ListItem","position":3,"name":"Mariazell parfum sapin noble"}]},{"@type":"WebSite","@id":"https:\/\/www.zurgnadenmutter.com\/#website","url":"https:\/\/www.zurgnadenmutter.com\/","name":"Apotheke &amp; Drogerie zur Gnadenmutter - Mariazell","description":"Apotheke Mariazell","potentialAction":[{"@type":"SearchAction","target":{"@type":"EntryPoint","urlTemplate":"https:\/\/www.zurgnadenmutter.com\/?s={search_term_string}"},"query-input":{"@type":"PropertyValueSpecification","valueRequired":true,"valueName":"search_term_string"}}],"inLanguage":"fr-FR"}]}},"_links":{"self":[{"href":"https:\/\/www.zurgnadenmutter.com\/fr\/wp-json\/wp\/v2\/product\/52570","targetHints":{"allow":["GET"]}}],"collection":[{"href":"https:\/\/www.zurgnadenmutter.com\/fr\/wp-json\/wp\/v2\/product"}],"about":[{"href":"https:\/\/www.zurgnadenmutter.com\/fr\/wp-json\/wp\/v2\/types\/product"}],"replies":[{"embeddable":true,"href":"https:\/\/www.zurgnadenmutter.com\/fr\/wp-json\/wp\/v2\/comments?post=52570"}],"wp:featuredmedia":[{"embeddable":true,"href":"https:\/\/www.zurgnadenmutter.com\/fr\/wp-json\/wp\/v2\/media\/82505"}],"wp:attachment":[{"href":"https:\/\/www.zurgnadenmutter.com\/fr\/wp-json\/wp\/v2\/media?parent=52570"}],"wp:term":[{"taxonomy":"product_brand","embeddable":true,"href":"https:\/\/www.zurgnadenmutter.com\/fr\/wp-json\/wp\/v2\/product_brand?post=52570"},{"taxonomy":"product_cat","embeddable":true,"href":"https:\/\/www.zurgnadenmutter.com\/fr\/wp-json\/wp\/v2\/product_cat?post=52570"},{"taxonomy":"product_tag","embeddable":true,"href":"https:\/\/www.zurgnadenmutter.com\/fr\/wp-json\/wp\/v2\/product_tag?post=52570"}],"curies":[{"name":"wp","href":"https:\/\/api.w.org\/{rel}","templated":true}]}}