{"id":52548,"date":"2016-04-04T22:31:31","date_gmt":"2016-04-04T20:31:31","guid":{"rendered":"https:\/\/www.zurgnadenmutter.com\/shop\/soins-solaires-ateia-spf-30-sunprotect-reparation\/"},"modified":"2023-01-19T11:15:21","modified_gmt":"2023-01-19T10:15:21","slug":"ateia-spf-30-protection-solaire-reparation","status":"publish","type":"product","link":"https:\/\/www.zurgnadenmutter.com\/fr\/produkt\/ateia-spf-30-protection-solaire-reparation\/","title":{"rendered":"Soins solaires ATEIA SPF 30 Sunprotect + R\u00e9paration"},"content":{"rendered":"<p>Pour un soleil intense &#8211; Lotion sp\u00e9ciale liposomale pour une protection contre les rayons UV de qualit\u00e9 particuli\u00e8rement \u00e9lev\u00e9e et une protection contre le vieillissement (anti-rides \/ pigment). Id\u00e9al pour les bains de soleil intensifs. Prot\u00e8ge, entretient, r\u00e9pare et r\u00e9g\u00e9n\u00e8re m\u00eame pendant le soleil. Et assure \u00e9galement un bronzage plus intense &#8211; avec une formule brevet\u00e9e.<\/p>\n<ul>\n<li>Restez au soleil 30 fois plus longtemps que non prot\u00e9g\u00e9<\/li>\n<li>r\u00e9g\u00e9n\u00e9ration de la peau 4 fois plus rapide d\u00e9j\u00e0 pendant l\u2019exposition<\/li>\n<li><\/li>\n<li>Auto-r\u00e9paration plus rapide (ADN)<\/li>\n<p> \t Bronzage \t<\/p>\n<li>plus intense Soins plus riches<\/li>\n<li>Enrichissement<\/li>\n<p> \t en humidit\u00e9 plus \u00e9lev\u00e9 Prophylaxie contre les coups de soleil, l\u2019allergie au soleil, les troubles pigmentaires, le vieillissement cutan\u00e9 li\u00e9 au soleil et les dommages aux cellules de la peau \t\t<\/p>\n<li> <\/li>\n<\/ul>\n<p><strong>Id\u00e9al pour\u00a0: <\/strong>Bains de soleil intensifs, Peau peu habitu\u00e9e au soleil, Peau plus claire, Situations extr\u00eames (tropiques, haute montagne, sports..), Contact avec l\u2019eau, Adultes et enfants, Visage et corps<\/p>\n<p><strong>Caract\u00e9ristiques de qualit\u00e9: <\/strong>2% Nopasome, \u00e9quilibre protecteur UVA \/ UVB, imperm\u00e9able, r\u00e9sistant \u00e0 la transpiration, Photostable, Formule hypoallerg\u00e9nique, Sans \u00e9mulsifiants contenant du PEG, sans conservation chim., test\u00e9 dermatologiquement<\/p>\n","protected":false},"excerpt":{"rendered":"<p>Haute protection &#8211; lotion pour le visage et le corps pour les peaux normales \u00e0 sensibles<\/p>\n","protected":false},"featured_media":75850,"comment_status":"closed","ping_status":"closed","template":"","meta":{"_acf_changed":false},"product_brand":[],"product_cat":[539,497],"product_tag":[],"class_list":{"0":"post-52548","1":"product","2":"type-product","3":"status-publish","4":"has-post-thumbnail","6":"product_cat-ateia-fr","7":"product_cat-cosmetique","9":"first","10":"instock","11":"taxable","12":"shipping-taxable","13":"purchasable","14":"product-type-simple"},"acf":[],"yoast_head":"<!-- This site is optimized with the Yoast SEO plugin v27.2 - https:\/\/yoast.com\/product\/yoast-seo-wordpress\/ -->\n<title>Soins solaires ATEIA SPF 30 Sunprotect + R\u00e9paration - Apotheke &amp; Drogerie zur Gnadenmutter - Mariazell<\/title>\n<meta name=\"robots\" content=\"index, follow, max-snippet:-1, max-image-preview:large, max-video-preview:-1\" \/>\n<link rel=\"canonical\" href=\"https:\/\/www.zurgnadenmutter.com\/fr\/produkt\/ateia-spf-30-protection-solaire-reparation\/\" \/>\n<meta property=\"og:locale\" content=\"fr_FR\" \/>\n<meta property=\"og:type\" content=\"article\" \/>\n<meta property=\"og:title\" content=\"Soins solaires ATEIA SPF 30 Sunprotect + R\u00e9paration - Apotheke &amp; Drogerie zur Gnadenmutter - Mariazell\" \/>\n<meta property=\"og:description\" content=\"Haute protection - lotion pour le visage et le corps pour les peaux normales \u00e0 sensibles\" \/>\n<meta property=\"og:url\" content=\"https:\/\/www.zurgnadenmutter.com\/fr\/produkt\/ateia-spf-30-protection-solaire-reparation\/\" \/>\n<meta property=\"og:site_name\" content=\"Apotheke &amp; Drogerie zur Gnadenmutter - Mariazell\" \/>\n<meta property=\"article:modified_time\" content=\"2023-01-19T10:15:21+00:00\" \/>\n<meta property=\"og:image\" content=\"https:\/\/www.zurgnadenmutter.com\/wp-content\/uploads\/2016\/04\/Ateia-30-nebenan-768x1024.png\" \/>\n\t<meta property=\"og:image:width\" content=\"768\" \/>\n\t<meta property=\"og:image:height\" content=\"1024\" \/>\n\t<meta property=\"og:image:type\" content=\"image\/png\" \/>\n<meta name=\"twitter:card\" content=\"summary_large_image\" \/>\n<meta name=\"twitter:label1\" content=\"Dur\u00e9e de lecture estim\u00e9e\" \/>\n\t<meta name=\"twitter:data1\" content=\"1 minute\" \/>\n<script type=\"application\/ld+json\" class=\"yoast-schema-graph\">{\"@context\":\"https:\/\/schema.org\",\"@graph\":[{\"@type\":\"WebPage\",\"@id\":\"https:\/\/www.zurgnadenmutter.com\/fr\/produkt\/ateia-spf-30-protection-solaire-reparation\/\",\"url\":\"https:\/\/www.zurgnadenmutter.com\/fr\/produkt\/ateia-spf-30-protection-solaire-reparation\/\",\"name\":\"Soins solaires ATEIA SPF 30 Sunprotect + R\u00e9paration - Apotheke &amp; Drogerie zur Gnadenmutter - Mariazell\",\"isPartOf\":{\"@id\":\"https:\/\/www.zurgnadenmutter.com\/#website\"},\"primaryImageOfPage\":{\"@id\":\"https:\/\/www.zurgnadenmutter.com\/fr\/produkt\/ateia-spf-30-protection-solaire-reparation\/#primaryimage\"},\"image\":{\"@id\":\"https:\/\/www.zurgnadenmutter.com\/fr\/produkt\/ateia-spf-30-protection-solaire-reparation\/#primaryimage\"},\"thumbnailUrl\":\"https:\/\/www.zurgnadenmutter.com\/wp-content\/uploads\/2016\/04\/ateia-neu-nebenan-30-1.png\",\"datePublished\":\"2016-04-04T20:31:31+00:00\",\"dateModified\":\"2023-01-19T10:15:21+00:00\",\"breadcrumb\":{\"@id\":\"https:\/\/www.zurgnadenmutter.com\/fr\/produkt\/ateia-spf-30-protection-solaire-reparation\/#breadcrumb\"},\"inLanguage\":\"fr-FR\",\"potentialAction\":[{\"@type\":\"ReadAction\",\"target\":[\"https:\/\/www.zurgnadenmutter.com\/fr\/produkt\/ateia-spf-30-protection-solaire-reparation\/\"]}]},{\"@type\":\"ImageObject\",\"inLanguage\":\"fr-FR\",\"@id\":\"https:\/\/www.zurgnadenmutter.com\/fr\/produkt\/ateia-spf-30-protection-solaire-reparation\/#primaryimage\",\"url\":\"https:\/\/www.zurgnadenmutter.com\/wp-content\/uploads\/2016\/04\/ateia-neu-nebenan-30-1.png\",\"contentUrl\":\"https:\/\/www.zurgnadenmutter.com\/wp-content\/uploads\/2016\/04\/ateia-neu-nebenan-30-1.png\",\"width\":2448,\"height\":3264},{\"@type\":\"BreadcrumbList\",\"@id\":\"https:\/\/www.zurgnadenmutter.com\/fr\/produkt\/ateia-spf-30-protection-solaire-reparation\/#breadcrumb\",\"itemListElement\":[{\"@type\":\"ListItem\",\"position\":1,\"name\":\"Startseite\",\"item\":\"https:\/\/www.zurgnadenmutter.com\/fr\/\"},{\"@type\":\"ListItem\",\"position\":2,\"name\":\"Shop\",\"item\":\"https:\/\/www.zurgnadenmutter.com\/fr\/shop\/\"},{\"@type\":\"ListItem\",\"position\":3,\"name\":\"Soins solaires ATEIA SPF 30 Sunprotect + R\u00e9paration\"}]},{\"@type\":\"WebSite\",\"@id\":\"https:\/\/www.zurgnadenmutter.com\/#website\",\"url\":\"https:\/\/www.zurgnadenmutter.com\/\",\"name\":\"Apotheke &amp; Drogerie zur Gnadenmutter - Mariazell\",\"description\":\"Apotheke Mariazell\",\"potentialAction\":[{\"@type\":\"SearchAction\",\"target\":{\"@type\":\"EntryPoint\",\"urlTemplate\":\"https:\/\/www.zurgnadenmutter.com\/?s={search_term_string}\"},\"query-input\":{\"@type\":\"PropertyValueSpecification\",\"valueRequired\":true,\"valueName\":\"search_term_string\"}}],\"inLanguage\":\"fr-FR\"}]}<\/script>\n<!-- \/ Yoast SEO plugin. -->","yoast_head_json":{"title":"Soins solaires ATEIA SPF 30 Sunprotect + R\u00e9paration - Apotheke &amp; Drogerie zur Gnadenmutter - Mariazell","robots":{"index":"index","follow":"follow","max-snippet":"max-snippet:-1","max-image-preview":"max-image-preview:large","max-video-preview":"max-video-preview:-1"},"canonical":"https:\/\/www.zurgnadenmutter.com\/fr\/produkt\/ateia-spf-30-protection-solaire-reparation\/","og_locale":"fr_FR","og_type":"article","og_title":"Soins solaires ATEIA SPF 30 Sunprotect + R\u00e9paration - Apotheke &amp; Drogerie zur Gnadenmutter - Mariazell","og_description":"Haute protection - lotion pour le visage et le corps pour les peaux normales \u00e0 sensibles","og_url":"https:\/\/www.zurgnadenmutter.com\/fr\/produkt\/ateia-spf-30-protection-solaire-reparation\/","og_site_name":"Apotheke &amp; Drogerie zur Gnadenmutter - Mariazell","article_modified_time":"2023-01-19T10:15:21+00:00","og_image":[{"width":768,"height":1024,"url":"https:\/\/www.zurgnadenmutter.com\/wp-content\/uploads\/2016\/04\/Ateia-30-nebenan-768x1024.png","type":"image\/png"}],"twitter_card":"summary_large_image","twitter_misc":{"Dur\u00e9e de lecture estim\u00e9e":"1 minute"},"schema":{"@context":"https:\/\/schema.org","@graph":[{"@type":"WebPage","@id":"https:\/\/www.zurgnadenmutter.com\/fr\/produkt\/ateia-spf-30-protection-solaire-reparation\/","url":"https:\/\/www.zurgnadenmutter.com\/fr\/produkt\/ateia-spf-30-protection-solaire-reparation\/","name":"Soins solaires ATEIA SPF 30 Sunprotect + R\u00e9paration - Apotheke &amp; Drogerie zur Gnadenmutter - Mariazell","isPartOf":{"@id":"https:\/\/www.zurgnadenmutter.com\/#website"},"primaryImageOfPage":{"@id":"https:\/\/www.zurgnadenmutter.com\/fr\/produkt\/ateia-spf-30-protection-solaire-reparation\/#primaryimage"},"image":{"@id":"https:\/\/www.zurgnadenmutter.com\/fr\/produkt\/ateia-spf-30-protection-solaire-reparation\/#primaryimage"},"thumbnailUrl":"https:\/\/www.zurgnadenmutter.com\/wp-content\/uploads\/2016\/04\/ateia-neu-nebenan-30-1.png","datePublished":"2016-04-04T20:31:31+00:00","dateModified":"2023-01-19T10:15:21+00:00","breadcrumb":{"@id":"https:\/\/www.zurgnadenmutter.com\/fr\/produkt\/ateia-spf-30-protection-solaire-reparation\/#breadcrumb"},"inLanguage":"fr-FR","potentialAction":[{"@type":"ReadAction","target":["https:\/\/www.zurgnadenmutter.com\/fr\/produkt\/ateia-spf-30-protection-solaire-reparation\/"]}]},{"@type":"ImageObject","inLanguage":"fr-FR","@id":"https:\/\/www.zurgnadenmutter.com\/fr\/produkt\/ateia-spf-30-protection-solaire-reparation\/#primaryimage","url":"https:\/\/www.zurgnadenmutter.com\/wp-content\/uploads\/2016\/04\/ateia-neu-nebenan-30-1.png","contentUrl":"https:\/\/www.zurgnadenmutter.com\/wp-content\/uploads\/2016\/04\/ateia-neu-nebenan-30-1.png","width":2448,"height":3264},{"@type":"BreadcrumbList","@id":"https:\/\/www.zurgnadenmutter.com\/fr\/produkt\/ateia-spf-30-protection-solaire-reparation\/#breadcrumb","itemListElement":[{"@type":"ListItem","position":1,"name":"Startseite","item":"https:\/\/www.zurgnadenmutter.com\/fr\/"},{"@type":"ListItem","position":2,"name":"Shop","item":"https:\/\/www.zurgnadenmutter.com\/fr\/shop\/"},{"@type":"ListItem","position":3,"name":"Soins solaires ATEIA SPF 30 Sunprotect + R\u00e9paration"}]},{"@type":"WebSite","@id":"https:\/\/www.zurgnadenmutter.com\/#website","url":"https:\/\/www.zurgnadenmutter.com\/","name":"Apotheke &amp; Drogerie zur Gnadenmutter - Mariazell","description":"Apotheke Mariazell","potentialAction":[{"@type":"SearchAction","target":{"@type":"EntryPoint","urlTemplate":"https:\/\/www.zurgnadenmutter.com\/?s={search_term_string}"},"query-input":{"@type":"PropertyValueSpecification","valueRequired":true,"valueName":"search_term_string"}}],"inLanguage":"fr-FR"}]}},"_links":{"self":[{"href":"https:\/\/www.zurgnadenmutter.com\/fr\/wp-json\/wp\/v2\/product\/52548","targetHints":{"allow":["GET"]}}],"collection":[{"href":"https:\/\/www.zurgnadenmutter.com\/fr\/wp-json\/wp\/v2\/product"}],"about":[{"href":"https:\/\/www.zurgnadenmutter.com\/fr\/wp-json\/wp\/v2\/types\/product"}],"replies":[{"embeddable":true,"href":"https:\/\/www.zurgnadenmutter.com\/fr\/wp-json\/wp\/v2\/comments?post=52548"}],"wp:featuredmedia":[{"embeddable":true,"href":"https:\/\/www.zurgnadenmutter.com\/fr\/wp-json\/wp\/v2\/media\/75850"}],"wp:attachment":[{"href":"https:\/\/www.zurgnadenmutter.com\/fr\/wp-json\/wp\/v2\/media?parent=52548"}],"wp:term":[{"taxonomy":"product_brand","embeddable":true,"href":"https:\/\/www.zurgnadenmutter.com\/fr\/wp-json\/wp\/v2\/product_brand?post=52548"},{"taxonomy":"product_cat","embeddable":true,"href":"https:\/\/www.zurgnadenmutter.com\/fr\/wp-json\/wp\/v2\/product_cat?post=52548"},{"taxonomy":"product_tag","embeddable":true,"href":"https:\/\/www.zurgnadenmutter.com\/fr\/wp-json\/wp\/v2\/product_tag?post=52548"}],"curies":[{"name":"wp","href":"https:\/\/api.w.org\/{rel}","templated":true}]}}