{"id":52521,"date":"2016-04-03T23:11:45","date_gmt":"2016-04-03T21:11:45","guid":{"rendered":"https:\/\/www.zurgnadenmutter.com\/shop\/mariazeller-hildegard-v-bingen-vermouth\/"},"modified":"2023-04-08T18:51:51","modified_gmt":"2023-04-08T16:51:51","slug":"hildegard-v-bingen-vermouth-dr-prentner","status":"publish","type":"product","link":"https:\/\/www.zurgnadenmutter.com\/fr\/produkt\/hildegard-v-bingen-vermouth-dr-prentner\/","title":{"rendered":"Mariazeller Hildegard v. Bingen Vermouth"},"content":{"rendered":"<p>Selon Hildegard von Bingen, le rem\u00e8de universel qui maintient l\u2019estomac et les intestins en bonne sant\u00e9. Pour renforcer tous les organes et le syst\u00e8me immunitaire, pour renforcer les reins, en cas de scories.<\/p>\n<p><strong>Application\u00a0:<\/strong> Profitez de 1 cuill\u00e8re \u00e0 soupe tous les 3 jours de mai \u00e0 octobre avant le petit-d\u00e9jeuner.<\/p>\n","protected":false},"excerpt":{"rendered":"<p>Le rem\u00e8de universel qui maintient l\u2019estomac et les intestins en bonne sant\u00e9. Pour renforcer tous les organes et le syst\u00e8me<\/p>\n<p>immunitaire<strong>promotion 6 + 1 (avec l\u2019achat de 6 bouteilles, vous recevrez un flacon gratuitement)<\/strong><\/p>\n","protected":false},"featured_media":78608,"comment_status":"closed","ping_status":"closed","template":"","meta":{"_acf_changed":false},"product_brand":[],"product_cat":[523],"product_tag":[],"class_list":{"0":"post-52521","1":"product","2":"type-product","3":"status-publish","4":"has-post-thumbnail","6":"product_cat-hildegarde-von-bingen","8":"first","9":"instock","10":"taxable","11":"shipping-taxable","12":"purchasable","13":"product-type-simple"},"acf":[],"yoast_head":"<!-- This site is optimized with the Yoast SEO plugin v27.2 - https:\/\/yoast.com\/product\/yoast-seo-wordpress\/ -->\n<title>Mariazeller Hildegard v. Bingen Vermouth - Apotheke &amp; Drogerie zur Gnadenmutter - Mariazell<\/title>\n<meta name=\"robots\" content=\"index, follow, max-snippet:-1, max-image-preview:large, max-video-preview:-1\" \/>\n<link rel=\"canonical\" href=\"https:\/\/www.zurgnadenmutter.com\/fr\/produkt\/hildegard-v-bingen-vermouth-dr-prentner\/\" \/>\n<meta property=\"og:locale\" content=\"fr_FR\" \/>\n<meta property=\"og:type\" content=\"article\" \/>\n<meta property=\"og:title\" content=\"Mariazeller Hildegard v. Bingen Vermouth - Apotheke &amp; Drogerie zur Gnadenmutter - Mariazell\" \/>\n<meta property=\"og:description\" content=\"Le rem\u00e8de universel qui maintient l\u2019estomac et les intestins en bonne sant\u00e9. Pour renforcer tous les organes et le syst\u00e8me immunitairepromotion 6 + 1 (avec l\u2019achat de 6 bouteilles, vous recevrez un flacon gratuitement)\" \/>\n<meta property=\"og:url\" content=\"https:\/\/www.zurgnadenmutter.com\/fr\/produkt\/hildegard-v-bingen-vermouth-dr-prentner\/\" \/>\n<meta property=\"og:site_name\" content=\"Apotheke &amp; Drogerie zur Gnadenmutter - Mariazell\" \/>\n<meta property=\"article:modified_time\" content=\"2023-04-08T16:51:51+00:00\" \/>\n<meta property=\"og:image\" content=\"https:\/\/www.zurgnadenmutter.com\/wp-content\/uploads\/2016\/04\/HvB-Wermutwein-scaled.jpg\" \/>\n\t<meta property=\"og:image:width\" content=\"1920\" \/>\n\t<meta property=\"og:image:height\" content=\"2560\" \/>\n\t<meta property=\"og:image:type\" content=\"image\/jpeg\" \/>\n<meta name=\"twitter:card\" content=\"summary_large_image\" \/>\n<script type=\"application\/ld+json\" class=\"yoast-schema-graph\">{\"@context\":\"https:\/\/schema.org\",\"@graph\":[{\"@type\":\"WebPage\",\"@id\":\"https:\/\/www.zurgnadenmutter.com\/fr\/produkt\/hildegard-v-bingen-vermouth-dr-prentner\/\",\"url\":\"https:\/\/www.zurgnadenmutter.com\/fr\/produkt\/hildegard-v-bingen-vermouth-dr-prentner\/\",\"name\":\"Mariazeller Hildegard v. Bingen Vermouth - Apotheke &amp; Drogerie zur Gnadenmutter - Mariazell\",\"isPartOf\":{\"@id\":\"https:\/\/www.zurgnadenmutter.com\/#website\"},\"primaryImageOfPage\":{\"@id\":\"https:\/\/www.zurgnadenmutter.com\/fr\/produkt\/hildegard-v-bingen-vermouth-dr-prentner\/#primaryimage\"},\"image\":{\"@id\":\"https:\/\/www.zurgnadenmutter.com\/fr\/produkt\/hildegard-v-bingen-vermouth-dr-prentner\/#primaryimage\"},\"thumbnailUrl\":\"https:\/\/www.zurgnadenmutter.com\/wp-content\/uploads\/2016\/04\/Wermut-Wein_2025-scaled.jpg\",\"datePublished\":\"2016-04-03T21:11:45+00:00\",\"dateModified\":\"2023-04-08T16:51:51+00:00\",\"breadcrumb\":{\"@id\":\"https:\/\/www.zurgnadenmutter.com\/fr\/produkt\/hildegard-v-bingen-vermouth-dr-prentner\/#breadcrumb\"},\"inLanguage\":\"fr-FR\",\"potentialAction\":[{\"@type\":\"ReadAction\",\"target\":[\"https:\/\/www.zurgnadenmutter.com\/fr\/produkt\/hildegard-v-bingen-vermouth-dr-prentner\/\"]}]},{\"@type\":\"ImageObject\",\"inLanguage\":\"fr-FR\",\"@id\":\"https:\/\/www.zurgnadenmutter.com\/fr\/produkt\/hildegard-v-bingen-vermouth-dr-prentner\/#primaryimage\",\"url\":\"https:\/\/www.zurgnadenmutter.com\/wp-content\/uploads\/2016\/04\/Wermut-Wein_2025-scaled.jpg\",\"contentUrl\":\"https:\/\/www.zurgnadenmutter.com\/wp-content\/uploads\/2016\/04\/Wermut-Wein_2025-scaled.jpg\",\"width\":1920,\"height\":2560},{\"@type\":\"BreadcrumbList\",\"@id\":\"https:\/\/www.zurgnadenmutter.com\/fr\/produkt\/hildegard-v-bingen-vermouth-dr-prentner\/#breadcrumb\",\"itemListElement\":[{\"@type\":\"ListItem\",\"position\":1,\"name\":\"Startseite\",\"item\":\"https:\/\/www.zurgnadenmutter.com\/fr\/\"},{\"@type\":\"ListItem\",\"position\":2,\"name\":\"Shop\",\"item\":\"https:\/\/www.zurgnadenmutter.com\/fr\/shop\/\"},{\"@type\":\"ListItem\",\"position\":3,\"name\":\"Mariazeller Hildegard v. Bingen Vermouth\"}]},{\"@type\":\"WebSite\",\"@id\":\"https:\/\/www.zurgnadenmutter.com\/#website\",\"url\":\"https:\/\/www.zurgnadenmutter.com\/\",\"name\":\"Apotheke &amp; Drogerie zur Gnadenmutter - Mariazell\",\"description\":\"Apotheke Mariazell\",\"potentialAction\":[{\"@type\":\"SearchAction\",\"target\":{\"@type\":\"EntryPoint\",\"urlTemplate\":\"https:\/\/www.zurgnadenmutter.com\/?s={search_term_string}\"},\"query-input\":{\"@type\":\"PropertyValueSpecification\",\"valueRequired\":true,\"valueName\":\"search_term_string\"}}],\"inLanguage\":\"fr-FR\"}]}<\/script>\n<!-- \/ Yoast SEO plugin. -->","yoast_head_json":{"title":"Mariazeller Hildegard v. Bingen Vermouth - Apotheke &amp; Drogerie zur Gnadenmutter - Mariazell","robots":{"index":"index","follow":"follow","max-snippet":"max-snippet:-1","max-image-preview":"max-image-preview:large","max-video-preview":"max-video-preview:-1"},"canonical":"https:\/\/www.zurgnadenmutter.com\/fr\/produkt\/hildegard-v-bingen-vermouth-dr-prentner\/","og_locale":"fr_FR","og_type":"article","og_title":"Mariazeller Hildegard v. Bingen Vermouth - Apotheke &amp; Drogerie zur Gnadenmutter - Mariazell","og_description":"Le rem\u00e8de universel qui maintient l\u2019estomac et les intestins en bonne sant\u00e9. Pour renforcer tous les organes et le syst\u00e8me immunitairepromotion 6 + 1 (avec l\u2019achat de 6 bouteilles, vous recevrez un flacon gratuitement)","og_url":"https:\/\/www.zurgnadenmutter.com\/fr\/produkt\/hildegard-v-bingen-vermouth-dr-prentner\/","og_site_name":"Apotheke &amp; Drogerie zur Gnadenmutter - Mariazell","article_modified_time":"2023-04-08T16:51:51+00:00","og_image":[{"width":1920,"height":2560,"url":"https:\/\/www.zurgnadenmutter.com\/wp-content\/uploads\/2016\/04\/HvB-Wermutwein-scaled.jpg","type":"image\/jpeg"}],"twitter_card":"summary_large_image","schema":{"@context":"https:\/\/schema.org","@graph":[{"@type":"WebPage","@id":"https:\/\/www.zurgnadenmutter.com\/fr\/produkt\/hildegard-v-bingen-vermouth-dr-prentner\/","url":"https:\/\/www.zurgnadenmutter.com\/fr\/produkt\/hildegard-v-bingen-vermouth-dr-prentner\/","name":"Mariazeller Hildegard v. Bingen Vermouth - Apotheke &amp; Drogerie zur Gnadenmutter - Mariazell","isPartOf":{"@id":"https:\/\/www.zurgnadenmutter.com\/#website"},"primaryImageOfPage":{"@id":"https:\/\/www.zurgnadenmutter.com\/fr\/produkt\/hildegard-v-bingen-vermouth-dr-prentner\/#primaryimage"},"image":{"@id":"https:\/\/www.zurgnadenmutter.com\/fr\/produkt\/hildegard-v-bingen-vermouth-dr-prentner\/#primaryimage"},"thumbnailUrl":"https:\/\/www.zurgnadenmutter.com\/wp-content\/uploads\/2016\/04\/Wermut-Wein_2025-scaled.jpg","datePublished":"2016-04-03T21:11:45+00:00","dateModified":"2023-04-08T16:51:51+00:00","breadcrumb":{"@id":"https:\/\/www.zurgnadenmutter.com\/fr\/produkt\/hildegard-v-bingen-vermouth-dr-prentner\/#breadcrumb"},"inLanguage":"fr-FR","potentialAction":[{"@type":"ReadAction","target":["https:\/\/www.zurgnadenmutter.com\/fr\/produkt\/hildegard-v-bingen-vermouth-dr-prentner\/"]}]},{"@type":"ImageObject","inLanguage":"fr-FR","@id":"https:\/\/www.zurgnadenmutter.com\/fr\/produkt\/hildegard-v-bingen-vermouth-dr-prentner\/#primaryimage","url":"https:\/\/www.zurgnadenmutter.com\/wp-content\/uploads\/2016\/04\/Wermut-Wein_2025-scaled.jpg","contentUrl":"https:\/\/www.zurgnadenmutter.com\/wp-content\/uploads\/2016\/04\/Wermut-Wein_2025-scaled.jpg","width":1920,"height":2560},{"@type":"BreadcrumbList","@id":"https:\/\/www.zurgnadenmutter.com\/fr\/produkt\/hildegard-v-bingen-vermouth-dr-prentner\/#breadcrumb","itemListElement":[{"@type":"ListItem","position":1,"name":"Startseite","item":"https:\/\/www.zurgnadenmutter.com\/fr\/"},{"@type":"ListItem","position":2,"name":"Shop","item":"https:\/\/www.zurgnadenmutter.com\/fr\/shop\/"},{"@type":"ListItem","position":3,"name":"Mariazeller Hildegard v. Bingen Vermouth"}]},{"@type":"WebSite","@id":"https:\/\/www.zurgnadenmutter.com\/#website","url":"https:\/\/www.zurgnadenmutter.com\/","name":"Apotheke &amp; Drogerie zur Gnadenmutter - Mariazell","description":"Apotheke Mariazell","potentialAction":[{"@type":"SearchAction","target":{"@type":"EntryPoint","urlTemplate":"https:\/\/www.zurgnadenmutter.com\/?s={search_term_string}"},"query-input":{"@type":"PropertyValueSpecification","valueRequired":true,"valueName":"search_term_string"}}],"inLanguage":"fr-FR"}]}},"_links":{"self":[{"href":"https:\/\/www.zurgnadenmutter.com\/fr\/wp-json\/wp\/v2\/product\/52521","targetHints":{"allow":["GET"]}}],"collection":[{"href":"https:\/\/www.zurgnadenmutter.com\/fr\/wp-json\/wp\/v2\/product"}],"about":[{"href":"https:\/\/www.zurgnadenmutter.com\/fr\/wp-json\/wp\/v2\/types\/product"}],"replies":[{"embeddable":true,"href":"https:\/\/www.zurgnadenmutter.com\/fr\/wp-json\/wp\/v2\/comments?post=52521"}],"wp:featuredmedia":[{"embeddable":true,"href":"https:\/\/www.zurgnadenmutter.com\/fr\/wp-json\/wp\/v2\/media\/78608"}],"wp:attachment":[{"href":"https:\/\/www.zurgnadenmutter.com\/fr\/wp-json\/wp\/v2\/media?parent=52521"}],"wp:term":[{"taxonomy":"product_brand","embeddable":true,"href":"https:\/\/www.zurgnadenmutter.com\/fr\/wp-json\/wp\/v2\/product_brand?post=52521"},{"taxonomy":"product_cat","embeddable":true,"href":"https:\/\/www.zurgnadenmutter.com\/fr\/wp-json\/wp\/v2\/product_cat?post=52521"},{"taxonomy":"product_tag","embeddable":true,"href":"https:\/\/www.zurgnadenmutter.com\/fr\/wp-json\/wp\/v2\/product_tag?post=52521"}],"curies":[{"name":"wp","href":"https:\/\/api.w.org\/{rel}","templated":true}]}}