{"id":52492,"date":"2016-04-03T03:33:52","date_gmt":"2016-04-03T01:33:52","guid":{"rendered":"https:\/\/www.zurgnadenmutter.com\/shop\/pommade-a-la-graisse-de-blaireau-mariazell\/"},"modified":"2023-04-08T18:51:46","modified_gmt":"2023-04-08T16:51:46","slug":"mariazell-pommade-graisse-de-blaireau","status":"publish","type":"product","link":"https:\/\/www.zurgnadenmutter.com\/fr\/produkt\/mariazell-pommade-graisse-de-blaireau\/","title":{"rendered":"Pommade \u00e0 la graisse de blaireau Mariazell"},"content":{"rendered":"<p>Vieux rem\u00e8de \u00e0 la maison des menuisiers et des agriculteurs de montagne. La pommade la plus importante dans la m\u00e9decine de Hildegard von Bingen, quand il s\u2019agit de renforcer les articulations, les muscles ou les tendons. Appliquer uniquement en cas de besoin<\/p>\n","protected":false},"excerpt":{"rendered":"<p>Ancien rem\u00e8de \u00e0 la maison des b\u00fbcherons, des agriculteurs de montagne et de Hildegard von Bingen<\/p>\n","protected":false},"featured_media":77799,"comment_status":"closed","ping_status":"closed","template":"","meta":{"_acf_changed":false},"product_brand":[],"product_cat":[521,523],"product_tag":[],"class_list":{"0":"post-52492","1":"product","2":"type-product","3":"status-publish","4":"has-post-thumbnail","6":"product_cat-cremes-pommades-liniments","7":"product_cat-hildegarde-von-bingen","9":"first","10":"instock","11":"taxable","12":"shipping-taxable","13":"purchasable","14":"product-type-simple"},"acf":[],"yoast_head":"<!-- This site is optimized with the Yoast SEO plugin v27.2 - https:\/\/yoast.com\/product\/yoast-seo-wordpress\/ -->\n<title>Pommade \u00e0 la graisse de blaireau Mariazell - Apotheke &amp; Drogerie zur Gnadenmutter - Mariazell<\/title>\n<meta name=\"robots\" content=\"index, follow, max-snippet:-1, max-image-preview:large, max-video-preview:-1\" \/>\n<link rel=\"canonical\" href=\"https:\/\/www.zurgnadenmutter.com\/fr\/produkt\/mariazell-pommade-graisse-de-blaireau\/\" \/>\n<meta property=\"og:locale\" content=\"fr_FR\" \/>\n<meta property=\"og:type\" content=\"article\" \/>\n<meta property=\"og:title\" content=\"Pommade \u00e0 la graisse de blaireau Mariazell - Apotheke &amp; Drogerie zur Gnadenmutter - Mariazell\" \/>\n<meta property=\"og:description\" content=\"Ancien rem\u00e8de \u00e0 la maison des b\u00fbcherons, des agriculteurs de montagne et de Hildegard von Bingen\" \/>\n<meta property=\"og:url\" content=\"https:\/\/www.zurgnadenmutter.com\/fr\/produkt\/mariazell-pommade-graisse-de-blaireau\/\" \/>\n<meta property=\"og:site_name\" content=\"Apotheke &amp; Drogerie zur Gnadenmutter - Mariazell\" \/>\n<meta property=\"article:modified_time\" content=\"2023-04-08T16:51:46+00:00\" \/>\n<meta property=\"og:image\" content=\"https:\/\/www.zurgnadenmutter.com\/wp-content\/uploads\/2016\/04\/Dachsfettsalbe_2025-scaled.jpg\" \/>\n\t<meta property=\"og:image:width\" content=\"1920\" \/>\n\t<meta property=\"og:image:height\" content=\"2560\" \/>\n\t<meta property=\"og:image:type\" content=\"image\/jpeg\" \/>\n<meta name=\"twitter:card\" content=\"summary_large_image\" \/>\n<script type=\"application\/ld+json\" class=\"yoast-schema-graph\">{\"@context\":\"https:\/\/schema.org\",\"@graph\":[{\"@type\":\"WebPage\",\"@id\":\"https:\/\/www.zurgnadenmutter.com\/fr\/produkt\/mariazell-pommade-graisse-de-blaireau\/\",\"url\":\"https:\/\/www.zurgnadenmutter.com\/fr\/produkt\/mariazell-pommade-graisse-de-blaireau\/\",\"name\":\"Pommade \u00e0 la graisse de blaireau Mariazell - Apotheke &amp; Drogerie zur Gnadenmutter - Mariazell\",\"isPartOf\":{\"@id\":\"https:\/\/www.zurgnadenmutter.com\/#website\"},\"primaryImageOfPage\":{\"@id\":\"https:\/\/www.zurgnadenmutter.com\/fr\/produkt\/mariazell-pommade-graisse-de-blaireau\/#primaryimage\"},\"image\":{\"@id\":\"https:\/\/www.zurgnadenmutter.com\/fr\/produkt\/mariazell-pommade-graisse-de-blaireau\/#primaryimage\"},\"thumbnailUrl\":\"https:\/\/www.zurgnadenmutter.com\/wp-content\/uploads\/2016\/04\/Dachsfettsalbe_2025-scaled.jpg\",\"datePublished\":\"2016-04-03T01:33:52+00:00\",\"dateModified\":\"2023-04-08T16:51:46+00:00\",\"breadcrumb\":{\"@id\":\"https:\/\/www.zurgnadenmutter.com\/fr\/produkt\/mariazell-pommade-graisse-de-blaireau\/#breadcrumb\"},\"inLanguage\":\"fr-FR\",\"potentialAction\":[{\"@type\":\"ReadAction\",\"target\":[\"https:\/\/www.zurgnadenmutter.com\/fr\/produkt\/mariazell-pommade-graisse-de-blaireau\/\"]}]},{\"@type\":\"ImageObject\",\"inLanguage\":\"fr-FR\",\"@id\":\"https:\/\/www.zurgnadenmutter.com\/fr\/produkt\/mariazell-pommade-graisse-de-blaireau\/#primaryimage\",\"url\":\"https:\/\/www.zurgnadenmutter.com\/wp-content\/uploads\/2016\/04\/Dachsfettsalbe_2025-scaled.jpg\",\"contentUrl\":\"https:\/\/www.zurgnadenmutter.com\/wp-content\/uploads\/2016\/04\/Dachsfettsalbe_2025-scaled.jpg\",\"width\":1920,\"height\":2560},{\"@type\":\"BreadcrumbList\",\"@id\":\"https:\/\/www.zurgnadenmutter.com\/fr\/produkt\/mariazell-pommade-graisse-de-blaireau\/#breadcrumb\",\"itemListElement\":[{\"@type\":\"ListItem\",\"position\":1,\"name\":\"Startseite\",\"item\":\"https:\/\/www.zurgnadenmutter.com\/fr\/\"},{\"@type\":\"ListItem\",\"position\":2,\"name\":\"Shop\",\"item\":\"https:\/\/www.zurgnadenmutter.com\/fr\/shop\/\"},{\"@type\":\"ListItem\",\"position\":3,\"name\":\"Pommade \u00e0 la graisse de blaireau Mariazell\"}]},{\"@type\":\"WebSite\",\"@id\":\"https:\/\/www.zurgnadenmutter.com\/#website\",\"url\":\"https:\/\/www.zurgnadenmutter.com\/\",\"name\":\"Apotheke &amp; Drogerie zur Gnadenmutter - Mariazell\",\"description\":\"Apotheke Mariazell\",\"potentialAction\":[{\"@type\":\"SearchAction\",\"target\":{\"@type\":\"EntryPoint\",\"urlTemplate\":\"https:\/\/www.zurgnadenmutter.com\/?s={search_term_string}\"},\"query-input\":{\"@type\":\"PropertyValueSpecification\",\"valueRequired\":true,\"valueName\":\"search_term_string\"}}],\"inLanguage\":\"fr-FR\"}]}<\/script>\n<!-- \/ Yoast SEO plugin. -->","yoast_head_json":{"title":"Pommade \u00e0 la graisse de blaireau Mariazell - Apotheke &amp; Drogerie zur Gnadenmutter - Mariazell","robots":{"index":"index","follow":"follow","max-snippet":"max-snippet:-1","max-image-preview":"max-image-preview:large","max-video-preview":"max-video-preview:-1"},"canonical":"https:\/\/www.zurgnadenmutter.com\/fr\/produkt\/mariazell-pommade-graisse-de-blaireau\/","og_locale":"fr_FR","og_type":"article","og_title":"Pommade \u00e0 la graisse de blaireau Mariazell - Apotheke &amp; Drogerie zur Gnadenmutter - Mariazell","og_description":"Ancien rem\u00e8de \u00e0 la maison des b\u00fbcherons, des agriculteurs de montagne et de Hildegard von Bingen","og_url":"https:\/\/www.zurgnadenmutter.com\/fr\/produkt\/mariazell-pommade-graisse-de-blaireau\/","og_site_name":"Apotheke &amp; Drogerie zur Gnadenmutter - Mariazell","article_modified_time":"2023-04-08T16:51:46+00:00","og_image":[{"width":1920,"height":2560,"url":"https:\/\/www.zurgnadenmutter.com\/wp-content\/uploads\/2016\/04\/Dachsfettsalbe_2025-scaled.jpg","type":"image\/jpeg"}],"twitter_card":"summary_large_image","schema":{"@context":"https:\/\/schema.org","@graph":[{"@type":"WebPage","@id":"https:\/\/www.zurgnadenmutter.com\/fr\/produkt\/mariazell-pommade-graisse-de-blaireau\/","url":"https:\/\/www.zurgnadenmutter.com\/fr\/produkt\/mariazell-pommade-graisse-de-blaireau\/","name":"Pommade \u00e0 la graisse de blaireau Mariazell - Apotheke &amp; Drogerie zur Gnadenmutter - Mariazell","isPartOf":{"@id":"https:\/\/www.zurgnadenmutter.com\/#website"},"primaryImageOfPage":{"@id":"https:\/\/www.zurgnadenmutter.com\/fr\/produkt\/mariazell-pommade-graisse-de-blaireau\/#primaryimage"},"image":{"@id":"https:\/\/www.zurgnadenmutter.com\/fr\/produkt\/mariazell-pommade-graisse-de-blaireau\/#primaryimage"},"thumbnailUrl":"https:\/\/www.zurgnadenmutter.com\/wp-content\/uploads\/2016\/04\/Dachsfettsalbe_2025-scaled.jpg","datePublished":"2016-04-03T01:33:52+00:00","dateModified":"2023-04-08T16:51:46+00:00","breadcrumb":{"@id":"https:\/\/www.zurgnadenmutter.com\/fr\/produkt\/mariazell-pommade-graisse-de-blaireau\/#breadcrumb"},"inLanguage":"fr-FR","potentialAction":[{"@type":"ReadAction","target":["https:\/\/www.zurgnadenmutter.com\/fr\/produkt\/mariazell-pommade-graisse-de-blaireau\/"]}]},{"@type":"ImageObject","inLanguage":"fr-FR","@id":"https:\/\/www.zurgnadenmutter.com\/fr\/produkt\/mariazell-pommade-graisse-de-blaireau\/#primaryimage","url":"https:\/\/www.zurgnadenmutter.com\/wp-content\/uploads\/2016\/04\/Dachsfettsalbe_2025-scaled.jpg","contentUrl":"https:\/\/www.zurgnadenmutter.com\/wp-content\/uploads\/2016\/04\/Dachsfettsalbe_2025-scaled.jpg","width":1920,"height":2560},{"@type":"BreadcrumbList","@id":"https:\/\/www.zurgnadenmutter.com\/fr\/produkt\/mariazell-pommade-graisse-de-blaireau\/#breadcrumb","itemListElement":[{"@type":"ListItem","position":1,"name":"Startseite","item":"https:\/\/www.zurgnadenmutter.com\/fr\/"},{"@type":"ListItem","position":2,"name":"Shop","item":"https:\/\/www.zurgnadenmutter.com\/fr\/shop\/"},{"@type":"ListItem","position":3,"name":"Pommade \u00e0 la graisse de blaireau Mariazell"}]},{"@type":"WebSite","@id":"https:\/\/www.zurgnadenmutter.com\/#website","url":"https:\/\/www.zurgnadenmutter.com\/","name":"Apotheke &amp; Drogerie zur Gnadenmutter - Mariazell","description":"Apotheke Mariazell","potentialAction":[{"@type":"SearchAction","target":{"@type":"EntryPoint","urlTemplate":"https:\/\/www.zurgnadenmutter.com\/?s={search_term_string}"},"query-input":{"@type":"PropertyValueSpecification","valueRequired":true,"valueName":"search_term_string"}}],"inLanguage":"fr-FR"}]}},"_links":{"self":[{"href":"https:\/\/www.zurgnadenmutter.com\/fr\/wp-json\/wp\/v2\/product\/52492","targetHints":{"allow":["GET"]}}],"collection":[{"href":"https:\/\/www.zurgnadenmutter.com\/fr\/wp-json\/wp\/v2\/product"}],"about":[{"href":"https:\/\/www.zurgnadenmutter.com\/fr\/wp-json\/wp\/v2\/types\/product"}],"replies":[{"embeddable":true,"href":"https:\/\/www.zurgnadenmutter.com\/fr\/wp-json\/wp\/v2\/comments?post=52492"}],"wp:featuredmedia":[{"embeddable":true,"href":"https:\/\/www.zurgnadenmutter.com\/fr\/wp-json\/wp\/v2\/media\/77799"}],"wp:attachment":[{"href":"https:\/\/www.zurgnadenmutter.com\/fr\/wp-json\/wp\/v2\/media?parent=52492"}],"wp:term":[{"taxonomy":"product_brand","embeddable":true,"href":"https:\/\/www.zurgnadenmutter.com\/fr\/wp-json\/wp\/v2\/product_brand?post=52492"},{"taxonomy":"product_cat","embeddable":true,"href":"https:\/\/www.zurgnadenmutter.com\/fr\/wp-json\/wp\/v2\/product_cat?post=52492"},{"taxonomy":"product_tag","embeddable":true,"href":"https:\/\/www.zurgnadenmutter.com\/fr\/wp-json\/wp\/v2\/product_tag?post=52492"}],"curies":[{"name":"wp","href":"https:\/\/api.w.org\/{rel}","templated":true}]}}