{"id":52488,"date":"2016-03-11T12:31:35","date_gmt":"2016-03-11T11:31:35","guid":{"rendered":"https:\/\/www.zurgnadenmutter.com\/shop\/mariazell-huile-de-massage-molene-millepertuis\/"},"modified":"2023-04-08T18:51:45","modified_gmt":"2023-04-08T16:51:45","slug":"mariazell-huile-de-massage-actee-royale-millepertuis","status":"publish","type":"product","link":"https:\/\/www.zurgnadenmutter.com\/fr\/produkt\/mariazell-huile-de-massage-actee-royale-millepertuis\/","title":{"rendered":"Mariazell Huile de Massage Mol\u00e8ne &#8211; Millepertuis"},"content":{"rendered":"<p>Les huiles de massage Mariazell sont un v\u00e9ritable concentr\u00e9 de force de la nature pour un massage exceptionnel. La combinaison puissante mais douce d&rsquo;huiles v\u00e9g\u00e9tales et d&rsquo;huiles essentielles r\u00e9chauffe et donne \u00e0 la peau une sensation de douceur et de souplesse.<\/p>\n","protected":false},"excerpt":{"rendered":"<p>Huile de massage apaisante \u2013 pour des muscles et des articulations l\u00e9gers.<\/p>\n<p>L\u2019accent est mis sur la mol\u00e8ne miraculeuse, qui a d\u00e9j\u00e0 \u00e9t\u00e9 tr\u00e8s appr\u00e9ci\u00e9e par Hippocrate et Hildegard von Bingen. Enfin et surtout, l&rsquo;act\u00e9e royale est attribu\u00e9e \u00e0 la Vierge Marie comme sceptre et est une plante mariale. L&rsquo;extrait unique combin\u00e9 \u00e0 l&rsquo;huile d&rsquo;olive nourrit la peau et l&rsquo;assouplit.<\/p>\n","protected":false},"featured_media":79611,"comment_status":"closed","ping_status":"closed","template":"","meta":{"_acf_changed":false},"product_brand":[],"product_cat":[518],"product_tag":[],"class_list":{"0":"post-52488","1":"product","2":"type-product","3":"status-publish","4":"has-post-thumbnail","6":"product_cat-huiles-de-massage","8":"first","9":"instock","10":"taxable","11":"shipping-taxable","12":"purchasable","13":"product-type-simple"},"acf":[],"yoast_head":"<!-- This site is optimized with the Yoast SEO plugin v27.2 - https:\/\/yoast.com\/product\/yoast-seo-wordpress\/ -->\n<title>Mariazell Huile de Massage Mol\u00e8ne - Millepertuis - Apotheke &amp; Drogerie zur Gnadenmutter - Mariazell<\/title>\n<meta name=\"robots\" content=\"index, follow, max-snippet:-1, max-image-preview:large, max-video-preview:-1\" \/>\n<link rel=\"canonical\" href=\"https:\/\/www.zurgnadenmutter.com\/fr\/produkt\/mariazell-huile-de-massage-actee-royale-millepertuis\/\" \/>\n<meta property=\"og:locale\" content=\"fr_FR\" \/>\n<meta property=\"og:type\" content=\"article\" \/>\n<meta property=\"og:title\" content=\"Mariazell Huile de Massage Mol\u00e8ne - Millepertuis - Apotheke &amp; Drogerie zur Gnadenmutter - Mariazell\" \/>\n<meta property=\"og:description\" content=\"Huile de massage apaisante \u2013 pour des muscles et des articulations l\u00e9gers. L\u2019accent est mis sur la mol\u00e8ne miraculeuse, qui a d\u00e9j\u00e0 \u00e9t\u00e9 tr\u00e8s appr\u00e9ci\u00e9e par Hippocrate et Hildegard von Bingen. Enfin et surtout, l&#039;act\u00e9e royale est attribu\u00e9e \u00e0 la Vierge Marie comme sceptre et est une plante mariale. L&#039;extrait unique combin\u00e9 \u00e0 l&#039;huile d&#039;olive nourrit la peau et l&#039;assouplit.\" \/>\n<meta property=\"og:url\" content=\"https:\/\/www.zurgnadenmutter.com\/fr\/produkt\/mariazell-huile-de-massage-actee-royale-millepertuis\/\" \/>\n<meta property=\"og:site_name\" content=\"Apotheke &amp; Drogerie zur Gnadenmutter - Mariazell\" \/>\n<meta property=\"article:modified_time\" content=\"2023-04-08T16:51:45+00:00\" \/>\n<meta property=\"og:image\" content=\"https:\/\/www.zurgnadenmutter.com\/wp-content\/uploads\/2016\/03\/Koenigskerze-Joh_2025-scaled.jpg\" \/>\n\t<meta property=\"og:image:width\" content=\"1920\" \/>\n\t<meta property=\"og:image:height\" content=\"2560\" \/>\n\t<meta property=\"og:image:type\" content=\"image\/jpeg\" \/>\n<meta name=\"twitter:card\" content=\"summary_large_image\" \/>\n<script type=\"application\/ld+json\" class=\"yoast-schema-graph\">{\"@context\":\"https:\/\/schema.org\",\"@graph\":[{\"@type\":\"WebPage\",\"@id\":\"https:\/\/www.zurgnadenmutter.com\/fr\/produkt\/mariazell-huile-de-massage-actee-royale-millepertuis\/\",\"url\":\"https:\/\/www.zurgnadenmutter.com\/fr\/produkt\/mariazell-huile-de-massage-actee-royale-millepertuis\/\",\"name\":\"Mariazell Huile de Massage Mol\u00e8ne - Millepertuis - Apotheke &amp; Drogerie zur Gnadenmutter - Mariazell\",\"isPartOf\":{\"@id\":\"https:\/\/www.zurgnadenmutter.com\/#website\"},\"primaryImageOfPage\":{\"@id\":\"https:\/\/www.zurgnadenmutter.com\/fr\/produkt\/mariazell-huile-de-massage-actee-royale-millepertuis\/#primaryimage\"},\"image\":{\"@id\":\"https:\/\/www.zurgnadenmutter.com\/fr\/produkt\/mariazell-huile-de-massage-actee-royale-millepertuis\/#primaryimage\"},\"thumbnailUrl\":\"https:\/\/www.zurgnadenmutter.com\/wp-content\/uploads\/2016\/03\/Koenigskerze-Joh_2025-1-scaled.jpg\",\"datePublished\":\"2016-03-11T11:31:35+00:00\",\"dateModified\":\"2023-04-08T16:51:45+00:00\",\"breadcrumb\":{\"@id\":\"https:\/\/www.zurgnadenmutter.com\/fr\/produkt\/mariazell-huile-de-massage-actee-royale-millepertuis\/#breadcrumb\"},\"inLanguage\":\"fr-FR\",\"potentialAction\":[{\"@type\":\"ReadAction\",\"target\":[\"https:\/\/www.zurgnadenmutter.com\/fr\/produkt\/mariazell-huile-de-massage-actee-royale-millepertuis\/\"]}]},{\"@type\":\"ImageObject\",\"inLanguage\":\"fr-FR\",\"@id\":\"https:\/\/www.zurgnadenmutter.com\/fr\/produkt\/mariazell-huile-de-massage-actee-royale-millepertuis\/#primaryimage\",\"url\":\"https:\/\/www.zurgnadenmutter.com\/wp-content\/uploads\/2016\/03\/Koenigskerze-Joh_2025-1-scaled.jpg\",\"contentUrl\":\"https:\/\/www.zurgnadenmutter.com\/wp-content\/uploads\/2016\/03\/Koenigskerze-Joh_2025-1-scaled.jpg\",\"width\":1920,\"height\":2560},{\"@type\":\"BreadcrumbList\",\"@id\":\"https:\/\/www.zurgnadenmutter.com\/fr\/produkt\/mariazell-huile-de-massage-actee-royale-millepertuis\/#breadcrumb\",\"itemListElement\":[{\"@type\":\"ListItem\",\"position\":1,\"name\":\"Startseite\",\"item\":\"https:\/\/www.zurgnadenmutter.com\/fr\/\"},{\"@type\":\"ListItem\",\"position\":2,\"name\":\"Shop\",\"item\":\"https:\/\/www.zurgnadenmutter.com\/fr\/shop\/\"},{\"@type\":\"ListItem\",\"position\":3,\"name\":\"Mariazell Huile de Massage Mol\u00e8ne &#8211; Millepertuis\"}]},{\"@type\":\"WebSite\",\"@id\":\"https:\/\/www.zurgnadenmutter.com\/#website\",\"url\":\"https:\/\/www.zurgnadenmutter.com\/\",\"name\":\"Apotheke &amp; Drogerie zur Gnadenmutter - Mariazell\",\"description\":\"Apotheke Mariazell\",\"potentialAction\":[{\"@type\":\"SearchAction\",\"target\":{\"@type\":\"EntryPoint\",\"urlTemplate\":\"https:\/\/www.zurgnadenmutter.com\/?s={search_term_string}\"},\"query-input\":{\"@type\":\"PropertyValueSpecification\",\"valueRequired\":true,\"valueName\":\"search_term_string\"}}],\"inLanguage\":\"fr-FR\"}]}<\/script>\n<!-- \/ Yoast SEO plugin. -->","yoast_head_json":{"title":"Mariazell Huile de Massage Mol\u00e8ne - Millepertuis - Apotheke &amp; Drogerie zur Gnadenmutter - Mariazell","robots":{"index":"index","follow":"follow","max-snippet":"max-snippet:-1","max-image-preview":"max-image-preview:large","max-video-preview":"max-video-preview:-1"},"canonical":"https:\/\/www.zurgnadenmutter.com\/fr\/produkt\/mariazell-huile-de-massage-actee-royale-millepertuis\/","og_locale":"fr_FR","og_type":"article","og_title":"Mariazell Huile de Massage Mol\u00e8ne - Millepertuis - Apotheke &amp; Drogerie zur Gnadenmutter - Mariazell","og_description":"Huile de massage apaisante \u2013 pour des muscles et des articulations l\u00e9gers. L\u2019accent est mis sur la mol\u00e8ne miraculeuse, qui a d\u00e9j\u00e0 \u00e9t\u00e9 tr\u00e8s appr\u00e9ci\u00e9e par Hippocrate et Hildegard von Bingen. Enfin et surtout, l'act\u00e9e royale est attribu\u00e9e \u00e0 la Vierge Marie comme sceptre et est une plante mariale. L'extrait unique combin\u00e9 \u00e0 l'huile d'olive nourrit la peau et l'assouplit.","og_url":"https:\/\/www.zurgnadenmutter.com\/fr\/produkt\/mariazell-huile-de-massage-actee-royale-millepertuis\/","og_site_name":"Apotheke &amp; Drogerie zur Gnadenmutter - Mariazell","article_modified_time":"2023-04-08T16:51:45+00:00","og_image":[{"width":1920,"height":2560,"url":"https:\/\/www.zurgnadenmutter.com\/wp-content\/uploads\/2016\/03\/Koenigskerze-Joh_2025-scaled.jpg","type":"image\/jpeg"}],"twitter_card":"summary_large_image","schema":{"@context":"https:\/\/schema.org","@graph":[{"@type":"WebPage","@id":"https:\/\/www.zurgnadenmutter.com\/fr\/produkt\/mariazell-huile-de-massage-actee-royale-millepertuis\/","url":"https:\/\/www.zurgnadenmutter.com\/fr\/produkt\/mariazell-huile-de-massage-actee-royale-millepertuis\/","name":"Mariazell Huile de Massage Mol\u00e8ne - Millepertuis - Apotheke &amp; Drogerie zur Gnadenmutter - Mariazell","isPartOf":{"@id":"https:\/\/www.zurgnadenmutter.com\/#website"},"primaryImageOfPage":{"@id":"https:\/\/www.zurgnadenmutter.com\/fr\/produkt\/mariazell-huile-de-massage-actee-royale-millepertuis\/#primaryimage"},"image":{"@id":"https:\/\/www.zurgnadenmutter.com\/fr\/produkt\/mariazell-huile-de-massage-actee-royale-millepertuis\/#primaryimage"},"thumbnailUrl":"https:\/\/www.zurgnadenmutter.com\/wp-content\/uploads\/2016\/03\/Koenigskerze-Joh_2025-1-scaled.jpg","datePublished":"2016-03-11T11:31:35+00:00","dateModified":"2023-04-08T16:51:45+00:00","breadcrumb":{"@id":"https:\/\/www.zurgnadenmutter.com\/fr\/produkt\/mariazell-huile-de-massage-actee-royale-millepertuis\/#breadcrumb"},"inLanguage":"fr-FR","potentialAction":[{"@type":"ReadAction","target":["https:\/\/www.zurgnadenmutter.com\/fr\/produkt\/mariazell-huile-de-massage-actee-royale-millepertuis\/"]}]},{"@type":"ImageObject","inLanguage":"fr-FR","@id":"https:\/\/www.zurgnadenmutter.com\/fr\/produkt\/mariazell-huile-de-massage-actee-royale-millepertuis\/#primaryimage","url":"https:\/\/www.zurgnadenmutter.com\/wp-content\/uploads\/2016\/03\/Koenigskerze-Joh_2025-1-scaled.jpg","contentUrl":"https:\/\/www.zurgnadenmutter.com\/wp-content\/uploads\/2016\/03\/Koenigskerze-Joh_2025-1-scaled.jpg","width":1920,"height":2560},{"@type":"BreadcrumbList","@id":"https:\/\/www.zurgnadenmutter.com\/fr\/produkt\/mariazell-huile-de-massage-actee-royale-millepertuis\/#breadcrumb","itemListElement":[{"@type":"ListItem","position":1,"name":"Startseite","item":"https:\/\/www.zurgnadenmutter.com\/fr\/"},{"@type":"ListItem","position":2,"name":"Shop","item":"https:\/\/www.zurgnadenmutter.com\/fr\/shop\/"},{"@type":"ListItem","position":3,"name":"Mariazell Huile de Massage Mol\u00e8ne &#8211; Millepertuis"}]},{"@type":"WebSite","@id":"https:\/\/www.zurgnadenmutter.com\/#website","url":"https:\/\/www.zurgnadenmutter.com\/","name":"Apotheke &amp; Drogerie zur Gnadenmutter - Mariazell","description":"Apotheke Mariazell","potentialAction":[{"@type":"SearchAction","target":{"@type":"EntryPoint","urlTemplate":"https:\/\/www.zurgnadenmutter.com\/?s={search_term_string}"},"query-input":{"@type":"PropertyValueSpecification","valueRequired":true,"valueName":"search_term_string"}}],"inLanguage":"fr-FR"}]}},"_links":{"self":[{"href":"https:\/\/www.zurgnadenmutter.com\/fr\/wp-json\/wp\/v2\/product\/52488","targetHints":{"allow":["GET"]}}],"collection":[{"href":"https:\/\/www.zurgnadenmutter.com\/fr\/wp-json\/wp\/v2\/product"}],"about":[{"href":"https:\/\/www.zurgnadenmutter.com\/fr\/wp-json\/wp\/v2\/types\/product"}],"replies":[{"embeddable":true,"href":"https:\/\/www.zurgnadenmutter.com\/fr\/wp-json\/wp\/v2\/comments?post=52488"}],"wp:featuredmedia":[{"embeddable":true,"href":"https:\/\/www.zurgnadenmutter.com\/fr\/wp-json\/wp\/v2\/media\/79611"}],"wp:attachment":[{"href":"https:\/\/www.zurgnadenmutter.com\/fr\/wp-json\/wp\/v2\/media?parent=52488"}],"wp:term":[{"taxonomy":"product_brand","embeddable":true,"href":"https:\/\/www.zurgnadenmutter.com\/fr\/wp-json\/wp\/v2\/product_brand?post=52488"},{"taxonomy":"product_cat","embeddable":true,"href":"https:\/\/www.zurgnadenmutter.com\/fr\/wp-json\/wp\/v2\/product_cat?post=52488"},{"taxonomy":"product_tag","embeddable":true,"href":"https:\/\/www.zurgnadenmutter.com\/fr\/wp-json\/wp\/v2\/product_tag?post=52488"}],"curies":[{"name":"wp","href":"https:\/\/api.w.org\/{rel}","templated":true}]}}