{"id":56568,"date":"2023-06-04T21:01:09","date_gmt":"2023-06-04T19:01:09","guid":{"rendered":"https:\/\/www.zurgnadenmutter.com\/?page_id=56568"},"modified":"2023-06-04T21:01:09","modified_gmt":"2023-06-04T19:01:09","slug":"pharmacies-visites-guidees","status":"publish","type":"page","link":"https:\/\/www.zurgnadenmutter.com\/fr\/pharmacies-visites-guidees\/","title":{"rendered":"Pharmacies Visites guid\u00e9es"},"content":{"rendered":"[spb_row element_name=\u00a0\u00bbRow\u00a0\u00bb wrap_type=\u00a0\u00bbcontent-width\u00a0\u00bb row_bg_type=\u00a0\u00bbcolor\u00a0\u00bb color_row_height=\u00a0\u00bbcontent-height\u00a0\u00bb bg_type=\u00a0\u00bbcover\u00a0\u00bb parallax_image_height=\u00a0\u00bbcontent-height\u00a0\u00bb parallax_image_movement=\u00a0\u00bbfixed\u00a0\u00bb parallax_image_speed=\u00a0\u00bb0.5&Prime; bg_video_loop=\u00a0\u00bbyes\u00a0\u00bb parallax_video_height=\u00a0\u00bbwindow-height\u00a0\u00bb row_top_style=\u00a0\u00bbnone\u00a0\u00bb row_bottom_style=\u00a0\u00bbnone\u00a0\u00bb parallax_video_overlay=\u00a0\u00bbnone\u00a0\u00bb row_overlay_opacity=\u00a0\u00bb0&Prime; row_padding_vertical=\u00a0\u00bb0&Prime; row_padding_horizontal=\u00a0\u00bb0&Prime; row_margin_vertical=\u00a0\u00bb0&Prime; remove_element_spacing=\u00a0\u00bbno\u00a0\u00bb vertical_center=\u00a0\u00bbfalse\u00a0\u00bb inner_column_height=\u00a0\u00bbcol-natural\u00a0\u00bb row_expanding=\u00a0\u00bbno\u00a0\u00bb row_animation=\u00a0\u00bbnone\u00a0\u00bb row_animation_delay=\u00a0\u00bb0&Prime; width=\u00a0\u00bb1\/1&Prime; el_position=\u00a0\u00bbfirst last\u00a0\u00bb] [spb_column col_sm=\u00a0\u00bb2&Prime; padding_horizontal=\u00a0\u00bb15&Prime; width=\u00a0\u00bb1\/6&Prime; el_position=\u00a0\u00bbfirst\u00a0\u00bb] [\/spb_column] [spb_boxed_content type=\u00a0\u00bbcoloured\u00a0\u00bb box_link_target=\u00a0\u00bb_self\u00a0\u00bb padding_vertical=\u00a0\u00bb0&Prime; padding_horizontal=\u00a0\u00bb0&Prime; width=\u00a0\u00bb2\/3&Prime;]\n<p>Dans le cadre d\u2019une visite guid\u00e9e dans notre pharmacie, vous apprendrez des faits int\u00e9ressants sur les effets et l\u2019application des herbes m\u00e9dicinales, la pr\u00e9paration de rem\u00e8des traditionnels et tout ce qui concerne la sant\u00e9 de la phytoth\u00e9rapie et de la m\u00e9decine traditionnelle europ\u00e9enne. Apr\u00e8s la visite guid\u00e9e, vous aurez l\u2019occasion de d\u00e9guster nos liqueurs \u00e0 base de plantes populaires.<\/p>\n<p>Sur demande, nous offrons toutes les visites guid\u00e9es dans notre pharmacie en hongrois\u00a0!<\/p>\n[\/spb_boxed_content] [spb_column col_sm=\u00a0\u00bb2&Prime; padding_horizontal=\u00a0\u00bb15&Prime; width=\u00a0\u00bb1\/6&Prime; el_position=\u00a0\u00bblast\u00a0\u00bb] [\/spb_column] [spb_blank_spacer height=\u00a0\u00bb70px\u00a0\u00bb width=\u00a0\u00bb1\/1&Prime; el_position=\u00a0\u00bbfirst last\u00a0\u00bb] [\/spb_row] [spb_image image=\u00a0\u00bb87&Prime; image_size=\u00a0\u00bblarge\u00a0\u00bb frame=\u00a0\u00bbnoframe\u00a0\u00bb caption_pos=\u00a0\u00bbhover\u00a0\u00bb remove_rounded=\u00a0\u00bbyes\u00a0\u00bb fullwidth=\u00a0\u00bbno\u00a0\u00bb overflow_mode=\u00a0\u00bbnone\u00a0\u00bb link_target=\u00a0\u00bb_self\u00a0\u00bb lightbox=\u00a0\u00bbyes\u00a0\u00bb intro_animation=\u00a0\u00bbnone\u00a0\u00bb animation_delay=\u00a0\u00bb200&Prime; width=\u00a0\u00bb1\/3&Prime; el_position=\u00a0\u00bbfirst\u00a0\u00bb] [spb_text_block animation=\u00a0\u00bbnone\u00a0\u00bb animation_delay=\u00a0\u00bb0&Prime; simplified_controls=\u00a0\u00bbyes\u00a0\u00bb custom_css_percentage=\u00a0\u00bbno\u00a0\u00bb padding_vertical=\u00a0\u00bb0&Prime; padding_horizontal=\u00a0\u00bb0&Prime; margin_vertical=\u00a0\u00bb0&Prime; border_size=\u00a0\u00bb0&Prime; border_styling_global=\u00a0\u00bbdefault\u00a0\u00bb width=\u00a0\u00bb2\/3&Prime; el_position=\u00a0\u00bblast\u00a0\u00bb]\n<h2>Visite guid\u00e9e des pharmacies<\/h2>\n<p>D\u00e9couvrez des faits int\u00e9ressants sur notre pharmacie<\/p>\n<p><strong>Dur\u00e9e de la visite\u00a0:<\/strong> env. 1 heure<br \/>\n<strong>Heure\u00a0:<\/strong> Dates sur rendez-vous\u00a0; visites guid\u00e9es \u00e0 partir de 10 personnes<br \/>\n<strong>Prix d\u2019entr\u00e9e\u00a0:<\/strong> 4 euros par personne \u2013 d\u00e9gustation incluse<\/p>\n[\/spb_text_block] [spb_blank_spacer height=\u00a0\u00bb70px\u00a0\u00bb width=\u00a0\u00bb1\/1&Prime; el_position=\u00a0\u00bbfirst last\u00a0\u00bb] [spb_image image=\u00a0\u00bb881&Prime; image_size=\u00a0\u00bblarge\u00a0\u00bb frame=\u00a0\u00bbnoframe\u00a0\u00bb caption_pos=\u00a0\u00bbhover\u00a0\u00bb remove_rounded=\u00a0\u00bbyes\u00a0\u00bb fullwidth=\u00a0\u00bbno\u00a0\u00bb overflow_mode=\u00a0\u00bbnone\u00a0\u00bb link_target=\u00a0\u00bb_self\u00a0\u00bb lightbox=\u00a0\u00bbyes\u00a0\u00bb intro_animation=\u00a0\u00bbnone\u00a0\u00bb animation_delay=\u00a0\u00bb200&Prime; width=\u00a0\u00bb1\/3&Prime; el_position=\u00a0\u00bbfirst\u00a0\u00bb] [spb_text_block animation=\u00a0\u00bbnone\u00a0\u00bb animation_delay=\u00a0\u00bb0&Prime; simplified_controls=\u00a0\u00bbyes\u00a0\u00bb custom_css_percentage=\u00a0\u00bbno\u00a0\u00bb padding_vertical=\u00a0\u00bb0&Prime; padding_horizontal=\u00a0\u00bb0&Prime; margin_vertical=\u00a0\u00bb0&Prime; border_size=\u00a0\u00bb0&Prime; border_styling_global=\u00a0\u00bbdefault\u00a0\u00bb width=\u00a0\u00bb2\/3&Prime; el_position=\u00a0\u00bblast\u00a0\u00bb]\n<h2>Tour d\u2019aventure pour les enfants<\/h2>\n<p>Dans le cadre de la visite des enfants, les enfants \u00e0 partir de 5 ans peuvent jeter un coup d\u2019\u0153il dans les coulisses d\u2019une pharmacie, apprendre des faits int\u00e9ressants sur le travail dans une pharmacie, visiter le laboratoire et \u00e9galement m\u00e9langer un th\u00e9 et remuer une pommade eux-m\u00eames.<\/p>\n<p><strong>programme pratique\u00a0:<\/strong> Remuer les onguents, m\u00e9langer le th\u00e9<br \/>\n<strong>Frais de mat\u00e9riel par enfant\u00a0:<\/strong> \u20ac 6,-<br \/>\n<strong>Heure\u00a0: Dates sur rendez-vous\u00a0;<\/strong> visites guid\u00e9es \u00e0 partir de 10 personnes<\/p>\n[\/spb_text_block]\n","protected":false},"excerpt":{"rendered":"<p>[spb_row element_name=\u00a0\u00bbRow\u00a0\u00bb wrap_type=\u00a0\u00bbcontent-width\u00a0\u00bb row_bg_type=\u00a0\u00bbcolor\u00a0\u00bb color_row_height=\u00a0\u00bbcontent-height\u00a0\u00bb bg_type=\u00a0\u00bbcover\u00a0\u00bb parallax_image_height=\u00a0\u00bbcontent-height\u00a0\u00bb parallax_image_movement=\u00a0\u00bbfixed\u00a0\u00bb parallax_image_speed=\u00a0\u00bb0.5&Prime; bg_video_loop=\u00a0\u00bbyes\u00a0\u00bb parallax_video_height=\u00a0\u00bbwindow-height\u00a0\u00bb row_top_style=\u00a0\u00bbnone\u00a0\u00bb row_bottom_style=\u00a0\u00bbnone\u00a0\u00bb parallax_video_overlay=\u00a0\u00bbnone\u00a0\u00bb row_overlay_opacity=\u00a0\u00bb0&Prime; row_padding_vertical=\u00a0\u00bb0&Prime; row_padding_horizontal=\u00a0\u00bb0&Prime; row_margin_vertical=\u00a0\u00bb0&Prime; remove_element_spacing=\u00a0\u00bbno\u00a0\u00bb vertical_center=\u00a0\u00bbfalse\u00a0\u00bb inner_column_height=\u00a0\u00bbcol-natural\u00a0\u00bb row_expanding=\u00a0\u00bbno\u00a0\u00bb row_animation=\u00a0\u00bbnone\u00a0\u00bb row_animation_delay=\u00a0\u00bb0&Prime; width=\u00a0\u00bb1\/1&Prime; el_position=\u00a0\u00bbfirst last\u00a0\u00bb] [spb_column col_sm=\u00a0\u00bb2&Prime; padding_horizontal=\u00a0\u00bb15&Prime;&#8230;<\/p>\n","protected":false},"author":1,"featured_media":0,"parent":0,"menu_order":0,"comment_status":"closed","ping_status":"closed","template":"","meta":{"_acf_changed":false,"footnotes":""},"class_list":["post-56568","page","type-page","status-publish"],"acf":[],"yoast_head":"<!-- This site is optimized with the Yoast SEO plugin v27.2 - https:\/\/yoast.com\/product\/yoast-seo-wordpress\/ -->\n<title>Pharmacies Visites guid\u00e9es - Apotheke &amp; Drogerie zur Gnadenmutter - Mariazell<\/title>\n<meta name=\"robots\" content=\"index, follow, max-snippet:-1, max-image-preview:large, max-video-preview:-1\" \/>\n<link rel=\"canonical\" href=\"https:\/\/www.zurgnadenmutter.com\/veranstaltungen\/apotheken-fuehrungen\/\" \/>\n<meta property=\"og:locale\" content=\"fr_FR\" \/>\n<meta property=\"og:type\" content=\"article\" \/>\n<meta property=\"og:title\" content=\"Pharmacies Visites guid\u00e9es - Apotheke &amp; Drogerie zur Gnadenmutter - Mariazell\" \/>\n<meta property=\"og:description\" content=\"[spb_row element_name=\u00a0\u00bbRow\u00a0\u00bb wrap_type=\u00a0\u00bbcontent-width\u00a0\u00bb row_bg_type=\u00a0\u00bbcolor\u00a0\u00bb color_row_height=\u00a0\u00bbcontent-height\u00a0\u00bb bg_type=\u00a0\u00bbcover\u00a0\u00bb parallax_image_height=\u00a0\u00bbcontent-height\u00a0\u00bb parallax_image_movement=\u00a0\u00bbfixed\u00a0\u00bb parallax_image_speed=\u00a0\u00bb0.5&Prime; bg_video_loop=\u00a0\u00bbyes\u00a0\u00bb parallax_video_height=\u00a0\u00bbwindow-height\u00a0\u00bb row_top_style=\u00a0\u00bbnone\u00a0\u00bb row_bottom_style=\u00a0\u00bbnone\u00a0\u00bb parallax_video_overlay=\u00a0\u00bbnone\u00a0\u00bb row_overlay_opacity=\u00a0\u00bb0&Prime; row_padding_vertical=\u00a0\u00bb0&Prime; row_padding_horizontal=\u00a0\u00bb0&Prime; row_margin_vertical=\u00a0\u00bb0&Prime; remove_element_spacing=\u00a0\u00bbno\u00a0\u00bb vertical_center=\u00a0\u00bbfalse\u00a0\u00bb inner_column_height=\u00a0\u00bbcol-natural\u00a0\u00bb row_expanding=\u00a0\u00bbno\u00a0\u00bb row_animation=\u00a0\u00bbnone\u00a0\u00bb row_animation_delay=\u00a0\u00bb0&Prime; width=\u00a0\u00bb1\/1&Prime; el_position=\u00a0\u00bbfirst last\u00a0\u00bb] [spb_column col_sm=\u00a0\u00bb2&Prime; padding_horizontal=\u00a0\u00bb15&Prime;...\" \/>\n<meta property=\"og:url\" content=\"https:\/\/www.zurgnadenmutter.com\/veranstaltungen\/apotheken-fuehrungen\/\" \/>\n<meta property=\"og:site_name\" content=\"Apotheke &amp; Drogerie zur Gnadenmutter - Mariazell\" \/>\n<meta name=\"twitter:card\" content=\"summary_large_image\" \/>\n<meta name=\"twitter:label1\" content=\"Dur\u00e9e de lecture estim\u00e9e\" \/>\n\t<meta name=\"twitter:data1\" content=\"2 minutes\" \/>\n<script type=\"application\/ld+json\" class=\"yoast-schema-graph\">{\"@context\":\"https:\/\/schema.org\",\"@graph\":[{\"@type\":\"WebPage\",\"@id\":\"https:\/\/www.zurgnadenmutter.com\/veranstaltungen\/apotheken-fuehrungen\/\",\"url\":\"https:\/\/www.zurgnadenmutter.com\/veranstaltungen\/apotheken-fuehrungen\/\",\"name\":\"Pharmacies Visites guid\u00e9es - Apotheke &amp; Drogerie zur Gnadenmutter - Mariazell\",\"isPartOf\":{\"@id\":\"https:\/\/www.zurgnadenmutter.com\/#website\"},\"datePublished\":\"2023-06-04T19:01:09+00:00\",\"breadcrumb\":{\"@id\":\"https:\/\/www.zurgnadenmutter.com\/veranstaltungen\/apotheken-fuehrungen\/#breadcrumb\"},\"inLanguage\":\"fr-FR\",\"potentialAction\":[{\"@type\":\"ReadAction\",\"target\":[\"https:\/\/www.zurgnadenmutter.com\/veranstaltungen\/apotheken-fuehrungen\/\"]}]},{\"@type\":\"BreadcrumbList\",\"@id\":\"https:\/\/www.zurgnadenmutter.com\/veranstaltungen\/apotheken-fuehrungen\/#breadcrumb\",\"itemListElement\":[{\"@type\":\"ListItem\",\"position\":1,\"name\":\"Startseite\",\"item\":\"https:\/\/www.zurgnadenmutter.com\/fr\/\"},{\"@type\":\"ListItem\",\"position\":2,\"name\":\"Pharmacies Visites guid\u00e9es\"}]},{\"@type\":\"WebSite\",\"@id\":\"https:\/\/www.zurgnadenmutter.com\/#website\",\"url\":\"https:\/\/www.zurgnadenmutter.com\/\",\"name\":\"Apotheke &amp; Drogerie zur Gnadenmutter - Mariazell\",\"description\":\"Apotheke Mariazell\",\"potentialAction\":[{\"@type\":\"SearchAction\",\"target\":{\"@type\":\"EntryPoint\",\"urlTemplate\":\"https:\/\/www.zurgnadenmutter.com\/?s={search_term_string}\"},\"query-input\":{\"@type\":\"PropertyValueSpecification\",\"valueRequired\":true,\"valueName\":\"search_term_string\"}}],\"inLanguage\":\"fr-FR\"}]}<\/script>\n<!-- \/ Yoast SEO plugin. -->","yoast_head_json":{"title":"Pharmacies Visites guid\u00e9es - Apotheke &amp; Drogerie zur Gnadenmutter - Mariazell","robots":{"index":"index","follow":"follow","max-snippet":"max-snippet:-1","max-image-preview":"max-image-preview:large","max-video-preview":"max-video-preview:-1"},"canonical":"https:\/\/www.zurgnadenmutter.com\/veranstaltungen\/apotheken-fuehrungen\/","og_locale":"fr_FR","og_type":"article","og_title":"Pharmacies Visites guid\u00e9es - Apotheke &amp; Drogerie zur Gnadenmutter - Mariazell","og_description":"[spb_row element_name=\u00a0\u00bbRow\u00a0\u00bb wrap_type=\u00a0\u00bbcontent-width\u00a0\u00bb row_bg_type=\u00a0\u00bbcolor\u00a0\u00bb color_row_height=\u00a0\u00bbcontent-height\u00a0\u00bb bg_type=\u00a0\u00bbcover\u00a0\u00bb parallax_image_height=\u00a0\u00bbcontent-height\u00a0\u00bb parallax_image_movement=\u00a0\u00bbfixed\u00a0\u00bb parallax_image_speed=\u00a0\u00bb0.5&Prime; bg_video_loop=\u00a0\u00bbyes\u00a0\u00bb parallax_video_height=\u00a0\u00bbwindow-height\u00a0\u00bb row_top_style=\u00a0\u00bbnone\u00a0\u00bb row_bottom_style=\u00a0\u00bbnone\u00a0\u00bb parallax_video_overlay=\u00a0\u00bbnone\u00a0\u00bb row_overlay_opacity=\u00a0\u00bb0&Prime; row_padding_vertical=\u00a0\u00bb0&Prime; row_padding_horizontal=\u00a0\u00bb0&Prime; row_margin_vertical=\u00a0\u00bb0&Prime; remove_element_spacing=\u00a0\u00bbno\u00a0\u00bb vertical_center=\u00a0\u00bbfalse\u00a0\u00bb inner_column_height=\u00a0\u00bbcol-natural\u00a0\u00bb row_expanding=\u00a0\u00bbno\u00a0\u00bb row_animation=\u00a0\u00bbnone\u00a0\u00bb row_animation_delay=\u00a0\u00bb0&Prime; width=\u00a0\u00bb1\/1&Prime; el_position=\u00a0\u00bbfirst last\u00a0\u00bb] [spb_column col_sm=\u00a0\u00bb2&Prime; padding_horizontal=\u00a0\u00bb15&Prime;...","og_url":"https:\/\/www.zurgnadenmutter.com\/veranstaltungen\/apotheken-fuehrungen\/","og_site_name":"Apotheke &amp; Drogerie zur Gnadenmutter - Mariazell","twitter_card":"summary_large_image","twitter_misc":{"Dur\u00e9e de lecture estim\u00e9e":"2 minutes"},"schema":{"@context":"https:\/\/schema.org","@graph":[{"@type":"WebPage","@id":"https:\/\/www.zurgnadenmutter.com\/veranstaltungen\/apotheken-fuehrungen\/","url":"https:\/\/www.zurgnadenmutter.com\/veranstaltungen\/apotheken-fuehrungen\/","name":"Pharmacies Visites guid\u00e9es - Apotheke &amp; Drogerie zur Gnadenmutter - Mariazell","isPartOf":{"@id":"https:\/\/www.zurgnadenmutter.com\/#website"},"datePublished":"2023-06-04T19:01:09+00:00","breadcrumb":{"@id":"https:\/\/www.zurgnadenmutter.com\/veranstaltungen\/apotheken-fuehrungen\/#breadcrumb"},"inLanguage":"fr-FR","potentialAction":[{"@type":"ReadAction","target":["https:\/\/www.zurgnadenmutter.com\/veranstaltungen\/apotheken-fuehrungen\/"]}]},{"@type":"BreadcrumbList","@id":"https:\/\/www.zurgnadenmutter.com\/veranstaltungen\/apotheken-fuehrungen\/#breadcrumb","itemListElement":[{"@type":"ListItem","position":1,"name":"Startseite","item":"https:\/\/www.zurgnadenmutter.com\/fr\/"},{"@type":"ListItem","position":2,"name":"Pharmacies Visites guid\u00e9es"}]},{"@type":"WebSite","@id":"https:\/\/www.zurgnadenmutter.com\/#website","url":"https:\/\/www.zurgnadenmutter.com\/","name":"Apotheke &amp; Drogerie zur Gnadenmutter - Mariazell","description":"Apotheke Mariazell","potentialAction":[{"@type":"SearchAction","target":{"@type":"EntryPoint","urlTemplate":"https:\/\/www.zurgnadenmutter.com\/?s={search_term_string}"},"query-input":{"@type":"PropertyValueSpecification","valueRequired":true,"valueName":"search_term_string"}}],"inLanguage":"fr-FR"}]}},"_links":{"self":[{"href":"https:\/\/www.zurgnadenmutter.com\/fr\/wp-json\/wp\/v2\/pages\/56568","targetHints":{"allow":["GET"]}}],"collection":[{"href":"https:\/\/www.zurgnadenmutter.com\/fr\/wp-json\/wp\/v2\/pages"}],"about":[{"href":"https:\/\/www.zurgnadenmutter.com\/fr\/wp-json\/wp\/v2\/types\/page"}],"author":[{"embeddable":true,"href":"https:\/\/www.zurgnadenmutter.com\/fr\/wp-json\/wp\/v2\/users\/1"}],"replies":[{"embeddable":true,"href":"https:\/\/www.zurgnadenmutter.com\/fr\/wp-json\/wp\/v2\/comments?post=56568"}],"version-history":[{"count":1,"href":"https:\/\/www.zurgnadenmutter.com\/fr\/wp-json\/wp\/v2\/pages\/56568\/revisions"}],"predecessor-version":[{"id":56578,"href":"https:\/\/www.zurgnadenmutter.com\/fr\/wp-json\/wp\/v2\/pages\/56568\/revisions\/56578"}],"wp:attachment":[{"href":"https:\/\/www.zurgnadenmutter.com\/fr\/wp-json\/wp\/v2\/media?parent=56568"}],"curies":[{"name":"wp","href":"https:\/\/api.w.org\/{rel}","templated":true}]}}