{"id":56559,"date":"2023-06-04T20:51:25","date_gmt":"2023-06-04T18:51:25","guid":{"rendered":"https:\/\/www.zurgnadenmutter.com\/?page_id=56559"},"modified":"2023-06-04T20:51:25","modified_gmt":"2023-06-04T18:51:25","slug":"histoire","status":"publish","type":"page","link":"https:\/\/www.zurgnadenmutter.com\/fr\/notre-philosophie\/histoire\/","title":{"rendered":"Histoire"},"content":{"rendered":"[spb_column col_sm=\u00a0\u00bb2&Prime; padding_horizontal=\u00a0\u00bb0&Prime; width=\u00a0\u00bb1\/6&Prime; el_position=\u00a0\u00bbfirst\u00a0\u00bb] [\/spb_column] [spb_text_block animation=\u00a0\u00bbnone\u00a0\u00bb animation_delay=\u00a0\u00bb0&Prime; simplified_controls=\u00a0\u00bbyes\u00a0\u00bb custom_css_percentage=\u00a0\u00bbno\u00a0\u00bb padding_vertical=\u00a0\u00bb0&Prime; padding_horizontal=\u00a0\u00bb0&Prime; margin_vertical=\u00a0\u00bb0&Prime; custom_css=\u00a0\u00bbmargin-top: 0px;margin-bottom: 0px;\u00a0\u00bb border_size=\u00a0\u00bb0&Prime; border_styling_global=\u00a0\u00bbdefault\u00a0\u00bb width=\u00a0\u00bb2\/3&Prime;]\n<h2 style=\"text-align: center;\">300 ans d\u2019histoire et de connaissances sur les effets curatifs des herbes alpines locales<\/h2>\n<p style=\"text-align: center;\">La pharmacie et droguerie \u201eZur Gnadenmutter\u201c a \u00e9t\u00e9 fond\u00e9e en 1718.<\/p>\n<p><img loading=\"lazy\" decoding=\"async\" class=\"alignleft size-large wp-image-821\" src=\"https:\/\/www.zurgnadenmutter.com\/wp-content\/uploads\/2016\/03\/Apotheke-zur-Gnadenmutter_alt-1024x683.jpg\" alt=\"Apotheke-zur-Gnadenmutter_alt\" width=\"1024\" height=\"683\" srcset=\"https:\/\/www.zurgnadenmutter.com\/wp-content\/uploads\/2016\/03\/Apotheke-zur-Gnadenmutter_alt-1024x683.jpg 1024w, https:\/\/www.zurgnadenmutter.com\/wp-content\/uploads\/2016\/03\/Apotheke-zur-Gnadenmutter_alt-200x133.jpg 200w, https:\/\/www.zurgnadenmutter.com\/wp-content\/uploads\/2016\/03\/Apotheke-zur-Gnadenmutter_alt-700x467.jpg 700w, https:\/\/www.zurgnadenmutter.com\/wp-content\/uploads\/2016\/03\/Apotheke-zur-Gnadenmutter_alt-300x200.jpg 300w, https:\/\/www.zurgnadenmutter.com\/wp-content\/uploads\/2016\/03\/Apotheke-zur-Gnadenmutter_alt-768x512.jpg 768w, https:\/\/www.zurgnadenmutter.com\/wp-content\/uploads\/2016\/03\/Apotheke-zur-Gnadenmutter_alt-1280x853.jpg 1280w, https:\/\/www.zurgnadenmutter.com\/wp-content\/uploads\/2016\/03\/Apotheke-zur-Gnadenmutter_alt-1000x667.jpg 1000w, https:\/\/www.zurgnadenmutter.com\/wp-content\/uploads\/2016\/03\/Apotheke-zur-Gnadenmutter_alt.jpg 1500w\" sizes=\"auto, (max-width: 1024px) 100vw, 1024px\" \/><\/p>\n<p>De 1820 \u00e0 1871, elle a \u00e9t\u00e9 dirig\u00e9e par Michael H\u00f6lzl. Il \u00e9tait probablement le botaniste et l\u2019expert en plantes m\u00e9dicinales le plus reconnu en Europe \u00e0 son \u00e9poque. Des universit\u00e9s renomm\u00e9es jusqu\u2019\u00e0 Moscou ont \u00e9t\u00e9 approvisionn\u00e9es en plantes alpines par lui et ont tir\u00e9 parti de ses connaissances particuli\u00e8res des effets curatifs des herbes alpines locales.<\/p>\n<p><img loading=\"lazy\" decoding=\"async\" class=\"wp-image-1108 aligncenter\" src=\"https:\/\/www.zurgnadenmutter.com\/wp-content\/uploads\/2016\/03\/apotheke_zur_gadenmutter_michael_Hoelzl.jpg\" alt=\"apotheke_zur_gadenmutter_michael_Hoelzl\" width=\"248\" height=\"300\" srcset=\"https:\/\/www.zurgnadenmutter.com\/wp-content\/uploads\/2016\/03\/apotheke_zur_gadenmutter_michael_Hoelzl.jpg 500w, https:\/\/www.zurgnadenmutter.com\/wp-content\/uploads\/2016\/03\/apotheke_zur_gadenmutter_michael_Hoelzl-165x200.jpg 165w, https:\/\/www.zurgnadenmutter.com\/wp-content\/uploads\/2016\/03\/apotheke_zur_gadenmutter_michael_Hoelzl-248x300.jpg 248w\" sizes=\"auto, (max-width: 248px) 100vw, 248px\" \/><\/p>\n<p>L\u2019archiduc autrichien Johann et le c\u00e9l\u00e8bre po\u00e8te Franz Grillparzer lui ont \u00e9galement demand\u00e9 conseil \u00e0 maintes reprises et ont entrepris des randonn\u00e9es l\u00e9gendaires aux herbes avec lui.<\/p>\n<p>Ses connaissances approfondies et ses recettes secr\u00e8tes ont \u00e9t\u00e9 conserv\u00e9es par la pharmacie. M\u00eame aujourd\u2019hui, ils sont produits \u00e0 la main dans une recette inchang\u00e9e.\u00a0Plus de 400 plantes m\u00e9dicinales et herbes m\u00e9dicinales sont utilis\u00e9es \u2013 les meilleures et les plus reconnues que la nature et la tradition europ\u00e9ennes ont \u00e0 offrir.<\/p>\n<p>L\u2019une des plus anciennes recettes remonte m\u00eame \u00e0 1780. Depuis lors, les \u00ab\u00a0Mariazeller Magentropfen\u00a0\u00bb ont \u00e9t\u00e9 fabriqu\u00e9es \u00e0 la main selon la recette originale. Elles ont acquis une renomm\u00e9e mondiale au d\u00e9but du si\u00e8cle dernier lorsqu\u2019ils ont re\u00e7u les plus hautes r\u00e9compenses pour leur qualit\u00e9 et leur impact lors d\u2019expositions internationales \u00e0 Vienne, Bruxelles, Anvers, Londres et Paris.<\/p>\n<p><img loading=\"lazy\" decoding=\"async\" class=\"alignleft size-large wp-image-824\" src=\"https:\/\/www.zurgnadenmutter.com\/wp-content\/uploads\/2016\/03\/Apotheke-zur-Gnadenmutter_Mariazell-1024x683.jpg\" alt=\"Apotheke-zur-Gnadenmutter_Mariazell\" width=\"1024\" height=\"683\" srcset=\"https:\/\/www.zurgnadenmutter.com\/wp-content\/uploads\/2016\/03\/Apotheke-zur-Gnadenmutter_Mariazell-1024x683.jpg 1024w, https:\/\/www.zurgnadenmutter.com\/wp-content\/uploads\/2016\/03\/Apotheke-zur-Gnadenmutter_Mariazell-200x133.jpg 200w, https:\/\/www.zurgnadenmutter.com\/wp-content\/uploads\/2016\/03\/Apotheke-zur-Gnadenmutter_Mariazell-700x467.jpg 700w, https:\/\/www.zurgnadenmutter.com\/wp-content\/uploads\/2016\/03\/Apotheke-zur-Gnadenmutter_Mariazell-300x200.jpg 300w, https:\/\/www.zurgnadenmutter.com\/wp-content\/uploads\/2016\/03\/Apotheke-zur-Gnadenmutter_Mariazell-768x512.jpg 768w, https:\/\/www.zurgnadenmutter.com\/wp-content\/uploads\/2016\/03\/Apotheke-zur-Gnadenmutter_Mariazell-1280x853.jpg 1280w, https:\/\/www.zurgnadenmutter.com\/wp-content\/uploads\/2016\/03\/Apotheke-zur-Gnadenmutter_Mariazell-1000x667.jpg 1000w, https:\/\/www.zurgnadenmutter.com\/wp-content\/uploads\/2016\/03\/Apotheke-zur-Gnadenmutter_Mariazell.jpg 1500w\" sizes=\"auto, (max-width: 1024px) 100vw, 1024px\" \/><\/p>\n[\/spb_text_block] [spb_column col_sm=\u00a0\u00bb2&Prime; padding_horizontal=\u00a0\u00bb0&Prime; width=\u00a0\u00bb1\/6&Prime; el_position=\u00a0\u00bblast\u00a0\u00bb] [\/spb_column]\n","protected":false},"excerpt":{"rendered":"<p>[spb_column col_sm=\u00a0\u00bb2&Prime; padding_horizontal=\u00a0\u00bb0&Prime; width=\u00a0\u00bb1\/6&Prime; el_position=\u00a0\u00bbfirst\u00a0\u00bb] [\/spb_column] [spb_text_block animation=\u00a0\u00bbnone\u00a0\u00bb animation_delay=\u00a0\u00bb0&Prime; simplified_controls=\u00a0\u00bbyes\u00a0\u00bb custom_css_percentage=\u00a0\u00bbno\u00a0\u00bb padding_vertical=\u00a0\u00bb0&Prime; padding_horizontal=\u00a0\u00bb0&Prime; margin_vertical=\u00a0\u00bb0&Prime; custom_css=\u00a0\u00bbmargin-top: 0px;margin-bottom: 0px;\u00a0\u00bb border_size=\u00a0\u00bb0&Prime; border_styling_global=\u00a0\u00bbdefault\u00a0\u00bb width=\u00a0\u00bb2\/3&Prime;] 300 ans d\u2019histoire et de connaissances sur les effets curatifs&#8230;<\/p>\n","protected":false},"author":1,"featured_media":0,"parent":56558,"menu_order":0,"comment_status":"closed","ping_status":"closed","template":"","meta":{"_acf_changed":false,"footnotes":""},"class_list":["post-56559","page","type-page","status-publish"],"acf":[],"yoast_head":"<!-- This site is optimized with the Yoast SEO plugin v27.2 - https:\/\/yoast.com\/product\/yoast-seo-wordpress\/ -->\n<title>Histoire - Apotheke &amp; Drogerie zur Gnadenmutter - Mariazell<\/title>\n<meta name=\"robots\" content=\"index, follow, max-snippet:-1, max-image-preview:large, max-video-preview:-1\" \/>\n<link rel=\"canonical\" href=\"https:\/\/www.zurgnadenmutter.com\/apotheke\/geschichte\/\" \/>\n<meta property=\"og:locale\" content=\"fr_FR\" \/>\n<meta property=\"og:type\" content=\"article\" \/>\n<meta property=\"og:title\" content=\"Histoire - Apotheke &amp; Drogerie zur Gnadenmutter - Mariazell\" \/>\n<meta property=\"og:description\" content=\"[spb_column col_sm=\u00a0\u00bb2&Prime; padding_horizontal=\u00a0\u00bb0&Prime; width=\u00a0\u00bb1\/6&Prime; el_position=\u00a0\u00bbfirst\u00a0\u00bb] [\/spb_column] [spb_text_block animation=\u00a0\u00bbnone\u00a0\u00bb animation_delay=\u00a0\u00bb0&Prime; simplified_controls=\u00a0\u00bbyes\u00a0\u00bb custom_css_percentage=\u00a0\u00bbno\u00a0\u00bb padding_vertical=\u00a0\u00bb0&Prime; padding_horizontal=\u00a0\u00bb0&Prime; margin_vertical=\u00a0\u00bb0&Prime; custom_css=\u00a0\u00bbmargin-top: 0px;margin-bottom: 0px;\u00a0\u00bb border_size=\u00a0\u00bb0&Prime; border_styling_global=\u00a0\u00bbdefault\u00a0\u00bb width=\u00a0\u00bb2\/3&Prime;] 300 ans d\u2019histoire et de connaissances sur les effets curatifs...\" \/>\n<meta property=\"og:url\" content=\"https:\/\/www.zurgnadenmutter.com\/apotheke\/geschichte\/\" \/>\n<meta property=\"og:site_name\" content=\"Apotheke &amp; Drogerie zur Gnadenmutter - Mariazell\" \/>\n<meta property=\"og:image\" content=\"https:\/\/www.zurgnadenmutter.com\/wp-content\/uploads\/2016\/03\/Apotheke-zur-Gnadenmutter_alt-1024x683.jpg\" \/>\n<meta name=\"twitter:card\" content=\"summary_large_image\" \/>\n<meta name=\"twitter:label1\" content=\"Dur\u00e9e de lecture estim\u00e9e\" \/>\n\t<meta name=\"twitter:data1\" content=\"2 minutes\" \/>\n<script type=\"application\/ld+json\" class=\"yoast-schema-graph\">{\"@context\":\"https:\/\/schema.org\",\"@graph\":[{\"@type\":\"WebPage\",\"@id\":\"https:\/\/www.zurgnadenmutter.com\/apotheke\/geschichte\/\",\"url\":\"https:\/\/www.zurgnadenmutter.com\/apotheke\/geschichte\/\",\"name\":\"Histoire - Apotheke &amp; Drogerie zur Gnadenmutter - Mariazell\",\"isPartOf\":{\"@id\":\"https:\/\/www.zurgnadenmutter.com\/#website\"},\"primaryImageOfPage\":{\"@id\":\"https:\/\/www.zurgnadenmutter.com\/apotheke\/geschichte\/#primaryimage\"},\"image\":{\"@id\":\"https:\/\/www.zurgnadenmutter.com\/apotheke\/geschichte\/#primaryimage\"},\"thumbnailUrl\":\"https:\/\/www.zurgnadenmutter.com\/wp-content\/uploads\/2016\/03\/Apotheke-zur-Gnadenmutter_alt-1024x683.jpg\",\"datePublished\":\"2023-06-04T18:51:25+00:00\",\"breadcrumb\":{\"@id\":\"https:\/\/www.zurgnadenmutter.com\/apotheke\/geschichte\/#breadcrumb\"},\"inLanguage\":\"fr-FR\",\"potentialAction\":[{\"@type\":\"ReadAction\",\"target\":[\"https:\/\/www.zurgnadenmutter.com\/apotheke\/geschichte\/\"]}]},{\"@type\":\"ImageObject\",\"inLanguage\":\"fr-FR\",\"@id\":\"https:\/\/www.zurgnadenmutter.com\/apotheke\/geschichte\/#primaryimage\",\"url\":\"https:\/\/www.zurgnadenmutter.com\/wp-content\/uploads\/2016\/03\/Apotheke-zur-Gnadenmutter_alt-1024x683.jpg\",\"contentUrl\":\"https:\/\/www.zurgnadenmutter.com\/wp-content\/uploads\/2016\/03\/Apotheke-zur-Gnadenmutter_alt-1024x683.jpg\"},{\"@type\":\"BreadcrumbList\",\"@id\":\"https:\/\/www.zurgnadenmutter.com\/apotheke\/geschichte\/#breadcrumb\",\"itemListElement\":[{\"@type\":\"ListItem\",\"position\":1,\"name\":\"Startseite\",\"item\":\"https:\/\/www.zurgnadenmutter.com\/fr\/\"},{\"@type\":\"ListItem\",\"position\":2,\"name\":\"Notre philosophie\",\"item\":\"https:\/\/www.zurgnadenmutter.com\/apotheke\/\"},{\"@type\":\"ListItem\",\"position\":3,\"name\":\"Histoire\"}]},{\"@type\":\"WebSite\",\"@id\":\"https:\/\/www.zurgnadenmutter.com\/#website\",\"url\":\"https:\/\/www.zurgnadenmutter.com\/\",\"name\":\"Apotheke &amp; Drogerie zur Gnadenmutter - Mariazell\",\"description\":\"Apotheke Mariazell\",\"potentialAction\":[{\"@type\":\"SearchAction\",\"target\":{\"@type\":\"EntryPoint\",\"urlTemplate\":\"https:\/\/www.zurgnadenmutter.com\/?s={search_term_string}\"},\"query-input\":{\"@type\":\"PropertyValueSpecification\",\"valueRequired\":true,\"valueName\":\"search_term_string\"}}],\"inLanguage\":\"fr-FR\"}]}<\/script>\n<!-- \/ Yoast SEO plugin. -->","yoast_head_json":{"title":"Histoire - Apotheke &amp; Drogerie zur Gnadenmutter - Mariazell","robots":{"index":"index","follow":"follow","max-snippet":"max-snippet:-1","max-image-preview":"max-image-preview:large","max-video-preview":"max-video-preview:-1"},"canonical":"https:\/\/www.zurgnadenmutter.com\/apotheke\/geschichte\/","og_locale":"fr_FR","og_type":"article","og_title":"Histoire - Apotheke &amp; Drogerie zur Gnadenmutter - Mariazell","og_description":"[spb_column col_sm=\u00a0\u00bb2&Prime; padding_horizontal=\u00a0\u00bb0&Prime; width=\u00a0\u00bb1\/6&Prime; el_position=\u00a0\u00bbfirst\u00a0\u00bb] [\/spb_column] [spb_text_block animation=\u00a0\u00bbnone\u00a0\u00bb animation_delay=\u00a0\u00bb0&Prime; simplified_controls=\u00a0\u00bbyes\u00a0\u00bb custom_css_percentage=\u00a0\u00bbno\u00a0\u00bb padding_vertical=\u00a0\u00bb0&Prime; padding_horizontal=\u00a0\u00bb0&Prime; margin_vertical=\u00a0\u00bb0&Prime; custom_css=\u00a0\u00bbmargin-top: 0px;margin-bottom: 0px;\u00a0\u00bb border_size=\u00a0\u00bb0&Prime; border_styling_global=\u00a0\u00bbdefault\u00a0\u00bb width=\u00a0\u00bb2\/3&Prime;] 300 ans d\u2019histoire et de connaissances sur les effets curatifs...","og_url":"https:\/\/www.zurgnadenmutter.com\/apotheke\/geschichte\/","og_site_name":"Apotheke &amp; Drogerie zur Gnadenmutter - Mariazell","og_image":[{"url":"https:\/\/www.zurgnadenmutter.com\/wp-content\/uploads\/2016\/03\/Apotheke-zur-Gnadenmutter_alt-1024x683.jpg","type":"","width":"","height":""}],"twitter_card":"summary_large_image","twitter_misc":{"Dur\u00e9e de lecture estim\u00e9e":"2 minutes"},"schema":{"@context":"https:\/\/schema.org","@graph":[{"@type":"WebPage","@id":"https:\/\/www.zurgnadenmutter.com\/apotheke\/geschichte\/","url":"https:\/\/www.zurgnadenmutter.com\/apotheke\/geschichte\/","name":"Histoire - Apotheke &amp; Drogerie zur Gnadenmutter - Mariazell","isPartOf":{"@id":"https:\/\/www.zurgnadenmutter.com\/#website"},"primaryImageOfPage":{"@id":"https:\/\/www.zurgnadenmutter.com\/apotheke\/geschichte\/#primaryimage"},"image":{"@id":"https:\/\/www.zurgnadenmutter.com\/apotheke\/geschichte\/#primaryimage"},"thumbnailUrl":"https:\/\/www.zurgnadenmutter.com\/wp-content\/uploads\/2016\/03\/Apotheke-zur-Gnadenmutter_alt-1024x683.jpg","datePublished":"2023-06-04T18:51:25+00:00","breadcrumb":{"@id":"https:\/\/www.zurgnadenmutter.com\/apotheke\/geschichte\/#breadcrumb"},"inLanguage":"fr-FR","potentialAction":[{"@type":"ReadAction","target":["https:\/\/www.zurgnadenmutter.com\/apotheke\/geschichte\/"]}]},{"@type":"ImageObject","inLanguage":"fr-FR","@id":"https:\/\/www.zurgnadenmutter.com\/apotheke\/geschichte\/#primaryimage","url":"https:\/\/www.zurgnadenmutter.com\/wp-content\/uploads\/2016\/03\/Apotheke-zur-Gnadenmutter_alt-1024x683.jpg","contentUrl":"https:\/\/www.zurgnadenmutter.com\/wp-content\/uploads\/2016\/03\/Apotheke-zur-Gnadenmutter_alt-1024x683.jpg"},{"@type":"BreadcrumbList","@id":"https:\/\/www.zurgnadenmutter.com\/apotheke\/geschichte\/#breadcrumb","itemListElement":[{"@type":"ListItem","position":1,"name":"Startseite","item":"https:\/\/www.zurgnadenmutter.com\/fr\/"},{"@type":"ListItem","position":2,"name":"Notre philosophie","item":"https:\/\/www.zurgnadenmutter.com\/apotheke\/"},{"@type":"ListItem","position":3,"name":"Histoire"}]},{"@type":"WebSite","@id":"https:\/\/www.zurgnadenmutter.com\/#website","url":"https:\/\/www.zurgnadenmutter.com\/","name":"Apotheke &amp; Drogerie zur Gnadenmutter - Mariazell","description":"Apotheke Mariazell","potentialAction":[{"@type":"SearchAction","target":{"@type":"EntryPoint","urlTemplate":"https:\/\/www.zurgnadenmutter.com\/?s={search_term_string}"},"query-input":{"@type":"PropertyValueSpecification","valueRequired":true,"valueName":"search_term_string"}}],"inLanguage":"fr-FR"}]}},"_links":{"self":[{"href":"https:\/\/www.zurgnadenmutter.com\/fr\/wp-json\/wp\/v2\/pages\/56559","targetHints":{"allow":["GET"]}}],"collection":[{"href":"https:\/\/www.zurgnadenmutter.com\/fr\/wp-json\/wp\/v2\/pages"}],"about":[{"href":"https:\/\/www.zurgnadenmutter.com\/fr\/wp-json\/wp\/v2\/types\/page"}],"author":[{"embeddable":true,"href":"https:\/\/www.zurgnadenmutter.com\/fr\/wp-json\/wp\/v2\/users\/1"}],"replies":[{"embeddable":true,"href":"https:\/\/www.zurgnadenmutter.com\/fr\/wp-json\/wp\/v2\/comments?post=56559"}],"version-history":[{"count":2,"href":"https:\/\/www.zurgnadenmutter.com\/fr\/wp-json\/wp\/v2\/pages\/56559\/revisions"}],"predecessor-version":[{"id":56563,"href":"https:\/\/www.zurgnadenmutter.com\/fr\/wp-json\/wp\/v2\/pages\/56559\/revisions\/56563"}],"up":[{"embeddable":true,"href":"https:\/\/www.zurgnadenmutter.com\/fr\/wp-json\/wp\/v2\/pages\/56558"}],"wp:attachment":[{"href":"https:\/\/www.zurgnadenmutter.com\/fr\/wp-json\/wp\/v2\/media?parent=56559"}],"curies":[{"name":"wp","href":"https:\/\/api.w.org\/{rel}","templated":true}]}}