{"id":47593,"date":"2020-04-02T11:53:11","date_gmt":"2023-01-10T11:04:28","guid":{"rendered":"https:\/\/www.zurgnadenmutter.com\/shop\/plantas-medicinales-para-los-nervios-la-psique-y-el-sueno\/"},"modified":"2023-01-10T12:04:28","modified_gmt":"2023-01-10T11:04:28","slug":"plantas-medicinales-para-nervios-psique-y-sueno","status":"publish","type":"product","link":"https:\/\/www.zurgnadenmutter.com\/es\/produkt\/plantas-medicinales-para-nervios-psique-y-sueno\/","title":{"rendered":"Plantas medicinales para los nervios, la psique y el sue\u00f1o"},"content":{"rendered":"","protected":false},"excerpt":{"rendered":"<p>Este libro est\u00e1 dedicado a las plantas medicinales europeas que pueden tener un efecto positivo sobre la psique y el sistema nervioso. Al comienzo, una breve secci\u00f3n b\u00e1sica explica los conocimientos b\u00e1sicos desde la perspectiva de la medicina tradicional europea. La parte m\u00e1s amplia ofrece una visi\u00f3n general de qu\u00e9 plantas medicinales funcionan para qu\u00e9 indicaciones a nivel f\u00edsico y psicol\u00f3gico, de modo que las respectivas plantas medicinales se presentan mediante palabras e im\u00e1genes con su efecto, aplicaci\u00f3n y posibilidades de preparaci\u00f3n, ordenadas seg\u00fan el cuadro cl\u00ednico.<\/p>\n","protected":false},"featured_media":44165,"comment_status":"closed","ping_status":"closed","template":"","meta":{"_acf_changed":false},"product_brand":[],"product_cat":[418],"product_tag":[],"class_list":{"0":"post-47593","1":"product","2":"type-product","3":"status-publish","4":"has-post-thumbnail","6":"product_cat-libros","8":"first","9":"instock","10":"taxable","11":"shipping-taxable","12":"purchasable","13":"product-type-simple"},"acf":[],"yoast_head":"<!-- This site is optimized with the Yoast SEO plugin v27.2 - https:\/\/yoast.com\/product\/yoast-seo-wordpress\/ -->\n<title>Plantas medicinales para los nervios, la psique y el sue\u00f1o - Apotheke &amp; Drogerie zur Gnadenmutter - Mariazell<\/title>\n<meta name=\"robots\" content=\"index, follow, max-snippet:-1, max-image-preview:large, max-video-preview:-1\" \/>\n<link rel=\"canonical\" href=\"https:\/\/www.zurgnadenmutter.com\/es\/produkt\/plantas-medicinales-para-nervios-psique-y-sueno\/\" \/>\n<meta property=\"og:locale\" content=\"es_ES\" \/>\n<meta property=\"og:type\" content=\"article\" \/>\n<meta property=\"og:title\" content=\"Plantas medicinales para los nervios, la psique y el sue\u00f1o - Apotheke &amp; Drogerie zur Gnadenmutter - Mariazell\" \/>\n<meta property=\"og:description\" content=\"Este libro est\u00e1 dedicado a las plantas medicinales europeas que pueden tener un efecto positivo sobre la psique y el sistema nervioso. Al comienzo, una breve secci\u00f3n b\u00e1sica explica los conocimientos b\u00e1sicos desde la perspectiva de la medicina tradicional europea. La parte m\u00e1s amplia ofrece una visi\u00f3n general de qu\u00e9 plantas medicinales funcionan para qu\u00e9 indicaciones a nivel f\u00edsico y psicol\u00f3gico, de modo que las respectivas plantas medicinales se presentan mediante palabras e im\u00e1genes con su efecto, aplicaci\u00f3n y posibilidades de preparaci\u00f3n, ordenadas seg\u00fan el cuadro cl\u00ednico.\" \/>\n<meta property=\"og:url\" content=\"https:\/\/www.zurgnadenmutter.com\/es\/produkt\/plantas-medicinales-para-nervios-psique-y-sueno\/\" \/>\n<meta property=\"og:site_name\" content=\"Apotheke &amp; Drogerie zur Gnadenmutter - Mariazell\" \/>\n<meta property=\"og:image\" content=\"https:\/\/www.zurgnadenmutter.com\/wp-content\/uploads\/2020\/04\/Heilpflanzen-f\u00fcr-Nerven-Psyche-und-Schlaf.jpg\" \/>\n\t<meta property=\"og:image:width\" content=\"306\" \/>\n\t<meta property=\"og:image:height\" content=\"463\" \/>\n\t<meta property=\"og:image:type\" content=\"image\/jpeg\" \/>\n<meta name=\"twitter:card\" content=\"summary_large_image\" \/>\n<script type=\"application\/ld+json\" class=\"yoast-schema-graph\">{\"@context\":\"https:\/\/schema.org\",\"@graph\":[{\"@type\":\"WebPage\",\"@id\":\"https:\/\/www.zurgnadenmutter.com\/es\/produkt\/plantas-medicinales-para-nervios-psique-y-sueno\/\",\"url\":\"https:\/\/www.zurgnadenmutter.com\/es\/produkt\/plantas-medicinales-para-nervios-psique-y-sueno\/\",\"name\":\"Plantas medicinales para los nervios, la psique y el sue\u00f1o - Apotheke &amp; Drogerie zur Gnadenmutter - Mariazell\",\"isPartOf\":{\"@id\":\"https:\/\/www.zurgnadenmutter.com\/#website\"},\"primaryImageOfPage\":{\"@id\":\"https:\/\/www.zurgnadenmutter.com\/es\/produkt\/plantas-medicinales-para-nervios-psique-y-sueno\/#primaryimage\"},\"image\":{\"@id\":\"https:\/\/www.zurgnadenmutter.com\/es\/produkt\/plantas-medicinales-para-nervios-psique-y-sueno\/#primaryimage\"},\"thumbnailUrl\":\"https:\/\/www.zurgnadenmutter.com\/wp-content\/uploads\/2020\/04\/Heilpflanzen-f\u00fcr-Nerven-Psyche-und-Schlaf.jpg\",\"datePublished\":\"2023-01-10T11:04:28+00:00\",\"breadcrumb\":{\"@id\":\"https:\/\/www.zurgnadenmutter.com\/es\/produkt\/plantas-medicinales-para-nervios-psique-y-sueno\/#breadcrumb\"},\"inLanguage\":\"es\",\"potentialAction\":[{\"@type\":\"ReadAction\",\"target\":[\"https:\/\/www.zurgnadenmutter.com\/es\/produkt\/plantas-medicinales-para-nervios-psique-y-sueno\/\"]}]},{\"@type\":\"ImageObject\",\"inLanguage\":\"es\",\"@id\":\"https:\/\/www.zurgnadenmutter.com\/es\/produkt\/plantas-medicinales-para-nervios-psique-y-sueno\/#primaryimage\",\"url\":\"https:\/\/www.zurgnadenmutter.com\/wp-content\/uploads\/2020\/04\/Heilpflanzen-f\u00fcr-Nerven-Psyche-und-Schlaf.jpg\",\"contentUrl\":\"https:\/\/www.zurgnadenmutter.com\/wp-content\/uploads\/2020\/04\/Heilpflanzen-f\u00fcr-Nerven-Psyche-und-Schlaf.jpg\",\"width\":306,\"height\":463},{\"@type\":\"BreadcrumbList\",\"@id\":\"https:\/\/www.zurgnadenmutter.com\/es\/produkt\/plantas-medicinales-para-nervios-psique-y-sueno\/#breadcrumb\",\"itemListElement\":[{\"@type\":\"ListItem\",\"position\":1,\"name\":\"Startseite\",\"item\":\"https:\/\/www.zurgnadenmutter.com\/es\/\"},{\"@type\":\"ListItem\",\"position\":2,\"name\":\"Tienda\",\"item\":\"https:\/\/www.zurgnadenmutter.com\/es\/tienda\/\"},{\"@type\":\"ListItem\",\"position\":3,\"name\":\"Plantas medicinales para los nervios, la psique y el sue\u00f1o\"}]},{\"@type\":\"WebSite\",\"@id\":\"https:\/\/www.zurgnadenmutter.com\/#website\",\"url\":\"https:\/\/www.zurgnadenmutter.com\/\",\"name\":\"Apotheke &amp; Drogerie zur Gnadenmutter - Mariazell\",\"description\":\"Apotheke Mariazell\",\"potentialAction\":[{\"@type\":\"SearchAction\",\"target\":{\"@type\":\"EntryPoint\",\"urlTemplate\":\"https:\/\/www.zurgnadenmutter.com\/?s={search_term_string}\"},\"query-input\":{\"@type\":\"PropertyValueSpecification\",\"valueRequired\":true,\"valueName\":\"search_term_string\"}}],\"inLanguage\":\"es\"}]}<\/script>\n<!-- \/ Yoast SEO plugin. -->","yoast_head_json":{"title":"Plantas medicinales para los nervios, la psique y el sue\u00f1o - Apotheke &amp; Drogerie zur Gnadenmutter - Mariazell","robots":{"index":"index","follow":"follow","max-snippet":"max-snippet:-1","max-image-preview":"max-image-preview:large","max-video-preview":"max-video-preview:-1"},"canonical":"https:\/\/www.zurgnadenmutter.com\/es\/produkt\/plantas-medicinales-para-nervios-psique-y-sueno\/","og_locale":"es_ES","og_type":"article","og_title":"Plantas medicinales para los nervios, la psique y el sue\u00f1o - Apotheke &amp; Drogerie zur Gnadenmutter - Mariazell","og_description":"Este libro est\u00e1 dedicado a las plantas medicinales europeas que pueden tener un efecto positivo sobre la psique y el sistema nervioso. Al comienzo, una breve secci\u00f3n b\u00e1sica explica los conocimientos b\u00e1sicos desde la perspectiva de la medicina tradicional europea. La parte m\u00e1s amplia ofrece una visi\u00f3n general de qu\u00e9 plantas medicinales funcionan para qu\u00e9 indicaciones a nivel f\u00edsico y psicol\u00f3gico, de modo que las respectivas plantas medicinales se presentan mediante palabras e im\u00e1genes con su efecto, aplicaci\u00f3n y posibilidades de preparaci\u00f3n, ordenadas seg\u00fan el cuadro cl\u00ednico.","og_url":"https:\/\/www.zurgnadenmutter.com\/es\/produkt\/plantas-medicinales-para-nervios-psique-y-sueno\/","og_site_name":"Apotheke &amp; Drogerie zur Gnadenmutter - Mariazell","og_image":[{"width":306,"height":463,"url":"https:\/\/www.zurgnadenmutter.com\/wp-content\/uploads\/2020\/04\/Heilpflanzen-f\u00fcr-Nerven-Psyche-und-Schlaf.jpg","type":"image\/jpeg"}],"twitter_card":"summary_large_image","schema":{"@context":"https:\/\/schema.org","@graph":[{"@type":"WebPage","@id":"https:\/\/www.zurgnadenmutter.com\/es\/produkt\/plantas-medicinales-para-nervios-psique-y-sueno\/","url":"https:\/\/www.zurgnadenmutter.com\/es\/produkt\/plantas-medicinales-para-nervios-psique-y-sueno\/","name":"Plantas medicinales para los nervios, la psique y el sue\u00f1o - Apotheke &amp; Drogerie zur Gnadenmutter - Mariazell","isPartOf":{"@id":"https:\/\/www.zurgnadenmutter.com\/#website"},"primaryImageOfPage":{"@id":"https:\/\/www.zurgnadenmutter.com\/es\/produkt\/plantas-medicinales-para-nervios-psique-y-sueno\/#primaryimage"},"image":{"@id":"https:\/\/www.zurgnadenmutter.com\/es\/produkt\/plantas-medicinales-para-nervios-psique-y-sueno\/#primaryimage"},"thumbnailUrl":"https:\/\/www.zurgnadenmutter.com\/wp-content\/uploads\/2020\/04\/Heilpflanzen-f\u00fcr-Nerven-Psyche-und-Schlaf.jpg","datePublished":"2023-01-10T11:04:28+00:00","breadcrumb":{"@id":"https:\/\/www.zurgnadenmutter.com\/es\/produkt\/plantas-medicinales-para-nervios-psique-y-sueno\/#breadcrumb"},"inLanguage":"es","potentialAction":[{"@type":"ReadAction","target":["https:\/\/www.zurgnadenmutter.com\/es\/produkt\/plantas-medicinales-para-nervios-psique-y-sueno\/"]}]},{"@type":"ImageObject","inLanguage":"es","@id":"https:\/\/www.zurgnadenmutter.com\/es\/produkt\/plantas-medicinales-para-nervios-psique-y-sueno\/#primaryimage","url":"https:\/\/www.zurgnadenmutter.com\/wp-content\/uploads\/2020\/04\/Heilpflanzen-f\u00fcr-Nerven-Psyche-und-Schlaf.jpg","contentUrl":"https:\/\/www.zurgnadenmutter.com\/wp-content\/uploads\/2020\/04\/Heilpflanzen-f\u00fcr-Nerven-Psyche-und-Schlaf.jpg","width":306,"height":463},{"@type":"BreadcrumbList","@id":"https:\/\/www.zurgnadenmutter.com\/es\/produkt\/plantas-medicinales-para-nervios-psique-y-sueno\/#breadcrumb","itemListElement":[{"@type":"ListItem","position":1,"name":"Startseite","item":"https:\/\/www.zurgnadenmutter.com\/es\/"},{"@type":"ListItem","position":2,"name":"Tienda","item":"https:\/\/www.zurgnadenmutter.com\/es\/tienda\/"},{"@type":"ListItem","position":3,"name":"Plantas medicinales para los nervios, la psique y el sue\u00f1o"}]},{"@type":"WebSite","@id":"https:\/\/www.zurgnadenmutter.com\/#website","url":"https:\/\/www.zurgnadenmutter.com\/","name":"Apotheke &amp; Drogerie zur Gnadenmutter - Mariazell","description":"Apotheke Mariazell","potentialAction":[{"@type":"SearchAction","target":{"@type":"EntryPoint","urlTemplate":"https:\/\/www.zurgnadenmutter.com\/?s={search_term_string}"},"query-input":{"@type":"PropertyValueSpecification","valueRequired":true,"valueName":"search_term_string"}}],"inLanguage":"es"}]}},"_links":{"self":[{"href":"https:\/\/www.zurgnadenmutter.com\/es\/wp-json\/wp\/v2\/product\/47593","targetHints":{"allow":["GET"]}}],"collection":[{"href":"https:\/\/www.zurgnadenmutter.com\/es\/wp-json\/wp\/v2\/product"}],"about":[{"href":"https:\/\/www.zurgnadenmutter.com\/es\/wp-json\/wp\/v2\/types\/product"}],"replies":[{"embeddable":true,"href":"https:\/\/www.zurgnadenmutter.com\/es\/wp-json\/wp\/v2\/comments?post=47593"}],"wp:featuredmedia":[{"embeddable":true,"href":"https:\/\/www.zurgnadenmutter.com\/es\/wp-json\/wp\/v2\/media\/44165"}],"wp:attachment":[{"href":"https:\/\/www.zurgnadenmutter.com\/es\/wp-json\/wp\/v2\/media?parent=47593"}],"wp:term":[{"taxonomy":"product_brand","embeddable":true,"href":"https:\/\/www.zurgnadenmutter.com\/es\/wp-json\/wp\/v2\/product_brand?post=47593"},{"taxonomy":"product_cat","embeddable":true,"href":"https:\/\/www.zurgnadenmutter.com\/es\/wp-json\/wp\/v2\/product_cat?post=47593"},{"taxonomy":"product_tag","embeddable":true,"href":"https:\/\/www.zurgnadenmutter.com\/es\/wp-json\/wp\/v2\/product_tag?post=47593"}],"curies":[{"name":"wp","href":"https:\/\/api.w.org\/{rel}","templated":true}]}}