{"id":47540,"date":"2018-06-22T11:35:44","date_gmt":"2018-06-22T09:35:44","guid":{"rendered":"https:\/\/www.zurgnadenmutter.com\/shop\/gotas-de-espino-blanco\/"},"modified":"2023-01-10T12:04:19","modified_gmt":"2023-01-10T11:04:19","slug":"gotas-de-espino-blanco","status":"publish","type":"product","link":"https:\/\/www.zurgnadenmutter.com\/es\/produkt\/gotas-de-espino-blanco\/","title":{"rendered":"Gotas de espino blanco"},"content":{"rendered":"<p>Reconstituyente suave para el coraz\u00f3n. Promueve la circulaci\u00f3n de la sangre en los vasos coronarios, fortalece el coraz\u00f3n, ayuda a mantener un ritmo card\u00edaco saludable.<\/p>\n","protected":false},"excerpt":{"rendered":"<p>Un reconstituyente suave para el coraz\u00f3n<\/p>\n","protected":false},"featured_media":80399,"comment_status":"closed","ping_status":"closed","template":"","meta":{"_acf_changed":false},"product_brand":[],"product_cat":[421],"product_tag":[],"class_list":{"0":"post-47540","1":"product","2":"type-product","3":"status-publish","4":"has-post-thumbnail","6":"product_cat-gotas-de-hierbas","8":"first","9":"instock","10":"taxable","11":"shipping-taxable","12":"purchasable","13":"product-type-simple"},"acf":[],"yoast_head":"<!-- This site is optimized with the Yoast SEO plugin v27.2 - https:\/\/yoast.com\/product\/yoast-seo-wordpress\/ -->\n<title>Gotas de espino blanco - Apotheke &amp; Drogerie zur Gnadenmutter - Mariazell<\/title>\n<meta name=\"robots\" content=\"index, follow, max-snippet:-1, max-image-preview:large, max-video-preview:-1\" \/>\n<link rel=\"canonical\" href=\"https:\/\/www.zurgnadenmutter.com\/es\/produkt\/gotas-de-espino-blanco\/\" \/>\n<meta property=\"og:locale\" content=\"es_ES\" \/>\n<meta property=\"og:type\" content=\"article\" \/>\n<meta property=\"og:title\" content=\"Gotas de espino blanco - Apotheke &amp; Drogerie zur Gnadenmutter - Mariazell\" \/>\n<meta property=\"og:description\" content=\"Un reconstituyente suave para el coraz\u00f3n\" \/>\n<meta property=\"og:url\" content=\"https:\/\/www.zurgnadenmutter.com\/es\/produkt\/gotas-de-espino-blanco\/\" \/>\n<meta property=\"og:site_name\" content=\"Apotheke &amp; Drogerie zur Gnadenmutter - Mariazell\" \/>\n<meta property=\"article:modified_time\" content=\"2023-01-10T11:04:19+00:00\" \/>\n<meta property=\"og:image\" content=\"https:\/\/www.zurgnadenmutter.com\/wp-content\/uploads\/2018\/06\/Weissdornknospentropfen_2025.png\" \/>\n\t<meta property=\"og:image:width\" content=\"1050\" \/>\n\t<meta property=\"og:image:height\" content=\"1400\" \/>\n\t<meta property=\"og:image:type\" content=\"image\/png\" \/>\n<meta name=\"twitter:card\" content=\"summary_large_image\" \/>\n<script type=\"application\/ld+json\" class=\"yoast-schema-graph\">{\"@context\":\"https:\/\/schema.org\",\"@graph\":[{\"@type\":\"WebPage\",\"@id\":\"https:\/\/www.zurgnadenmutter.com\/es\/produkt\/gotas-de-espino-blanco\/\",\"url\":\"https:\/\/www.zurgnadenmutter.com\/es\/produkt\/gotas-de-espino-blanco\/\",\"name\":\"Gotas de espino blanco - Apotheke &amp; Drogerie zur Gnadenmutter - Mariazell\",\"isPartOf\":{\"@id\":\"https:\/\/www.zurgnadenmutter.com\/#website\"},\"primaryImageOfPage\":{\"@id\":\"https:\/\/www.zurgnadenmutter.com\/es\/produkt\/gotas-de-espino-blanco\/#primaryimage\"},\"image\":{\"@id\":\"https:\/\/www.zurgnadenmutter.com\/es\/produkt\/gotas-de-espino-blanco\/#primaryimage\"},\"thumbnailUrl\":\"https:\/\/www.zurgnadenmutter.com\/wp-content\/uploads\/2018\/06\/Weissdornknospentropfen_2025.png\",\"datePublished\":\"2018-06-22T09:35:44+00:00\",\"dateModified\":\"2023-01-10T11:04:19+00:00\",\"breadcrumb\":{\"@id\":\"https:\/\/www.zurgnadenmutter.com\/es\/produkt\/gotas-de-espino-blanco\/#breadcrumb\"},\"inLanguage\":\"es\",\"potentialAction\":[{\"@type\":\"ReadAction\",\"target\":[\"https:\/\/www.zurgnadenmutter.com\/es\/produkt\/gotas-de-espino-blanco\/\"]}]},{\"@type\":\"ImageObject\",\"inLanguage\":\"es\",\"@id\":\"https:\/\/www.zurgnadenmutter.com\/es\/produkt\/gotas-de-espino-blanco\/#primaryimage\",\"url\":\"https:\/\/www.zurgnadenmutter.com\/wp-content\/uploads\/2018\/06\/Weissdornknospentropfen_2025.png\",\"contentUrl\":\"https:\/\/www.zurgnadenmutter.com\/wp-content\/uploads\/2018\/06\/Weissdornknospentropfen_2025.png\",\"width\":1050,\"height\":1400},{\"@type\":\"BreadcrumbList\",\"@id\":\"https:\/\/www.zurgnadenmutter.com\/es\/produkt\/gotas-de-espino-blanco\/#breadcrumb\",\"itemListElement\":[{\"@type\":\"ListItem\",\"position\":1,\"name\":\"Startseite\",\"item\":\"https:\/\/www.zurgnadenmutter.com\/es\/\"},{\"@type\":\"ListItem\",\"position\":2,\"name\":\"Tienda\",\"item\":\"https:\/\/www.zurgnadenmutter.com\/es\/tienda\/\"},{\"@type\":\"ListItem\",\"position\":3,\"name\":\"Gotas de espino blanco\"}]},{\"@type\":\"WebSite\",\"@id\":\"https:\/\/www.zurgnadenmutter.com\/#website\",\"url\":\"https:\/\/www.zurgnadenmutter.com\/\",\"name\":\"Apotheke &amp; Drogerie zur Gnadenmutter - Mariazell\",\"description\":\"Apotheke Mariazell\",\"potentialAction\":[{\"@type\":\"SearchAction\",\"target\":{\"@type\":\"EntryPoint\",\"urlTemplate\":\"https:\/\/www.zurgnadenmutter.com\/?s={search_term_string}\"},\"query-input\":{\"@type\":\"PropertyValueSpecification\",\"valueRequired\":true,\"valueName\":\"search_term_string\"}}],\"inLanguage\":\"es\"}]}<\/script>\n<!-- \/ Yoast SEO plugin. -->","yoast_head_json":{"title":"Gotas de espino blanco - Apotheke &amp; Drogerie zur Gnadenmutter - Mariazell","robots":{"index":"index","follow":"follow","max-snippet":"max-snippet:-1","max-image-preview":"max-image-preview:large","max-video-preview":"max-video-preview:-1"},"canonical":"https:\/\/www.zurgnadenmutter.com\/es\/produkt\/gotas-de-espino-blanco\/","og_locale":"es_ES","og_type":"article","og_title":"Gotas de espino blanco - Apotheke &amp; Drogerie zur Gnadenmutter - Mariazell","og_description":"Un reconstituyente suave para el coraz\u00f3n","og_url":"https:\/\/www.zurgnadenmutter.com\/es\/produkt\/gotas-de-espino-blanco\/","og_site_name":"Apotheke &amp; Drogerie zur Gnadenmutter - Mariazell","article_modified_time":"2023-01-10T11:04:19+00:00","og_image":[{"width":1050,"height":1400,"url":"https:\/\/www.zurgnadenmutter.com\/wp-content\/uploads\/2018\/06\/Weissdornknospentropfen_2025.png","type":"image\/png"}],"twitter_card":"summary_large_image","schema":{"@context":"https:\/\/schema.org","@graph":[{"@type":"WebPage","@id":"https:\/\/www.zurgnadenmutter.com\/es\/produkt\/gotas-de-espino-blanco\/","url":"https:\/\/www.zurgnadenmutter.com\/es\/produkt\/gotas-de-espino-blanco\/","name":"Gotas de espino blanco - Apotheke &amp; Drogerie zur Gnadenmutter - Mariazell","isPartOf":{"@id":"https:\/\/www.zurgnadenmutter.com\/#website"},"primaryImageOfPage":{"@id":"https:\/\/www.zurgnadenmutter.com\/es\/produkt\/gotas-de-espino-blanco\/#primaryimage"},"image":{"@id":"https:\/\/www.zurgnadenmutter.com\/es\/produkt\/gotas-de-espino-blanco\/#primaryimage"},"thumbnailUrl":"https:\/\/www.zurgnadenmutter.com\/wp-content\/uploads\/2018\/06\/Weissdornknospentropfen_2025.png","datePublished":"2018-06-22T09:35:44+00:00","dateModified":"2023-01-10T11:04:19+00:00","breadcrumb":{"@id":"https:\/\/www.zurgnadenmutter.com\/es\/produkt\/gotas-de-espino-blanco\/#breadcrumb"},"inLanguage":"es","potentialAction":[{"@type":"ReadAction","target":["https:\/\/www.zurgnadenmutter.com\/es\/produkt\/gotas-de-espino-blanco\/"]}]},{"@type":"ImageObject","inLanguage":"es","@id":"https:\/\/www.zurgnadenmutter.com\/es\/produkt\/gotas-de-espino-blanco\/#primaryimage","url":"https:\/\/www.zurgnadenmutter.com\/wp-content\/uploads\/2018\/06\/Weissdornknospentropfen_2025.png","contentUrl":"https:\/\/www.zurgnadenmutter.com\/wp-content\/uploads\/2018\/06\/Weissdornknospentropfen_2025.png","width":1050,"height":1400},{"@type":"BreadcrumbList","@id":"https:\/\/www.zurgnadenmutter.com\/es\/produkt\/gotas-de-espino-blanco\/#breadcrumb","itemListElement":[{"@type":"ListItem","position":1,"name":"Startseite","item":"https:\/\/www.zurgnadenmutter.com\/es\/"},{"@type":"ListItem","position":2,"name":"Tienda","item":"https:\/\/www.zurgnadenmutter.com\/es\/tienda\/"},{"@type":"ListItem","position":3,"name":"Gotas de espino blanco"}]},{"@type":"WebSite","@id":"https:\/\/www.zurgnadenmutter.com\/#website","url":"https:\/\/www.zurgnadenmutter.com\/","name":"Apotheke &amp; Drogerie zur Gnadenmutter - Mariazell","description":"Apotheke Mariazell","potentialAction":[{"@type":"SearchAction","target":{"@type":"EntryPoint","urlTemplate":"https:\/\/www.zurgnadenmutter.com\/?s={search_term_string}"},"query-input":{"@type":"PropertyValueSpecification","valueRequired":true,"valueName":"search_term_string"}}],"inLanguage":"es"}]}},"_links":{"self":[{"href":"https:\/\/www.zurgnadenmutter.com\/es\/wp-json\/wp\/v2\/product\/47540","targetHints":{"allow":["GET"]}}],"collection":[{"href":"https:\/\/www.zurgnadenmutter.com\/es\/wp-json\/wp\/v2\/product"}],"about":[{"href":"https:\/\/www.zurgnadenmutter.com\/es\/wp-json\/wp\/v2\/types\/product"}],"replies":[{"embeddable":true,"href":"https:\/\/www.zurgnadenmutter.com\/es\/wp-json\/wp\/v2\/comments?post=47540"}],"wp:featuredmedia":[{"embeddable":true,"href":"https:\/\/www.zurgnadenmutter.com\/es\/wp-json\/wp\/v2\/media\/80399"}],"wp:attachment":[{"href":"https:\/\/www.zurgnadenmutter.com\/es\/wp-json\/wp\/v2\/media?parent=47540"}],"wp:term":[{"taxonomy":"product_brand","embeddable":true,"href":"https:\/\/www.zurgnadenmutter.com\/es\/wp-json\/wp\/v2\/product_brand?post=47540"},{"taxonomy":"product_cat","embeddable":true,"href":"https:\/\/www.zurgnadenmutter.com\/es\/wp-json\/wp\/v2\/product_cat?post=47540"},{"taxonomy":"product_tag","embeddable":true,"href":"https:\/\/www.zurgnadenmutter.com\/es\/wp-json\/wp\/v2\/product_tag?post=47540"}],"curies":[{"name":"wp","href":"https:\/\/api.w.org\/{rel}","templated":true}]}}