{"id":47367,"date":"2016-04-04T23:39:24","date_gmt":"2016-04-04T21:39:24","guid":{"rendered":"https:\/\/www.zurgnadenmutter.com\/shop\/paquete-combinado-de-adelgazamiento-mariazell\/"},"modified":"2023-01-10T12:03:55","modified_gmt":"2023-01-10T11:03:55","slug":"paquete-combinado-de-adelgazamiento-mariazell","status":"publish","type":"product","link":"https:\/\/www.zurgnadenmutter.com\/es\/produkt\/paquete-combinado-de-adelgazamiento-mariazell\/","title":{"rendered":"Paquete combinado de adelgazamiento Mariazell"},"content":{"rendered":"<p>Los productos m\u00e1s eficaces para apoyar el adelgazamiento saludable, la desintoxicaci\u00f3n, la purificaci\u00f3n y la desacidificaci\u00f3n combinados en un paquete combinado. La cura consiste en los siguientes productos (ajustados a 1 mes de aplicaci\u00f3n):<\/p>\n<ul>\n<li>2 x cura de adelgazamiento Mariazell<\/li>\n<li>2 x t\u00e9 alcalino Mariazell<\/li>\n<li>1 x concentrado de ba\u00f1o alcalino Mariazell<\/li>\n<li>1 x aceite de masaje Mariazell Fit &amp; Firm<\/li>\n<\/ul>\n<p><strong>Cura adelgazante Mariazell:<\/strong> 11 plantas especialmente seleccionadas estimulan el metabolismo, liberan los productos de desecho del tejido conjuntivo y limpian el organismo.<\/p>\n<p><strong>T\u00e9 alcalino Mariazell: <\/strong>Contiene hierbas que disuelven y eliminan los productos de desecho \u00e1cidos para que puedan ser excretados. Al mismo tiempo, las sustancias alcalinas se absorben mejor en el cuerpo. El t\u00e9 apoya a\u00fan m\u00e1s el efecto de la cura de adelgazamiento.<\/p>\n<p><strong>Sales de ba\u00f1o Mariazell:<\/strong> Para la <strong>purificaci\u00f3n<\/strong> y la <strong>celulitis<\/strong>. Las sales de ba\u00f1o y los aceites esenciales especiales tienen un efecto calefactor, purificador y desintoxicante. Uno de los procesos m\u00e1s intensos de eliminaci\u00f3n y quema de grasas se consigue a trav\u00e9s del sudor. Los productos de desecho se eliminan de los tejidos m\u00e1s r\u00e1pidamente a trav\u00e9s de la piel. El cuerpo se limpia internamente mediante un ba\u00f1o completo o un ba\u00f1o de pies.<\/p>\n<p><strong>Aceite de masaje Mariazell Fit &amp; Firm:<\/strong> Los estudios realizados en Jap\u00f3n han demostrado que unos aceites esenciales naturales muy espec\u00edficos estimulan la quema de sustancias grasas, conduciendo a una <strong>reducci\u00f3n del \u00e1rea de las zonas problem\u00e1ticas<\/strong>. Hemos utilizado estos aceites esenciales especiales para producir nuestro aceite de masaje Mariazell. Tiene un efecto calefactor y desintoxicante y libera los productos de desecho de los tejidos.<\/p>\n<p><strong>Aplicaci\u00f3n:\u00a0<\/strong> Recibir\u00e1 una descripci\u00f3n con el paquete de adelgazamiento Mariazell.<\/p>\n","protected":false},"excerpt":{"rendered":"<p>Los productos m\u00e1s eficaces para favorecer la p\u00e9rdida de peso, la desintoxicaci\u00f3n, la depuraci\u00f3n y la desacidificaci\u00f3n en un paquete combinado (cura de 30 d\u00edas).<\/p>\n","protected":false},"featured_media":86298,"comment_status":"closed","ping_status":"closed","template":"","meta":{"_acf_changed":false},"product_brand":[],"product_cat":[419],"product_tag":[],"class_list":{"0":"post-47367","1":"product","2":"type-product","3":"status-publish","4":"has-post-thumbnail","6":"product_cat-juegos-de-productos","8":"first","9":"instock","10":"taxable","11":"shipping-taxable","12":"purchasable","13":"product-type-simple"},"acf":[],"yoast_head":"<!-- This site is optimized with the Yoast SEO plugin v27.2 - https:\/\/yoast.com\/product\/yoast-seo-wordpress\/ -->\n<title>Paquete combinado de adelgazamiento Mariazell - Apotheke &amp; Drogerie zur Gnadenmutter - Mariazell<\/title>\n<meta name=\"robots\" content=\"index, follow, max-snippet:-1, max-image-preview:large, max-video-preview:-1\" \/>\n<link rel=\"canonical\" href=\"https:\/\/www.zurgnadenmutter.com\/es\/produkt\/paquete-combinado-de-adelgazamiento-mariazell\/\" \/>\n<meta property=\"og:locale\" content=\"es_ES\" \/>\n<meta property=\"og:type\" content=\"article\" \/>\n<meta property=\"og:title\" content=\"Paquete combinado de adelgazamiento Mariazell - Apotheke &amp; Drogerie zur Gnadenmutter - Mariazell\" \/>\n<meta property=\"og:description\" content=\"Los productos m\u00e1s eficaces para favorecer la p\u00e9rdida de peso, la desintoxicaci\u00f3n, la depuraci\u00f3n y la desacidificaci\u00f3n en un paquete combinado (cura de 30 d\u00edas).\" \/>\n<meta property=\"og:url\" content=\"https:\/\/www.zurgnadenmutter.com\/es\/produkt\/paquete-combinado-de-adelgazamiento-mariazell\/\" \/>\n<meta property=\"og:site_name\" content=\"Apotheke &amp; Drogerie zur Gnadenmutter - Mariazell\" \/>\n<meta property=\"article:modified_time\" content=\"2023-01-10T11:03:55+00:00\" \/>\n<meta property=\"og:image\" content=\"https:\/\/www.zurgnadenmutter.com\/wp-content\/uploads\/2016\/04\/Schlank-Kombo-Paket-scaled.jpg\" \/>\n\t<meta property=\"og:image:width\" content=\"1920\" \/>\n\t<meta property=\"og:image:height\" content=\"2560\" \/>\n\t<meta property=\"og:image:type\" content=\"image\/jpeg\" \/>\n<meta name=\"twitter:card\" content=\"summary_large_image\" \/>\n<meta name=\"twitter:label1\" content=\"Tiempo de lectura\" \/>\n\t<meta name=\"twitter:data1\" content=\"1 minuto\" \/>\n<script type=\"application\/ld+json\" class=\"yoast-schema-graph\">{\"@context\":\"https:\/\/schema.org\",\"@graph\":[{\"@type\":\"WebPage\",\"@id\":\"https:\/\/www.zurgnadenmutter.com\/es\/produkt\/paquete-combinado-de-adelgazamiento-mariazell\/\",\"url\":\"https:\/\/www.zurgnadenmutter.com\/es\/produkt\/paquete-combinado-de-adelgazamiento-mariazell\/\",\"name\":\"Paquete combinado de adelgazamiento Mariazell - Apotheke &amp; Drogerie zur Gnadenmutter - Mariazell\",\"isPartOf\":{\"@id\":\"https:\/\/www.zurgnadenmutter.com\/#website\"},\"primaryImageOfPage\":{\"@id\":\"https:\/\/www.zurgnadenmutter.com\/es\/produkt\/paquete-combinado-de-adelgazamiento-mariazell\/#primaryimage\"},\"image\":{\"@id\":\"https:\/\/www.zurgnadenmutter.com\/es\/produkt\/paquete-combinado-de-adelgazamiento-mariazell\/#primaryimage\"},\"thumbnailUrl\":\"https:\/\/www.zurgnadenmutter.com\/wp-content\/uploads\/2016\/04\/Schlank-Kombo-Paket-scaled.jpg\",\"datePublished\":\"2016-04-04T21:39:24+00:00\",\"dateModified\":\"2023-01-10T11:03:55+00:00\",\"breadcrumb\":{\"@id\":\"https:\/\/www.zurgnadenmutter.com\/es\/produkt\/paquete-combinado-de-adelgazamiento-mariazell\/#breadcrumb\"},\"inLanguage\":\"es\",\"potentialAction\":[{\"@type\":\"ReadAction\",\"target\":[\"https:\/\/www.zurgnadenmutter.com\/es\/produkt\/paquete-combinado-de-adelgazamiento-mariazell\/\"]}]},{\"@type\":\"ImageObject\",\"inLanguage\":\"es\",\"@id\":\"https:\/\/www.zurgnadenmutter.com\/es\/produkt\/paquete-combinado-de-adelgazamiento-mariazell\/#primaryimage\",\"url\":\"https:\/\/www.zurgnadenmutter.com\/wp-content\/uploads\/2016\/04\/Schlank-Kombo-Paket-scaled.jpg\",\"contentUrl\":\"https:\/\/www.zurgnadenmutter.com\/wp-content\/uploads\/2016\/04\/Schlank-Kombo-Paket-scaled.jpg\",\"width\":1920,\"height\":2560},{\"@type\":\"BreadcrumbList\",\"@id\":\"https:\/\/www.zurgnadenmutter.com\/es\/produkt\/paquete-combinado-de-adelgazamiento-mariazell\/#breadcrumb\",\"itemListElement\":[{\"@type\":\"ListItem\",\"position\":1,\"name\":\"Startseite\",\"item\":\"https:\/\/www.zurgnadenmutter.com\/es\/\"},{\"@type\":\"ListItem\",\"position\":2,\"name\":\"Tienda\",\"item\":\"https:\/\/www.zurgnadenmutter.com\/es\/tienda\/\"},{\"@type\":\"ListItem\",\"position\":3,\"name\":\"Paquete combinado de adelgazamiento Mariazell\"}]},{\"@type\":\"WebSite\",\"@id\":\"https:\/\/www.zurgnadenmutter.com\/#website\",\"url\":\"https:\/\/www.zurgnadenmutter.com\/\",\"name\":\"Apotheke &amp; Drogerie zur Gnadenmutter - Mariazell\",\"description\":\"Apotheke Mariazell\",\"potentialAction\":[{\"@type\":\"SearchAction\",\"target\":{\"@type\":\"EntryPoint\",\"urlTemplate\":\"https:\/\/www.zurgnadenmutter.com\/?s={search_term_string}\"},\"query-input\":{\"@type\":\"PropertyValueSpecification\",\"valueRequired\":true,\"valueName\":\"search_term_string\"}}],\"inLanguage\":\"es\"}]}<\/script>\n<!-- \/ Yoast SEO plugin. -->","yoast_head_json":{"title":"Paquete combinado de adelgazamiento Mariazell - Apotheke &amp; Drogerie zur Gnadenmutter - Mariazell","robots":{"index":"index","follow":"follow","max-snippet":"max-snippet:-1","max-image-preview":"max-image-preview:large","max-video-preview":"max-video-preview:-1"},"canonical":"https:\/\/www.zurgnadenmutter.com\/es\/produkt\/paquete-combinado-de-adelgazamiento-mariazell\/","og_locale":"es_ES","og_type":"article","og_title":"Paquete combinado de adelgazamiento Mariazell - Apotheke &amp; Drogerie zur Gnadenmutter - Mariazell","og_description":"Los productos m\u00e1s eficaces para favorecer la p\u00e9rdida de peso, la desintoxicaci\u00f3n, la depuraci\u00f3n y la desacidificaci\u00f3n en un paquete combinado (cura de 30 d\u00edas).","og_url":"https:\/\/www.zurgnadenmutter.com\/es\/produkt\/paquete-combinado-de-adelgazamiento-mariazell\/","og_site_name":"Apotheke &amp; Drogerie zur Gnadenmutter - Mariazell","article_modified_time":"2023-01-10T11:03:55+00:00","og_image":[{"width":1920,"height":2560,"url":"https:\/\/www.zurgnadenmutter.com\/wp-content\/uploads\/2016\/04\/Schlank-Kombo-Paket-scaled.jpg","type":"image\/jpeg"}],"twitter_card":"summary_large_image","twitter_misc":{"Tiempo de lectura":"1 minuto"},"schema":{"@context":"https:\/\/schema.org","@graph":[{"@type":"WebPage","@id":"https:\/\/www.zurgnadenmutter.com\/es\/produkt\/paquete-combinado-de-adelgazamiento-mariazell\/","url":"https:\/\/www.zurgnadenmutter.com\/es\/produkt\/paquete-combinado-de-adelgazamiento-mariazell\/","name":"Paquete combinado de adelgazamiento Mariazell - Apotheke &amp; Drogerie zur Gnadenmutter - Mariazell","isPartOf":{"@id":"https:\/\/www.zurgnadenmutter.com\/#website"},"primaryImageOfPage":{"@id":"https:\/\/www.zurgnadenmutter.com\/es\/produkt\/paquete-combinado-de-adelgazamiento-mariazell\/#primaryimage"},"image":{"@id":"https:\/\/www.zurgnadenmutter.com\/es\/produkt\/paquete-combinado-de-adelgazamiento-mariazell\/#primaryimage"},"thumbnailUrl":"https:\/\/www.zurgnadenmutter.com\/wp-content\/uploads\/2016\/04\/Schlank-Kombo-Paket-scaled.jpg","datePublished":"2016-04-04T21:39:24+00:00","dateModified":"2023-01-10T11:03:55+00:00","breadcrumb":{"@id":"https:\/\/www.zurgnadenmutter.com\/es\/produkt\/paquete-combinado-de-adelgazamiento-mariazell\/#breadcrumb"},"inLanguage":"es","potentialAction":[{"@type":"ReadAction","target":["https:\/\/www.zurgnadenmutter.com\/es\/produkt\/paquete-combinado-de-adelgazamiento-mariazell\/"]}]},{"@type":"ImageObject","inLanguage":"es","@id":"https:\/\/www.zurgnadenmutter.com\/es\/produkt\/paquete-combinado-de-adelgazamiento-mariazell\/#primaryimage","url":"https:\/\/www.zurgnadenmutter.com\/wp-content\/uploads\/2016\/04\/Schlank-Kombo-Paket-scaled.jpg","contentUrl":"https:\/\/www.zurgnadenmutter.com\/wp-content\/uploads\/2016\/04\/Schlank-Kombo-Paket-scaled.jpg","width":1920,"height":2560},{"@type":"BreadcrumbList","@id":"https:\/\/www.zurgnadenmutter.com\/es\/produkt\/paquete-combinado-de-adelgazamiento-mariazell\/#breadcrumb","itemListElement":[{"@type":"ListItem","position":1,"name":"Startseite","item":"https:\/\/www.zurgnadenmutter.com\/es\/"},{"@type":"ListItem","position":2,"name":"Tienda","item":"https:\/\/www.zurgnadenmutter.com\/es\/tienda\/"},{"@type":"ListItem","position":3,"name":"Paquete combinado de adelgazamiento Mariazell"}]},{"@type":"WebSite","@id":"https:\/\/www.zurgnadenmutter.com\/#website","url":"https:\/\/www.zurgnadenmutter.com\/","name":"Apotheke &amp; Drogerie zur Gnadenmutter - Mariazell","description":"Apotheke Mariazell","potentialAction":[{"@type":"SearchAction","target":{"@type":"EntryPoint","urlTemplate":"https:\/\/www.zurgnadenmutter.com\/?s={search_term_string}"},"query-input":{"@type":"PropertyValueSpecification","valueRequired":true,"valueName":"search_term_string"}}],"inLanguage":"es"}]}},"_links":{"self":[{"href":"https:\/\/www.zurgnadenmutter.com\/es\/wp-json\/wp\/v2\/product\/47367","targetHints":{"allow":["GET"]}}],"collection":[{"href":"https:\/\/www.zurgnadenmutter.com\/es\/wp-json\/wp\/v2\/product"}],"about":[{"href":"https:\/\/www.zurgnadenmutter.com\/es\/wp-json\/wp\/v2\/types\/product"}],"replies":[{"embeddable":true,"href":"https:\/\/www.zurgnadenmutter.com\/es\/wp-json\/wp\/v2\/comments?post=47367"}],"wp:featuredmedia":[{"embeddable":true,"href":"https:\/\/www.zurgnadenmutter.com\/es\/wp-json\/wp\/v2\/media\/86298"}],"wp:attachment":[{"href":"https:\/\/www.zurgnadenmutter.com\/es\/wp-json\/wp\/v2\/media?parent=47367"}],"wp:term":[{"taxonomy":"product_brand","embeddable":true,"href":"https:\/\/www.zurgnadenmutter.com\/es\/wp-json\/wp\/v2\/product_brand?post=47367"},{"taxonomy":"product_cat","embeddable":true,"href":"https:\/\/www.zurgnadenmutter.com\/es\/wp-json\/wp\/v2\/product_cat?post=47367"},{"taxonomy":"product_tag","embeddable":true,"href":"https:\/\/www.zurgnadenmutter.com\/es\/wp-json\/wp\/v2\/product_tag?post=47367"}],"curies":[{"name":"wp","href":"https:\/\/api.w.org\/{rel}","templated":true}]}}