{"id":47366,"date":"2016-04-04T23:37:02","date_gmt":"2016-04-04T21:37:02","guid":{"rendered":"https:\/\/www.zurgnadenmutter.com\/shop\/gotas-estomacales-mariazell\/"},"modified":"2023-01-10T12:03:55","modified_gmt":"2023-01-10T11:03:55","slug":"gotas-estomacales-mariazell","status":"publish","type":"product","link":"https:\/\/www.zurgnadenmutter.com\/es\/produkt\/gotas-estomacales-mariazell\/","title":{"rendered":"Gotas estomacales Mariazell"},"content":{"rendered":"<p>Las \u00abGotas estomacales Mariazell\u00bb se produjeron por primera vez en 1780 en la farmacia \u00abZur Gnadenmutter\u00bb, donde se elaboran desde entonces seg\u00fan la receta tradicional. Desde entonces, han demostrado infinidad de veces su val\u00eda. Apenas hay un hogar donde no se conozcan las populares gotas en el inconfundible envase de rayas verdes y blancas. Si se ha comido demasiado o en exceso, bastan unas gotas estomacales para volver a sentirse bien.<\/p>\n<p>Favorecen y promueven una digesti\u00f3n saludable, tienen un efecto de apoyo en caso de dolencias digestivas, promueven la funci\u00f3n normal del est\u00f3mago y del h\u00edgado, apoyan la funci\u00f3n de desintoxicaci\u00f3n del h\u00edgado, promueven la producci\u00f3n de jugos digestivos y el movimiento de los intestinos y ayudan a metabolizar las grasas. Asimismo, tienen un efecto equilibrador de la producci\u00f3n de \u00e1cido estomacal del propio organismo en las molestias digestivas como n\u00e1useas, hinchaz\u00f3n, flatulencias y v\u00f3mitos.<\/p>\n","protected":false},"excerpt":{"rendered":"<p>El original desde 1780 con 26 plantas que hacen maravillas para la hinchaz\u00f3n, las flatulencias y las n\u00e1useas.<\/p>\n<h6><\/h6>\n","protected":false},"featured_media":82517,"comment_status":"closed","ping_status":"closed","template":"","meta":{"_acf_changed":false},"product_brand":[],"product_cat":[433],"product_tag":[],"class_list":{"0":"post-47366","1":"product","2":"type-product","3":"status-publish","4":"has-post-thumbnail","6":"product_cat-especialidades-de-hierbas","8":"first","9":"instock","10":"taxable","11":"shipping-taxable","12":"purchasable","13":"product-type-simple"},"acf":[],"yoast_head":"<!-- This site is optimized with the Yoast SEO plugin v27.2 - https:\/\/yoast.com\/product\/yoast-seo-wordpress\/ -->\n<title>Gotas estomacales Mariazell - Apotheke &amp; Drogerie zur Gnadenmutter - Mariazell<\/title>\n<meta name=\"description\" content=\"Nuestras gotas estomacales promueven una digesti\u00f3n saludable, tienen un efecto de apoyo en las molestias digestivas, promueven la producci\u00f3n de jugos digestivos y...\" \/>\n<meta name=\"robots\" content=\"index, follow, max-snippet:-1, max-image-preview:large, max-video-preview:-1\" \/>\n<link rel=\"canonical\" href=\"https:\/\/www.zurgnadenmutter.com\/es\/produkt\/gotas-estomacales-mariazell\/\" \/>\n<meta property=\"og:locale\" content=\"es_ES\" \/>\n<meta property=\"og:type\" content=\"article\" \/>\n<meta property=\"og:title\" content=\"Gotas estomacales Mariazell - Apotheke &amp; Drogerie zur Gnadenmutter - Mariazell\" \/>\n<meta property=\"og:description\" content=\"Nuestras gotas estomacales promueven una digesti\u00f3n saludable, tienen un efecto de apoyo en las molestias digestivas, promueven la producci\u00f3n de jugos digestivos y...\" \/>\n<meta property=\"og:url\" content=\"https:\/\/www.zurgnadenmutter.com\/es\/produkt\/gotas-estomacales-mariazell\/\" \/>\n<meta property=\"og:site_name\" content=\"Apotheke &amp; Drogerie zur Gnadenmutter - Mariazell\" \/>\n<meta property=\"article:modified_time\" content=\"2023-01-10T11:03:55+00:00\" \/>\n<meta property=\"og:image\" content=\"https:\/\/www.zurgnadenmutter.com\/wp-content\/uploads\/2016\/04\/MARIAZELLER-MAGENTROPFEN-1-scaled.jpg\" \/>\n\t<meta property=\"og:image:width\" content=\"1920\" \/>\n\t<meta property=\"og:image:height\" content=\"2560\" \/>\n\t<meta property=\"og:image:type\" content=\"image\/jpeg\" \/>\n<meta name=\"twitter:card\" content=\"summary_large_image\" \/>\n<meta name=\"twitter:label1\" content=\"Tiempo de lectura\" \/>\n\t<meta name=\"twitter:data1\" content=\"1 minuto\" \/>\n<script type=\"application\/ld+json\" class=\"yoast-schema-graph\">{\"@context\":\"https:\/\/schema.org\",\"@graph\":[{\"@type\":\"WebPage\",\"@id\":\"https:\/\/www.zurgnadenmutter.com\/es\/produkt\/gotas-estomacales-mariazell\/\",\"url\":\"https:\/\/www.zurgnadenmutter.com\/es\/produkt\/gotas-estomacales-mariazell\/\",\"name\":\"Gotas estomacales Mariazell - Apotheke &amp; Drogerie zur Gnadenmutter - Mariazell\",\"isPartOf\":{\"@id\":\"https:\/\/www.zurgnadenmutter.com\/#website\"},\"primaryImageOfPage\":{\"@id\":\"https:\/\/www.zurgnadenmutter.com\/es\/produkt\/gotas-estomacales-mariazell\/#primaryimage\"},\"image\":{\"@id\":\"https:\/\/www.zurgnadenmutter.com\/es\/produkt\/gotas-estomacales-mariazell\/#primaryimage\"},\"thumbnailUrl\":\"https:\/\/www.zurgnadenmutter.com\/wp-content\/uploads\/2016\/04\/Magentropfen-scaled.jpg\",\"datePublished\":\"2016-04-04T21:37:02+00:00\",\"dateModified\":\"2023-01-10T11:03:55+00:00\",\"description\":\"Nuestras gotas estomacales promueven una digesti\u00f3n saludable, tienen un efecto de apoyo en las molestias digestivas, promueven la producci\u00f3n de jugos digestivos y...\",\"breadcrumb\":{\"@id\":\"https:\/\/www.zurgnadenmutter.com\/es\/produkt\/gotas-estomacales-mariazell\/#breadcrumb\"},\"inLanguage\":\"es\",\"potentialAction\":[{\"@type\":\"ReadAction\",\"target\":[\"https:\/\/www.zurgnadenmutter.com\/es\/produkt\/gotas-estomacales-mariazell\/\"]}]},{\"@type\":\"ImageObject\",\"inLanguage\":\"es\",\"@id\":\"https:\/\/www.zurgnadenmutter.com\/es\/produkt\/gotas-estomacales-mariazell\/#primaryimage\",\"url\":\"https:\/\/www.zurgnadenmutter.com\/wp-content\/uploads\/2016\/04\/Magentropfen-scaled.jpg\",\"contentUrl\":\"https:\/\/www.zurgnadenmutter.com\/wp-content\/uploads\/2016\/04\/Magentropfen-scaled.jpg\",\"width\":1920,\"height\":2560},{\"@type\":\"BreadcrumbList\",\"@id\":\"https:\/\/www.zurgnadenmutter.com\/es\/produkt\/gotas-estomacales-mariazell\/#breadcrumb\",\"itemListElement\":[{\"@type\":\"ListItem\",\"position\":1,\"name\":\"Startseite\",\"item\":\"https:\/\/www.zurgnadenmutter.com\/es\/\"},{\"@type\":\"ListItem\",\"position\":2,\"name\":\"Tienda\",\"item\":\"https:\/\/www.zurgnadenmutter.com\/es\/tienda\/\"},{\"@type\":\"ListItem\",\"position\":3,\"name\":\"Gotas estomacales Mariazell\"}]},{\"@type\":\"WebSite\",\"@id\":\"https:\/\/www.zurgnadenmutter.com\/#website\",\"url\":\"https:\/\/www.zurgnadenmutter.com\/\",\"name\":\"Apotheke &amp; Drogerie zur Gnadenmutter - Mariazell\",\"description\":\"Apotheke Mariazell\",\"potentialAction\":[{\"@type\":\"SearchAction\",\"target\":{\"@type\":\"EntryPoint\",\"urlTemplate\":\"https:\/\/www.zurgnadenmutter.com\/?s={search_term_string}\"},\"query-input\":{\"@type\":\"PropertyValueSpecification\",\"valueRequired\":true,\"valueName\":\"search_term_string\"}}],\"inLanguage\":\"es\"}]}<\/script>\n<!-- \/ Yoast SEO plugin. -->","yoast_head_json":{"title":"Gotas estomacales Mariazell - Apotheke &amp; Drogerie zur Gnadenmutter - Mariazell","description":"Nuestras gotas estomacales promueven una digesti\u00f3n saludable, tienen un efecto de apoyo en las molestias digestivas, promueven la producci\u00f3n de jugos digestivos y...","robots":{"index":"index","follow":"follow","max-snippet":"max-snippet:-1","max-image-preview":"max-image-preview:large","max-video-preview":"max-video-preview:-1"},"canonical":"https:\/\/www.zurgnadenmutter.com\/es\/produkt\/gotas-estomacales-mariazell\/","og_locale":"es_ES","og_type":"article","og_title":"Gotas estomacales Mariazell - Apotheke &amp; Drogerie zur Gnadenmutter - Mariazell","og_description":"Nuestras gotas estomacales promueven una digesti\u00f3n saludable, tienen un efecto de apoyo en las molestias digestivas, promueven la producci\u00f3n de jugos digestivos y...","og_url":"https:\/\/www.zurgnadenmutter.com\/es\/produkt\/gotas-estomacales-mariazell\/","og_site_name":"Apotheke &amp; Drogerie zur Gnadenmutter - Mariazell","article_modified_time":"2023-01-10T11:03:55+00:00","og_image":[{"width":1920,"height":2560,"url":"https:\/\/www.zurgnadenmutter.com\/wp-content\/uploads\/2016\/04\/MARIAZELLER-MAGENTROPFEN-1-scaled.jpg","type":"image\/jpeg"}],"twitter_card":"summary_large_image","twitter_misc":{"Tiempo de lectura":"1 minuto"},"schema":{"@context":"https:\/\/schema.org","@graph":[{"@type":"WebPage","@id":"https:\/\/www.zurgnadenmutter.com\/es\/produkt\/gotas-estomacales-mariazell\/","url":"https:\/\/www.zurgnadenmutter.com\/es\/produkt\/gotas-estomacales-mariazell\/","name":"Gotas estomacales Mariazell - Apotheke &amp; Drogerie zur Gnadenmutter - Mariazell","isPartOf":{"@id":"https:\/\/www.zurgnadenmutter.com\/#website"},"primaryImageOfPage":{"@id":"https:\/\/www.zurgnadenmutter.com\/es\/produkt\/gotas-estomacales-mariazell\/#primaryimage"},"image":{"@id":"https:\/\/www.zurgnadenmutter.com\/es\/produkt\/gotas-estomacales-mariazell\/#primaryimage"},"thumbnailUrl":"https:\/\/www.zurgnadenmutter.com\/wp-content\/uploads\/2016\/04\/Magentropfen-scaled.jpg","datePublished":"2016-04-04T21:37:02+00:00","dateModified":"2023-01-10T11:03:55+00:00","description":"Nuestras gotas estomacales promueven una digesti\u00f3n saludable, tienen un efecto de apoyo en las molestias digestivas, promueven la producci\u00f3n de jugos digestivos y...","breadcrumb":{"@id":"https:\/\/www.zurgnadenmutter.com\/es\/produkt\/gotas-estomacales-mariazell\/#breadcrumb"},"inLanguage":"es","potentialAction":[{"@type":"ReadAction","target":["https:\/\/www.zurgnadenmutter.com\/es\/produkt\/gotas-estomacales-mariazell\/"]}]},{"@type":"ImageObject","inLanguage":"es","@id":"https:\/\/www.zurgnadenmutter.com\/es\/produkt\/gotas-estomacales-mariazell\/#primaryimage","url":"https:\/\/www.zurgnadenmutter.com\/wp-content\/uploads\/2016\/04\/Magentropfen-scaled.jpg","contentUrl":"https:\/\/www.zurgnadenmutter.com\/wp-content\/uploads\/2016\/04\/Magentropfen-scaled.jpg","width":1920,"height":2560},{"@type":"BreadcrumbList","@id":"https:\/\/www.zurgnadenmutter.com\/es\/produkt\/gotas-estomacales-mariazell\/#breadcrumb","itemListElement":[{"@type":"ListItem","position":1,"name":"Startseite","item":"https:\/\/www.zurgnadenmutter.com\/es\/"},{"@type":"ListItem","position":2,"name":"Tienda","item":"https:\/\/www.zurgnadenmutter.com\/es\/tienda\/"},{"@type":"ListItem","position":3,"name":"Gotas estomacales Mariazell"}]},{"@type":"WebSite","@id":"https:\/\/www.zurgnadenmutter.com\/#website","url":"https:\/\/www.zurgnadenmutter.com\/","name":"Apotheke &amp; Drogerie zur Gnadenmutter - Mariazell","description":"Apotheke Mariazell","potentialAction":[{"@type":"SearchAction","target":{"@type":"EntryPoint","urlTemplate":"https:\/\/www.zurgnadenmutter.com\/?s={search_term_string}"},"query-input":{"@type":"PropertyValueSpecification","valueRequired":true,"valueName":"search_term_string"}}],"inLanguage":"es"}]}},"_links":{"self":[{"href":"https:\/\/www.zurgnadenmutter.com\/es\/wp-json\/wp\/v2\/product\/47366","targetHints":{"allow":["GET"]}}],"collection":[{"href":"https:\/\/www.zurgnadenmutter.com\/es\/wp-json\/wp\/v2\/product"}],"about":[{"href":"https:\/\/www.zurgnadenmutter.com\/es\/wp-json\/wp\/v2\/types\/product"}],"replies":[{"embeddable":true,"href":"https:\/\/www.zurgnadenmutter.com\/es\/wp-json\/wp\/v2\/comments?post=47366"}],"wp:featuredmedia":[{"embeddable":true,"href":"https:\/\/www.zurgnadenmutter.com\/es\/wp-json\/wp\/v2\/media\/82517"}],"wp:attachment":[{"href":"https:\/\/www.zurgnadenmutter.com\/es\/wp-json\/wp\/v2\/media?parent=47366"}],"wp:term":[{"taxonomy":"product_brand","embeddable":true,"href":"https:\/\/www.zurgnadenmutter.com\/es\/wp-json\/wp\/v2\/product_brand?post=47366"},{"taxonomy":"product_cat","embeddable":true,"href":"https:\/\/www.zurgnadenmutter.com\/es\/wp-json\/wp\/v2\/product_cat?post=47366"},{"taxonomy":"product_tag","embeddable":true,"href":"https:\/\/www.zurgnadenmutter.com\/es\/wp-json\/wp\/v2\/product_tag?post=47366"}],"curies":[{"name":"wp","href":"https:\/\/api.w.org\/{rel}","templated":true}]}}